{"id":9730,"date":"2021-11-13T18:57:39","date_gmt":"2021-11-13T17:57:38","guid":{"rendered":"https:\/\/annamariaangelika.com\/?post_type=product&#038;p=9730"},"modified":"2023-02-28T16:46:21","modified_gmt":"2023-02-28T15:46:21","slug":"alpaka-pullover-napkini-palta","status":"publish","type":"product","link":"https:\/\/annamariaangelika.com\/de\/shop\/alpaka-pullover-napkini-palta\/","title":{"rendered":"Alpaka Pullover Napkini Palta f\u00fcr Damen &#038; Herren, Strickpullover 100% Alpakawolle"},"content":{"rendered":"<h3><b>Von peruanischer Gastfreundlichkeit inspiriert:<\/b><\/h3>\n<h3><b>der gestrickte Pullover Napkini Moss<\/b><\/h3>\n<p class=\"p1\">Peru geh\u00f6rt zu den weltweit gr\u00f6\u00dften Anbietern von Bio-Kaffee. Aber wenn sie eins der traditionellen Caf\u00e9s in Lima besuchen, bestellen die G\u00e4ste eher selten bis nie Cappuccino. Doch das wusste ANNAMARIAANGELIKAs Head Designerin nicht, als sie sich entschied, genau in einem solchen Etablissement in einer kleinen Seitenstra\u00dfe eine Pause einzulegen.<\/p>\n<p class=\"p1\">Der handgestrickte Pullover Napkini ist nicht nur aus sehr weicher Alpakawolle gefertigt, es erz\u00e4hlt auch die Geschichte eines unvergesslichen Nachmittags voller Herzlichkeit und Inspiration.<\/p>\n<p class=\"p1\">Gleich nach der ungew\u00f6hnlichen Bestellung begannen die Besitzerinnen des Caf\u00e9s von T\u00fcr zu T\u00fcr zu gehen. Sie fragten bei ihren Nachbarn nach Rat und nach Milch, um das Getr\u00e4nk zubereiten zu k\u00f6nnen. Ihr Einsatz sollte sich auszahlen. Nach einiger Zeit trugen sie stolz ein dampfendes Gebr\u00e4u heran. Mit dabei: ein breites L\u00e4cheln und eine sch\u00f6ne, blau-wei\u00df karierte Serviette, die zum Ideengeber f\u00fcr das gezeigte Strickmuster wurde.<\/p>\n","protected":false},"excerpt":{"rendered":"<p>Faire Strickmode, handgefertigt in Peru | 100% Alpakawolle | Intarsienstrick |<\/p>\n<p><strong>S\/M<\/strong> Brustweite: 55 cm, L\u00e4nge: 67 cm, \u00c4rmell\u00e4nge: 72 cm<\/p>\n<p><strong>M\/L<\/strong> Brustweite: 59 cm, L\u00e4nge: 75 cm, \u00c4rmell\u00e4nge: 73 cm<\/p>\n","protected":false},"featured_media":9737,"template":"","meta":{"_acf_changed":false},"product_brand":[],"product_cat":[131,135,134,142],"product_tag":[],"class_list":{"0":"post-9730","1":"product","2":"type-product","3":"status-publish","4":"has-post-thumbnail","6":"product_cat-sale","7":"product_cat-damen","8":"product_cat-herren","9":"product_cat-alpaka-pullover","11":"first","12":"outofstock","13":"sale","14":"taxable","15":"shipping-taxable","16":"purchasable","17":"product-type-variable"},"acf":[],"yoast_head":"<!-- This site is optimized with the Yoast SEO plugin v27.3 - https:\/\/yoast.com\/product\/yoast-seo-wordpress\/ -->\n<title>Alpaka Pullover Napkini Palta Unisex | 100% Alpakawolle bestellen<\/title>\n<meta name=\"description\" content=\"Alpaka Pullover Napkini Palta Unisex Gr\u00f6\u00dfe \u2714 Aus 100% Alpakawolle \u2714 Slow Fashion aus Peru \u2714 0\u20ac Versand \u2714 Jetzt fair bestellen bei ANNAMARIAANGELIKA!\" \/>\n<meta name=\"robots\" content=\"index, follow, max-snippet:-1, max-image-preview:large, max-video-preview:-1\" \/>\n<link rel=\"canonical\" href=\"https:\/\/annamariaangelika.com\/de\/shop\/alpaka-pullover-napkini-palta\/\" \/>\n<meta property=\"og:locale\" content=\"de_DE\" \/>\n<meta property=\"og:type\" content=\"article\" \/>\n<meta property=\"og:title\" content=\"Alpaka Pullover Napkini Palta Unisex | 100% Alpakawolle bestellen\" \/>\n<meta property=\"og:description\" content=\"Alpaka Pullover Napkini Palta Unisex Gr\u00f6\u00dfe \u2714 Aus 100% Alpakawolle \u2714 Slow Fashion aus Peru \u2714 0\u20ac Versand \u2714 Jetzt fair bestellen bei ANNAMARIAANGELIKA!\" \/>\n<meta property=\"og:url\" content=\"https:\/\/annamariaangelika.com\/de\/shop\/alpaka-pullover-napkini-palta\/\" \/>\n<meta property=\"og:site_name\" content=\"ANNAMARIAANGELIKA\" \/>\n<meta property=\"article:publisher\" content=\"https:\/\/www.facebook.com\/annamariaangelika.de\" \/>\n<meta property=\"article:modified_time\" content=\"2023-02-28T15:46:21+00:00\" \/>\n<meta property=\"og:image\" content=\"https:\/\/annamariaangelika.com\/wp-content\/uploads\/2021\/11\/Napkini_green_1.jpg\" \/>\n\t<meta property=\"og:image:width\" content=\"768\" \/>\n\t<meta property=\"og:image:height\" content=\"1024\" \/>\n\t<meta property=\"og:image:type\" content=\"image\/jpeg\" \/>\n<meta name=\"twitter:card\" content=\"summary_large_image\" \/>\n<meta name=\"twitter:label1\" content=\"Gesch\u00e4tzte Lesezeit\" \/>\n\t<meta name=\"twitter:data1\" content=\"1\u00a0Minute\" \/>\n<script type=\"application\/ld+json\" class=\"yoast-schema-graph\">{\"@context\":\"https:\\\/\\\/schema.org\",\"@graph\":[{\"@type\":\"WebPage\",\"@id\":\"https:\\\/\\\/annamariaangelika.com\\\/de\\\/shop\\\/alpaka-pullover-napkini-palta\\\/\",\"url\":\"https:\\\/\\\/annamariaangelika.com\\\/de\\\/shop\\\/alpaka-pullover-napkini-palta\\\/\",\"name\":\"Alpaka Pullover Napkini Palta Unisex | 100% Alpakawolle bestellen\",\"isPartOf\":{\"@id\":\"https:\\\/\\\/annamariaangelika.com\\\/de\\\/#website\"},\"primaryImageOfPage\":{\"@id\":\"https:\\\/\\\/annamariaangelika.com\\\/de\\\/shop\\\/alpaka-pullover-napkini-palta\\\/#primaryimage\"},\"image\":{\"@id\":\"https:\\\/\\\/annamariaangelika.com\\\/de\\\/shop\\\/alpaka-pullover-napkini-palta\\\/#primaryimage\"},\"thumbnailUrl\":\"https:\\\/\\\/annamariaangelika.com\\\/wp-content\\\/uploads\\\/2021\\\/11\\\/Napkini_green_1.jpg\",\"datePublished\":\"2021-11-13T17:57:38+00:00\",\"dateModified\":\"2023-02-28T15:46:21+00:00\",\"description\":\"Alpaka Pullover Napkini Palta Unisex Gr\u00f6\u00dfe \u2714 Aus 100% Alpakawolle \u2714 Slow Fashion aus Peru \u2714 0\u20ac Versand \u2714 Jetzt fair bestellen bei ANNAMARIAANGELIKA!\",\"breadcrumb\":{\"@id\":\"https:\\\/\\\/annamariaangelika.com\\\/de\\\/shop\\\/alpaka-pullover-napkini-palta\\\/#breadcrumb\"},\"inLanguage\":\"de\",\"potentialAction\":[{\"@type\":\"ReadAction\",\"target\":[\"https:\\\/\\\/annamariaangelika.com\\\/de\\\/shop\\\/alpaka-pullover-napkini-palta\\\/\"]}]},{\"@type\":\"ImageObject\",\"inLanguage\":\"de\",\"@id\":\"https:\\\/\\\/annamariaangelika.com\\\/de\\\/shop\\\/alpaka-pullover-napkini-palta\\\/#primaryimage\",\"url\":\"https:\\\/\\\/annamariaangelika.com\\\/wp-content\\\/uploads\\\/2021\\\/11\\\/Napkini_green_1.jpg\",\"contentUrl\":\"https:\\\/\\\/annamariaangelika.com\\\/wp-content\\\/uploads\\\/2021\\\/11\\\/Napkini_green_1.jpg\",\"width\":768,\"height\":1024,\"caption\":\"Alpaka Pullover Napkini Palta f\u00fcr Damen und Herren Unisex Gr\u00fcn aus 100% Alpakawolle bei ANNAMARIAANGELIKA bestellen, Freisteller Produktbild\"},{\"@type\":\"BreadcrumbList\",\"@id\":\"https:\\\/\\\/annamariaangelika.com\\\/de\\\/shop\\\/alpaka-pullover-napkini-palta\\\/#breadcrumb\",\"itemListElement\":[{\"@type\":\"ListItem\",\"position\":1,\"name\":\"Shop\",\"item\":\"https:\\\/\\\/annamariaangelika.com\\\/de\\\/shop\\\/\"},{\"@type\":\"ListItem\",\"position\":2,\"name\":\"Pullover\",\"item\":\"https:\\\/\\\/annamariaangelika.com\\\/de\\\/product-category\\\/alpaka-pullover\\\/\"},{\"@type\":\"ListItem\",\"position\":3,\"name\":\"Alpaka Pullover Napkini Palta f\u00fcr Damen &#038; Herren, Strickpullover 100% Alpakawolle\"}]},{\"@type\":\"WebSite\",\"@id\":\"https:\\\/\\\/annamariaangelika.com\\\/de\\\/#website\",\"url\":\"https:\\\/\\\/annamariaangelika.com\\\/de\\\/\",\"name\":\"ANNAMARIAANGELIKA\",\"description\":\"Fair &amp; handmade Premium Knitwear\",\"publisher\":{\"@id\":\"https:\\\/\\\/annamariaangelika.com\\\/de\\\/#organization\"},\"potentialAction\":[{\"@type\":\"SearchAction\",\"target\":{\"@type\":\"EntryPoint\",\"urlTemplate\":\"https:\\\/\\\/annamariaangelika.com\\\/de\\\/?s={search_term_string}\"},\"query-input\":{\"@type\":\"PropertyValueSpecification\",\"valueRequired\":true,\"valueName\":\"search_term_string\"}}],\"inLanguage\":\"de\"},{\"@type\":\"Organization\",\"@id\":\"https:\\\/\\\/annamariaangelika.com\\\/de\\\/#organization\",\"name\":\"ANNAMARIAANGELIKA\",\"url\":\"https:\\\/\\\/annamariaangelika.com\\\/de\\\/\",\"logo\":{\"@type\":\"ImageObject\",\"inLanguage\":\"de\",\"@id\":\"https:\\\/\\\/annamariaangelika.com\\\/de\\\/#\\\/schema\\\/logo\\\/image\\\/\",\"url\":\"https:\\\/\\\/annamariaangelika.com\\\/wp-content\\\/uploads\\\/2020\\\/04\\\/logo_pdf.png\",\"contentUrl\":\"https:\\\/\\\/annamariaangelika.com\\\/wp-content\\\/uploads\\\/2020\\\/04\\\/logo_pdf.png\",\"width\":300,\"height\":19,\"caption\":\"ANNAMARIAANGELIKA\"},\"image\":{\"@id\":\"https:\\\/\\\/annamariaangelika.com\\\/de\\\/#\\\/schema\\\/logo\\\/image\\\/\"},\"sameAs\":[\"https:\\\/\\\/www.facebook.com\\\/annamariaangelika.de\",\"https:\\\/\\\/www.instagram.com\\\/_annamariaangelika_\\\/\",\"https:\\\/\\\/www.pinterest.de\\\/annamangelika\\\/\"]}]}<\/script>\n<!-- \/ Yoast SEO plugin. -->","yoast_head_json":{"title":"Alpaka Pullover Napkini Palta Unisex | 100% Alpakawolle bestellen","description":"Alpaka Pullover Napkini Palta Unisex Gr\u00f6\u00dfe \u2714 Aus 100% Alpakawolle \u2714 Slow Fashion aus Peru \u2714 0\u20ac Versand \u2714 Jetzt fair bestellen bei ANNAMARIAANGELIKA!","robots":{"index":"index","follow":"follow","max-snippet":"max-snippet:-1","max-image-preview":"max-image-preview:large","max-video-preview":"max-video-preview:-1"},"canonical":"https:\/\/annamariaangelika.com\/de\/shop\/alpaka-pullover-napkini-palta\/","og_locale":"de_DE","og_type":"article","og_title":"Alpaka Pullover Napkini Palta Unisex | 100% Alpakawolle bestellen","og_description":"Alpaka Pullover Napkini Palta Unisex Gr\u00f6\u00dfe \u2714 Aus 100% Alpakawolle \u2714 Slow Fashion aus Peru \u2714 0\u20ac Versand \u2714 Jetzt fair bestellen bei ANNAMARIAANGELIKA!","og_url":"https:\/\/annamariaangelika.com\/de\/shop\/alpaka-pullover-napkini-palta\/","og_site_name":"ANNAMARIAANGELIKA","article_publisher":"https:\/\/www.facebook.com\/annamariaangelika.de","article_modified_time":"2023-02-28T15:46:21+00:00","og_image":[{"width":768,"height":1024,"url":"https:\/\/annamariaangelika.com\/wp-content\/uploads\/2021\/11\/Napkini_green_1.jpg","type":"image\/jpeg"}],"twitter_card":"summary_large_image","twitter_misc":{"Gesch\u00e4tzte Lesezeit":"1\u00a0Minute"},"schema":{"@context":"https:\/\/schema.org","@graph":[{"@type":"WebPage","@id":"https:\/\/annamariaangelika.com\/de\/shop\/alpaka-pullover-napkini-palta\/","url":"https:\/\/annamariaangelika.com\/de\/shop\/alpaka-pullover-napkini-palta\/","name":"Alpaka Pullover Napkini Palta Unisex | 100% Alpakawolle bestellen","isPartOf":{"@id":"https:\/\/annamariaangelika.com\/de\/#website"},"primaryImageOfPage":{"@id":"https:\/\/annamariaangelika.com\/de\/shop\/alpaka-pullover-napkini-palta\/#primaryimage"},"image":{"@id":"https:\/\/annamariaangelika.com\/de\/shop\/alpaka-pullover-napkini-palta\/#primaryimage"},"thumbnailUrl":"https:\/\/annamariaangelika.com\/wp-content\/uploads\/2021\/11\/Napkini_green_1.jpg","datePublished":"2021-11-13T17:57:38+00:00","dateModified":"2023-02-28T15:46:21+00:00","description":"Alpaka Pullover Napkini Palta Unisex Gr\u00f6\u00dfe \u2714 Aus 100% Alpakawolle \u2714 Slow Fashion aus Peru \u2714 0\u20ac Versand \u2714 Jetzt fair bestellen bei ANNAMARIAANGELIKA!","breadcrumb":{"@id":"https:\/\/annamariaangelika.com\/de\/shop\/alpaka-pullover-napkini-palta\/#breadcrumb"},"inLanguage":"de","potentialAction":[{"@type":"ReadAction","target":["https:\/\/annamariaangelika.com\/de\/shop\/alpaka-pullover-napkini-palta\/"]}]},{"@type":"ImageObject","inLanguage":"de","@id":"https:\/\/annamariaangelika.com\/de\/shop\/alpaka-pullover-napkini-palta\/#primaryimage","url":"https:\/\/annamariaangelika.com\/wp-content\/uploads\/2021\/11\/Napkini_green_1.jpg","contentUrl":"https:\/\/annamariaangelika.com\/wp-content\/uploads\/2021\/11\/Napkini_green_1.jpg","width":768,"height":1024,"caption":"Alpaka Pullover Napkini Palta f\u00fcr Damen und Herren Unisex Gr\u00fcn aus 100% Alpakawolle bei ANNAMARIAANGELIKA bestellen, Freisteller Produktbild"},{"@type":"BreadcrumbList","@id":"https:\/\/annamariaangelika.com\/de\/shop\/alpaka-pullover-napkini-palta\/#breadcrumb","itemListElement":[{"@type":"ListItem","position":1,"name":"Shop","item":"https:\/\/annamariaangelika.com\/de\/shop\/"},{"@type":"ListItem","position":2,"name":"Pullover","item":"https:\/\/annamariaangelika.com\/de\/product-category\/alpaka-pullover\/"},{"@type":"ListItem","position":3,"name":"Alpaka Pullover Napkini Palta f\u00fcr Damen &#038; Herren, Strickpullover 100% Alpakawolle"}]},{"@type":"WebSite","@id":"https:\/\/annamariaangelika.com\/de\/#website","url":"https:\/\/annamariaangelika.com\/de\/","name":"ANNAMARIAANGELIKA","description":"Fair &amp; handmade Premium Knitwear","publisher":{"@id":"https:\/\/annamariaangelika.com\/de\/#organization"},"potentialAction":[{"@type":"SearchAction","target":{"@type":"EntryPoint","urlTemplate":"https:\/\/annamariaangelika.com\/de\/?s={search_term_string}"},"query-input":{"@type":"PropertyValueSpecification","valueRequired":true,"valueName":"search_term_string"}}],"inLanguage":"de"},{"@type":"Organization","@id":"https:\/\/annamariaangelika.com\/de\/#organization","name":"ANNAMARIAANGELIKA","url":"https:\/\/annamariaangelika.com\/de\/","logo":{"@type":"ImageObject","inLanguage":"de","@id":"https:\/\/annamariaangelika.com\/de\/#\/schema\/logo\/image\/","url":"https:\/\/annamariaangelika.com\/wp-content\/uploads\/2020\/04\/logo_pdf.png","contentUrl":"https:\/\/annamariaangelika.com\/wp-content\/uploads\/2020\/04\/logo_pdf.png","width":300,"height":19,"caption":"ANNAMARIAANGELIKA"},"image":{"@id":"https:\/\/annamariaangelika.com\/de\/#\/schema\/logo\/image\/"},"sameAs":["https:\/\/www.facebook.com\/annamariaangelika.de","https:\/\/www.instagram.com\/_annamariaangelika_\/","https:\/\/www.pinterest.de\/annamangelika\/"]}]}},"_links":{"self":[{"href":"https:\/\/annamariaangelika.com\/de\/wp-json\/wp\/v2\/product\/9730","targetHints":{"allow":["GET"]}}],"collection":[{"href":"https:\/\/annamariaangelika.com\/de\/wp-json\/wp\/v2\/product"}],"about":[{"href":"https:\/\/annamariaangelika.com\/de\/wp-json\/wp\/v2\/types\/product"}],"wp:featuredmedia":[{"embeddable":true,"href":"https:\/\/annamariaangelika.com\/de\/wp-json\/wp\/v2\/media\/9737"}],"wp:attachment":[{"href":"https:\/\/annamariaangelika.com\/de\/wp-json\/wp\/v2\/media?parent=9730"}],"wp:term":[{"taxonomy":"product_brand","embeddable":true,"href":"https:\/\/annamariaangelika.com\/de\/wp-json\/wp\/v2\/product_brand?post=9730"},{"taxonomy":"product_cat","embeddable":true,"href":"https:\/\/annamariaangelika.com\/de\/wp-json\/wp\/v2\/product_cat?post=9730"},{"taxonomy":"product_tag","embeddable":true,"href":"https:\/\/annamariaangelika.com\/de\/wp-json\/wp\/v2\/product_tag?post=9730"}],"curies":[{"name":"wp","href":"https:\/\/api.w.org\/{rel}","templated":true}]}}