{"id":9725,"date":"2021-11-09T15:45:08","date_gmt":"2021-11-09T14:45:08","guid":{"rendered":"https:\/\/annamariaangelika.com\/shop\/pullover-cuzco-biobaumwolle\/"},"modified":"2025-01-07T10:17:55","modified_gmt":"2025-01-07T09:17:55","slug":"strick-pullover-cuzco-bio-baumwolle","status":"publish","type":"product","link":"https:\/\/annamariaangelika.com\/de\/shop\/strick-pullover-cuzco-bio-baumwolle\/","title":{"rendered":"Strick-Pullover Cuzco f\u00fcr Damen &#038; Herren aus 100% Bio-Baumwolle"},"content":{"rendered":"<h3><span class=\"s1\"><b>Mit dem Strick-Pullover Cuzco aus Bio-Baumwolle kommt Freude auf<\/b><\/span><\/h3>\n<p class=\"p1\"><span class=\"s1\">Denke wir an unsere Schulzeit zur\u00fcck, sind unsere sch\u00f6nsten Erinnerungen meist nicht akademischer Natur. Es sind Momente der Unbek\u00fcmmertheit mit unseren Schulfreunden. <\/span><\/p>\n<p class=\"p1\"><span class=\"s1\">Der handgemachte Strickpullover Cuzco m\u00f6chte dich auch heute wieder zu genau dieser Ausgelassenheit verf\u00fchren.<\/span><\/p>\n<p class=\"p1\"><span class=\"s1\">Inspiriert wurde sein buntes Design von einem Nachmittag, den ANNAMARIAANGELIKAs Head Designerin am Fu\u00dfe der Anden verbringen durfte. Dort befindet sich eine Schule, die Zu Ehren ihres 25-j\u00e4hrigen Bestehens alle Sch\u00fcler dazu aufgerufen hatte, ihre Freude mit ausdrucksstarken Kost\u00fcmen zu zeigen. Zu sehen gab es moderne Ideen der Kinder, wie auch traditionelle peruanische Gew\u00e4nder in vielen bunten Farben. Die Fantasie der Sch\u00fcler kannte keine Grenzen.<\/span><\/p>\n","protected":false},"excerpt":{"rendered":"<p><strong>Faire Strickmode, handgefertigt in Peru | 100% Biobaumwolle | Intarsienstrick |<\/strong><\/p>\n<p><strong>XS\/S<\/strong> Brustweite\u00a0: 49 cm, L\u00e4nge: 69 cm, \u00c4rmell\u00e4nge length: 70 cm<\/p>\n<p><strong>AUSVERKAUFT: S\/M<\/strong> Brustweite: 52 cm, L\u00e4nge: 70 cm, \u00c4rmell\u00e4nge: 75 cm<\/p>\n<p><strong>AUSVERKAUFT: M\/L <\/strong>Brustweite: 55 cm, L\u00e4nge: 72 cm, \u00c4rmell\u00e4nge: 78 cm<\/p>\n<p><strong>AUSVERKAUFT: L\/XL <\/strong>Brustweite: 58 cm, L\u00e4nge: 77 cm, \u00c4rmell\u00e4nge: 79 cm<\/p>\n<p><strong>XXL \/\u00a0Oversize Mini Dress\u00a0<\/strong>Brustweite: 61,5 cm, L\u00e4nge: 78 cm, \u00c4rmell\u00e4nge: 85 cm<\/p>\n","protected":false},"featured_media":10642,"template":"","meta":{"_acf_changed":false},"product_brand":[],"product_cat":[131,135,134,142],"product_tag":[],"class_list":{"0":"post-9725","1":"product","2":"type-product","3":"status-publish","4":"has-post-thumbnail","6":"product_cat-sale","7":"product_cat-damen","8":"product_cat-herren","9":"product_cat-alpaka-pullover","11":"first","12":"outofstock","13":"sale","14":"taxable","15":"shipping-taxable","16":"purchasable","17":"product-type-variable"},"acf":[],"yoast_head":"<!-- This site is optimized with the Yoast SEO plugin v27.3 - https:\/\/yoast.com\/product\/yoast-seo-wordpress\/ -->\n<title>Pullover Cuzco f\u00fcr Damen &amp; Herren aus 100% Bio-Baumwolle bestellen<\/title>\n<meta name=\"description\" content=\"Strick-Pullover Cuzco f\u00fcr Damen &amp; Herren aus 100% Bio-Baumwolle \u2714 Slow Fashion aus Peru \u2714 Premium Qualit\u00e4t \u2714 Jetzt online bestellen!\" \/>\n<meta name=\"robots\" content=\"index, follow, max-snippet:-1, max-image-preview:large, max-video-preview:-1\" \/>\n<link rel=\"canonical\" href=\"https:\/\/annamariaangelika.com\/de\/shop\/strick-pullover-cuzco-bio-baumwolle\/\" \/>\n<meta property=\"og:locale\" content=\"de_DE\" \/>\n<meta property=\"og:type\" content=\"article\" \/>\n<meta property=\"og:title\" content=\"Pullover Cuzco f\u00fcr Damen &amp; Herren aus 100% Bio-Baumwolle bestellen\" \/>\n<meta property=\"og:description\" content=\"Strick-Pullover Cuzco f\u00fcr Damen &amp; Herren aus 100% Bio-Baumwolle \u2714 Slow Fashion aus Peru \u2714 Premium Qualit\u00e4t \u2714 Jetzt online bestellen!\" \/>\n<meta property=\"og:url\" content=\"https:\/\/annamariaangelika.com\/de\/shop\/strick-pullover-cuzco-bio-baumwolle\/\" \/>\n<meta property=\"og:site_name\" content=\"ANNAMARIAANGELIKA\" \/>\n<meta property=\"article:publisher\" content=\"https:\/\/www.facebook.com\/annamariaangelika.de\" \/>\n<meta property=\"article:modified_time\" content=\"2025-01-07T09:17:55+00:00\" \/>\n<meta property=\"og:image\" content=\"https:\/\/annamariaangelika.com\/wp-content\/uploads\/2021\/11\/Cotton_Cuzco_1-1.jpg\" \/>\n\t<meta property=\"og:image:width\" content=\"762\" \/>\n\t<meta property=\"og:image:height\" content=\"1100\" \/>\n\t<meta property=\"og:image:type\" content=\"image\/jpeg\" \/>\n<meta name=\"twitter:card\" content=\"summary_large_image\" \/>\n<meta name=\"twitter:label1\" content=\"Gesch\u00e4tzte Lesezeit\" \/>\n\t<meta name=\"twitter:data1\" content=\"1\u00a0Minute\" \/>\n<script type=\"application\/ld+json\" class=\"yoast-schema-graph\">{\"@context\":\"https:\\\/\\\/schema.org\",\"@graph\":[{\"@type\":\"WebPage\",\"@id\":\"https:\\\/\\\/annamariaangelika.com\\\/de\\\/shop\\\/strick-pullover-cuzco-bio-baumwolle\\\/\",\"url\":\"https:\\\/\\\/annamariaangelika.com\\\/de\\\/shop\\\/strick-pullover-cuzco-bio-baumwolle\\\/\",\"name\":\"Pullover Cuzco f\u00fcr Damen & Herren aus 100% Bio-Baumwolle bestellen\",\"isPartOf\":{\"@id\":\"https:\\\/\\\/annamariaangelika.com\\\/de\\\/#website\"},\"primaryImageOfPage\":{\"@id\":\"https:\\\/\\\/annamariaangelika.com\\\/de\\\/shop\\\/strick-pullover-cuzco-bio-baumwolle\\\/#primaryimage\"},\"image\":{\"@id\":\"https:\\\/\\\/annamariaangelika.com\\\/de\\\/shop\\\/strick-pullover-cuzco-bio-baumwolle\\\/#primaryimage\"},\"thumbnailUrl\":\"https:\\\/\\\/annamariaangelika.com\\\/wp-content\\\/uploads\\\/2021\\\/11\\\/Cotton_Cuzco_1-1.jpg\",\"datePublished\":\"2021-11-09T14:45:08+00:00\",\"dateModified\":\"2025-01-07T09:17:55+00:00\",\"description\":\"Strick-Pullover Cuzco f\u00fcr Damen & Herren aus 100% Bio-Baumwolle \u2714 Slow Fashion aus Peru \u2714 Premium Qualit\u00e4t \u2714 Jetzt online bestellen!\",\"breadcrumb\":{\"@id\":\"https:\\\/\\\/annamariaangelika.com\\\/de\\\/shop\\\/strick-pullover-cuzco-bio-baumwolle\\\/#breadcrumb\"},\"inLanguage\":\"de\",\"potentialAction\":[{\"@type\":\"ReadAction\",\"target\":[\"https:\\\/\\\/annamariaangelika.com\\\/de\\\/shop\\\/strick-pullover-cuzco-bio-baumwolle\\\/\"]}]},{\"@type\":\"ImageObject\",\"inLanguage\":\"de\",\"@id\":\"https:\\\/\\\/annamariaangelika.com\\\/de\\\/shop\\\/strick-pullover-cuzco-bio-baumwolle\\\/#primaryimage\",\"url\":\"https:\\\/\\\/annamariaangelika.com\\\/wp-content\\\/uploads\\\/2021\\\/11\\\/Cotton_Cuzco_1-1.jpg\",\"contentUrl\":\"https:\\\/\\\/annamariaangelika.com\\\/wp-content\\\/uploads\\\/2021\\\/11\\\/Cotton_Cuzco_1-1.jpg\",\"width\":762,\"height\":1100,\"caption\":\"Strick-Pullover Cuzco f\u00fcr Damen & Herren aus 100% Bio-Baumwolle aus Peru bei ANNAMARIAANGELIKA bestellen, Produktbild\"},{\"@type\":\"BreadcrumbList\",\"@id\":\"https:\\\/\\\/annamariaangelika.com\\\/de\\\/shop\\\/strick-pullover-cuzco-bio-baumwolle\\\/#breadcrumb\",\"itemListElement\":[{\"@type\":\"ListItem\",\"position\":1,\"name\":\"Shop\",\"item\":\"https:\\\/\\\/annamariaangelika.com\\\/de\\\/shop\\\/\"},{\"@type\":\"ListItem\",\"position\":2,\"name\":\"Pullover\",\"item\":\"https:\\\/\\\/annamariaangelika.com\\\/de\\\/product-category\\\/alpaka-pullover\\\/\"},{\"@type\":\"ListItem\",\"position\":3,\"name\":\"Strick-Pullover Cuzco f\u00fcr Damen &#038; Herren aus 100% Bio-Baumwolle\"}]},{\"@type\":\"WebSite\",\"@id\":\"https:\\\/\\\/annamariaangelika.com\\\/de\\\/#website\",\"url\":\"https:\\\/\\\/annamariaangelika.com\\\/de\\\/\",\"name\":\"ANNAMARIAANGELIKA\",\"description\":\"Fair &amp; handmade Premium Knitwear\",\"publisher\":{\"@id\":\"https:\\\/\\\/annamariaangelika.com\\\/de\\\/#organization\"},\"potentialAction\":[{\"@type\":\"SearchAction\",\"target\":{\"@type\":\"EntryPoint\",\"urlTemplate\":\"https:\\\/\\\/annamariaangelika.com\\\/de\\\/?s={search_term_string}\"},\"query-input\":{\"@type\":\"PropertyValueSpecification\",\"valueRequired\":true,\"valueName\":\"search_term_string\"}}],\"inLanguage\":\"de\"},{\"@type\":\"Organization\",\"@id\":\"https:\\\/\\\/annamariaangelika.com\\\/de\\\/#organization\",\"name\":\"ANNAMARIAANGELIKA\",\"url\":\"https:\\\/\\\/annamariaangelika.com\\\/de\\\/\",\"logo\":{\"@type\":\"ImageObject\",\"inLanguage\":\"de\",\"@id\":\"https:\\\/\\\/annamariaangelika.com\\\/de\\\/#\\\/schema\\\/logo\\\/image\\\/\",\"url\":\"https:\\\/\\\/annamariaangelika.com\\\/wp-content\\\/uploads\\\/2020\\\/04\\\/logo_pdf.png\",\"contentUrl\":\"https:\\\/\\\/annamariaangelika.com\\\/wp-content\\\/uploads\\\/2020\\\/04\\\/logo_pdf.png\",\"width\":300,\"height\":19,\"caption\":\"ANNAMARIAANGELIKA\"},\"image\":{\"@id\":\"https:\\\/\\\/annamariaangelika.com\\\/de\\\/#\\\/schema\\\/logo\\\/image\\\/\"},\"sameAs\":[\"https:\\\/\\\/www.facebook.com\\\/annamariaangelika.de\",\"https:\\\/\\\/www.instagram.com\\\/_annamariaangelika_\\\/\",\"https:\\\/\\\/www.pinterest.de\\\/annamangelika\\\/\"]}]}<\/script>\n<!-- \/ Yoast SEO plugin. -->","yoast_head_json":{"title":"Pullover Cuzco f\u00fcr Damen & Herren aus 100% Bio-Baumwolle bestellen","description":"Strick-Pullover Cuzco f\u00fcr Damen & Herren aus 100% Bio-Baumwolle \u2714 Slow Fashion aus Peru \u2714 Premium Qualit\u00e4t \u2714 Jetzt online bestellen!","robots":{"index":"index","follow":"follow","max-snippet":"max-snippet:-1","max-image-preview":"max-image-preview:large","max-video-preview":"max-video-preview:-1"},"canonical":"https:\/\/annamariaangelika.com\/de\/shop\/strick-pullover-cuzco-bio-baumwolle\/","og_locale":"de_DE","og_type":"article","og_title":"Pullover Cuzco f\u00fcr Damen & Herren aus 100% Bio-Baumwolle bestellen","og_description":"Strick-Pullover Cuzco f\u00fcr Damen & Herren aus 100% Bio-Baumwolle \u2714 Slow Fashion aus Peru \u2714 Premium Qualit\u00e4t \u2714 Jetzt online bestellen!","og_url":"https:\/\/annamariaangelika.com\/de\/shop\/strick-pullover-cuzco-bio-baumwolle\/","og_site_name":"ANNAMARIAANGELIKA","article_publisher":"https:\/\/www.facebook.com\/annamariaangelika.de","article_modified_time":"2025-01-07T09:17:55+00:00","og_image":[{"width":762,"height":1100,"url":"https:\/\/annamariaangelika.com\/wp-content\/uploads\/2021\/11\/Cotton_Cuzco_1-1.jpg","type":"image\/jpeg"}],"twitter_card":"summary_large_image","twitter_misc":{"Gesch\u00e4tzte Lesezeit":"1\u00a0Minute"},"schema":{"@context":"https:\/\/schema.org","@graph":[{"@type":"WebPage","@id":"https:\/\/annamariaangelika.com\/de\/shop\/strick-pullover-cuzco-bio-baumwolle\/","url":"https:\/\/annamariaangelika.com\/de\/shop\/strick-pullover-cuzco-bio-baumwolle\/","name":"Pullover Cuzco f\u00fcr Damen & Herren aus 100% Bio-Baumwolle bestellen","isPartOf":{"@id":"https:\/\/annamariaangelika.com\/de\/#website"},"primaryImageOfPage":{"@id":"https:\/\/annamariaangelika.com\/de\/shop\/strick-pullover-cuzco-bio-baumwolle\/#primaryimage"},"image":{"@id":"https:\/\/annamariaangelika.com\/de\/shop\/strick-pullover-cuzco-bio-baumwolle\/#primaryimage"},"thumbnailUrl":"https:\/\/annamariaangelika.com\/wp-content\/uploads\/2021\/11\/Cotton_Cuzco_1-1.jpg","datePublished":"2021-11-09T14:45:08+00:00","dateModified":"2025-01-07T09:17:55+00:00","description":"Strick-Pullover Cuzco f\u00fcr Damen & Herren aus 100% Bio-Baumwolle \u2714 Slow Fashion aus Peru \u2714 Premium Qualit\u00e4t \u2714 Jetzt online bestellen!","breadcrumb":{"@id":"https:\/\/annamariaangelika.com\/de\/shop\/strick-pullover-cuzco-bio-baumwolle\/#breadcrumb"},"inLanguage":"de","potentialAction":[{"@type":"ReadAction","target":["https:\/\/annamariaangelika.com\/de\/shop\/strick-pullover-cuzco-bio-baumwolle\/"]}]},{"@type":"ImageObject","inLanguage":"de","@id":"https:\/\/annamariaangelika.com\/de\/shop\/strick-pullover-cuzco-bio-baumwolle\/#primaryimage","url":"https:\/\/annamariaangelika.com\/wp-content\/uploads\/2021\/11\/Cotton_Cuzco_1-1.jpg","contentUrl":"https:\/\/annamariaangelika.com\/wp-content\/uploads\/2021\/11\/Cotton_Cuzco_1-1.jpg","width":762,"height":1100,"caption":"Strick-Pullover Cuzco f\u00fcr Damen & Herren aus 100% Bio-Baumwolle aus Peru bei ANNAMARIAANGELIKA bestellen, Produktbild"},{"@type":"BreadcrumbList","@id":"https:\/\/annamariaangelika.com\/de\/shop\/strick-pullover-cuzco-bio-baumwolle\/#breadcrumb","itemListElement":[{"@type":"ListItem","position":1,"name":"Shop","item":"https:\/\/annamariaangelika.com\/de\/shop\/"},{"@type":"ListItem","position":2,"name":"Pullover","item":"https:\/\/annamariaangelika.com\/de\/product-category\/alpaka-pullover\/"},{"@type":"ListItem","position":3,"name":"Strick-Pullover Cuzco f\u00fcr Damen &#038; Herren aus 100% Bio-Baumwolle"}]},{"@type":"WebSite","@id":"https:\/\/annamariaangelika.com\/de\/#website","url":"https:\/\/annamariaangelika.com\/de\/","name":"ANNAMARIAANGELIKA","description":"Fair &amp; handmade Premium Knitwear","publisher":{"@id":"https:\/\/annamariaangelika.com\/de\/#organization"},"potentialAction":[{"@type":"SearchAction","target":{"@type":"EntryPoint","urlTemplate":"https:\/\/annamariaangelika.com\/de\/?s={search_term_string}"},"query-input":{"@type":"PropertyValueSpecification","valueRequired":true,"valueName":"search_term_string"}}],"inLanguage":"de"},{"@type":"Organization","@id":"https:\/\/annamariaangelika.com\/de\/#organization","name":"ANNAMARIAANGELIKA","url":"https:\/\/annamariaangelika.com\/de\/","logo":{"@type":"ImageObject","inLanguage":"de","@id":"https:\/\/annamariaangelika.com\/de\/#\/schema\/logo\/image\/","url":"https:\/\/annamariaangelika.com\/wp-content\/uploads\/2020\/04\/logo_pdf.png","contentUrl":"https:\/\/annamariaangelika.com\/wp-content\/uploads\/2020\/04\/logo_pdf.png","width":300,"height":19,"caption":"ANNAMARIAANGELIKA"},"image":{"@id":"https:\/\/annamariaangelika.com\/de\/#\/schema\/logo\/image\/"},"sameAs":["https:\/\/www.facebook.com\/annamariaangelika.de","https:\/\/www.instagram.com\/_annamariaangelika_\/","https:\/\/www.pinterest.de\/annamangelika\/"]}]}},"_links":{"self":[{"href":"https:\/\/annamariaangelika.com\/de\/wp-json\/wp\/v2\/product\/9725","targetHints":{"allow":["GET"]}}],"collection":[{"href":"https:\/\/annamariaangelika.com\/de\/wp-json\/wp\/v2\/product"}],"about":[{"href":"https:\/\/annamariaangelika.com\/de\/wp-json\/wp\/v2\/types\/product"}],"wp:featuredmedia":[{"embeddable":true,"href":"https:\/\/annamariaangelika.com\/de\/wp-json\/wp\/v2\/media\/10642"}],"wp:attachment":[{"href":"https:\/\/annamariaangelika.com\/de\/wp-json\/wp\/v2\/media?parent=9725"}],"wp:term":[{"taxonomy":"product_brand","embeddable":true,"href":"https:\/\/annamariaangelika.com\/de\/wp-json\/wp\/v2\/product_brand?post=9725"},{"taxonomy":"product_cat","embeddable":true,"href":"https:\/\/annamariaangelika.com\/de\/wp-json\/wp\/v2\/product_cat?post=9725"},{"taxonomy":"product_tag","embeddable":true,"href":"https:\/\/annamariaangelika.com\/de\/wp-json\/wp\/v2\/product_tag?post=9725"}],"curies":[{"name":"wp","href":"https:\/\/api.w.org\/{rel}","templated":true}]}}