{"id":8978,"date":"2021-07-01T22:44:42","date_gmt":"2021-07-01T20:44:42","guid":{"rendered":"http:\/\/dev.annamariaangelika.com\/shop\/strickmantel-cuzco-2\/"},"modified":"2023-10-11T14:07:52","modified_gmt":"2023-10-11T12:07:52","slug":"strickmantel-cuzco-damen","status":"publish","type":"product","link":"https:\/\/annamariaangelika.com\/de\/shop\/strickmantel-cuzco-damen\/","title":{"rendered":"Strickmantel Cuzco Damen, Cardigan 100% neue Baumwollrestgarne"},"content":{"rendered":"<p>Strickmuster Cuzco ist Ausdruck purer Lebenslust. Und nun auch f\u00fcr Freundschaft! Ob unsere Designerin Julia sich das h\u00e4tte tr\u00e4umen lassen, als fr\u00f6hliche Sch\u00fcler am Fu\u00dfe der peruanische Anden sie dazu inspirierten? Seit Tag eins geh\u00f6rt es zu den beliebtesten Mustern unserer Slow-Fashion-Kollektion, nun lassen wir es in neuen Farben erbl\u00fchen. In Kollaboration mit der ebenso perubegeisterten Friederike von Freiseindesign entstand ein unvergleichlich wandelbares Statement-Piece: Schm\u00fcck dich damit, wenn der rote Teppich ruft, kuschel dich hinein nach einer intensiven Yogastunde und nimm es mit auf all deine Abenteuer. Der vegane Strickmantel aus 100% neuen Baumwollrestgarnen ist ein nachhaltiger Hingucker, der sich locker-leicht tr\u00e4gt \u2013 auf der Haut und im Koffer.<\/p>\n","protected":false},"excerpt":{"rendered":"<p>Faire Strickmode | Handgefertigt in Peru |<\/p>\n<p>100% neue Baumwollrestgarne |<\/p>\n<p>Unisex | Onesize | Vegan | Intarsienstrick<\/p>\n","protected":false},"featured_media":10776,"template":"","meta":{"_acf_changed":false},"product_brand":[],"product_cat":[131,135,159],"product_tag":[],"class_list":{"0":"post-8978","1":"product","2":"type-product","3":"status-publish","4":"has-post-thumbnail","6":"product_cat-sale","7":"product_cat-damen","8":"product_cat-strickmantel","10":"first","11":"outofstock","12":"sale","13":"taxable","14":"shipping-taxable","15":"purchasable","16":"product-type-simple"},"acf":[],"yoast_head":"<!-- This site is optimized with the Yoast SEO plugin v27.3 - https:\/\/yoast.com\/product\/yoast-seo-wordpress\/ -->\n<title>Strickmantel Cuzco Damen | Slow Fashion aus Peru bestellen!<\/title>\n<meta name=\"description\" content=\"Strickmantel Cuzco Damen \u2714 100% neue Baumwollrestgarne \u2714 Slow Fashion aus Peru \u2714 Faire Strickmode \u2714 Jetzt bestellen bei ANNAMARIAANGELIKA!\" \/>\n<meta name=\"robots\" content=\"index, follow, max-snippet:-1, max-image-preview:large, max-video-preview:-1\" \/>\n<link rel=\"canonical\" href=\"https:\/\/annamariaangelika.com\/de\/shop\/strickmantel-cuzco-damen\/\" \/>\n<meta property=\"og:locale\" content=\"de_DE\" \/>\n<meta property=\"og:type\" content=\"article\" \/>\n<meta property=\"og:title\" content=\"Strickmantel Cuzco Damen | Slow Fashion aus Peru bestellen!\" \/>\n<meta property=\"og:description\" content=\"Strickmantel Cuzco Damen \u2714 100% neue Baumwollrestgarne \u2714 Slow Fashion aus Peru \u2714 Faire Strickmode \u2714 Jetzt bestellen bei ANNAMARIAANGELIKA!\" \/>\n<meta property=\"og:url\" content=\"https:\/\/annamariaangelika.com\/de\/shop\/strickmantel-cuzco-damen\/\" \/>\n<meta property=\"og:site_name\" content=\"ANNAMARIAANGELIKA\" \/>\n<meta property=\"article:publisher\" content=\"https:\/\/www.facebook.com\/annamariaangelika.de\" \/>\n<meta property=\"article:modified_time\" content=\"2023-10-11T12:07:52+00:00\" \/>\n<meta property=\"og:image\" content=\"https:\/\/annamariaangelika.com\/wp-content\/uploads\/2021\/07\/Z_Cuzco_1-scaled.jpg\" \/>\n\t<meta property=\"og:image:width\" content=\"761\" \/>\n\t<meta property=\"og:image:height\" content=\"1100\" \/>\n\t<meta property=\"og:image:type\" content=\"image\/jpeg\" \/>\n<meta name=\"twitter:card\" content=\"summary_large_image\" \/>\n<meta name=\"twitter:label1\" content=\"Gesch\u00e4tzte Lesezeit\" \/>\n\t<meta name=\"twitter:data1\" content=\"1\u00a0Minute\" \/>\n<script type=\"application\/ld+json\" class=\"yoast-schema-graph\">{\"@context\":\"https:\\\/\\\/schema.org\",\"@graph\":[{\"@type\":\"WebPage\",\"@id\":\"https:\\\/\\\/annamariaangelika.com\\\/de\\\/shop\\\/strickmantel-cuzco-damen\\\/\",\"url\":\"https:\\\/\\\/annamariaangelika.com\\\/de\\\/shop\\\/strickmantel-cuzco-damen\\\/\",\"name\":\"Strickmantel Cuzco Damen | Slow Fashion aus Peru bestellen!\",\"isPartOf\":{\"@id\":\"https:\\\/\\\/annamariaangelika.com\\\/de\\\/#website\"},\"primaryImageOfPage\":{\"@id\":\"https:\\\/\\\/annamariaangelika.com\\\/de\\\/shop\\\/strickmantel-cuzco-damen\\\/#primaryimage\"},\"image\":{\"@id\":\"https:\\\/\\\/annamariaangelika.com\\\/de\\\/shop\\\/strickmantel-cuzco-damen\\\/#primaryimage\"},\"thumbnailUrl\":\"https:\\\/\\\/annamariaangelika.com\\\/wp-content\\\/uploads\\\/2021\\\/07\\\/Z_Cuzco_1-scaled.jpg\",\"datePublished\":\"2021-07-01T20:44:42+00:00\",\"dateModified\":\"2023-10-11T12:07:52+00:00\",\"description\":\"Strickmantel Cuzco Damen \u2714 100% neue Baumwollrestgarne \u2714 Slow Fashion aus Peru \u2714 Faire Strickmode \u2714 Jetzt bestellen bei ANNAMARIAANGELIKA!\",\"breadcrumb\":{\"@id\":\"https:\\\/\\\/annamariaangelika.com\\\/de\\\/shop\\\/strickmantel-cuzco-damen\\\/#breadcrumb\"},\"inLanguage\":\"de\",\"potentialAction\":[{\"@type\":\"ReadAction\",\"target\":[\"https:\\\/\\\/annamariaangelika.com\\\/de\\\/shop\\\/strickmantel-cuzco-damen\\\/\"]}]},{\"@type\":\"ImageObject\",\"inLanguage\":\"de\",\"@id\":\"https:\\\/\\\/annamariaangelika.com\\\/de\\\/shop\\\/strickmantel-cuzco-damen\\\/#primaryimage\",\"url\":\"https:\\\/\\\/annamariaangelika.com\\\/wp-content\\\/uploads\\\/2021\\\/07\\\/Z_Cuzco_1-scaled.jpg\",\"contentUrl\":\"https:\\\/\\\/annamariaangelika.com\\\/wp-content\\\/uploads\\\/2021\\\/07\\\/Z_Cuzco_1-scaled.jpg\",\"width\":761,\"height\":1100,\"caption\":\"Strickmantel Cuzco Damen | Slow Fashion aus Peru bei ANNAMARIAANGELIKA bestellen!\"},{\"@type\":\"BreadcrumbList\",\"@id\":\"https:\\\/\\\/annamariaangelika.com\\\/de\\\/shop\\\/strickmantel-cuzco-damen\\\/#breadcrumb\",\"itemListElement\":[{\"@type\":\"ListItem\",\"position\":1,\"name\":\"Shop\",\"item\":\"https:\\\/\\\/annamariaangelika.com\\\/de\\\/shop\\\/\"},{\"@type\":\"ListItem\",\"position\":2,\"name\":\"Strickmantel\",\"item\":\"https:\\\/\\\/annamariaangelika.com\\\/de\\\/product-category\\\/strickmantel\\\/\"},{\"@type\":\"ListItem\",\"position\":3,\"name\":\"Strickmantel Cuzco Damen, Cardigan 100% neue Baumwollrestgarne\"}]},{\"@type\":\"WebSite\",\"@id\":\"https:\\\/\\\/annamariaangelika.com\\\/de\\\/#website\",\"url\":\"https:\\\/\\\/annamariaangelika.com\\\/de\\\/\",\"name\":\"ANNAMARIAANGELIKA\",\"description\":\"Fair &amp; handmade Premium Knitwear\",\"publisher\":{\"@id\":\"https:\\\/\\\/annamariaangelika.com\\\/de\\\/#organization\"},\"potentialAction\":[{\"@type\":\"SearchAction\",\"target\":{\"@type\":\"EntryPoint\",\"urlTemplate\":\"https:\\\/\\\/annamariaangelika.com\\\/de\\\/?s={search_term_string}\"},\"query-input\":{\"@type\":\"PropertyValueSpecification\",\"valueRequired\":true,\"valueName\":\"search_term_string\"}}],\"inLanguage\":\"de\"},{\"@type\":\"Organization\",\"@id\":\"https:\\\/\\\/annamariaangelika.com\\\/de\\\/#organization\",\"name\":\"ANNAMARIAANGELIKA\",\"url\":\"https:\\\/\\\/annamariaangelika.com\\\/de\\\/\",\"logo\":{\"@type\":\"ImageObject\",\"inLanguage\":\"de\",\"@id\":\"https:\\\/\\\/annamariaangelika.com\\\/de\\\/#\\\/schema\\\/logo\\\/image\\\/\",\"url\":\"https:\\\/\\\/annamariaangelika.com\\\/wp-content\\\/uploads\\\/2020\\\/04\\\/logo_pdf.png\",\"contentUrl\":\"https:\\\/\\\/annamariaangelika.com\\\/wp-content\\\/uploads\\\/2020\\\/04\\\/logo_pdf.png\",\"width\":300,\"height\":19,\"caption\":\"ANNAMARIAANGELIKA\"},\"image\":{\"@id\":\"https:\\\/\\\/annamariaangelika.com\\\/de\\\/#\\\/schema\\\/logo\\\/image\\\/\"},\"sameAs\":[\"https:\\\/\\\/www.facebook.com\\\/annamariaangelika.de\",\"https:\\\/\\\/www.instagram.com\\\/_annamariaangelika_\\\/\",\"https:\\\/\\\/www.pinterest.de\\\/annamangelika\\\/\"]}]}<\/script>\n<!-- \/ Yoast SEO plugin. -->","yoast_head_json":{"title":"Strickmantel Cuzco Damen | Slow Fashion aus Peru bestellen!","description":"Strickmantel Cuzco Damen \u2714 100% neue Baumwollrestgarne \u2714 Slow Fashion aus Peru \u2714 Faire Strickmode \u2714 Jetzt bestellen bei ANNAMARIAANGELIKA!","robots":{"index":"index","follow":"follow","max-snippet":"max-snippet:-1","max-image-preview":"max-image-preview:large","max-video-preview":"max-video-preview:-1"},"canonical":"https:\/\/annamariaangelika.com\/de\/shop\/strickmantel-cuzco-damen\/","og_locale":"de_DE","og_type":"article","og_title":"Strickmantel Cuzco Damen | Slow Fashion aus Peru bestellen!","og_description":"Strickmantel Cuzco Damen \u2714 100% neue Baumwollrestgarne \u2714 Slow Fashion aus Peru \u2714 Faire Strickmode \u2714 Jetzt bestellen bei ANNAMARIAANGELIKA!","og_url":"https:\/\/annamariaangelika.com\/de\/shop\/strickmantel-cuzco-damen\/","og_site_name":"ANNAMARIAANGELIKA","article_publisher":"https:\/\/www.facebook.com\/annamariaangelika.de","article_modified_time":"2023-10-11T12:07:52+00:00","og_image":[{"width":761,"height":1100,"url":"https:\/\/annamariaangelika.com\/wp-content\/uploads\/2021\/07\/Z_Cuzco_1-scaled.jpg","type":"image\/jpeg"}],"twitter_card":"summary_large_image","twitter_misc":{"Gesch\u00e4tzte Lesezeit":"1\u00a0Minute"},"schema":{"@context":"https:\/\/schema.org","@graph":[{"@type":"WebPage","@id":"https:\/\/annamariaangelika.com\/de\/shop\/strickmantel-cuzco-damen\/","url":"https:\/\/annamariaangelika.com\/de\/shop\/strickmantel-cuzco-damen\/","name":"Strickmantel Cuzco Damen | Slow Fashion aus Peru bestellen!","isPartOf":{"@id":"https:\/\/annamariaangelika.com\/de\/#website"},"primaryImageOfPage":{"@id":"https:\/\/annamariaangelika.com\/de\/shop\/strickmantel-cuzco-damen\/#primaryimage"},"image":{"@id":"https:\/\/annamariaangelika.com\/de\/shop\/strickmantel-cuzco-damen\/#primaryimage"},"thumbnailUrl":"https:\/\/annamariaangelika.com\/wp-content\/uploads\/2021\/07\/Z_Cuzco_1-scaled.jpg","datePublished":"2021-07-01T20:44:42+00:00","dateModified":"2023-10-11T12:07:52+00:00","description":"Strickmantel Cuzco Damen \u2714 100% neue Baumwollrestgarne \u2714 Slow Fashion aus Peru \u2714 Faire Strickmode \u2714 Jetzt bestellen bei ANNAMARIAANGELIKA!","breadcrumb":{"@id":"https:\/\/annamariaangelika.com\/de\/shop\/strickmantel-cuzco-damen\/#breadcrumb"},"inLanguage":"de","potentialAction":[{"@type":"ReadAction","target":["https:\/\/annamariaangelika.com\/de\/shop\/strickmantel-cuzco-damen\/"]}]},{"@type":"ImageObject","inLanguage":"de","@id":"https:\/\/annamariaangelika.com\/de\/shop\/strickmantel-cuzco-damen\/#primaryimage","url":"https:\/\/annamariaangelika.com\/wp-content\/uploads\/2021\/07\/Z_Cuzco_1-scaled.jpg","contentUrl":"https:\/\/annamariaangelika.com\/wp-content\/uploads\/2021\/07\/Z_Cuzco_1-scaled.jpg","width":761,"height":1100,"caption":"Strickmantel Cuzco Damen | Slow Fashion aus Peru bei ANNAMARIAANGELIKA bestellen!"},{"@type":"BreadcrumbList","@id":"https:\/\/annamariaangelika.com\/de\/shop\/strickmantel-cuzco-damen\/#breadcrumb","itemListElement":[{"@type":"ListItem","position":1,"name":"Shop","item":"https:\/\/annamariaangelika.com\/de\/shop\/"},{"@type":"ListItem","position":2,"name":"Strickmantel","item":"https:\/\/annamariaangelika.com\/de\/product-category\/strickmantel\/"},{"@type":"ListItem","position":3,"name":"Strickmantel Cuzco Damen, Cardigan 100% neue Baumwollrestgarne"}]},{"@type":"WebSite","@id":"https:\/\/annamariaangelika.com\/de\/#website","url":"https:\/\/annamariaangelika.com\/de\/","name":"ANNAMARIAANGELIKA","description":"Fair &amp; handmade Premium Knitwear","publisher":{"@id":"https:\/\/annamariaangelika.com\/de\/#organization"},"potentialAction":[{"@type":"SearchAction","target":{"@type":"EntryPoint","urlTemplate":"https:\/\/annamariaangelika.com\/de\/?s={search_term_string}"},"query-input":{"@type":"PropertyValueSpecification","valueRequired":true,"valueName":"search_term_string"}}],"inLanguage":"de"},{"@type":"Organization","@id":"https:\/\/annamariaangelika.com\/de\/#organization","name":"ANNAMARIAANGELIKA","url":"https:\/\/annamariaangelika.com\/de\/","logo":{"@type":"ImageObject","inLanguage":"de","@id":"https:\/\/annamariaangelika.com\/de\/#\/schema\/logo\/image\/","url":"https:\/\/annamariaangelika.com\/wp-content\/uploads\/2020\/04\/logo_pdf.png","contentUrl":"https:\/\/annamariaangelika.com\/wp-content\/uploads\/2020\/04\/logo_pdf.png","width":300,"height":19,"caption":"ANNAMARIAANGELIKA"},"image":{"@id":"https:\/\/annamariaangelika.com\/de\/#\/schema\/logo\/image\/"},"sameAs":["https:\/\/www.facebook.com\/annamariaangelika.de","https:\/\/www.instagram.com\/_annamariaangelika_\/","https:\/\/www.pinterest.de\/annamangelika\/"]}]}},"_links":{"self":[{"href":"https:\/\/annamariaangelika.com\/de\/wp-json\/wp\/v2\/product\/8978","targetHints":{"allow":["GET"]}}],"collection":[{"href":"https:\/\/annamariaangelika.com\/de\/wp-json\/wp\/v2\/product"}],"about":[{"href":"https:\/\/annamariaangelika.com\/de\/wp-json\/wp\/v2\/types\/product"}],"wp:featuredmedia":[{"embeddable":true,"href":"https:\/\/annamariaangelika.com\/de\/wp-json\/wp\/v2\/media\/10776"}],"wp:attachment":[{"href":"https:\/\/annamariaangelika.com\/de\/wp-json\/wp\/v2\/media?parent=8978"}],"wp:term":[{"taxonomy":"product_brand","embeddable":true,"href":"https:\/\/annamariaangelika.com\/de\/wp-json\/wp\/v2\/product_brand?post=8978"},{"taxonomy":"product_cat","embeddable":true,"href":"https:\/\/annamariaangelika.com\/de\/wp-json\/wp\/v2\/product_cat?post=8978"},{"taxonomy":"product_tag","embeddable":true,"href":"https:\/\/annamariaangelika.com\/de\/wp-json\/wp\/v2\/product_tag?post=8978"}],"curies":[{"name":"wp","href":"https:\/\/api.w.org\/{rel}","templated":true}]}}