{"id":8973,"date":"2021-07-08T21:01:54","date_gmt":"2021-07-08T19:01:54","guid":{"rendered":"http:\/\/dev.annamariaangelika.com\/shop\/strickmantel-cantuta-flower\/"},"modified":"2023-10-11T14:08:21","modified_gmt":"2023-10-11T12:08:21","slug":"baumwoll-strickmantel-cantuta-flower-herren","status":"publish","type":"product","link":"https:\/\/annamariaangelika.com\/de\/shop\/baumwoll-strickmantel-cantuta-flower-herren\/","title":{"rendered":"Baumwoll-Strickmantel Cantuta Flower Herren, 100% Bio-Baumwolle"},"content":{"rendered":"<p><b>Strickmantel Cantuta Flower<\/b><\/p>\n<p>Die sch\u00f6ne Cantuta bl\u00fcht das ganze Jahr \u00fcber. Das w\u00fcnscht sich unsere Designerin Julia auch f\u00fcr dich. Die Nationalblume Perus, die auf H\u00f6hen ab 1200 Metern beheimatet ist, schm\u00fcckt seit jeher besondere Anl\u00e4sse und steht f\u00fcr Respekt. Sogar heilende und reinigende Kr\u00e4fte werden der heiligen Inka-Bl\u00fcte zugesprochen. In Zusammenarbeit mit Naturliebhaberin Friederike von freiseindesign entwarf Julia das Statement-Piece aus locker-leichtem Strick, das dich in jeder Lebenslage zum Strahlen bringen wird. Der vegane Slow-Fashion-Mantel aus 100% neuen Baumwollrestgarnen l\u00e4sst dich nicht nur dank seiner umwerfend sch\u00f6nen Farbe erbl\u00fchen, bei n\u00e4herem Hinsehen schm\u00fcckt er dich mit einem zarten Bl\u00fctenstrickmuster.<\/p>\n","protected":false},"excerpt":{"rendered":"<p>Faire Strickmode | Handgefertigt in Peru |<\/p>\n<p>100% neue Baumwollrestgarne | Unisex |<\/p>\n<p>Onesize | Vegan | zartes Blumenstrickmuster<\/p>\n","protected":false},"featured_media":10788,"template":"","meta":{"_acf_changed":false},"product_brand":[],"product_cat":[131,134,159],"product_tag":[],"class_list":{"0":"post-8973","1":"product","2":"type-product","3":"status-publish","4":"has-post-thumbnail","6":"product_cat-sale","7":"product_cat-herren","8":"product_cat-strickmantel","10":"first","11":"outofstock","12":"sale","13":"taxable","14":"shipping-taxable","15":"purchasable","16":"product-type-simple"},"acf":[],"yoast_head":"<!-- This site is optimized with the Yoast SEO plugin v27.4 - https:\/\/yoast.com\/product\/yoast-seo-wordpress\/ -->\n<title>Baumwoll-Strickmantel Cantuta Herren aus Peru | Jetzt bestellen!<\/title>\n<meta name=\"description\" content=\"Baumwoll-Strickmantel Cantuta Flower \u2714 F\u00fcr Herren \u2714 100% Bio-Baumwolle \u2714 Vegan \u2714 Slow Fashion aus Peru \u2714 0\u20ac Versand \u2714 Jetzt online bestellen!\" \/>\n<meta name=\"robots\" content=\"index, follow, max-snippet:-1, max-image-preview:large, max-video-preview:-1\" \/>\n<link rel=\"canonical\" href=\"https:\/\/annamariaangelika.com\/de\/shop\/baumwoll-strickmantel-cantuta-flower-herren\/\" \/>\n<meta property=\"og:locale\" content=\"de_DE\" \/>\n<meta property=\"og:type\" content=\"article\" \/>\n<meta property=\"og:title\" content=\"Baumwoll-Strickmantel Cantuta Herren aus Peru | Jetzt bestellen!\" \/>\n<meta property=\"og:description\" content=\"Baumwoll-Strickmantel Cantuta Flower \u2714 F\u00fcr Herren \u2714 100% Bio-Baumwolle \u2714 Vegan \u2714 Slow Fashion aus Peru \u2714 0\u20ac Versand \u2714 Jetzt online bestellen!\" \/>\n<meta property=\"og:url\" content=\"https:\/\/annamariaangelika.com\/de\/shop\/baumwoll-strickmantel-cantuta-flower-herren\/\" \/>\n<meta property=\"og:site_name\" content=\"ANNAMARIAANGELIKA\" \/>\n<meta property=\"article:publisher\" content=\"https:\/\/www.facebook.com\/annamariaangelika.de\" \/>\n<meta property=\"article:modified_time\" content=\"2023-10-11T12:08:21+00:00\" \/>\n<meta property=\"og:image\" content=\"https:\/\/annamariaangelika.com\/wp-content\/uploads\/2021\/07\/Z_Cantuta_2-scaled.jpg\" \/>\n\t<meta property=\"og:image:width\" content=\"761\" \/>\n\t<meta property=\"og:image:height\" content=\"1100\" \/>\n\t<meta property=\"og:image:type\" content=\"image\/jpeg\" \/>\n<meta name=\"twitter:card\" content=\"summary_large_image\" \/>\n<meta name=\"twitter:label1\" content=\"Gesch\u00e4tzte Lesezeit\" \/>\n\t<meta name=\"twitter:data1\" content=\"1\u00a0Minute\" \/>\n<script type=\"application\/ld+json\" class=\"yoast-schema-graph\">{\"@context\":\"https:\\\/\\\/schema.org\",\"@graph\":[{\"@type\":\"WebPage\",\"@id\":\"https:\\\/\\\/annamariaangelika.com\\\/de\\\/shop\\\/baumwoll-strickmantel-cantuta-flower-herren\\\/\",\"url\":\"https:\\\/\\\/annamariaangelika.com\\\/de\\\/shop\\\/baumwoll-strickmantel-cantuta-flower-herren\\\/\",\"name\":\"Baumwoll-Strickmantel Cantuta Herren aus Peru | Jetzt bestellen!\",\"isPartOf\":{\"@id\":\"https:\\\/\\\/annamariaangelika.com\\\/de\\\/#website\"},\"primaryImageOfPage\":{\"@id\":\"https:\\\/\\\/annamariaangelika.com\\\/de\\\/shop\\\/baumwoll-strickmantel-cantuta-flower-herren\\\/#primaryimage\"},\"image\":{\"@id\":\"https:\\\/\\\/annamariaangelika.com\\\/de\\\/shop\\\/baumwoll-strickmantel-cantuta-flower-herren\\\/#primaryimage\"},\"thumbnailUrl\":\"https:\\\/\\\/annamariaangelika.com\\\/wp-content\\\/uploads\\\/2021\\\/07\\\/Z_Cantuta_2-scaled.jpg\",\"datePublished\":\"2021-07-08T19:01:54+00:00\",\"dateModified\":\"2023-10-11T12:08:21+00:00\",\"description\":\"Baumwoll-Strickmantel Cantuta Flower \u2714 F\u00fcr Herren \u2714 100% Bio-Baumwolle \u2714 Vegan \u2714 Slow Fashion aus Peru \u2714 0\u20ac Versand \u2714 Jetzt online bestellen!\",\"breadcrumb\":{\"@id\":\"https:\\\/\\\/annamariaangelika.com\\\/de\\\/shop\\\/baumwoll-strickmantel-cantuta-flower-herren\\\/#breadcrumb\"},\"inLanguage\":\"de\",\"potentialAction\":[{\"@type\":\"ReadAction\",\"target\":[\"https:\\\/\\\/annamariaangelika.com\\\/de\\\/shop\\\/baumwoll-strickmantel-cantuta-flower-herren\\\/\"]}]},{\"@type\":\"ImageObject\",\"inLanguage\":\"de\",\"@id\":\"https:\\\/\\\/annamariaangelika.com\\\/de\\\/shop\\\/baumwoll-strickmantel-cantuta-flower-herren\\\/#primaryimage\",\"url\":\"https:\\\/\\\/annamariaangelika.com\\\/wp-content\\\/uploads\\\/2021\\\/07\\\/Z_Cantuta_2-scaled.jpg\",\"contentUrl\":\"https:\\\/\\\/annamariaangelika.com\\\/wp-content\\\/uploads\\\/2021\\\/07\\\/Z_Cantuta_2-scaled.jpg\",\"width\":761,\"height\":1100,\"caption\":\"Baumwoll-Strickmantel Cantuta Flower Herren Orange Slow Fashion aus Peru bei ANNAMARIAANGELIKA bestellen!\"},{\"@type\":\"BreadcrumbList\",\"@id\":\"https:\\\/\\\/annamariaangelika.com\\\/de\\\/shop\\\/baumwoll-strickmantel-cantuta-flower-herren\\\/#breadcrumb\",\"itemListElement\":[{\"@type\":\"ListItem\",\"position\":1,\"name\":\"Shop\",\"item\":\"https:\\\/\\\/annamariaangelika.com\\\/de\\\/shop\\\/\"},{\"@type\":\"ListItem\",\"position\":2,\"name\":\"Strickmantel\",\"item\":\"https:\\\/\\\/annamariaangelika.com\\\/de\\\/product-category\\\/strickmantel\\\/\"},{\"@type\":\"ListItem\",\"position\":3,\"name\":\"Baumwoll-Strickmantel Cantuta Flower Herren, 100% Bio-Baumwolle\"}]},{\"@type\":\"WebSite\",\"@id\":\"https:\\\/\\\/annamariaangelika.com\\\/de\\\/#website\",\"url\":\"https:\\\/\\\/annamariaangelika.com\\\/de\\\/\",\"name\":\"ANNAMARIAANGELIKA\",\"description\":\"Fair &amp; handmade Premium Knitwear\",\"publisher\":{\"@id\":\"https:\\\/\\\/annamariaangelika.com\\\/de\\\/#organization\"},\"potentialAction\":[{\"@type\":\"SearchAction\",\"target\":{\"@type\":\"EntryPoint\",\"urlTemplate\":\"https:\\\/\\\/annamariaangelika.com\\\/de\\\/?s={search_term_string}\"},\"query-input\":{\"@type\":\"PropertyValueSpecification\",\"valueRequired\":true,\"valueName\":\"search_term_string\"}}],\"inLanguage\":\"de\"},{\"@type\":\"Organization\",\"@id\":\"https:\\\/\\\/annamariaangelika.com\\\/de\\\/#organization\",\"name\":\"ANNAMARIAANGELIKA\",\"url\":\"https:\\\/\\\/annamariaangelika.com\\\/de\\\/\",\"logo\":{\"@type\":\"ImageObject\",\"inLanguage\":\"de\",\"@id\":\"https:\\\/\\\/annamariaangelika.com\\\/de\\\/#\\\/schema\\\/logo\\\/image\\\/\",\"url\":\"https:\\\/\\\/annamariaangelika.com\\\/wp-content\\\/uploads\\\/2020\\\/04\\\/logo_pdf.png\",\"contentUrl\":\"https:\\\/\\\/annamariaangelika.com\\\/wp-content\\\/uploads\\\/2020\\\/04\\\/logo_pdf.png\",\"width\":300,\"height\":19,\"caption\":\"ANNAMARIAANGELIKA\"},\"image\":{\"@id\":\"https:\\\/\\\/annamariaangelika.com\\\/de\\\/#\\\/schema\\\/logo\\\/image\\\/\"},\"sameAs\":[\"https:\\\/\\\/www.facebook.com\\\/annamariaangelika.de\",\"https:\\\/\\\/www.instagram.com\\\/_annamariaangelika_\\\/\",\"https:\\\/\\\/www.pinterest.de\\\/annamangelika\\\/\"]}]}<\/script>\n<!-- \/ Yoast SEO plugin. -->","yoast_head_json":{"title":"Baumwoll-Strickmantel Cantuta Herren aus Peru | Jetzt bestellen!","description":"Baumwoll-Strickmantel Cantuta Flower \u2714 F\u00fcr Herren \u2714 100% Bio-Baumwolle \u2714 Vegan \u2714 Slow Fashion aus Peru \u2714 0\u20ac Versand \u2714 Jetzt online bestellen!","robots":{"index":"index","follow":"follow","max-snippet":"max-snippet:-1","max-image-preview":"max-image-preview:large","max-video-preview":"max-video-preview:-1"},"canonical":"https:\/\/annamariaangelika.com\/de\/shop\/baumwoll-strickmantel-cantuta-flower-herren\/","og_locale":"de_DE","og_type":"article","og_title":"Baumwoll-Strickmantel Cantuta Herren aus Peru | Jetzt bestellen!","og_description":"Baumwoll-Strickmantel Cantuta Flower \u2714 F\u00fcr Herren \u2714 100% Bio-Baumwolle \u2714 Vegan \u2714 Slow Fashion aus Peru \u2714 0\u20ac Versand \u2714 Jetzt online bestellen!","og_url":"https:\/\/annamariaangelika.com\/de\/shop\/baumwoll-strickmantel-cantuta-flower-herren\/","og_site_name":"ANNAMARIAANGELIKA","article_publisher":"https:\/\/www.facebook.com\/annamariaangelika.de","article_modified_time":"2023-10-11T12:08:21+00:00","og_image":[{"width":761,"height":1100,"url":"https:\/\/annamariaangelika.com\/wp-content\/uploads\/2021\/07\/Z_Cantuta_2-scaled.jpg","type":"image\/jpeg"}],"twitter_card":"summary_large_image","twitter_misc":{"Gesch\u00e4tzte Lesezeit":"1\u00a0Minute"},"schema":{"@context":"https:\/\/schema.org","@graph":[{"@type":"WebPage","@id":"https:\/\/annamariaangelika.com\/de\/shop\/baumwoll-strickmantel-cantuta-flower-herren\/","url":"https:\/\/annamariaangelika.com\/de\/shop\/baumwoll-strickmantel-cantuta-flower-herren\/","name":"Baumwoll-Strickmantel Cantuta Herren aus Peru | Jetzt bestellen!","isPartOf":{"@id":"https:\/\/annamariaangelika.com\/de\/#website"},"primaryImageOfPage":{"@id":"https:\/\/annamariaangelika.com\/de\/shop\/baumwoll-strickmantel-cantuta-flower-herren\/#primaryimage"},"image":{"@id":"https:\/\/annamariaangelika.com\/de\/shop\/baumwoll-strickmantel-cantuta-flower-herren\/#primaryimage"},"thumbnailUrl":"https:\/\/annamariaangelika.com\/wp-content\/uploads\/2021\/07\/Z_Cantuta_2-scaled.jpg","datePublished":"2021-07-08T19:01:54+00:00","dateModified":"2023-10-11T12:08:21+00:00","description":"Baumwoll-Strickmantel Cantuta Flower \u2714 F\u00fcr Herren \u2714 100% Bio-Baumwolle \u2714 Vegan \u2714 Slow Fashion aus Peru \u2714 0\u20ac Versand \u2714 Jetzt online bestellen!","breadcrumb":{"@id":"https:\/\/annamariaangelika.com\/de\/shop\/baumwoll-strickmantel-cantuta-flower-herren\/#breadcrumb"},"inLanguage":"de","potentialAction":[{"@type":"ReadAction","target":["https:\/\/annamariaangelika.com\/de\/shop\/baumwoll-strickmantel-cantuta-flower-herren\/"]}]},{"@type":"ImageObject","inLanguage":"de","@id":"https:\/\/annamariaangelika.com\/de\/shop\/baumwoll-strickmantel-cantuta-flower-herren\/#primaryimage","url":"https:\/\/annamariaangelika.com\/wp-content\/uploads\/2021\/07\/Z_Cantuta_2-scaled.jpg","contentUrl":"https:\/\/annamariaangelika.com\/wp-content\/uploads\/2021\/07\/Z_Cantuta_2-scaled.jpg","width":761,"height":1100,"caption":"Baumwoll-Strickmantel Cantuta Flower Herren Orange Slow Fashion aus Peru bei ANNAMARIAANGELIKA bestellen!"},{"@type":"BreadcrumbList","@id":"https:\/\/annamariaangelika.com\/de\/shop\/baumwoll-strickmantel-cantuta-flower-herren\/#breadcrumb","itemListElement":[{"@type":"ListItem","position":1,"name":"Shop","item":"https:\/\/annamariaangelika.com\/de\/shop\/"},{"@type":"ListItem","position":2,"name":"Strickmantel","item":"https:\/\/annamariaangelika.com\/de\/product-category\/strickmantel\/"},{"@type":"ListItem","position":3,"name":"Baumwoll-Strickmantel Cantuta Flower Herren, 100% Bio-Baumwolle"}]},{"@type":"WebSite","@id":"https:\/\/annamariaangelika.com\/de\/#website","url":"https:\/\/annamariaangelika.com\/de\/","name":"ANNAMARIAANGELIKA","description":"Fair &amp; handmade Premium Knitwear","publisher":{"@id":"https:\/\/annamariaangelika.com\/de\/#organization"},"potentialAction":[{"@type":"SearchAction","target":{"@type":"EntryPoint","urlTemplate":"https:\/\/annamariaangelika.com\/de\/?s={search_term_string}"},"query-input":{"@type":"PropertyValueSpecification","valueRequired":true,"valueName":"search_term_string"}}],"inLanguage":"de"},{"@type":"Organization","@id":"https:\/\/annamariaangelika.com\/de\/#organization","name":"ANNAMARIAANGELIKA","url":"https:\/\/annamariaangelika.com\/de\/","logo":{"@type":"ImageObject","inLanguage":"de","@id":"https:\/\/annamariaangelika.com\/de\/#\/schema\/logo\/image\/","url":"https:\/\/annamariaangelika.com\/wp-content\/uploads\/2020\/04\/logo_pdf.png","contentUrl":"https:\/\/annamariaangelika.com\/wp-content\/uploads\/2020\/04\/logo_pdf.png","width":300,"height":19,"caption":"ANNAMARIAANGELIKA"},"image":{"@id":"https:\/\/annamariaangelika.com\/de\/#\/schema\/logo\/image\/"},"sameAs":["https:\/\/www.facebook.com\/annamariaangelika.de","https:\/\/www.instagram.com\/_annamariaangelika_\/","https:\/\/www.pinterest.de\/annamangelika\/"]}]}},"_links":{"self":[{"href":"https:\/\/annamariaangelika.com\/de\/wp-json\/wp\/v2\/product\/8973","targetHints":{"allow":["GET"]}}],"collection":[{"href":"https:\/\/annamariaangelika.com\/de\/wp-json\/wp\/v2\/product"}],"about":[{"href":"https:\/\/annamariaangelika.com\/de\/wp-json\/wp\/v2\/types\/product"}],"wp:featuredmedia":[{"embeddable":true,"href":"https:\/\/annamariaangelika.com\/de\/wp-json\/wp\/v2\/media\/10788"}],"wp:attachment":[{"href":"https:\/\/annamariaangelika.com\/de\/wp-json\/wp\/v2\/media?parent=8973"}],"wp:term":[{"taxonomy":"product_brand","embeddable":true,"href":"https:\/\/annamariaangelika.com\/de\/wp-json\/wp\/v2\/product_brand?post=8973"},{"taxonomy":"product_cat","embeddable":true,"href":"https:\/\/annamariaangelika.com\/de\/wp-json\/wp\/v2\/product_cat?post=8973"},{"taxonomy":"product_tag","embeddable":true,"href":"https:\/\/annamariaangelika.com\/de\/wp-json\/wp\/v2\/product_tag?post=8973"}],"curies":[{"name":"wp","href":"https:\/\/api.w.org\/{rel}","templated":true}]}}