{"id":8970,"date":"2021-07-08T21:10:24","date_gmt":"2021-07-08T19:10:24","guid":{"rendered":"http:\/\/dev.annamariaangelika.com\/shop\/strickmantel-sunrise\/"},"modified":"2023-10-11T14:11:14","modified_gmt":"2023-10-11T12:11:14","slug":"strickmantel-sunrise-herren","status":"publish","type":"product","link":"https:\/\/annamariaangelika.com\/de\/shop\/strickmantel-sunrise-herren\/","title":{"rendered":"Strickmantel Sunrise Herren, 100% Bio-Baumwolle"},"content":{"rendered":"<p><b>Strickmantel Sunrise<\/b><\/p>\n<p>Reisetipp: der Sonnenaufgang am Malec\u00f3n in Peru. Diese Pastellfarben! Ihre au\u00dfergew\u00f6hnliche Sanftheit erf\u00fcllt das Herz mit Dankbarkeit f\u00fcr die Wunder der Natur. Ob sich dieses Gef\u00fchl wohl mit einem Kleidungsst\u00fcck ausdr\u00fccken l\u00e4sst? Gefragt, getan: Der vegane Strickmantel Sunrise w\u00e4rmt K\u00f6rper und Seele wie die Sonnenstrahlen an Limas K\u00fcste. In Zusammenarbeit mit Globetrotterin Friederike von freiseindesign entstand ein locker-leichtes Stetement-Piece aus 100% neuen Baumwollrestgarnen. Leg es dir beim Meditieren um, trag es zu einem besonderen Event und lass dich von seinem Charme verf\u00fchren: Dieser vegane Slow-Fashion-Mantel begibt sich mit dir auf eine strahlend sch\u00f6ne Reise.<\/p>\n","protected":false},"excerpt":{"rendered":"<p>Faire Strickmode | Handgefertigt in Peru |<\/p>\n<p>100% neue Baumwollrestgarne |Unisex |<\/p>\n<p>Onesize | Vegan | Intarsienstrick<\/p>\n","protected":false},"featured_media":8901,"template":"","meta":{"_acf_changed":false},"product_brand":[],"product_cat":[131,134,159],"product_tag":[],"class_list":{"0":"post-8970","1":"product","2":"type-product","3":"status-publish","4":"has-post-thumbnail","6":"product_cat-sale","7":"product_cat-herren","8":"product_cat-strickmantel","10":"first","11":"outofstock","12":"sale","13":"taxable","14":"shipping-taxable","15":"purchasable","16":"product-type-simple"},"acf":[],"yoast_head":"<!-- This site is optimized with the Yoast SEO plugin v27.5 - https:\/\/yoast.com\/product\/yoast-seo-wordpress\/ -->\n<title>Strickmantel Sunrise Herren aus Peru in 100% Baumwolle kaufen<\/title>\n<meta name=\"description\" content=\"Strickmantel Sunrise Herren aus Peru \u2714 100% Bio-Baumwolle \u2714 Vegan \u2714 Slow Fashion \u2714 0\u20ac Versand \u2714 Jetzt fair bei ANNAMARIAANGELIKA bestellen!\" \/>\n<meta name=\"robots\" content=\"index, follow, max-snippet:-1, max-image-preview:large, max-video-preview:-1\" \/>\n<link rel=\"canonical\" href=\"https:\/\/annamariaangelika.com\/de\/shop\/strickmantel-sunrise-herren\/\" \/>\n<meta property=\"og:locale\" content=\"de_DE\" \/>\n<meta property=\"og:type\" content=\"article\" \/>\n<meta property=\"og:title\" content=\"Strickmantel Sunrise Herren aus Peru in 100% Baumwolle kaufen\" \/>\n<meta property=\"og:description\" content=\"Strickmantel Sunrise Herren aus Peru \u2714 100% Bio-Baumwolle \u2714 Vegan \u2714 Slow Fashion \u2714 0\u20ac Versand \u2714 Jetzt fair bei ANNAMARIAANGELIKA bestellen!\" \/>\n<meta property=\"og:url\" content=\"https:\/\/annamariaangelika.com\/de\/shop\/strickmantel-sunrise-herren\/\" \/>\n<meta property=\"og:site_name\" content=\"ANNAMARIAANGELIKA\" \/>\n<meta property=\"article:publisher\" content=\"https:\/\/www.facebook.com\/annamariaangelika.de\" \/>\n<meta property=\"article:modified_time\" content=\"2023-10-11T12:11:14+00:00\" \/>\n<meta property=\"og:image\" content=\"https:\/\/annamariaangelika.com\/wp-content\/uploads\/2021\/07\/Coat_Sunrise_6.jpg\" \/>\n\t<meta property=\"og:image:width\" content=\"1536\" \/>\n\t<meta property=\"og:image:height\" content=\"2048\" \/>\n\t<meta property=\"og:image:type\" content=\"image\/jpeg\" \/>\n<meta name=\"twitter:card\" content=\"summary_large_image\" \/>\n<meta name=\"twitter:label1\" content=\"Gesch\u00e4tzte Lesezeit\" \/>\n\t<meta name=\"twitter:data1\" content=\"1\u00a0Minute\" \/>\n<script type=\"application\/ld+json\" class=\"yoast-schema-graph\">{\"@context\":\"https:\\\/\\\/schema.org\",\"@graph\":[{\"@type\":\"WebPage\",\"@id\":\"https:\\\/\\\/annamariaangelika.com\\\/de\\\/shop\\\/strickmantel-sunrise-herren\\\/\",\"url\":\"https:\\\/\\\/annamariaangelika.com\\\/de\\\/shop\\\/strickmantel-sunrise-herren\\\/\",\"name\":\"Strickmantel Sunrise Herren aus Peru in 100% Baumwolle kaufen\",\"isPartOf\":{\"@id\":\"https:\\\/\\\/annamariaangelika.com\\\/de\\\/#website\"},\"primaryImageOfPage\":{\"@id\":\"https:\\\/\\\/annamariaangelika.com\\\/de\\\/shop\\\/strickmantel-sunrise-herren\\\/#primaryimage\"},\"image\":{\"@id\":\"https:\\\/\\\/annamariaangelika.com\\\/de\\\/shop\\\/strickmantel-sunrise-herren\\\/#primaryimage\"},\"thumbnailUrl\":\"https:\\\/\\\/annamariaangelika.com\\\/wp-content\\\/uploads\\\/2021\\\/07\\\/Coat_Sunrise_6.jpg\",\"datePublished\":\"2021-07-08T19:10:24+00:00\",\"dateModified\":\"2023-10-11T12:11:14+00:00\",\"description\":\"Strickmantel Sunrise Herren aus Peru \u2714 100% Bio-Baumwolle \u2714 Vegan \u2714 Slow Fashion \u2714 0\u20ac Versand \u2714 Jetzt fair bei ANNAMARIAANGELIKA bestellen!\",\"breadcrumb\":{\"@id\":\"https:\\\/\\\/annamariaangelika.com\\\/de\\\/shop\\\/strickmantel-sunrise-herren\\\/#breadcrumb\"},\"inLanguage\":\"de\",\"potentialAction\":[{\"@type\":\"ReadAction\",\"target\":[\"https:\\\/\\\/annamariaangelika.com\\\/de\\\/shop\\\/strickmantel-sunrise-herren\\\/\"]}]},{\"@type\":\"ImageObject\",\"inLanguage\":\"de\",\"@id\":\"https:\\\/\\\/annamariaangelika.com\\\/de\\\/shop\\\/strickmantel-sunrise-herren\\\/#primaryimage\",\"url\":\"https:\\\/\\\/annamariaangelika.com\\\/wp-content\\\/uploads\\\/2021\\\/07\\\/Coat_Sunrise_6.jpg\",\"contentUrl\":\"https:\\\/\\\/annamariaangelika.com\\\/wp-content\\\/uploads\\\/2021\\\/07\\\/Coat_Sunrise_6.jpg\",\"width\":1536,\"height\":2048},{\"@type\":\"BreadcrumbList\",\"@id\":\"https:\\\/\\\/annamariaangelika.com\\\/de\\\/shop\\\/strickmantel-sunrise-herren\\\/#breadcrumb\",\"itemListElement\":[{\"@type\":\"ListItem\",\"position\":1,\"name\":\"Shop\",\"item\":\"https:\\\/\\\/annamariaangelika.com\\\/de\\\/shop\\\/\"},{\"@type\":\"ListItem\",\"position\":2,\"name\":\"Strickmantel\",\"item\":\"https:\\\/\\\/annamariaangelika.com\\\/de\\\/product-category\\\/strickmantel\\\/\"},{\"@type\":\"ListItem\",\"position\":3,\"name\":\"Strickmantel Sunrise Herren, 100% Bio-Baumwolle\"}]},{\"@type\":\"WebSite\",\"@id\":\"https:\\\/\\\/annamariaangelika.com\\\/de\\\/#website\",\"url\":\"https:\\\/\\\/annamariaangelika.com\\\/de\\\/\",\"name\":\"ANNAMARIAANGELIKA\",\"description\":\"Fair &amp; handmade Premium Knitwear\",\"publisher\":{\"@id\":\"https:\\\/\\\/annamariaangelika.com\\\/de\\\/#organization\"},\"potentialAction\":[{\"@type\":\"SearchAction\",\"target\":{\"@type\":\"EntryPoint\",\"urlTemplate\":\"https:\\\/\\\/annamariaangelika.com\\\/de\\\/?s={search_term_string}\"},\"query-input\":{\"@type\":\"PropertyValueSpecification\",\"valueRequired\":true,\"valueName\":\"search_term_string\"}}],\"inLanguage\":\"de\"},{\"@type\":\"Organization\",\"@id\":\"https:\\\/\\\/annamariaangelika.com\\\/de\\\/#organization\",\"name\":\"ANNAMARIAANGELIKA\",\"url\":\"https:\\\/\\\/annamariaangelika.com\\\/de\\\/\",\"logo\":{\"@type\":\"ImageObject\",\"inLanguage\":\"de\",\"@id\":\"https:\\\/\\\/annamariaangelika.com\\\/de\\\/#\\\/schema\\\/logo\\\/image\\\/\",\"url\":\"https:\\\/\\\/annamariaangelika.com\\\/wp-content\\\/uploads\\\/2020\\\/04\\\/logo_pdf.png\",\"contentUrl\":\"https:\\\/\\\/annamariaangelika.com\\\/wp-content\\\/uploads\\\/2020\\\/04\\\/logo_pdf.png\",\"width\":300,\"height\":19,\"caption\":\"ANNAMARIAANGELIKA\"},\"image\":{\"@id\":\"https:\\\/\\\/annamariaangelika.com\\\/de\\\/#\\\/schema\\\/logo\\\/image\\\/\"},\"sameAs\":[\"https:\\\/\\\/www.facebook.com\\\/annamariaangelika.de\",\"https:\\\/\\\/www.instagram.com\\\/_annamariaangelika_\\\/\",\"https:\\\/\\\/www.pinterest.de\\\/annamangelika\\\/\"]}]}<\/script>\n<!-- \/ Yoast SEO plugin. -->","yoast_head_json":{"title":"Strickmantel Sunrise Herren aus Peru in 100% Baumwolle kaufen","description":"Strickmantel Sunrise Herren aus Peru \u2714 100% Bio-Baumwolle \u2714 Vegan \u2714 Slow Fashion \u2714 0\u20ac Versand \u2714 Jetzt fair bei ANNAMARIAANGELIKA bestellen!","robots":{"index":"index","follow":"follow","max-snippet":"max-snippet:-1","max-image-preview":"max-image-preview:large","max-video-preview":"max-video-preview:-1"},"canonical":"https:\/\/annamariaangelika.com\/de\/shop\/strickmantel-sunrise-herren\/","og_locale":"de_DE","og_type":"article","og_title":"Strickmantel Sunrise Herren aus Peru in 100% Baumwolle kaufen","og_description":"Strickmantel Sunrise Herren aus Peru \u2714 100% Bio-Baumwolle \u2714 Vegan \u2714 Slow Fashion \u2714 0\u20ac Versand \u2714 Jetzt fair bei ANNAMARIAANGELIKA bestellen!","og_url":"https:\/\/annamariaangelika.com\/de\/shop\/strickmantel-sunrise-herren\/","og_site_name":"ANNAMARIAANGELIKA","article_publisher":"https:\/\/www.facebook.com\/annamariaangelika.de","article_modified_time":"2023-10-11T12:11:14+00:00","og_image":[{"width":1536,"height":2048,"url":"https:\/\/annamariaangelika.com\/wp-content\/uploads\/2021\/07\/Coat_Sunrise_6.jpg","type":"image\/jpeg"}],"twitter_card":"summary_large_image","twitter_misc":{"Gesch\u00e4tzte Lesezeit":"1\u00a0Minute"},"schema":{"@context":"https:\/\/schema.org","@graph":[{"@type":"WebPage","@id":"https:\/\/annamariaangelika.com\/de\/shop\/strickmantel-sunrise-herren\/","url":"https:\/\/annamariaangelika.com\/de\/shop\/strickmantel-sunrise-herren\/","name":"Strickmantel Sunrise Herren aus Peru in 100% Baumwolle kaufen","isPartOf":{"@id":"https:\/\/annamariaangelika.com\/de\/#website"},"primaryImageOfPage":{"@id":"https:\/\/annamariaangelika.com\/de\/shop\/strickmantel-sunrise-herren\/#primaryimage"},"image":{"@id":"https:\/\/annamariaangelika.com\/de\/shop\/strickmantel-sunrise-herren\/#primaryimage"},"thumbnailUrl":"https:\/\/annamariaangelika.com\/wp-content\/uploads\/2021\/07\/Coat_Sunrise_6.jpg","datePublished":"2021-07-08T19:10:24+00:00","dateModified":"2023-10-11T12:11:14+00:00","description":"Strickmantel Sunrise Herren aus Peru \u2714 100% Bio-Baumwolle \u2714 Vegan \u2714 Slow Fashion \u2714 0\u20ac Versand \u2714 Jetzt fair bei ANNAMARIAANGELIKA bestellen!","breadcrumb":{"@id":"https:\/\/annamariaangelika.com\/de\/shop\/strickmantel-sunrise-herren\/#breadcrumb"},"inLanguage":"de","potentialAction":[{"@type":"ReadAction","target":["https:\/\/annamariaangelika.com\/de\/shop\/strickmantel-sunrise-herren\/"]}]},{"@type":"ImageObject","inLanguage":"de","@id":"https:\/\/annamariaangelika.com\/de\/shop\/strickmantel-sunrise-herren\/#primaryimage","url":"https:\/\/annamariaangelika.com\/wp-content\/uploads\/2021\/07\/Coat_Sunrise_6.jpg","contentUrl":"https:\/\/annamariaangelika.com\/wp-content\/uploads\/2021\/07\/Coat_Sunrise_6.jpg","width":1536,"height":2048},{"@type":"BreadcrumbList","@id":"https:\/\/annamariaangelika.com\/de\/shop\/strickmantel-sunrise-herren\/#breadcrumb","itemListElement":[{"@type":"ListItem","position":1,"name":"Shop","item":"https:\/\/annamariaangelika.com\/de\/shop\/"},{"@type":"ListItem","position":2,"name":"Strickmantel","item":"https:\/\/annamariaangelika.com\/de\/product-category\/strickmantel\/"},{"@type":"ListItem","position":3,"name":"Strickmantel Sunrise Herren, 100% Bio-Baumwolle"}]},{"@type":"WebSite","@id":"https:\/\/annamariaangelika.com\/de\/#website","url":"https:\/\/annamariaangelika.com\/de\/","name":"ANNAMARIAANGELIKA","description":"Fair &amp; handmade Premium Knitwear","publisher":{"@id":"https:\/\/annamariaangelika.com\/de\/#organization"},"potentialAction":[{"@type":"SearchAction","target":{"@type":"EntryPoint","urlTemplate":"https:\/\/annamariaangelika.com\/de\/?s={search_term_string}"},"query-input":{"@type":"PropertyValueSpecification","valueRequired":true,"valueName":"search_term_string"}}],"inLanguage":"de"},{"@type":"Organization","@id":"https:\/\/annamariaangelika.com\/de\/#organization","name":"ANNAMARIAANGELIKA","url":"https:\/\/annamariaangelika.com\/de\/","logo":{"@type":"ImageObject","inLanguage":"de","@id":"https:\/\/annamariaangelika.com\/de\/#\/schema\/logo\/image\/","url":"https:\/\/annamariaangelika.com\/wp-content\/uploads\/2020\/04\/logo_pdf.png","contentUrl":"https:\/\/annamariaangelika.com\/wp-content\/uploads\/2020\/04\/logo_pdf.png","width":300,"height":19,"caption":"ANNAMARIAANGELIKA"},"image":{"@id":"https:\/\/annamariaangelika.com\/de\/#\/schema\/logo\/image\/"},"sameAs":["https:\/\/www.facebook.com\/annamariaangelika.de","https:\/\/www.instagram.com\/_annamariaangelika_\/","https:\/\/www.pinterest.de\/annamangelika\/"]}]}},"_links":{"self":[{"href":"https:\/\/annamariaangelika.com\/de\/wp-json\/wp\/v2\/product\/8970","targetHints":{"allow":["GET"]}}],"collection":[{"href":"https:\/\/annamariaangelika.com\/de\/wp-json\/wp\/v2\/product"}],"about":[{"href":"https:\/\/annamariaangelika.com\/de\/wp-json\/wp\/v2\/types\/product"}],"wp:featuredmedia":[{"embeddable":true,"href":"https:\/\/annamariaangelika.com\/de\/wp-json\/wp\/v2\/media\/8901"}],"wp:attachment":[{"href":"https:\/\/annamariaangelika.com\/de\/wp-json\/wp\/v2\/media?parent=8970"}],"wp:term":[{"taxonomy":"product_brand","embeddable":true,"href":"https:\/\/annamariaangelika.com\/de\/wp-json\/wp\/v2\/product_brand?post=8970"},{"taxonomy":"product_cat","embeddable":true,"href":"https:\/\/annamariaangelika.com\/de\/wp-json\/wp\/v2\/product_cat?post=8970"},{"taxonomy":"product_tag","embeddable":true,"href":"https:\/\/annamariaangelika.com\/de\/wp-json\/wp\/v2\/product_tag?post=8970"}],"curies":[{"name":"wp","href":"https:\/\/api.w.org\/{rel}","templated":true}]}}