{"id":8754,"date":"2021-05-26T11:16:32","date_gmt":"2021-05-26T09:16:32","guid":{"rendered":"http:\/\/dev.annamariaangelika.com\/shop\/bomberjacke-milky-way\/"},"modified":"2024-11-21T10:04:33","modified_gmt":"2024-11-21T09:04:33","slug":"merino-jacke-damen-milky-way-bomberjacke","status":"publish","type":"product","link":"https:\/\/annamariaangelika.com\/de\/shop\/merino-jacke-damen-milky-way-bomberjacke\/","title":{"rendered":"SOLD OUT \/ Merino Strick-Jacke Damen Milky Way, Bomberjacke 100% Merinowolle"},"content":{"rendered":"<p><strong>Willkommen in der Milchstra\u00dfe!\u00a0<\/strong><br \/>\nDieses ganz besondere Garn aus Merinowolle hatten wir in einer kleinen Spinnerei in Peru entdeckt und konnten einfach nicht an uns halten. Ein wunderbar sch\u00f6nes Material! Naturfarben mit handgef\u00e4rbten Flecken in verschiedensten Schattierungen von zartlila \u00fcber blau bis violett. 20 Kilo waren speziell angefertigt worden, aber dann hat der Kunde kurzfristig entschieden, es doch nicht zu nehmen. Was f\u00fcr ein Gl\u00fccksfall! Also haben wir \u201egerettet\u201c, was schon produziert worden war.<br \/>\nDie Strickjacke ist so geschnitten, dass sie mit ihren Fledermaus\u00e4rmeln schick aussieht und gleichzeitig den K\u00f6rper umschmeichelt und sich bequem anf\u00fchlt. <a href=\"https:\/\/annamariaangelika.com\/de\/shop\/muetze-milky-way-aus-merinowolle\/\">Die M\u00fctze<\/a> passt perfekt dazu \u2013 kann aber nat\u00fcrlich auch zu einem anderen Outfit getragen werden, um ihm dieses Funkeln zu verleihen. Genau wie das Funkeln in unseren Augen, als wir in peruanischen N\u00e4chten die Milchstra\u00dfe bestaunt haben.<\/p>\n","protected":false},"excerpt":{"rendered":"<p>Faire Strickmode, handgefertigt in Peru| 100% peruanische Merinowolle| handgef\u00e4rbtes Garn von einer familiengef\u00fchrten Spinnerei in Peru | Oversized Passform | Perlenstrickmuster | limitierte Edition von 20 St\u00fcck | Farbe: creme und violett | <a href=\"https:\/\/annamariaangelika.com\/de\/shop\/muetze-milky-way-aus-merinowolle\/\">Passende Strickm\u00fctze hier erh\u00e4ltlich<\/a> |<\/p>\n<p><strong>Onesize\u00a0<\/strong>Brustweite: 65 cm, L\u00e4nge: 65 cm, \u00c4rmell\u00e4nge: 75 cm<\/p>\n","protected":false},"featured_media":10756,"template":"","meta":{"_acf_changed":false},"product_brand":[],"product_cat":[131,135,140,142],"product_tag":[],"class_list":{"0":"post-8754","1":"product","2":"type-product","3":"status-publish","4":"has-post-thumbnail","6":"product_cat-sale","7":"product_cat-damen","8":"product_cat-maras-kollektion","9":"product_cat-alpaka-pullover","11":"first","12":"outofstock","13":"taxable","14":"shipping-taxable","15":"purchasable","16":"product-type-simple"},"acf":[],"yoast_head":"<!-- This site is optimized with the Yoast SEO plugin v27.3 - https:\/\/yoast.com\/product\/yoast-seo-wordpress\/ -->\n<title>Merino Jacke Damen Milky Way | Bomberjacke 100% Merinowolle<\/title>\n<meta name=\"description\" content=\"Merino Jacke Damen \u2714 Milky Way Bomberjacke aus 100% Merinowolle \u2714 Slow Fashion aus Peru \u2714 0\u20ac Versand \u2714 Jetzt fair bei ANNAMARIAANGELIKA bestellen!\" \/>\n<meta name=\"robots\" content=\"index, follow, max-snippet:-1, max-image-preview:large, max-video-preview:-1\" \/>\n<link rel=\"canonical\" href=\"https:\/\/annamariaangelika.com\/de\/shop\/merino-jacke-damen-milky-way-bomberjacke\/\" \/>\n<meta property=\"og:locale\" content=\"de_DE\" \/>\n<meta property=\"og:type\" content=\"article\" \/>\n<meta property=\"og:title\" content=\"Merino Jacke Damen Milky Way | Bomberjacke 100% Merinowolle\" \/>\n<meta property=\"og:description\" content=\"Merino Jacke Damen \u2714 Milky Way Bomberjacke aus 100% Merinowolle \u2714 Slow Fashion aus Peru \u2714 0\u20ac Versand \u2714 Jetzt fair bei ANNAMARIAANGELIKA bestellen!\" \/>\n<meta property=\"og:url\" content=\"https:\/\/annamariaangelika.com\/de\/shop\/merino-jacke-damen-milky-way-bomberjacke\/\" \/>\n<meta property=\"og:site_name\" content=\"ANNAMARIAANGELIKA\" \/>\n<meta property=\"article:publisher\" content=\"https:\/\/www.facebook.com\/annamariaangelika.de\" \/>\n<meta property=\"article:modified_time\" content=\"2024-11-21T09:04:33+00:00\" \/>\n<meta property=\"og:image\" content=\"https:\/\/annamariaangelika.com\/wp-content\/uploads\/2021\/05\/Z_Milky_Way_5-scaled.jpg\" \/>\n\t<meta property=\"og:image:width\" content=\"761\" \/>\n\t<meta property=\"og:image:height\" content=\"1100\" \/>\n\t<meta property=\"og:image:type\" content=\"image\/jpeg\" \/>\n<meta name=\"twitter:card\" content=\"summary_large_image\" \/>\n<meta name=\"twitter:label1\" content=\"Gesch\u00e4tzte Lesezeit\" \/>\n\t<meta name=\"twitter:data1\" content=\"1\u00a0Minute\" \/>\n<script type=\"application\/ld+json\" class=\"yoast-schema-graph\">{\"@context\":\"https:\\\/\\\/schema.org\",\"@graph\":[{\"@type\":\"WebPage\",\"@id\":\"https:\\\/\\\/annamariaangelika.com\\\/de\\\/shop\\\/merino-jacke-damen-milky-way-bomberjacke\\\/\",\"url\":\"https:\\\/\\\/annamariaangelika.com\\\/de\\\/shop\\\/merino-jacke-damen-milky-way-bomberjacke\\\/\",\"name\":\"Merino Jacke Damen Milky Way | Bomberjacke 100% Merinowolle\",\"isPartOf\":{\"@id\":\"https:\\\/\\\/annamariaangelika.com\\\/de\\\/#website\"},\"primaryImageOfPage\":{\"@id\":\"https:\\\/\\\/annamariaangelika.com\\\/de\\\/shop\\\/merino-jacke-damen-milky-way-bomberjacke\\\/#primaryimage\"},\"image\":{\"@id\":\"https:\\\/\\\/annamariaangelika.com\\\/de\\\/shop\\\/merino-jacke-damen-milky-way-bomberjacke\\\/#primaryimage\"},\"thumbnailUrl\":\"https:\\\/\\\/annamariaangelika.com\\\/wp-content\\\/uploads\\\/2021\\\/05\\\/Z_Milky_Way_5-scaled.jpg\",\"datePublished\":\"2021-05-26T09:16:32+00:00\",\"dateModified\":\"2024-11-21T09:04:33+00:00\",\"description\":\"Merino Jacke Damen \u2714 Milky Way Bomberjacke aus 100% Merinowolle \u2714 Slow Fashion aus Peru \u2714 0\u20ac Versand \u2714 Jetzt fair bei ANNAMARIAANGELIKA bestellen!\",\"breadcrumb\":{\"@id\":\"https:\\\/\\\/annamariaangelika.com\\\/de\\\/shop\\\/merino-jacke-damen-milky-way-bomberjacke\\\/#breadcrumb\"},\"inLanguage\":\"de\",\"potentialAction\":[{\"@type\":\"ReadAction\",\"target\":[\"https:\\\/\\\/annamariaangelika.com\\\/de\\\/shop\\\/merino-jacke-damen-milky-way-bomberjacke\\\/\"]}]},{\"@type\":\"ImageObject\",\"inLanguage\":\"de\",\"@id\":\"https:\\\/\\\/annamariaangelika.com\\\/de\\\/shop\\\/merino-jacke-damen-milky-way-bomberjacke\\\/#primaryimage\",\"url\":\"https:\\\/\\\/annamariaangelika.com\\\/wp-content\\\/uploads\\\/2021\\\/05\\\/Z_Milky_Way_5-scaled.jpg\",\"contentUrl\":\"https:\\\/\\\/annamariaangelika.com\\\/wp-content\\\/uploads\\\/2021\\\/05\\\/Z_Milky_Way_5-scaled.jpg\",\"width\":761,\"height\":1100,\"caption\":\"Merino Strick-Jacke Damen Milky Way Bomberjacke aus 100% Merinowolle bei ANNAMARIAANGELIKA bestellen, Freisteller Produktbild\"},{\"@type\":\"BreadcrumbList\",\"@id\":\"https:\\\/\\\/annamariaangelika.com\\\/de\\\/shop\\\/merino-jacke-damen-milky-way-bomberjacke\\\/#breadcrumb\",\"itemListElement\":[{\"@type\":\"ListItem\",\"position\":1,\"name\":\"Shop\",\"item\":\"https:\\\/\\\/annamariaangelika.com\\\/de\\\/shop\\\/\"},{\"@type\":\"ListItem\",\"position\":2,\"name\":\"Pullover\",\"item\":\"https:\\\/\\\/annamariaangelika.com\\\/de\\\/product-category\\\/alpaka-pullover\\\/\"},{\"@type\":\"ListItem\",\"position\":3,\"name\":\"SOLD OUT \\\/ Merino Strick-Jacke Damen Milky Way, Bomberjacke 100% Merinowolle\"}]},{\"@type\":\"WebSite\",\"@id\":\"https:\\\/\\\/annamariaangelika.com\\\/de\\\/#website\",\"url\":\"https:\\\/\\\/annamariaangelika.com\\\/de\\\/\",\"name\":\"ANNAMARIAANGELIKA\",\"description\":\"Fair &amp; handmade Premium Knitwear\",\"publisher\":{\"@id\":\"https:\\\/\\\/annamariaangelika.com\\\/de\\\/#organization\"},\"potentialAction\":[{\"@type\":\"SearchAction\",\"target\":{\"@type\":\"EntryPoint\",\"urlTemplate\":\"https:\\\/\\\/annamariaangelika.com\\\/de\\\/?s={search_term_string}\"},\"query-input\":{\"@type\":\"PropertyValueSpecification\",\"valueRequired\":true,\"valueName\":\"search_term_string\"}}],\"inLanguage\":\"de\"},{\"@type\":\"Organization\",\"@id\":\"https:\\\/\\\/annamariaangelika.com\\\/de\\\/#organization\",\"name\":\"ANNAMARIAANGELIKA\",\"url\":\"https:\\\/\\\/annamariaangelika.com\\\/de\\\/\",\"logo\":{\"@type\":\"ImageObject\",\"inLanguage\":\"de\",\"@id\":\"https:\\\/\\\/annamariaangelika.com\\\/de\\\/#\\\/schema\\\/logo\\\/image\\\/\",\"url\":\"https:\\\/\\\/annamariaangelika.com\\\/wp-content\\\/uploads\\\/2020\\\/04\\\/logo_pdf.png\",\"contentUrl\":\"https:\\\/\\\/annamariaangelika.com\\\/wp-content\\\/uploads\\\/2020\\\/04\\\/logo_pdf.png\",\"width\":300,\"height\":19,\"caption\":\"ANNAMARIAANGELIKA\"},\"image\":{\"@id\":\"https:\\\/\\\/annamariaangelika.com\\\/de\\\/#\\\/schema\\\/logo\\\/image\\\/\"},\"sameAs\":[\"https:\\\/\\\/www.facebook.com\\\/annamariaangelika.de\",\"https:\\\/\\\/www.instagram.com\\\/_annamariaangelika_\\\/\",\"https:\\\/\\\/www.pinterest.de\\\/annamangelika\\\/\"]}]}<\/script>\n<!-- \/ Yoast SEO plugin. -->","yoast_head_json":{"title":"Merino Jacke Damen Milky Way | Bomberjacke 100% Merinowolle","description":"Merino Jacke Damen \u2714 Milky Way Bomberjacke aus 100% Merinowolle \u2714 Slow Fashion aus Peru \u2714 0\u20ac Versand \u2714 Jetzt fair bei ANNAMARIAANGELIKA bestellen!","robots":{"index":"index","follow":"follow","max-snippet":"max-snippet:-1","max-image-preview":"max-image-preview:large","max-video-preview":"max-video-preview:-1"},"canonical":"https:\/\/annamariaangelika.com\/de\/shop\/merino-jacke-damen-milky-way-bomberjacke\/","og_locale":"de_DE","og_type":"article","og_title":"Merino Jacke Damen Milky Way | Bomberjacke 100% Merinowolle","og_description":"Merino Jacke Damen \u2714 Milky Way Bomberjacke aus 100% Merinowolle \u2714 Slow Fashion aus Peru \u2714 0\u20ac Versand \u2714 Jetzt fair bei ANNAMARIAANGELIKA bestellen!","og_url":"https:\/\/annamariaangelika.com\/de\/shop\/merino-jacke-damen-milky-way-bomberjacke\/","og_site_name":"ANNAMARIAANGELIKA","article_publisher":"https:\/\/www.facebook.com\/annamariaangelika.de","article_modified_time":"2024-11-21T09:04:33+00:00","og_image":[{"width":761,"height":1100,"url":"https:\/\/annamariaangelika.com\/wp-content\/uploads\/2021\/05\/Z_Milky_Way_5-scaled.jpg","type":"image\/jpeg"}],"twitter_card":"summary_large_image","twitter_misc":{"Gesch\u00e4tzte Lesezeit":"1\u00a0Minute"},"schema":{"@context":"https:\/\/schema.org","@graph":[{"@type":"WebPage","@id":"https:\/\/annamariaangelika.com\/de\/shop\/merino-jacke-damen-milky-way-bomberjacke\/","url":"https:\/\/annamariaangelika.com\/de\/shop\/merino-jacke-damen-milky-way-bomberjacke\/","name":"Merino Jacke Damen Milky Way | Bomberjacke 100% Merinowolle","isPartOf":{"@id":"https:\/\/annamariaangelika.com\/de\/#website"},"primaryImageOfPage":{"@id":"https:\/\/annamariaangelika.com\/de\/shop\/merino-jacke-damen-milky-way-bomberjacke\/#primaryimage"},"image":{"@id":"https:\/\/annamariaangelika.com\/de\/shop\/merino-jacke-damen-milky-way-bomberjacke\/#primaryimage"},"thumbnailUrl":"https:\/\/annamariaangelika.com\/wp-content\/uploads\/2021\/05\/Z_Milky_Way_5-scaled.jpg","datePublished":"2021-05-26T09:16:32+00:00","dateModified":"2024-11-21T09:04:33+00:00","description":"Merino Jacke Damen \u2714 Milky Way Bomberjacke aus 100% Merinowolle \u2714 Slow Fashion aus Peru \u2714 0\u20ac Versand \u2714 Jetzt fair bei ANNAMARIAANGELIKA bestellen!","breadcrumb":{"@id":"https:\/\/annamariaangelika.com\/de\/shop\/merino-jacke-damen-milky-way-bomberjacke\/#breadcrumb"},"inLanguage":"de","potentialAction":[{"@type":"ReadAction","target":["https:\/\/annamariaangelika.com\/de\/shop\/merino-jacke-damen-milky-way-bomberjacke\/"]}]},{"@type":"ImageObject","inLanguage":"de","@id":"https:\/\/annamariaangelika.com\/de\/shop\/merino-jacke-damen-milky-way-bomberjacke\/#primaryimage","url":"https:\/\/annamariaangelika.com\/wp-content\/uploads\/2021\/05\/Z_Milky_Way_5-scaled.jpg","contentUrl":"https:\/\/annamariaangelika.com\/wp-content\/uploads\/2021\/05\/Z_Milky_Way_5-scaled.jpg","width":761,"height":1100,"caption":"Merino Strick-Jacke Damen Milky Way Bomberjacke aus 100% Merinowolle bei ANNAMARIAANGELIKA bestellen, Freisteller Produktbild"},{"@type":"BreadcrumbList","@id":"https:\/\/annamariaangelika.com\/de\/shop\/merino-jacke-damen-milky-way-bomberjacke\/#breadcrumb","itemListElement":[{"@type":"ListItem","position":1,"name":"Shop","item":"https:\/\/annamariaangelika.com\/de\/shop\/"},{"@type":"ListItem","position":2,"name":"Pullover","item":"https:\/\/annamariaangelika.com\/de\/product-category\/alpaka-pullover\/"},{"@type":"ListItem","position":3,"name":"SOLD OUT \/ Merino Strick-Jacke Damen Milky Way, Bomberjacke 100% Merinowolle"}]},{"@type":"WebSite","@id":"https:\/\/annamariaangelika.com\/de\/#website","url":"https:\/\/annamariaangelika.com\/de\/","name":"ANNAMARIAANGELIKA","description":"Fair &amp; handmade Premium Knitwear","publisher":{"@id":"https:\/\/annamariaangelika.com\/de\/#organization"},"potentialAction":[{"@type":"SearchAction","target":{"@type":"EntryPoint","urlTemplate":"https:\/\/annamariaangelika.com\/de\/?s={search_term_string}"},"query-input":{"@type":"PropertyValueSpecification","valueRequired":true,"valueName":"search_term_string"}}],"inLanguage":"de"},{"@type":"Organization","@id":"https:\/\/annamariaangelika.com\/de\/#organization","name":"ANNAMARIAANGELIKA","url":"https:\/\/annamariaangelika.com\/de\/","logo":{"@type":"ImageObject","inLanguage":"de","@id":"https:\/\/annamariaangelika.com\/de\/#\/schema\/logo\/image\/","url":"https:\/\/annamariaangelika.com\/wp-content\/uploads\/2020\/04\/logo_pdf.png","contentUrl":"https:\/\/annamariaangelika.com\/wp-content\/uploads\/2020\/04\/logo_pdf.png","width":300,"height":19,"caption":"ANNAMARIAANGELIKA"},"image":{"@id":"https:\/\/annamariaangelika.com\/de\/#\/schema\/logo\/image\/"},"sameAs":["https:\/\/www.facebook.com\/annamariaangelika.de","https:\/\/www.instagram.com\/_annamariaangelika_\/","https:\/\/www.pinterest.de\/annamangelika\/"]}]}},"_links":{"self":[{"href":"https:\/\/annamariaangelika.com\/de\/wp-json\/wp\/v2\/product\/8754","targetHints":{"allow":["GET"]}}],"collection":[{"href":"https:\/\/annamariaangelika.com\/de\/wp-json\/wp\/v2\/product"}],"about":[{"href":"https:\/\/annamariaangelika.com\/de\/wp-json\/wp\/v2\/types\/product"}],"wp:featuredmedia":[{"embeddable":true,"href":"https:\/\/annamariaangelika.com\/de\/wp-json\/wp\/v2\/media\/10756"}],"wp:attachment":[{"href":"https:\/\/annamariaangelika.com\/de\/wp-json\/wp\/v2\/media?parent=8754"}],"wp:term":[{"taxonomy":"product_brand","embeddable":true,"href":"https:\/\/annamariaangelika.com\/de\/wp-json\/wp\/v2\/product_brand?post=8754"},{"taxonomy":"product_cat","embeddable":true,"href":"https:\/\/annamariaangelika.com\/de\/wp-json\/wp\/v2\/product_cat?post=8754"},{"taxonomy":"product_tag","embeddable":true,"href":"https:\/\/annamariaangelika.com\/de\/wp-json\/wp\/v2\/product_tag?post=8754"}],"curies":[{"name":"wp","href":"https:\/\/api.w.org\/{rel}","templated":true}]}}