{"id":8740,"date":"2021-05-26T11:44:58","date_gmt":"2021-05-26T09:44:58","guid":{"rendered":"http:\/\/dev.annamariaangelika.com\/shop\/strick-bomberjacke-little-men-kids\/"},"modified":"2023-10-11T14:18:32","modified_gmt":"2023-10-11T12:18:32","slug":"strick-bomberjacke-little-men-kids","status":"publish","type":"product","link":"https:\/\/annamariaangelika.com\/de\/shop\/strick-bomberjacke-little-men-kids\/","title":{"rendered":"Strick-Bomberjacke Little Men Kids"},"content":{"rendered":"<h3><b>Absolut vertrauensw\u00fcrdig: die Strick-Bomberjacke Little Men f\u00fcr Kinder<\/b><\/h3>\n<p class=\"p1\">Kein Geld in den Taschen, der Reispass weg, kaum Spanischkenntnisse aber ein Ticket f\u00fcr einen Inlandsflug zur\u00fcck nach Lima in der Hand. Was tun? Genau, ruhig mal ein wenig Vertrauen fassen.<\/p>\n<p class=\"p1\">Die handgefertigte Strick-Bomberjacke \u00a0Little Men aus Alpakawolle erz\u00e4hlt die Geschichte eines aufregenden Tags, der als Drama begann und doch zu einer wertvollen Lektion in Sachen Hilfsbereitschaft und der Freundlichkeit Fremder werden sollte.<\/p>\n<p class=\"p1\">Denn diese vielen \u201eLittle Men\u201c waren es, die 600 Meilen weit weg von der Hauptstadt Perus ANNAMARIAANGELIKAs Head Designerin das Gef\u00fchl vermittelten, nicht verloren zu sein. Sie schaffte es zur\u00fcck. Sogar ihr Reisepass fand sich nur wenige Tage sp\u00e4ter auf einer Insel im Titicacasee wieder.<\/p>\n","protected":false},"excerpt":{"rendered":"<p>Faire Strickmode, handgefertigt in Peru | 65% Alpakawolle, 35% Baumwolle | Intarsienstrick | Einheitsgr\u00f6\u00dfe empfohlen f\u00fcr Kinder von 1 bis 3 Jahren |\u00a0Strickm\u00fctze und Set Little Men in passendem Design erh\u00e4ltlich.<\/p>\n<p>Brustumfang: 72 cm<br \/>\nL\u00e4nge: 32 cm<br \/>\n\u00c4rmell\u00e4nge: 33 cm<\/p>\n","protected":false},"featured_media":8290,"template":"","meta":{"_acf_changed":false},"product_brand":[],"product_cat":[137],"product_tag":[],"class_list":{"0":"post-8740","1":"product","2":"type-product","3":"status-publish","4":"has-post-thumbnail","6":"product_cat-kinder","8":"first","9":"outofstock","10":"sale","11":"taxable","12":"shipping-taxable","13":"purchasable","14":"product-type-simple"},"acf":[],"yoast_head":"<!-- This site is optimized with the Yoast SEO plugin v27.3 - https:\/\/yoast.com\/product\/yoast-seo-wordpress\/ -->\n<title>Strick-Bomberjacke Little Men Kids | Einheitsgr\u00f6\u00dfe | 1-3 Jahren<\/title>\n<meta name=\"description\" content=\"Strick-Bomberjacke Little Men Kids | Einheitsgr\u00f6\u00dfe | 1-3 Jahren \u00bb ANNAMARIAANGELIKA \u2713 handgemacht \u2713 hohe Qualit\u00e4t \u2713 hergestellt in Peru \u2713 fair Fashion \u2713\" \/>\n<meta name=\"robots\" content=\"index, follow, max-snippet:-1, max-image-preview:large, max-video-preview:-1\" \/>\n<link rel=\"canonical\" href=\"https:\/\/annamariaangelika.com\/de\/shop\/strick-bomberjacke-little-men-kids\/\" \/>\n<meta property=\"og:locale\" content=\"de_DE\" \/>\n<meta property=\"og:type\" content=\"article\" \/>\n<meta property=\"og:title\" content=\"Strick-Bomberjacke Little Men Kids | Einheitsgr\u00f6\u00dfe | 1-3 Jahren\" \/>\n<meta property=\"og:description\" content=\"Strick-Bomberjacke Little Men Kids | Einheitsgr\u00f6\u00dfe | 1-3 Jahren \u00bb ANNAMARIAANGELIKA \u2713 handgemacht \u2713 hohe Qualit\u00e4t \u2713 hergestellt in Peru \u2713 fair Fashion \u2713\" \/>\n<meta property=\"og:url\" content=\"https:\/\/annamariaangelika.com\/de\/shop\/strick-bomberjacke-little-men-kids\/\" \/>\n<meta property=\"og:site_name\" content=\"ANNAMARIAANGELIKA\" \/>\n<meta property=\"article:publisher\" content=\"https:\/\/www.facebook.com\/annamariaangelika.de\" \/>\n<meta property=\"article:modified_time\" content=\"2023-10-11T12:18:32+00:00\" \/>\n<meta property=\"og:image\" content=\"https:\/\/annamariaangelika.com\/wp-content\/uploads\/2021\/05\/Unbenannt-1.jpg\" \/>\n\t<meta property=\"og:image:width\" content=\"1000\" \/>\n\t<meta property=\"og:image:height\" content=\"1000\" \/>\n\t<meta property=\"og:image:type\" content=\"image\/jpeg\" \/>\n<meta name=\"twitter:card\" content=\"summary_large_image\" \/>\n<meta name=\"twitter:label1\" content=\"Gesch\u00e4tzte Lesezeit\" \/>\n\t<meta name=\"twitter:data1\" content=\"1\u00a0Minute\" \/>\n<script type=\"application\/ld+json\" class=\"yoast-schema-graph\">{\"@context\":\"https:\\\/\\\/schema.org\",\"@graph\":[{\"@type\":\"WebPage\",\"@id\":\"https:\\\/\\\/annamariaangelika.com\\\/de\\\/shop\\\/strick-bomberjacke-little-men-kids\\\/\",\"url\":\"https:\\\/\\\/annamariaangelika.com\\\/de\\\/shop\\\/strick-bomberjacke-little-men-kids\\\/\",\"name\":\"Strick-Bomberjacke Little Men Kids | Einheitsgr\u00f6\u00dfe | 1-3 Jahren\",\"isPartOf\":{\"@id\":\"https:\\\/\\\/annamariaangelika.com\\\/de\\\/#website\"},\"primaryImageOfPage\":{\"@id\":\"https:\\\/\\\/annamariaangelika.com\\\/de\\\/shop\\\/strick-bomberjacke-little-men-kids\\\/#primaryimage\"},\"image\":{\"@id\":\"https:\\\/\\\/annamariaangelika.com\\\/de\\\/shop\\\/strick-bomberjacke-little-men-kids\\\/#primaryimage\"},\"thumbnailUrl\":\"https:\\\/\\\/annamariaangelika.com\\\/wp-content\\\/uploads\\\/2021\\\/05\\\/Unbenannt-1.jpg\",\"datePublished\":\"2021-05-26T09:44:58+00:00\",\"dateModified\":\"2023-10-11T12:18:32+00:00\",\"description\":\"Strick-Bomberjacke Little Men Kids | Einheitsgr\u00f6\u00dfe | 1-3 Jahren \u00bb ANNAMARIAANGELIKA \u2713 handgemacht \u2713 hohe Qualit\u00e4t \u2713 hergestellt in Peru \u2713 fair Fashion \u2713\",\"breadcrumb\":{\"@id\":\"https:\\\/\\\/annamariaangelika.com\\\/de\\\/shop\\\/strick-bomberjacke-little-men-kids\\\/#breadcrumb\"},\"inLanguage\":\"de\",\"potentialAction\":[{\"@type\":\"ReadAction\",\"target\":[\"https:\\\/\\\/annamariaangelika.com\\\/de\\\/shop\\\/strick-bomberjacke-little-men-kids\\\/\"]}]},{\"@type\":\"ImageObject\",\"inLanguage\":\"de\",\"@id\":\"https:\\\/\\\/annamariaangelika.com\\\/de\\\/shop\\\/strick-bomberjacke-little-men-kids\\\/#primaryimage\",\"url\":\"https:\\\/\\\/annamariaangelika.com\\\/wp-content\\\/uploads\\\/2021\\\/05\\\/Unbenannt-1.jpg\",\"contentUrl\":\"https:\\\/\\\/annamariaangelika.com\\\/wp-content\\\/uploads\\\/2021\\\/05\\\/Unbenannt-1.jpg\",\"width\":1000,\"height\":1000},{\"@type\":\"BreadcrumbList\",\"@id\":\"https:\\\/\\\/annamariaangelika.com\\\/de\\\/shop\\\/strick-bomberjacke-little-men-kids\\\/#breadcrumb\",\"itemListElement\":[{\"@type\":\"ListItem\",\"position\":1,\"name\":\"Shop\",\"item\":\"https:\\\/\\\/annamariaangelika.com\\\/de\\\/shop\\\/\"},{\"@type\":\"ListItem\",\"position\":2,\"name\":\"Kinder\",\"item\":\"https:\\\/\\\/annamariaangelika.com\\\/de\\\/product-category\\\/kinder\\\/\"},{\"@type\":\"ListItem\",\"position\":3,\"name\":\"Strick-Bomberjacke Little Men Kids\"}]},{\"@type\":\"WebSite\",\"@id\":\"https:\\\/\\\/annamariaangelika.com\\\/de\\\/#website\",\"url\":\"https:\\\/\\\/annamariaangelika.com\\\/de\\\/\",\"name\":\"ANNAMARIAANGELIKA\",\"description\":\"Fair &amp; handmade Premium Knitwear\",\"publisher\":{\"@id\":\"https:\\\/\\\/annamariaangelika.com\\\/de\\\/#organization\"},\"potentialAction\":[{\"@type\":\"SearchAction\",\"target\":{\"@type\":\"EntryPoint\",\"urlTemplate\":\"https:\\\/\\\/annamariaangelika.com\\\/de\\\/?s={search_term_string}\"},\"query-input\":{\"@type\":\"PropertyValueSpecification\",\"valueRequired\":true,\"valueName\":\"search_term_string\"}}],\"inLanguage\":\"de\"},{\"@type\":\"Organization\",\"@id\":\"https:\\\/\\\/annamariaangelika.com\\\/de\\\/#organization\",\"name\":\"ANNAMARIAANGELIKA\",\"url\":\"https:\\\/\\\/annamariaangelika.com\\\/de\\\/\",\"logo\":{\"@type\":\"ImageObject\",\"inLanguage\":\"de\",\"@id\":\"https:\\\/\\\/annamariaangelika.com\\\/de\\\/#\\\/schema\\\/logo\\\/image\\\/\",\"url\":\"https:\\\/\\\/annamariaangelika.com\\\/wp-content\\\/uploads\\\/2020\\\/04\\\/logo_pdf.png\",\"contentUrl\":\"https:\\\/\\\/annamariaangelika.com\\\/wp-content\\\/uploads\\\/2020\\\/04\\\/logo_pdf.png\",\"width\":300,\"height\":19,\"caption\":\"ANNAMARIAANGELIKA\"},\"image\":{\"@id\":\"https:\\\/\\\/annamariaangelika.com\\\/de\\\/#\\\/schema\\\/logo\\\/image\\\/\"},\"sameAs\":[\"https:\\\/\\\/www.facebook.com\\\/annamariaangelika.de\",\"https:\\\/\\\/www.instagram.com\\\/_annamariaangelika_\\\/\",\"https:\\\/\\\/www.pinterest.de\\\/annamangelika\\\/\"]}]}<\/script>\n<!-- \/ Yoast SEO plugin. -->","yoast_head_json":{"title":"Strick-Bomberjacke Little Men Kids | Einheitsgr\u00f6\u00dfe | 1-3 Jahren","description":"Strick-Bomberjacke Little Men Kids | Einheitsgr\u00f6\u00dfe | 1-3 Jahren \u00bb ANNAMARIAANGELIKA \u2713 handgemacht \u2713 hohe Qualit\u00e4t \u2713 hergestellt in Peru \u2713 fair Fashion \u2713","robots":{"index":"index","follow":"follow","max-snippet":"max-snippet:-1","max-image-preview":"max-image-preview:large","max-video-preview":"max-video-preview:-1"},"canonical":"https:\/\/annamariaangelika.com\/de\/shop\/strick-bomberjacke-little-men-kids\/","og_locale":"de_DE","og_type":"article","og_title":"Strick-Bomberjacke Little Men Kids | Einheitsgr\u00f6\u00dfe | 1-3 Jahren","og_description":"Strick-Bomberjacke Little Men Kids | Einheitsgr\u00f6\u00dfe | 1-3 Jahren \u00bb ANNAMARIAANGELIKA \u2713 handgemacht \u2713 hohe Qualit\u00e4t \u2713 hergestellt in Peru \u2713 fair Fashion \u2713","og_url":"https:\/\/annamariaangelika.com\/de\/shop\/strick-bomberjacke-little-men-kids\/","og_site_name":"ANNAMARIAANGELIKA","article_publisher":"https:\/\/www.facebook.com\/annamariaangelika.de","article_modified_time":"2023-10-11T12:18:32+00:00","og_image":[{"width":1000,"height":1000,"url":"https:\/\/annamariaangelika.com\/wp-content\/uploads\/2021\/05\/Unbenannt-1.jpg","type":"image\/jpeg"}],"twitter_card":"summary_large_image","twitter_misc":{"Gesch\u00e4tzte Lesezeit":"1\u00a0Minute"},"schema":{"@context":"https:\/\/schema.org","@graph":[{"@type":"WebPage","@id":"https:\/\/annamariaangelika.com\/de\/shop\/strick-bomberjacke-little-men-kids\/","url":"https:\/\/annamariaangelika.com\/de\/shop\/strick-bomberjacke-little-men-kids\/","name":"Strick-Bomberjacke Little Men Kids | Einheitsgr\u00f6\u00dfe | 1-3 Jahren","isPartOf":{"@id":"https:\/\/annamariaangelika.com\/de\/#website"},"primaryImageOfPage":{"@id":"https:\/\/annamariaangelika.com\/de\/shop\/strick-bomberjacke-little-men-kids\/#primaryimage"},"image":{"@id":"https:\/\/annamariaangelika.com\/de\/shop\/strick-bomberjacke-little-men-kids\/#primaryimage"},"thumbnailUrl":"https:\/\/annamariaangelika.com\/wp-content\/uploads\/2021\/05\/Unbenannt-1.jpg","datePublished":"2021-05-26T09:44:58+00:00","dateModified":"2023-10-11T12:18:32+00:00","description":"Strick-Bomberjacke Little Men Kids | Einheitsgr\u00f6\u00dfe | 1-3 Jahren \u00bb ANNAMARIAANGELIKA \u2713 handgemacht \u2713 hohe Qualit\u00e4t \u2713 hergestellt in Peru \u2713 fair Fashion \u2713","breadcrumb":{"@id":"https:\/\/annamariaangelika.com\/de\/shop\/strick-bomberjacke-little-men-kids\/#breadcrumb"},"inLanguage":"de","potentialAction":[{"@type":"ReadAction","target":["https:\/\/annamariaangelika.com\/de\/shop\/strick-bomberjacke-little-men-kids\/"]}]},{"@type":"ImageObject","inLanguage":"de","@id":"https:\/\/annamariaangelika.com\/de\/shop\/strick-bomberjacke-little-men-kids\/#primaryimage","url":"https:\/\/annamariaangelika.com\/wp-content\/uploads\/2021\/05\/Unbenannt-1.jpg","contentUrl":"https:\/\/annamariaangelika.com\/wp-content\/uploads\/2021\/05\/Unbenannt-1.jpg","width":1000,"height":1000},{"@type":"BreadcrumbList","@id":"https:\/\/annamariaangelika.com\/de\/shop\/strick-bomberjacke-little-men-kids\/#breadcrumb","itemListElement":[{"@type":"ListItem","position":1,"name":"Shop","item":"https:\/\/annamariaangelika.com\/de\/shop\/"},{"@type":"ListItem","position":2,"name":"Kinder","item":"https:\/\/annamariaangelika.com\/de\/product-category\/kinder\/"},{"@type":"ListItem","position":3,"name":"Strick-Bomberjacke Little Men Kids"}]},{"@type":"WebSite","@id":"https:\/\/annamariaangelika.com\/de\/#website","url":"https:\/\/annamariaangelika.com\/de\/","name":"ANNAMARIAANGELIKA","description":"Fair &amp; handmade Premium Knitwear","publisher":{"@id":"https:\/\/annamariaangelika.com\/de\/#organization"},"potentialAction":[{"@type":"SearchAction","target":{"@type":"EntryPoint","urlTemplate":"https:\/\/annamariaangelika.com\/de\/?s={search_term_string}"},"query-input":{"@type":"PropertyValueSpecification","valueRequired":true,"valueName":"search_term_string"}}],"inLanguage":"de"},{"@type":"Organization","@id":"https:\/\/annamariaangelika.com\/de\/#organization","name":"ANNAMARIAANGELIKA","url":"https:\/\/annamariaangelika.com\/de\/","logo":{"@type":"ImageObject","inLanguage":"de","@id":"https:\/\/annamariaangelika.com\/de\/#\/schema\/logo\/image\/","url":"https:\/\/annamariaangelika.com\/wp-content\/uploads\/2020\/04\/logo_pdf.png","contentUrl":"https:\/\/annamariaangelika.com\/wp-content\/uploads\/2020\/04\/logo_pdf.png","width":300,"height":19,"caption":"ANNAMARIAANGELIKA"},"image":{"@id":"https:\/\/annamariaangelika.com\/de\/#\/schema\/logo\/image\/"},"sameAs":["https:\/\/www.facebook.com\/annamariaangelika.de","https:\/\/www.instagram.com\/_annamariaangelika_\/","https:\/\/www.pinterest.de\/annamangelika\/"]}]}},"_links":{"self":[{"href":"https:\/\/annamariaangelika.com\/de\/wp-json\/wp\/v2\/product\/8740","targetHints":{"allow":["GET"]}}],"collection":[{"href":"https:\/\/annamariaangelika.com\/de\/wp-json\/wp\/v2\/product"}],"about":[{"href":"https:\/\/annamariaangelika.com\/de\/wp-json\/wp\/v2\/types\/product"}],"wp:featuredmedia":[{"embeddable":true,"href":"https:\/\/annamariaangelika.com\/de\/wp-json\/wp\/v2\/media\/8290"}],"wp:attachment":[{"href":"https:\/\/annamariaangelika.com\/de\/wp-json\/wp\/v2\/media?parent=8740"}],"wp:term":[{"taxonomy":"product_brand","embeddable":true,"href":"https:\/\/annamariaangelika.com\/de\/wp-json\/wp\/v2\/product_brand?post=8740"},{"taxonomy":"product_cat","embeddable":true,"href":"https:\/\/annamariaangelika.com\/de\/wp-json\/wp\/v2\/product_cat?post=8740"},{"taxonomy":"product_tag","embeddable":true,"href":"https:\/\/annamariaangelika.com\/de\/wp-json\/wp\/v2\/product_tag?post=8740"}],"curies":[{"name":"wp","href":"https:\/\/api.w.org\/{rel}","templated":true}]}}