{"id":8730,"date":"2021-05-26T11:45:42","date_gmt":"2021-05-26T09:45:42","guid":{"rendered":"http:\/\/dev.annamariaangelika.com\/shop\/alpaka-strickmuetze-napkini-sky\/"},"modified":"2024-12-21T05:47:52","modified_gmt":"2024-12-21T04:47:52","slug":"alpaka-strickmuetze-napkini-sky","status":"publish","type":"product","link":"https:\/\/annamariaangelika.com\/de\/shop\/alpaka-strickmuetze-napkini-sky\/","title":{"rendered":"Alpaka M\u00fctze Napkini Sky"},"content":{"rendered":"<h3>Willkommen in Maras!<\/h3>\n<p>Stell dir vor: Du blickst auf und siehst in den blauen Himmel. Von links und rechts umgeben dich warme rostbraune H\u00e4nge aus geschichtetem Lehm und Fels. Und dann siehst du es vor dir: das wei\u00dfe Gold, wie es die Inkas genannt haben.<\/p>\n<p>Die Alpaka Strickm\u00fctze Maras nimmt dich mit zu diesem magischen Ort. Aus einem kleinen unterirdischen Gew\u00e4sser flie\u00dft Wasser in aber duzende kupferne Becken. In vielen von ihnen siehst du Kristalle schimmern die das Licht der Sonne von Peru zur\u00fcck in den Himmel reflektieren. Das ist das Salz. Wei\u00df, hellbraun und zart rosa. Willkommen an einem Ort der bis in die Antike zur\u00fcckreicht und heute noch genutzt wird.<\/p>\n<p>Die Alpaka Strickm\u00fctze Maras ist nicht nur aus herrlich weicher Alpakawolle, sondern er erz\u00e4hlt auch die Geschichte der indigenen V\u00f6lker Perus, von ihren Traditionen, ihrem Land und der magischen Sch\u00f6nheit der Natur am Fu\u00dfe der Anden.<\/p>\n","protected":false},"excerpt":{"rendered":"<p>Faire Strickmode, handgefertigt in Peru | 100% Alpakawolle |<\/p>\n<p>Intarsienstrick in blaugrau, violett, gelb und rot |<\/p>\n<p>Gestricktes einfarbiges Innenfutter f\u00fcr besonderen Tragekomfort |<\/p>\n<p>Gestrickter Schal in passendem Design erh\u00e4ltlich.<\/p>\n","protected":false},"featured_media":8336,"template":"","meta":{"_acf_changed":false},"product_brand":[],"product_cat":[128,135,134,130],"product_tag":[],"class_list":{"0":"post-8730","1":"product","2":"type-product","3":"status-publish","4":"has-post-thumbnail","6":"product_cat-accessoires","7":"product_cat-damen","8":"product_cat-herren","9":"product_cat-muetzen","11":"first","12":"outofstock","13":"sale","14":"taxable","15":"shipping-taxable","16":"purchasable","17":"product-type-simple"},"acf":[],"yoast_head":"<!-- This site is optimized with the Yoast SEO plugin v27.4 - https:\/\/yoast.com\/product\/yoast-seo-wordpress\/ -->\n<title>Strickm\u00fctze Napkini Sky mit gestricktem Innenfutter<\/title>\n<meta name=\"description\" content=\"Strickm\u00fctze Napkini Sky mit gestricktem Innenfutter \u00bb ANNAMARIAANGELIKA \u2713 handgemacht \u2713 hohe Qualit\u00e4t \u2713 hergestellt in Peru \u2713 fair Fashion \u2713\" \/>\n<meta name=\"robots\" content=\"index, follow, max-snippet:-1, max-image-preview:large, max-video-preview:-1\" \/>\n<link rel=\"canonical\" href=\"https:\/\/annamariaangelika.com\/de\/shop\/alpaka-strickmuetze-napkini-sky\/\" \/>\n<meta property=\"og:locale\" content=\"de_DE\" \/>\n<meta property=\"og:type\" content=\"article\" \/>\n<meta property=\"og:title\" content=\"Strickm\u00fctze Napkini Sky mit gestricktem Innenfutter\" \/>\n<meta property=\"og:description\" content=\"Strickm\u00fctze Napkini Sky mit gestricktem Innenfutter \u00bb ANNAMARIAANGELIKA \u2713 handgemacht \u2713 hohe Qualit\u00e4t \u2713 hergestellt in Peru \u2713 fair Fashion \u2713\" \/>\n<meta property=\"og:url\" content=\"https:\/\/annamariaangelika.com\/de\/shop\/alpaka-strickmuetze-napkini-sky\/\" \/>\n<meta property=\"og:site_name\" content=\"ANNAMARIAANGELIKA\" \/>\n<meta property=\"article:publisher\" content=\"https:\/\/www.facebook.com\/annamariaangelika.de\" \/>\n<meta property=\"article:modified_time\" content=\"2024-12-21T04:47:52+00:00\" \/>\n<meta property=\"og:image\" content=\"https:\/\/annamariaangelika.com\/wp-content\/uploads\/2021\/05\/Beanie_Napkini_sky_AMA_2.jpg\" \/>\n\t<meta property=\"og:image:width\" content=\"768\" \/>\n\t<meta property=\"og:image:height\" content=\"1024\" \/>\n\t<meta property=\"og:image:type\" content=\"image\/jpeg\" \/>\n<meta name=\"twitter:card\" content=\"summary_large_image\" \/>\n<meta name=\"twitter:label1\" content=\"Gesch\u00e4tzte Lesezeit\" \/>\n\t<meta name=\"twitter:data1\" content=\"1\u00a0Minute\" \/>\n<script type=\"application\/ld+json\" class=\"yoast-schema-graph\">{\"@context\":\"https:\\\/\\\/schema.org\",\"@graph\":[{\"@type\":\"WebPage\",\"@id\":\"https:\\\/\\\/annamariaangelika.com\\\/de\\\/shop\\\/alpaka-strickmuetze-napkini-sky\\\/\",\"url\":\"https:\\\/\\\/annamariaangelika.com\\\/de\\\/shop\\\/alpaka-strickmuetze-napkini-sky\\\/\",\"name\":\"Strickm\u00fctze Napkini Sky mit gestricktem Innenfutter\",\"isPartOf\":{\"@id\":\"https:\\\/\\\/annamariaangelika.com\\\/de\\\/#website\"},\"primaryImageOfPage\":{\"@id\":\"https:\\\/\\\/annamariaangelika.com\\\/de\\\/shop\\\/alpaka-strickmuetze-napkini-sky\\\/#primaryimage\"},\"image\":{\"@id\":\"https:\\\/\\\/annamariaangelika.com\\\/de\\\/shop\\\/alpaka-strickmuetze-napkini-sky\\\/#primaryimage\"},\"thumbnailUrl\":\"https:\\\/\\\/annamariaangelika.com\\\/wp-content\\\/uploads\\\/2021\\\/05\\\/Beanie_Napkini_sky_AMA_2.jpg\",\"datePublished\":\"2021-05-26T09:45:42+00:00\",\"dateModified\":\"2024-12-21T04:47:52+00:00\",\"description\":\"Strickm\u00fctze Napkini Sky mit gestricktem Innenfutter \u00bb ANNAMARIAANGELIKA \u2713 handgemacht \u2713 hohe Qualit\u00e4t \u2713 hergestellt in Peru \u2713 fair Fashion \u2713\",\"breadcrumb\":{\"@id\":\"https:\\\/\\\/annamariaangelika.com\\\/de\\\/shop\\\/alpaka-strickmuetze-napkini-sky\\\/#breadcrumb\"},\"inLanguage\":\"de\",\"potentialAction\":[{\"@type\":\"ReadAction\",\"target\":[\"https:\\\/\\\/annamariaangelika.com\\\/de\\\/shop\\\/alpaka-strickmuetze-napkini-sky\\\/\"]}]},{\"@type\":\"ImageObject\",\"inLanguage\":\"de\",\"@id\":\"https:\\\/\\\/annamariaangelika.com\\\/de\\\/shop\\\/alpaka-strickmuetze-napkini-sky\\\/#primaryimage\",\"url\":\"https:\\\/\\\/annamariaangelika.com\\\/wp-content\\\/uploads\\\/2021\\\/05\\\/Beanie_Napkini_sky_AMA_2.jpg\",\"contentUrl\":\"https:\\\/\\\/annamariaangelika.com\\\/wp-content\\\/uploads\\\/2021\\\/05\\\/Beanie_Napkini_sky_AMA_2.jpg\",\"width\":768,\"height\":1024},{\"@type\":\"BreadcrumbList\",\"@id\":\"https:\\\/\\\/annamariaangelika.com\\\/de\\\/shop\\\/alpaka-strickmuetze-napkini-sky\\\/#breadcrumb\",\"itemListElement\":[{\"@type\":\"ListItem\",\"position\":1,\"name\":\"Shop\",\"item\":\"https:\\\/\\\/annamariaangelika.com\\\/de\\\/shop\\\/\"},{\"@type\":\"ListItem\",\"position\":2,\"name\":\"M\u00fctzen\",\"item\":\"https:\\\/\\\/annamariaangelika.com\\\/de\\\/product-category\\\/muetzen\\\/\"},{\"@type\":\"ListItem\",\"position\":3,\"name\":\"Alpaka M\u00fctze Napkini Sky\"}]},{\"@type\":\"WebSite\",\"@id\":\"https:\\\/\\\/annamariaangelika.com\\\/de\\\/#website\",\"url\":\"https:\\\/\\\/annamariaangelika.com\\\/de\\\/\",\"name\":\"ANNAMARIAANGELIKA\",\"description\":\"Fair &amp; handmade Premium Knitwear\",\"publisher\":{\"@id\":\"https:\\\/\\\/annamariaangelika.com\\\/de\\\/#organization\"},\"potentialAction\":[{\"@type\":\"SearchAction\",\"target\":{\"@type\":\"EntryPoint\",\"urlTemplate\":\"https:\\\/\\\/annamariaangelika.com\\\/de\\\/?s={search_term_string}\"},\"query-input\":{\"@type\":\"PropertyValueSpecification\",\"valueRequired\":true,\"valueName\":\"search_term_string\"}}],\"inLanguage\":\"de\"},{\"@type\":\"Organization\",\"@id\":\"https:\\\/\\\/annamariaangelika.com\\\/de\\\/#organization\",\"name\":\"ANNAMARIAANGELIKA\",\"url\":\"https:\\\/\\\/annamariaangelika.com\\\/de\\\/\",\"logo\":{\"@type\":\"ImageObject\",\"inLanguage\":\"de\",\"@id\":\"https:\\\/\\\/annamariaangelika.com\\\/de\\\/#\\\/schema\\\/logo\\\/image\\\/\",\"url\":\"https:\\\/\\\/annamariaangelika.com\\\/wp-content\\\/uploads\\\/2020\\\/04\\\/logo_pdf.png\",\"contentUrl\":\"https:\\\/\\\/annamariaangelika.com\\\/wp-content\\\/uploads\\\/2020\\\/04\\\/logo_pdf.png\",\"width\":300,\"height\":19,\"caption\":\"ANNAMARIAANGELIKA\"},\"image\":{\"@id\":\"https:\\\/\\\/annamariaangelika.com\\\/de\\\/#\\\/schema\\\/logo\\\/image\\\/\"},\"sameAs\":[\"https:\\\/\\\/www.facebook.com\\\/annamariaangelika.de\",\"https:\\\/\\\/www.instagram.com\\\/_annamariaangelika_\\\/\",\"https:\\\/\\\/www.pinterest.de\\\/annamangelika\\\/\"]}]}<\/script>\n<!-- \/ Yoast SEO plugin. -->","yoast_head_json":{"title":"Strickm\u00fctze Napkini Sky mit gestricktem Innenfutter","description":"Strickm\u00fctze Napkini Sky mit gestricktem Innenfutter \u00bb ANNAMARIAANGELIKA \u2713 handgemacht \u2713 hohe Qualit\u00e4t \u2713 hergestellt in Peru \u2713 fair Fashion \u2713","robots":{"index":"index","follow":"follow","max-snippet":"max-snippet:-1","max-image-preview":"max-image-preview:large","max-video-preview":"max-video-preview:-1"},"canonical":"https:\/\/annamariaangelika.com\/de\/shop\/alpaka-strickmuetze-napkini-sky\/","og_locale":"de_DE","og_type":"article","og_title":"Strickm\u00fctze Napkini Sky mit gestricktem Innenfutter","og_description":"Strickm\u00fctze Napkini Sky mit gestricktem Innenfutter \u00bb ANNAMARIAANGELIKA \u2713 handgemacht \u2713 hohe Qualit\u00e4t \u2713 hergestellt in Peru \u2713 fair Fashion \u2713","og_url":"https:\/\/annamariaangelika.com\/de\/shop\/alpaka-strickmuetze-napkini-sky\/","og_site_name":"ANNAMARIAANGELIKA","article_publisher":"https:\/\/www.facebook.com\/annamariaangelika.de","article_modified_time":"2024-12-21T04:47:52+00:00","og_image":[{"width":768,"height":1024,"url":"https:\/\/annamariaangelika.com\/wp-content\/uploads\/2021\/05\/Beanie_Napkini_sky_AMA_2.jpg","type":"image\/jpeg"}],"twitter_card":"summary_large_image","twitter_misc":{"Gesch\u00e4tzte Lesezeit":"1\u00a0Minute"},"schema":{"@context":"https:\/\/schema.org","@graph":[{"@type":"WebPage","@id":"https:\/\/annamariaangelika.com\/de\/shop\/alpaka-strickmuetze-napkini-sky\/","url":"https:\/\/annamariaangelika.com\/de\/shop\/alpaka-strickmuetze-napkini-sky\/","name":"Strickm\u00fctze Napkini Sky mit gestricktem Innenfutter","isPartOf":{"@id":"https:\/\/annamariaangelika.com\/de\/#website"},"primaryImageOfPage":{"@id":"https:\/\/annamariaangelika.com\/de\/shop\/alpaka-strickmuetze-napkini-sky\/#primaryimage"},"image":{"@id":"https:\/\/annamariaangelika.com\/de\/shop\/alpaka-strickmuetze-napkini-sky\/#primaryimage"},"thumbnailUrl":"https:\/\/annamariaangelika.com\/wp-content\/uploads\/2021\/05\/Beanie_Napkini_sky_AMA_2.jpg","datePublished":"2021-05-26T09:45:42+00:00","dateModified":"2024-12-21T04:47:52+00:00","description":"Strickm\u00fctze Napkini Sky mit gestricktem Innenfutter \u00bb ANNAMARIAANGELIKA \u2713 handgemacht \u2713 hohe Qualit\u00e4t \u2713 hergestellt in Peru \u2713 fair Fashion \u2713","breadcrumb":{"@id":"https:\/\/annamariaangelika.com\/de\/shop\/alpaka-strickmuetze-napkini-sky\/#breadcrumb"},"inLanguage":"de","potentialAction":[{"@type":"ReadAction","target":["https:\/\/annamariaangelika.com\/de\/shop\/alpaka-strickmuetze-napkini-sky\/"]}]},{"@type":"ImageObject","inLanguage":"de","@id":"https:\/\/annamariaangelika.com\/de\/shop\/alpaka-strickmuetze-napkini-sky\/#primaryimage","url":"https:\/\/annamariaangelika.com\/wp-content\/uploads\/2021\/05\/Beanie_Napkini_sky_AMA_2.jpg","contentUrl":"https:\/\/annamariaangelika.com\/wp-content\/uploads\/2021\/05\/Beanie_Napkini_sky_AMA_2.jpg","width":768,"height":1024},{"@type":"BreadcrumbList","@id":"https:\/\/annamariaangelika.com\/de\/shop\/alpaka-strickmuetze-napkini-sky\/#breadcrumb","itemListElement":[{"@type":"ListItem","position":1,"name":"Shop","item":"https:\/\/annamariaangelika.com\/de\/shop\/"},{"@type":"ListItem","position":2,"name":"M\u00fctzen","item":"https:\/\/annamariaangelika.com\/de\/product-category\/muetzen\/"},{"@type":"ListItem","position":3,"name":"Alpaka M\u00fctze Napkini Sky"}]},{"@type":"WebSite","@id":"https:\/\/annamariaangelika.com\/de\/#website","url":"https:\/\/annamariaangelika.com\/de\/","name":"ANNAMARIAANGELIKA","description":"Fair &amp; handmade Premium Knitwear","publisher":{"@id":"https:\/\/annamariaangelika.com\/de\/#organization"},"potentialAction":[{"@type":"SearchAction","target":{"@type":"EntryPoint","urlTemplate":"https:\/\/annamariaangelika.com\/de\/?s={search_term_string}"},"query-input":{"@type":"PropertyValueSpecification","valueRequired":true,"valueName":"search_term_string"}}],"inLanguage":"de"},{"@type":"Organization","@id":"https:\/\/annamariaangelika.com\/de\/#organization","name":"ANNAMARIAANGELIKA","url":"https:\/\/annamariaangelika.com\/de\/","logo":{"@type":"ImageObject","inLanguage":"de","@id":"https:\/\/annamariaangelika.com\/de\/#\/schema\/logo\/image\/","url":"https:\/\/annamariaangelika.com\/wp-content\/uploads\/2020\/04\/logo_pdf.png","contentUrl":"https:\/\/annamariaangelika.com\/wp-content\/uploads\/2020\/04\/logo_pdf.png","width":300,"height":19,"caption":"ANNAMARIAANGELIKA"},"image":{"@id":"https:\/\/annamariaangelika.com\/de\/#\/schema\/logo\/image\/"},"sameAs":["https:\/\/www.facebook.com\/annamariaangelika.de","https:\/\/www.instagram.com\/_annamariaangelika_\/","https:\/\/www.pinterest.de\/annamangelika\/"]}]}},"_links":{"self":[{"href":"https:\/\/annamariaangelika.com\/de\/wp-json\/wp\/v2\/product\/8730","targetHints":{"allow":["GET"]}}],"collection":[{"href":"https:\/\/annamariaangelika.com\/de\/wp-json\/wp\/v2\/product"}],"about":[{"href":"https:\/\/annamariaangelika.com\/de\/wp-json\/wp\/v2\/types\/product"}],"wp:featuredmedia":[{"embeddable":true,"href":"https:\/\/annamariaangelika.com\/de\/wp-json\/wp\/v2\/media\/8336"}],"wp:attachment":[{"href":"https:\/\/annamariaangelika.com\/de\/wp-json\/wp\/v2\/media?parent=8730"}],"wp:term":[{"taxonomy":"product_brand","embeddable":true,"href":"https:\/\/annamariaangelika.com\/de\/wp-json\/wp\/v2\/product_brand?post=8730"},{"taxonomy":"product_cat","embeddable":true,"href":"https:\/\/annamariaangelika.com\/de\/wp-json\/wp\/v2\/product_cat?post=8730"},{"taxonomy":"product_tag","embeddable":true,"href":"https:\/\/annamariaangelika.com\/de\/wp-json\/wp\/v2\/product_tag?post=8730"}],"curies":[{"name":"wp","href":"https:\/\/api.w.org\/{rel}","templated":true}]}}