{"id":8729,"date":"2021-05-26T11:45:42","date_gmt":"2021-05-26T09:45:42","guid":{"rendered":"http:\/\/dev.annamariaangelika.com\/shop\/schal-napkini-copper-aus-alpakawolle-2\/"},"modified":"2023-02-14T15:52:06","modified_gmt":"2023-02-14T14:52:06","slug":"alpaka-schal-gestrickt-napkini-copper","status":"publish","type":"product","link":"https:\/\/annamariaangelika.com\/de\/shop\/alpaka-schal-gestrickt-napkini-copper\/","title":{"rendered":"Alpaka Schal gestrickt Napkini Copper Unisex, 100% Alpakawolle"},"content":{"rendered":"<h2>Alpaka Schal gestrickt in Napkini Copper rot<\/h2>\n<p>Stell dir vor: Du blickst auf und siehst in den blauen Himmel. Von links und rechts umgeben dich warme rostbraune H\u00e4nge aus geschichtetem Lehm und Fels. Und dann siehst du es vor dir: das wei\u00dfe Gold, wie es die Inkas genannt haben.<\/p>\n<p>Der Alpaka Strickschal Napkini Copper nimmt dich mit zu diesem magischen Ort. Aus einem kleinen unterirdischen Gew\u00e4sser flie\u00dft Wasser in aber duzende kupferne Becken. In vielen von ihnen siehst du Kristalle schimmern die das Licht der Sonne von Peru zur\u00fcck in den Himmel reflektieren. Das ist das Salz. Wei\u00df, hellbraun und zart rosa. Willkommen an einem Ort der bis in die Antike zur\u00fcckreicht und heute noch genutzt wird.<\/p>\n<p>Der Alpaka Schal gestrickt Napkini Copper ist nicht nur aus herrlich weicher Alpakawolle, sondern er erz\u00e4hlt auch die Geschichte der indigenen V\u00f6lker Perus, von ihren Traditionen, ihrem Land und der magischen Sch\u00f6nheit der Natur am Fu\u00dfe der Anden.<\/p>\n","protected":false},"excerpt":{"rendered":"<p>Faire Strickmode, handgefertigt in Peru | Super-weicher und extra langer Schal | harmonischer Farbverlauf | orange, gelb, gr\u00fcn, rot | Limitierte Kleinserie von 20 St\u00fcck | 100 % Alpakawolle | 45 cm x 235 cm<\/p>\n<p>Passend dazu: <strong><a href=\"https:\/\/annamariaangelika.com\/de\/shop\/alpaka-muetze-napkini-copper\/\">Alpaka M\u00fctze Napkini Copper<\/a><\/strong> Unisex<\/p>\n","protected":false},"featured_media":8358,"template":"","meta":{"_acf_changed":false},"product_brand":[],"product_cat":[128,135,134,129],"product_tag":[],"class_list":{"0":"post-8729","1":"product","2":"type-product","3":"status-publish","4":"has-post-thumbnail","6":"product_cat-accessoires","7":"product_cat-damen","8":"product_cat-herren","9":"product_cat-schals","11":"first","12":"outofstock","13":"sale","14":"taxable","15":"shipping-taxable","16":"purchasable","17":"product-type-simple"},"acf":[],"yoast_head":"<!-- This site is optimized with the Yoast SEO plugin v27.4 - https:\/\/yoast.com\/product\/yoast-seo-wordpress\/ -->\n<title>Alpaka Schal gestrickt Napkini Copper 100% Alpakawolle bestellen<\/title>\n<meta name=\"description\" content=\"Alpaka Schal gestrickt Napkini Copper \u2714 Aus 100% Alpakawolle \u2714 Slow Fashion aus Peru \u2714 0\u20ac Versand \u2714 Jetzt fair bestellen bei ANNAMARIAANGELIKA!\" \/>\n<meta name=\"robots\" content=\"index, follow, max-snippet:-1, max-image-preview:large, max-video-preview:-1\" \/>\n<link rel=\"canonical\" href=\"https:\/\/annamariaangelika.com\/de\/shop\/alpaka-schal-gestrickt-napkini-copper\/\" \/>\n<meta property=\"og:locale\" content=\"de_DE\" \/>\n<meta property=\"og:type\" content=\"article\" \/>\n<meta property=\"og:title\" content=\"Alpaka Schal gestrickt Napkini Copper 100% Alpakawolle bestellen\" \/>\n<meta property=\"og:description\" content=\"Alpaka Schal gestrickt Napkini Copper \u2714 Aus 100% Alpakawolle \u2714 Slow Fashion aus Peru \u2714 0\u20ac Versand \u2714 Jetzt fair bestellen bei ANNAMARIAANGELIKA!\" \/>\n<meta property=\"og:url\" content=\"https:\/\/annamariaangelika.com\/de\/shop\/alpaka-schal-gestrickt-napkini-copper\/\" \/>\n<meta property=\"og:site_name\" content=\"ANNAMARIAANGELIKA\" \/>\n<meta property=\"article:publisher\" content=\"https:\/\/www.facebook.com\/annamariaangelika.de\" \/>\n<meta property=\"article:modified_time\" content=\"2023-02-14T14:52:06+00:00\" \/>\n<meta property=\"og:image\" content=\"https:\/\/annamariaangelika.com\/wp-content\/uploads\/2021\/05\/Scarf_Napkini_copper_1_AMA.jpg\" \/>\n\t<meta property=\"og:image:width\" content=\"768\" \/>\n\t<meta property=\"og:image:height\" content=\"1024\" \/>\n\t<meta property=\"og:image:type\" content=\"image\/jpeg\" \/>\n<meta name=\"twitter:card\" content=\"summary_large_image\" \/>\n<meta name=\"twitter:label1\" content=\"Gesch\u00e4tzte Lesezeit\" \/>\n\t<meta name=\"twitter:data1\" content=\"1\u00a0Minute\" \/>\n<script type=\"application\/ld+json\" class=\"yoast-schema-graph\">{\"@context\":\"https:\\\/\\\/schema.org\",\"@graph\":[{\"@type\":\"WebPage\",\"@id\":\"https:\\\/\\\/annamariaangelika.com\\\/de\\\/shop\\\/alpaka-schal-gestrickt-napkini-copper\\\/\",\"url\":\"https:\\\/\\\/annamariaangelika.com\\\/de\\\/shop\\\/alpaka-schal-gestrickt-napkini-copper\\\/\",\"name\":\"Alpaka Schal gestrickt Napkini Copper 100% Alpakawolle bestellen\",\"isPartOf\":{\"@id\":\"https:\\\/\\\/annamariaangelika.com\\\/de\\\/#website\"},\"primaryImageOfPage\":{\"@id\":\"https:\\\/\\\/annamariaangelika.com\\\/de\\\/shop\\\/alpaka-schal-gestrickt-napkini-copper\\\/#primaryimage\"},\"image\":{\"@id\":\"https:\\\/\\\/annamariaangelika.com\\\/de\\\/shop\\\/alpaka-schal-gestrickt-napkini-copper\\\/#primaryimage\"},\"thumbnailUrl\":\"https:\\\/\\\/annamariaangelika.com\\\/wp-content\\\/uploads\\\/2021\\\/05\\\/Scarf_Napkini_copper_1_AMA.jpg\",\"datePublished\":\"2021-05-26T09:45:42+00:00\",\"dateModified\":\"2023-02-14T14:52:06+00:00\",\"description\":\"Alpaka Schal gestrickt Napkini Copper \u2714 Aus 100% Alpakawolle \u2714 Slow Fashion aus Peru \u2714 0\u20ac Versand \u2714 Jetzt fair bestellen bei ANNAMARIAANGELIKA!\",\"breadcrumb\":{\"@id\":\"https:\\\/\\\/annamariaangelika.com\\\/de\\\/shop\\\/alpaka-schal-gestrickt-napkini-copper\\\/#breadcrumb\"},\"inLanguage\":\"de\",\"potentialAction\":[{\"@type\":\"ReadAction\",\"target\":[\"https:\\\/\\\/annamariaangelika.com\\\/de\\\/shop\\\/alpaka-schal-gestrickt-napkini-copper\\\/\"]}]},{\"@type\":\"ImageObject\",\"inLanguage\":\"de\",\"@id\":\"https:\\\/\\\/annamariaangelika.com\\\/de\\\/shop\\\/alpaka-schal-gestrickt-napkini-copper\\\/#primaryimage\",\"url\":\"https:\\\/\\\/annamariaangelika.com\\\/wp-content\\\/uploads\\\/2021\\\/05\\\/Scarf_Napkini_copper_1_AMA.jpg\",\"contentUrl\":\"https:\\\/\\\/annamariaangelika.com\\\/wp-content\\\/uploads\\\/2021\\\/05\\\/Scarf_Napkini_copper_1_AMA.jpg\",\"width\":768,\"height\":1024,\"caption\":\"Alpaka Schal gestrickt Napkini Copper rot f\u00fcr Damen und Herren aus 100% Alpakawolle bei ANNAMARIAANGELIKA bestellen\"},{\"@type\":\"BreadcrumbList\",\"@id\":\"https:\\\/\\\/annamariaangelika.com\\\/de\\\/shop\\\/alpaka-schal-gestrickt-napkini-copper\\\/#breadcrumb\",\"itemListElement\":[{\"@type\":\"ListItem\",\"position\":1,\"name\":\"Shop\",\"item\":\"https:\\\/\\\/annamariaangelika.com\\\/de\\\/shop\\\/\"},{\"@type\":\"ListItem\",\"position\":2,\"name\":\"Schals\",\"item\":\"https:\\\/\\\/annamariaangelika.com\\\/de\\\/product-category\\\/schals\\\/\"},{\"@type\":\"ListItem\",\"position\":3,\"name\":\"Alpaka Schal gestrickt Napkini Copper Unisex, 100% Alpakawolle\"}]},{\"@type\":\"WebSite\",\"@id\":\"https:\\\/\\\/annamariaangelika.com\\\/de\\\/#website\",\"url\":\"https:\\\/\\\/annamariaangelika.com\\\/de\\\/\",\"name\":\"ANNAMARIAANGELIKA\",\"description\":\"Fair &amp; handmade Premium Knitwear\",\"publisher\":{\"@id\":\"https:\\\/\\\/annamariaangelika.com\\\/de\\\/#organization\"},\"potentialAction\":[{\"@type\":\"SearchAction\",\"target\":{\"@type\":\"EntryPoint\",\"urlTemplate\":\"https:\\\/\\\/annamariaangelika.com\\\/de\\\/?s={search_term_string}\"},\"query-input\":{\"@type\":\"PropertyValueSpecification\",\"valueRequired\":true,\"valueName\":\"search_term_string\"}}],\"inLanguage\":\"de\"},{\"@type\":\"Organization\",\"@id\":\"https:\\\/\\\/annamariaangelika.com\\\/de\\\/#organization\",\"name\":\"ANNAMARIAANGELIKA\",\"url\":\"https:\\\/\\\/annamariaangelika.com\\\/de\\\/\",\"logo\":{\"@type\":\"ImageObject\",\"inLanguage\":\"de\",\"@id\":\"https:\\\/\\\/annamariaangelika.com\\\/de\\\/#\\\/schema\\\/logo\\\/image\\\/\",\"url\":\"https:\\\/\\\/annamariaangelika.com\\\/wp-content\\\/uploads\\\/2020\\\/04\\\/logo_pdf.png\",\"contentUrl\":\"https:\\\/\\\/annamariaangelika.com\\\/wp-content\\\/uploads\\\/2020\\\/04\\\/logo_pdf.png\",\"width\":300,\"height\":19,\"caption\":\"ANNAMARIAANGELIKA\"},\"image\":{\"@id\":\"https:\\\/\\\/annamariaangelika.com\\\/de\\\/#\\\/schema\\\/logo\\\/image\\\/\"},\"sameAs\":[\"https:\\\/\\\/www.facebook.com\\\/annamariaangelika.de\",\"https:\\\/\\\/www.instagram.com\\\/_annamariaangelika_\\\/\",\"https:\\\/\\\/www.pinterest.de\\\/annamangelika\\\/\"]}]}<\/script>\n<!-- \/ Yoast SEO plugin. -->","yoast_head_json":{"title":"Alpaka Schal gestrickt Napkini Copper 100% Alpakawolle bestellen","description":"Alpaka Schal gestrickt Napkini Copper \u2714 Aus 100% Alpakawolle \u2714 Slow Fashion aus Peru \u2714 0\u20ac Versand \u2714 Jetzt fair bestellen bei ANNAMARIAANGELIKA!","robots":{"index":"index","follow":"follow","max-snippet":"max-snippet:-1","max-image-preview":"max-image-preview:large","max-video-preview":"max-video-preview:-1"},"canonical":"https:\/\/annamariaangelika.com\/de\/shop\/alpaka-schal-gestrickt-napkini-copper\/","og_locale":"de_DE","og_type":"article","og_title":"Alpaka Schal gestrickt Napkini Copper 100% Alpakawolle bestellen","og_description":"Alpaka Schal gestrickt Napkini Copper \u2714 Aus 100% Alpakawolle \u2714 Slow Fashion aus Peru \u2714 0\u20ac Versand \u2714 Jetzt fair bestellen bei ANNAMARIAANGELIKA!","og_url":"https:\/\/annamariaangelika.com\/de\/shop\/alpaka-schal-gestrickt-napkini-copper\/","og_site_name":"ANNAMARIAANGELIKA","article_publisher":"https:\/\/www.facebook.com\/annamariaangelika.de","article_modified_time":"2023-02-14T14:52:06+00:00","og_image":[{"width":768,"height":1024,"url":"https:\/\/annamariaangelika.com\/wp-content\/uploads\/2021\/05\/Scarf_Napkini_copper_1_AMA.jpg","type":"image\/jpeg"}],"twitter_card":"summary_large_image","twitter_misc":{"Gesch\u00e4tzte Lesezeit":"1\u00a0Minute"},"schema":{"@context":"https:\/\/schema.org","@graph":[{"@type":"WebPage","@id":"https:\/\/annamariaangelika.com\/de\/shop\/alpaka-schal-gestrickt-napkini-copper\/","url":"https:\/\/annamariaangelika.com\/de\/shop\/alpaka-schal-gestrickt-napkini-copper\/","name":"Alpaka Schal gestrickt Napkini Copper 100% Alpakawolle bestellen","isPartOf":{"@id":"https:\/\/annamariaangelika.com\/de\/#website"},"primaryImageOfPage":{"@id":"https:\/\/annamariaangelika.com\/de\/shop\/alpaka-schal-gestrickt-napkini-copper\/#primaryimage"},"image":{"@id":"https:\/\/annamariaangelika.com\/de\/shop\/alpaka-schal-gestrickt-napkini-copper\/#primaryimage"},"thumbnailUrl":"https:\/\/annamariaangelika.com\/wp-content\/uploads\/2021\/05\/Scarf_Napkini_copper_1_AMA.jpg","datePublished":"2021-05-26T09:45:42+00:00","dateModified":"2023-02-14T14:52:06+00:00","description":"Alpaka Schal gestrickt Napkini Copper \u2714 Aus 100% Alpakawolle \u2714 Slow Fashion aus Peru \u2714 0\u20ac Versand \u2714 Jetzt fair bestellen bei ANNAMARIAANGELIKA!","breadcrumb":{"@id":"https:\/\/annamariaangelika.com\/de\/shop\/alpaka-schal-gestrickt-napkini-copper\/#breadcrumb"},"inLanguage":"de","potentialAction":[{"@type":"ReadAction","target":["https:\/\/annamariaangelika.com\/de\/shop\/alpaka-schal-gestrickt-napkini-copper\/"]}]},{"@type":"ImageObject","inLanguage":"de","@id":"https:\/\/annamariaangelika.com\/de\/shop\/alpaka-schal-gestrickt-napkini-copper\/#primaryimage","url":"https:\/\/annamariaangelika.com\/wp-content\/uploads\/2021\/05\/Scarf_Napkini_copper_1_AMA.jpg","contentUrl":"https:\/\/annamariaangelika.com\/wp-content\/uploads\/2021\/05\/Scarf_Napkini_copper_1_AMA.jpg","width":768,"height":1024,"caption":"Alpaka Schal gestrickt Napkini Copper rot f\u00fcr Damen und Herren aus 100% Alpakawolle bei ANNAMARIAANGELIKA bestellen"},{"@type":"BreadcrumbList","@id":"https:\/\/annamariaangelika.com\/de\/shop\/alpaka-schal-gestrickt-napkini-copper\/#breadcrumb","itemListElement":[{"@type":"ListItem","position":1,"name":"Shop","item":"https:\/\/annamariaangelika.com\/de\/shop\/"},{"@type":"ListItem","position":2,"name":"Schals","item":"https:\/\/annamariaangelika.com\/de\/product-category\/schals\/"},{"@type":"ListItem","position":3,"name":"Alpaka Schal gestrickt Napkini Copper Unisex, 100% Alpakawolle"}]},{"@type":"WebSite","@id":"https:\/\/annamariaangelika.com\/de\/#website","url":"https:\/\/annamariaangelika.com\/de\/","name":"ANNAMARIAANGELIKA","description":"Fair &amp; handmade Premium Knitwear","publisher":{"@id":"https:\/\/annamariaangelika.com\/de\/#organization"},"potentialAction":[{"@type":"SearchAction","target":{"@type":"EntryPoint","urlTemplate":"https:\/\/annamariaangelika.com\/de\/?s={search_term_string}"},"query-input":{"@type":"PropertyValueSpecification","valueRequired":true,"valueName":"search_term_string"}}],"inLanguage":"de"},{"@type":"Organization","@id":"https:\/\/annamariaangelika.com\/de\/#organization","name":"ANNAMARIAANGELIKA","url":"https:\/\/annamariaangelika.com\/de\/","logo":{"@type":"ImageObject","inLanguage":"de","@id":"https:\/\/annamariaangelika.com\/de\/#\/schema\/logo\/image\/","url":"https:\/\/annamariaangelika.com\/wp-content\/uploads\/2020\/04\/logo_pdf.png","contentUrl":"https:\/\/annamariaangelika.com\/wp-content\/uploads\/2020\/04\/logo_pdf.png","width":300,"height":19,"caption":"ANNAMARIAANGELIKA"},"image":{"@id":"https:\/\/annamariaangelika.com\/de\/#\/schema\/logo\/image\/"},"sameAs":["https:\/\/www.facebook.com\/annamariaangelika.de","https:\/\/www.instagram.com\/_annamariaangelika_\/","https:\/\/www.pinterest.de\/annamangelika\/"]}]}},"_links":{"self":[{"href":"https:\/\/annamariaangelika.com\/de\/wp-json\/wp\/v2\/product\/8729","targetHints":{"allow":["GET"]}}],"collection":[{"href":"https:\/\/annamariaangelika.com\/de\/wp-json\/wp\/v2\/product"}],"about":[{"href":"https:\/\/annamariaangelika.com\/de\/wp-json\/wp\/v2\/types\/product"}],"wp:featuredmedia":[{"embeddable":true,"href":"https:\/\/annamariaangelika.com\/de\/wp-json\/wp\/v2\/media\/8358"}],"wp:attachment":[{"href":"https:\/\/annamariaangelika.com\/de\/wp-json\/wp\/v2\/media?parent=8729"}],"wp:term":[{"taxonomy":"product_brand","embeddable":true,"href":"https:\/\/annamariaangelika.com\/de\/wp-json\/wp\/v2\/product_brand?post=8729"},{"taxonomy":"product_cat","embeddable":true,"href":"https:\/\/annamariaangelika.com\/de\/wp-json\/wp\/v2\/product_cat?post=8729"},{"taxonomy":"product_tag","embeddable":true,"href":"https:\/\/annamariaangelika.com\/de\/wp-json\/wp\/v2\/product_tag?post=8729"}],"curies":[{"name":"wp","href":"https:\/\/api.w.org\/{rel}","templated":true}]}}