{"id":8727,"date":"2021-05-26T11:45:42","date_gmt":"2021-05-26T09:45:42","guid":{"rendered":"http:\/\/dev.annamariaangelika.com\/shop\/muetze-milky-way-aus-merinowolle\/"},"modified":"2023-10-11T14:16:53","modified_gmt":"2023-10-11T12:16:53","slug":"muetze-milky-way-aus-merinowolle","status":"publish","type":"product","link":"https:\/\/annamariaangelika.com\/de\/shop\/muetze-milky-way-aus-merinowolle\/","title":{"rendered":"Wollm\u00fctze Milky Way"},"content":{"rendered":"<p><strong>Willkommen in der Milchstra\u00dfe!\u00a0<\/strong><br \/>\nDieses ganz besondere Garn aus Merinowolle hatten wir in einer kleinen Spinnerei in Peru entdeckt und konnten einfach nicht an uns halten. Ein wunderbar sch\u00f6nes Material! Naturfarben mit handgef\u00e4rbten Flecken in verschiedensten Schattierungen von zartlila \u00fcber blau bis violett. 20 Kilo waren speziell angefertigt worden, aber dann hat der Kunde kurzfristig entschieden, es doch nicht zu nehmen. Was f\u00fcr ein Gl\u00fccksfall! Also haben wir \u201egerettet\u201c, was schon produziert worden war.<br \/>\nDie Strickm\u00fctze Milky Way ist so geschnitten, dass sie auf jedemKopf schick aussieht und sich gleichzeitig bequem anf\u00fchlt. <a href=\"https:\/\/annamariaangelika.com\/de\/shop\/oversized-bomberjacke-jacke-milky-way-aus-merinowolle\/\">Die Bomberjacke<\/a> passt perfekt dazu \u2013 kann aber nat\u00fcrlich auch zu einem anderen Outfit getragen werden, um ihm dieses Funkeln zu verleihen. Genau wie das Funkeln in unseren Augen, als wir in peruanischen N\u00e4chten die Milchstra\u00dfe bestaunt haben.<\/p>\n","protected":false},"excerpt":{"rendered":"<p>Faire Strickmode, handgefertigt in Peru| 100% peruanische Merinowolle| handgef\u00e4rbtes Garn von einer familiengef\u00fchrten Spinnerei in Peru | Perlenstrickmuster | limitierte Edition von 25 St\u00fcck |Farbe: creme und violett | 3 verschiedene Pompomfarben erh\u00e4ltlich| <a href=\"https:\/\/annamariaangelika.com\/de\/shop\/oversized-bomberjacke-jacke-milky-way-aus-merinowolle\/\">Passende Bomberjacke hier erh\u00e4ltlich<\/a> |<\/p>\n","protected":false},"featured_media":9594,"template":"","meta":{"_acf_changed":false},"product_brand":[],"product_cat":[128,135,134,130],"product_tag":[],"class_list":{"0":"post-8727","1":"product","2":"type-product","3":"status-publish","4":"has-post-thumbnail","6":"product_cat-accessoires","7":"product_cat-damen","8":"product_cat-herren","9":"product_cat-muetzen","11":"first","12":"outofstock","13":"sale","14":"taxable","15":"shipping-taxable","16":"purchasable","17":"product-type-simple"},"acf":[],"yoast_head":"<!-- This site is optimized with the Yoast SEO plugin v27.3 - https:\/\/yoast.com\/product\/yoast-seo-wordpress\/ -->\n<title>Strickm\u00fctze Milky Way aus 100% peruanischer Merinowolle<\/title>\n<meta name=\"description\" content=\"Strickm\u00fctze Milkyway aus 100% peruanischer Merinowolle \u00bb ANNAMARIAANGELIKA \u2713 handgemacht \u2713 hohe Qualit\u00e4t \u2713 hergestellt in Peru \u2713 fair Fashion \u2713\" \/>\n<meta name=\"robots\" content=\"index, follow, max-snippet:-1, max-image-preview:large, max-video-preview:-1\" \/>\n<link rel=\"canonical\" href=\"https:\/\/annamariaangelika.com\/de\/shop\/muetze-milky-way-aus-merinowolle\/\" \/>\n<meta property=\"og:locale\" content=\"de_DE\" \/>\n<meta property=\"og:type\" content=\"article\" \/>\n<meta property=\"og:title\" content=\"Strickm\u00fctze Milky Way aus 100% peruanischer Merinowolle\" \/>\n<meta property=\"og:description\" content=\"Strickm\u00fctze Milkyway aus 100% peruanischer Merinowolle \u00bb ANNAMARIAANGELIKA \u2713 handgemacht \u2713 hohe Qualit\u00e4t \u2713 hergestellt in Peru \u2713 fair Fashion \u2713\" \/>\n<meta property=\"og:url\" content=\"https:\/\/annamariaangelika.com\/de\/shop\/muetze-milky-way-aus-merinowolle\/\" \/>\n<meta property=\"og:site_name\" content=\"ANNAMARIAANGELIKA\" \/>\n<meta property=\"article:publisher\" content=\"https:\/\/www.facebook.com\/annamariaangelika.de\" \/>\n<meta property=\"article:modified_time\" content=\"2023-10-11T12:16:53+00:00\" \/>\n<meta property=\"og:image\" content=\"https:\/\/annamariaangelika.com\/wp-content\/uploads\/2021\/05\/Milkyway_1.jpg\" \/>\n\t<meta property=\"og:image:width\" content=\"1536\" \/>\n\t<meta property=\"og:image:height\" content=\"2048\" \/>\n\t<meta property=\"og:image:type\" content=\"image\/jpeg\" \/>\n<meta name=\"twitter:card\" content=\"summary_large_image\" \/>\n<meta name=\"twitter:label1\" content=\"Gesch\u00e4tzte Lesezeit\" \/>\n\t<meta name=\"twitter:data1\" content=\"1\u00a0Minute\" \/>\n<script type=\"application\/ld+json\" class=\"yoast-schema-graph\">{\"@context\":\"https:\\\/\\\/schema.org\",\"@graph\":[{\"@type\":\"WebPage\",\"@id\":\"https:\\\/\\\/annamariaangelika.com\\\/de\\\/shop\\\/muetze-milky-way-aus-merinowolle\\\/\",\"url\":\"https:\\\/\\\/annamariaangelika.com\\\/de\\\/shop\\\/muetze-milky-way-aus-merinowolle\\\/\",\"name\":\"Strickm\u00fctze Milky Way aus 100% peruanischer Merinowolle\",\"isPartOf\":{\"@id\":\"https:\\\/\\\/annamariaangelika.com\\\/de\\\/#website\"},\"primaryImageOfPage\":{\"@id\":\"https:\\\/\\\/annamariaangelika.com\\\/de\\\/shop\\\/muetze-milky-way-aus-merinowolle\\\/#primaryimage\"},\"image\":{\"@id\":\"https:\\\/\\\/annamariaangelika.com\\\/de\\\/shop\\\/muetze-milky-way-aus-merinowolle\\\/#primaryimage\"},\"thumbnailUrl\":\"https:\\\/\\\/annamariaangelika.com\\\/wp-content\\\/uploads\\\/2021\\\/05\\\/Milkyway_1.jpg\",\"datePublished\":\"2021-05-26T09:45:42+00:00\",\"dateModified\":\"2023-10-11T12:16:53+00:00\",\"description\":\"Strickm\u00fctze Milkyway aus 100% peruanischer Merinowolle \u00bb ANNAMARIAANGELIKA \u2713 handgemacht \u2713 hohe Qualit\u00e4t \u2713 hergestellt in Peru \u2713 fair Fashion \u2713\",\"breadcrumb\":{\"@id\":\"https:\\\/\\\/annamariaangelika.com\\\/de\\\/shop\\\/muetze-milky-way-aus-merinowolle\\\/#breadcrumb\"},\"inLanguage\":\"de\",\"potentialAction\":[{\"@type\":\"ReadAction\",\"target\":[\"https:\\\/\\\/annamariaangelika.com\\\/de\\\/shop\\\/muetze-milky-way-aus-merinowolle\\\/\"]}]},{\"@type\":\"ImageObject\",\"inLanguage\":\"de\",\"@id\":\"https:\\\/\\\/annamariaangelika.com\\\/de\\\/shop\\\/muetze-milky-way-aus-merinowolle\\\/#primaryimage\",\"url\":\"https:\\\/\\\/annamariaangelika.com\\\/wp-content\\\/uploads\\\/2021\\\/05\\\/Milkyway_1.jpg\",\"contentUrl\":\"https:\\\/\\\/annamariaangelika.com\\\/wp-content\\\/uploads\\\/2021\\\/05\\\/Milkyway_1.jpg\",\"width\":1536,\"height\":2048},{\"@type\":\"BreadcrumbList\",\"@id\":\"https:\\\/\\\/annamariaangelika.com\\\/de\\\/shop\\\/muetze-milky-way-aus-merinowolle\\\/#breadcrumb\",\"itemListElement\":[{\"@type\":\"ListItem\",\"position\":1,\"name\":\"Shop\",\"item\":\"https:\\\/\\\/annamariaangelika.com\\\/de\\\/shop\\\/\"},{\"@type\":\"ListItem\",\"position\":2,\"name\":\"M\u00fctzen\",\"item\":\"https:\\\/\\\/annamariaangelika.com\\\/de\\\/product-category\\\/muetzen\\\/\"},{\"@type\":\"ListItem\",\"position\":3,\"name\":\"Wollm\u00fctze Milky Way\"}]},{\"@type\":\"WebSite\",\"@id\":\"https:\\\/\\\/annamariaangelika.com\\\/de\\\/#website\",\"url\":\"https:\\\/\\\/annamariaangelika.com\\\/de\\\/\",\"name\":\"ANNAMARIAANGELIKA\",\"description\":\"Fair &amp; handmade Premium Knitwear\",\"publisher\":{\"@id\":\"https:\\\/\\\/annamariaangelika.com\\\/de\\\/#organization\"},\"potentialAction\":[{\"@type\":\"SearchAction\",\"target\":{\"@type\":\"EntryPoint\",\"urlTemplate\":\"https:\\\/\\\/annamariaangelika.com\\\/de\\\/?s={search_term_string}\"},\"query-input\":{\"@type\":\"PropertyValueSpecification\",\"valueRequired\":true,\"valueName\":\"search_term_string\"}}],\"inLanguage\":\"de\"},{\"@type\":\"Organization\",\"@id\":\"https:\\\/\\\/annamariaangelika.com\\\/de\\\/#organization\",\"name\":\"ANNAMARIAANGELIKA\",\"url\":\"https:\\\/\\\/annamariaangelika.com\\\/de\\\/\",\"logo\":{\"@type\":\"ImageObject\",\"inLanguage\":\"de\",\"@id\":\"https:\\\/\\\/annamariaangelika.com\\\/de\\\/#\\\/schema\\\/logo\\\/image\\\/\",\"url\":\"https:\\\/\\\/annamariaangelika.com\\\/wp-content\\\/uploads\\\/2020\\\/04\\\/logo_pdf.png\",\"contentUrl\":\"https:\\\/\\\/annamariaangelika.com\\\/wp-content\\\/uploads\\\/2020\\\/04\\\/logo_pdf.png\",\"width\":300,\"height\":19,\"caption\":\"ANNAMARIAANGELIKA\"},\"image\":{\"@id\":\"https:\\\/\\\/annamariaangelika.com\\\/de\\\/#\\\/schema\\\/logo\\\/image\\\/\"},\"sameAs\":[\"https:\\\/\\\/www.facebook.com\\\/annamariaangelika.de\",\"https:\\\/\\\/www.instagram.com\\\/_annamariaangelika_\\\/\",\"https:\\\/\\\/www.pinterest.de\\\/annamangelika\\\/\"]}]}<\/script>\n<!-- \/ Yoast SEO plugin. -->","yoast_head_json":{"title":"Strickm\u00fctze Milky Way aus 100% peruanischer Merinowolle","description":"Strickm\u00fctze Milkyway aus 100% peruanischer Merinowolle \u00bb ANNAMARIAANGELIKA \u2713 handgemacht \u2713 hohe Qualit\u00e4t \u2713 hergestellt in Peru \u2713 fair Fashion \u2713","robots":{"index":"index","follow":"follow","max-snippet":"max-snippet:-1","max-image-preview":"max-image-preview:large","max-video-preview":"max-video-preview:-1"},"canonical":"https:\/\/annamariaangelika.com\/de\/shop\/muetze-milky-way-aus-merinowolle\/","og_locale":"de_DE","og_type":"article","og_title":"Strickm\u00fctze Milky Way aus 100% peruanischer Merinowolle","og_description":"Strickm\u00fctze Milkyway aus 100% peruanischer Merinowolle \u00bb ANNAMARIAANGELIKA \u2713 handgemacht \u2713 hohe Qualit\u00e4t \u2713 hergestellt in Peru \u2713 fair Fashion \u2713","og_url":"https:\/\/annamariaangelika.com\/de\/shop\/muetze-milky-way-aus-merinowolle\/","og_site_name":"ANNAMARIAANGELIKA","article_publisher":"https:\/\/www.facebook.com\/annamariaangelika.de","article_modified_time":"2023-10-11T12:16:53+00:00","og_image":[{"width":1536,"height":2048,"url":"https:\/\/annamariaangelika.com\/wp-content\/uploads\/2021\/05\/Milkyway_1.jpg","type":"image\/jpeg"}],"twitter_card":"summary_large_image","twitter_misc":{"Gesch\u00e4tzte Lesezeit":"1\u00a0Minute"},"schema":{"@context":"https:\/\/schema.org","@graph":[{"@type":"WebPage","@id":"https:\/\/annamariaangelika.com\/de\/shop\/muetze-milky-way-aus-merinowolle\/","url":"https:\/\/annamariaangelika.com\/de\/shop\/muetze-milky-way-aus-merinowolle\/","name":"Strickm\u00fctze Milky Way aus 100% peruanischer Merinowolle","isPartOf":{"@id":"https:\/\/annamariaangelika.com\/de\/#website"},"primaryImageOfPage":{"@id":"https:\/\/annamariaangelika.com\/de\/shop\/muetze-milky-way-aus-merinowolle\/#primaryimage"},"image":{"@id":"https:\/\/annamariaangelika.com\/de\/shop\/muetze-milky-way-aus-merinowolle\/#primaryimage"},"thumbnailUrl":"https:\/\/annamariaangelika.com\/wp-content\/uploads\/2021\/05\/Milkyway_1.jpg","datePublished":"2021-05-26T09:45:42+00:00","dateModified":"2023-10-11T12:16:53+00:00","description":"Strickm\u00fctze Milkyway aus 100% peruanischer Merinowolle \u00bb ANNAMARIAANGELIKA \u2713 handgemacht \u2713 hohe Qualit\u00e4t \u2713 hergestellt in Peru \u2713 fair Fashion \u2713","breadcrumb":{"@id":"https:\/\/annamariaangelika.com\/de\/shop\/muetze-milky-way-aus-merinowolle\/#breadcrumb"},"inLanguage":"de","potentialAction":[{"@type":"ReadAction","target":["https:\/\/annamariaangelika.com\/de\/shop\/muetze-milky-way-aus-merinowolle\/"]}]},{"@type":"ImageObject","inLanguage":"de","@id":"https:\/\/annamariaangelika.com\/de\/shop\/muetze-milky-way-aus-merinowolle\/#primaryimage","url":"https:\/\/annamariaangelika.com\/wp-content\/uploads\/2021\/05\/Milkyway_1.jpg","contentUrl":"https:\/\/annamariaangelika.com\/wp-content\/uploads\/2021\/05\/Milkyway_1.jpg","width":1536,"height":2048},{"@type":"BreadcrumbList","@id":"https:\/\/annamariaangelika.com\/de\/shop\/muetze-milky-way-aus-merinowolle\/#breadcrumb","itemListElement":[{"@type":"ListItem","position":1,"name":"Shop","item":"https:\/\/annamariaangelika.com\/de\/shop\/"},{"@type":"ListItem","position":2,"name":"M\u00fctzen","item":"https:\/\/annamariaangelika.com\/de\/product-category\/muetzen\/"},{"@type":"ListItem","position":3,"name":"Wollm\u00fctze Milky Way"}]},{"@type":"WebSite","@id":"https:\/\/annamariaangelika.com\/de\/#website","url":"https:\/\/annamariaangelika.com\/de\/","name":"ANNAMARIAANGELIKA","description":"Fair &amp; handmade Premium Knitwear","publisher":{"@id":"https:\/\/annamariaangelika.com\/de\/#organization"},"potentialAction":[{"@type":"SearchAction","target":{"@type":"EntryPoint","urlTemplate":"https:\/\/annamariaangelika.com\/de\/?s={search_term_string}"},"query-input":{"@type":"PropertyValueSpecification","valueRequired":true,"valueName":"search_term_string"}}],"inLanguage":"de"},{"@type":"Organization","@id":"https:\/\/annamariaangelika.com\/de\/#organization","name":"ANNAMARIAANGELIKA","url":"https:\/\/annamariaangelika.com\/de\/","logo":{"@type":"ImageObject","inLanguage":"de","@id":"https:\/\/annamariaangelika.com\/de\/#\/schema\/logo\/image\/","url":"https:\/\/annamariaangelika.com\/wp-content\/uploads\/2020\/04\/logo_pdf.png","contentUrl":"https:\/\/annamariaangelika.com\/wp-content\/uploads\/2020\/04\/logo_pdf.png","width":300,"height":19,"caption":"ANNAMARIAANGELIKA"},"image":{"@id":"https:\/\/annamariaangelika.com\/de\/#\/schema\/logo\/image\/"},"sameAs":["https:\/\/www.facebook.com\/annamariaangelika.de","https:\/\/www.instagram.com\/_annamariaangelika_\/","https:\/\/www.pinterest.de\/annamangelika\/"]}]}},"_links":{"self":[{"href":"https:\/\/annamariaangelika.com\/de\/wp-json\/wp\/v2\/product\/8727","targetHints":{"allow":["GET"]}}],"collection":[{"href":"https:\/\/annamariaangelika.com\/de\/wp-json\/wp\/v2\/product"}],"about":[{"href":"https:\/\/annamariaangelika.com\/de\/wp-json\/wp\/v2\/types\/product"}],"wp:featuredmedia":[{"embeddable":true,"href":"https:\/\/annamariaangelika.com\/de\/wp-json\/wp\/v2\/media\/9594"}],"wp:attachment":[{"href":"https:\/\/annamariaangelika.com\/de\/wp-json\/wp\/v2\/media?parent=8727"}],"wp:term":[{"taxonomy":"product_brand","embeddable":true,"href":"https:\/\/annamariaangelika.com\/de\/wp-json\/wp\/v2\/product_brand?post=8727"},{"taxonomy":"product_cat","embeddable":true,"href":"https:\/\/annamariaangelika.com\/de\/wp-json\/wp\/v2\/product_cat?post=8727"},{"taxonomy":"product_tag","embeddable":true,"href":"https:\/\/annamariaangelika.com\/de\/wp-json\/wp\/v2\/product_tag?post=8727"}],"curies":[{"name":"wp","href":"https:\/\/api.w.org\/{rel}","templated":true}]}}