{"id":8715,"date":"2021-05-26T13:59:57","date_gmt":"2021-05-26T11:59:57","guid":{"rendered":"http:\/\/dev.annamariaangelika.com\/shop\/alpaka-strickpullover-hugs-2\/"},"modified":"2024-11-23T22:57:19","modified_gmt":"2024-11-23T21:57:19","slug":"alpaka-strickpullover-hugs-damen","status":"publish","type":"product","link":"https:\/\/annamariaangelika.com\/de\/shop\/alpaka-strickpullover-hugs-damen\/","title":{"rendered":"Alpaka Strickpullover Hugs Damen, Pullover 100% Alpakawolle"},"content":{"rendered":"<h3><b>Strickpullover Hugs entf\u00fchrt dich in den magischen Nationalpark Huaraz<\/b><\/h3>\n<p class=\"p1\">Aber das kann doch gar nicht sein. Ist das gerade wirklich passiert? Bestimmt war&#8217;s nur ein gro\u00dfer Schmetterling. Es w\u00e4re doch absolut unm\u00f6glich, dass zwischen den \u00c4sten dieses alten peruanischen Baums gerade eine Elfe gekichert hat. Oder?<\/p>\n<p class=\"p1\">Der handgefertigte Strickpullover Hugs begr\u00fc\u00dft dich mit offenen Armen in einer Welt voller Zauber. Im Nationalpark Huaraz lassen sich die Bergketten sanft von lila Wolken k\u00fcssen und die vielen Grasb\u00fcschel wiegen sich im Takt einer unh\u00f6rbaren Melodie.<\/p>\n<p class=\"p1\">Die Sch\u00f6nheit der Natur, deine Freund, Liebe. Es gibt viele Gr\u00fcnde, jeden Tag dankbar zu sein. XOXO.<\/p>\n","protected":false},"excerpt":{"rendered":"<p class=\"p1\">Faire Strickmode, handgefertigt in Peru | 100% Alpakawolle | Intarsienstrick | Strickm\u00fctze und Strick-Loopschal in passendem Design erh\u00e4ltlich<\/p>\n<p><strong>XS\/S<\/strong> Brustweite: 45 cm, L\u00e4nge: 65 cm, \u00c4rmell\u00e4nge: 70 cm<\/p>\n<p><strong>S\/M<\/strong> Brustweite: 51 cm, L\u00e4nge: 69 cm, \u00c4rmell\u00e4nge: 74 cm<\/p>\n<p><strong>M\/L<\/strong> Brustweite: 54 cm, L\u00e4nge: 71 cm, \u00c4rmell\u00e4nge: 79 cm<\/p>\n","protected":false},"featured_media":9440,"template":"","meta":{"_acf_changed":false},"product_brand":[],"product_cat":[135,142],"product_tag":[],"class_list":{"0":"post-8715","1":"product","2":"type-product","3":"status-publish","4":"has-post-thumbnail","6":"product_cat-damen","7":"product_cat-alpaka-pullover","9":"first","10":"outofstock","11":"sale","12":"taxable","13":"shipping-taxable","14":"purchasable","15":"product-type-variable"},"acf":[],"yoast_head":"<!-- This site is optimized with the Yoast SEO plugin v27.3 - https:\/\/yoast.com\/product\/yoast-seo-wordpress\/ -->\n<title>Alpaka Strickpullover Hugs Damen aus 100% Alpakawolle bestellen<\/title>\n<meta name=\"description\" content=\"Alpaka Strickpullover Hugs Damen \u2714 Aus 100% Alpakawolle \u2714 Fair Fashion aus Peru \u2714 0\u20ac Versand \u2714 Jetzt bestellen bei ANNAMARIAANGELIKA!\" \/>\n<meta name=\"robots\" content=\"index, follow, max-snippet:-1, max-image-preview:large, max-video-preview:-1\" \/>\n<link rel=\"canonical\" href=\"https:\/\/annamariaangelika.com\/de\/shop\/alpaka-strickpullover-hugs-damen\/\" \/>\n<meta property=\"og:locale\" content=\"de_DE\" \/>\n<meta property=\"og:type\" content=\"article\" \/>\n<meta property=\"og:title\" content=\"Alpaka Strickpullover Hugs Damen aus 100% Alpakawolle bestellen\" \/>\n<meta property=\"og:description\" content=\"Alpaka Strickpullover Hugs Damen \u2714 Aus 100% Alpakawolle \u2714 Fair Fashion aus Peru \u2714 0\u20ac Versand \u2714 Jetzt bestellen bei ANNAMARIAANGELIKA!\" \/>\n<meta property=\"og:url\" content=\"https:\/\/annamariaangelika.com\/de\/shop\/alpaka-strickpullover-hugs-damen\/\" \/>\n<meta property=\"og:site_name\" content=\"ANNAMARIAANGELIKA\" \/>\n<meta property=\"article:publisher\" content=\"https:\/\/www.facebook.com\/annamariaangelika.de\" \/>\n<meta property=\"article:modified_time\" content=\"2024-11-23T21:57:19+00:00\" \/>\n<meta property=\"og:image\" content=\"https:\/\/annamariaangelika.com\/wp-content\/uploads\/2021\/05\/Sweater_Hugs_1-1.jpg\" \/>\n\t<meta property=\"og:image:width\" content=\"1536\" \/>\n\t<meta property=\"og:image:height\" content=\"2048\" \/>\n\t<meta property=\"og:image:type\" content=\"image\/jpeg\" \/>\n<meta name=\"twitter:card\" content=\"summary_large_image\" \/>\n<meta name=\"twitter:label1\" content=\"Gesch\u00e4tzte Lesezeit\" \/>\n\t<meta name=\"twitter:data1\" content=\"1\u00a0Minute\" \/>\n<script type=\"application\/ld+json\" class=\"yoast-schema-graph\">{\"@context\":\"https:\\\/\\\/schema.org\",\"@graph\":[{\"@type\":\"WebPage\",\"@id\":\"https:\\\/\\\/annamariaangelika.com\\\/de\\\/shop\\\/alpaka-strickpullover-hugs-damen\\\/\",\"url\":\"https:\\\/\\\/annamariaangelika.com\\\/de\\\/shop\\\/alpaka-strickpullover-hugs-damen\\\/\",\"name\":\"Alpaka Strickpullover Hugs Damen aus 100% Alpakawolle bestellen\",\"isPartOf\":{\"@id\":\"https:\\\/\\\/annamariaangelika.com\\\/de\\\/#website\"},\"primaryImageOfPage\":{\"@id\":\"https:\\\/\\\/annamariaangelika.com\\\/de\\\/shop\\\/alpaka-strickpullover-hugs-damen\\\/#primaryimage\"},\"image\":{\"@id\":\"https:\\\/\\\/annamariaangelika.com\\\/de\\\/shop\\\/alpaka-strickpullover-hugs-damen\\\/#primaryimage\"},\"thumbnailUrl\":\"https:\\\/\\\/annamariaangelika.com\\\/wp-content\\\/uploads\\\/2021\\\/05\\\/Sweater_Hugs_1-1.jpg\",\"datePublished\":\"2021-05-26T11:59:57+00:00\",\"dateModified\":\"2024-11-23T21:57:19+00:00\",\"description\":\"Alpaka Strickpullover Hugs Damen \u2714 Aus 100% Alpakawolle \u2714 Fair Fashion aus Peru \u2714 0\u20ac Versand \u2714 Jetzt bestellen bei ANNAMARIAANGELIKA!\",\"breadcrumb\":{\"@id\":\"https:\\\/\\\/annamariaangelika.com\\\/de\\\/shop\\\/alpaka-strickpullover-hugs-damen\\\/#breadcrumb\"},\"inLanguage\":\"de\",\"potentialAction\":[{\"@type\":\"ReadAction\",\"target\":[\"https:\\\/\\\/annamariaangelika.com\\\/de\\\/shop\\\/alpaka-strickpullover-hugs-damen\\\/\"]}]},{\"@type\":\"ImageObject\",\"inLanguage\":\"de\",\"@id\":\"https:\\\/\\\/annamariaangelika.com\\\/de\\\/shop\\\/alpaka-strickpullover-hugs-damen\\\/#primaryimage\",\"url\":\"https:\\\/\\\/annamariaangelika.com\\\/wp-content\\\/uploads\\\/2021\\\/05\\\/Sweater_Hugs_1-1.jpg\",\"contentUrl\":\"https:\\\/\\\/annamariaangelika.com\\\/wp-content\\\/uploads\\\/2021\\\/05\\\/Sweater_Hugs_1-1.jpg\",\"width\":1536,\"height\":2048,\"caption\":\"Alpaka Strickpullover Hugs Damen, Pullover 100% Alpakawolle aus Peru bei ANNAMARIAANGELIKA bestellen!\"},{\"@type\":\"BreadcrumbList\",\"@id\":\"https:\\\/\\\/annamariaangelika.com\\\/de\\\/shop\\\/alpaka-strickpullover-hugs-damen\\\/#breadcrumb\",\"itemListElement\":[{\"@type\":\"ListItem\",\"position\":1,\"name\":\"Shop\",\"item\":\"https:\\\/\\\/annamariaangelika.com\\\/de\\\/shop\\\/\"},{\"@type\":\"ListItem\",\"position\":2,\"name\":\"Pullover\",\"item\":\"https:\\\/\\\/annamariaangelika.com\\\/de\\\/product-category\\\/alpaka-pullover\\\/\"},{\"@type\":\"ListItem\",\"position\":3,\"name\":\"Alpaka Strickpullover Hugs Damen, Pullover 100% Alpakawolle\"}]},{\"@type\":\"WebSite\",\"@id\":\"https:\\\/\\\/annamariaangelika.com\\\/de\\\/#website\",\"url\":\"https:\\\/\\\/annamariaangelika.com\\\/de\\\/\",\"name\":\"ANNAMARIAANGELIKA\",\"description\":\"Fair &amp; handmade Premium Knitwear\",\"publisher\":{\"@id\":\"https:\\\/\\\/annamariaangelika.com\\\/de\\\/#organization\"},\"potentialAction\":[{\"@type\":\"SearchAction\",\"target\":{\"@type\":\"EntryPoint\",\"urlTemplate\":\"https:\\\/\\\/annamariaangelika.com\\\/de\\\/?s={search_term_string}\"},\"query-input\":{\"@type\":\"PropertyValueSpecification\",\"valueRequired\":true,\"valueName\":\"search_term_string\"}}],\"inLanguage\":\"de\"},{\"@type\":\"Organization\",\"@id\":\"https:\\\/\\\/annamariaangelika.com\\\/de\\\/#organization\",\"name\":\"ANNAMARIAANGELIKA\",\"url\":\"https:\\\/\\\/annamariaangelika.com\\\/de\\\/\",\"logo\":{\"@type\":\"ImageObject\",\"inLanguage\":\"de\",\"@id\":\"https:\\\/\\\/annamariaangelika.com\\\/de\\\/#\\\/schema\\\/logo\\\/image\\\/\",\"url\":\"https:\\\/\\\/annamariaangelika.com\\\/wp-content\\\/uploads\\\/2020\\\/04\\\/logo_pdf.png\",\"contentUrl\":\"https:\\\/\\\/annamariaangelika.com\\\/wp-content\\\/uploads\\\/2020\\\/04\\\/logo_pdf.png\",\"width\":300,\"height\":19,\"caption\":\"ANNAMARIAANGELIKA\"},\"image\":{\"@id\":\"https:\\\/\\\/annamariaangelika.com\\\/de\\\/#\\\/schema\\\/logo\\\/image\\\/\"},\"sameAs\":[\"https:\\\/\\\/www.facebook.com\\\/annamariaangelika.de\",\"https:\\\/\\\/www.instagram.com\\\/_annamariaangelika_\\\/\",\"https:\\\/\\\/www.pinterest.de\\\/annamangelika\\\/\"]}]}<\/script>\n<!-- \/ Yoast SEO plugin. -->","yoast_head_json":{"title":"Alpaka Strickpullover Hugs Damen aus 100% Alpakawolle bestellen","description":"Alpaka Strickpullover Hugs Damen \u2714 Aus 100% Alpakawolle \u2714 Fair Fashion aus Peru \u2714 0\u20ac Versand \u2714 Jetzt bestellen bei ANNAMARIAANGELIKA!","robots":{"index":"index","follow":"follow","max-snippet":"max-snippet:-1","max-image-preview":"max-image-preview:large","max-video-preview":"max-video-preview:-1"},"canonical":"https:\/\/annamariaangelika.com\/de\/shop\/alpaka-strickpullover-hugs-damen\/","og_locale":"de_DE","og_type":"article","og_title":"Alpaka Strickpullover Hugs Damen aus 100% Alpakawolle bestellen","og_description":"Alpaka Strickpullover Hugs Damen \u2714 Aus 100% Alpakawolle \u2714 Fair Fashion aus Peru \u2714 0\u20ac Versand \u2714 Jetzt bestellen bei ANNAMARIAANGELIKA!","og_url":"https:\/\/annamariaangelika.com\/de\/shop\/alpaka-strickpullover-hugs-damen\/","og_site_name":"ANNAMARIAANGELIKA","article_publisher":"https:\/\/www.facebook.com\/annamariaangelika.de","article_modified_time":"2024-11-23T21:57:19+00:00","og_image":[{"width":1536,"height":2048,"url":"https:\/\/annamariaangelika.com\/wp-content\/uploads\/2021\/05\/Sweater_Hugs_1-1.jpg","type":"image\/jpeg"}],"twitter_card":"summary_large_image","twitter_misc":{"Gesch\u00e4tzte Lesezeit":"1\u00a0Minute"},"schema":{"@context":"https:\/\/schema.org","@graph":[{"@type":"WebPage","@id":"https:\/\/annamariaangelika.com\/de\/shop\/alpaka-strickpullover-hugs-damen\/","url":"https:\/\/annamariaangelika.com\/de\/shop\/alpaka-strickpullover-hugs-damen\/","name":"Alpaka Strickpullover Hugs Damen aus 100% Alpakawolle bestellen","isPartOf":{"@id":"https:\/\/annamariaangelika.com\/de\/#website"},"primaryImageOfPage":{"@id":"https:\/\/annamariaangelika.com\/de\/shop\/alpaka-strickpullover-hugs-damen\/#primaryimage"},"image":{"@id":"https:\/\/annamariaangelika.com\/de\/shop\/alpaka-strickpullover-hugs-damen\/#primaryimage"},"thumbnailUrl":"https:\/\/annamariaangelika.com\/wp-content\/uploads\/2021\/05\/Sweater_Hugs_1-1.jpg","datePublished":"2021-05-26T11:59:57+00:00","dateModified":"2024-11-23T21:57:19+00:00","description":"Alpaka Strickpullover Hugs Damen \u2714 Aus 100% Alpakawolle \u2714 Fair Fashion aus Peru \u2714 0\u20ac Versand \u2714 Jetzt bestellen bei ANNAMARIAANGELIKA!","breadcrumb":{"@id":"https:\/\/annamariaangelika.com\/de\/shop\/alpaka-strickpullover-hugs-damen\/#breadcrumb"},"inLanguage":"de","potentialAction":[{"@type":"ReadAction","target":["https:\/\/annamariaangelika.com\/de\/shop\/alpaka-strickpullover-hugs-damen\/"]}]},{"@type":"ImageObject","inLanguage":"de","@id":"https:\/\/annamariaangelika.com\/de\/shop\/alpaka-strickpullover-hugs-damen\/#primaryimage","url":"https:\/\/annamariaangelika.com\/wp-content\/uploads\/2021\/05\/Sweater_Hugs_1-1.jpg","contentUrl":"https:\/\/annamariaangelika.com\/wp-content\/uploads\/2021\/05\/Sweater_Hugs_1-1.jpg","width":1536,"height":2048,"caption":"Alpaka Strickpullover Hugs Damen, Pullover 100% Alpakawolle aus Peru bei ANNAMARIAANGELIKA bestellen!"},{"@type":"BreadcrumbList","@id":"https:\/\/annamariaangelika.com\/de\/shop\/alpaka-strickpullover-hugs-damen\/#breadcrumb","itemListElement":[{"@type":"ListItem","position":1,"name":"Shop","item":"https:\/\/annamariaangelika.com\/de\/shop\/"},{"@type":"ListItem","position":2,"name":"Pullover","item":"https:\/\/annamariaangelika.com\/de\/product-category\/alpaka-pullover\/"},{"@type":"ListItem","position":3,"name":"Alpaka Strickpullover Hugs Damen, Pullover 100% Alpakawolle"}]},{"@type":"WebSite","@id":"https:\/\/annamariaangelika.com\/de\/#website","url":"https:\/\/annamariaangelika.com\/de\/","name":"ANNAMARIAANGELIKA","description":"Fair &amp; handmade Premium Knitwear","publisher":{"@id":"https:\/\/annamariaangelika.com\/de\/#organization"},"potentialAction":[{"@type":"SearchAction","target":{"@type":"EntryPoint","urlTemplate":"https:\/\/annamariaangelika.com\/de\/?s={search_term_string}"},"query-input":{"@type":"PropertyValueSpecification","valueRequired":true,"valueName":"search_term_string"}}],"inLanguage":"de"},{"@type":"Organization","@id":"https:\/\/annamariaangelika.com\/de\/#organization","name":"ANNAMARIAANGELIKA","url":"https:\/\/annamariaangelika.com\/de\/","logo":{"@type":"ImageObject","inLanguage":"de","@id":"https:\/\/annamariaangelika.com\/de\/#\/schema\/logo\/image\/","url":"https:\/\/annamariaangelika.com\/wp-content\/uploads\/2020\/04\/logo_pdf.png","contentUrl":"https:\/\/annamariaangelika.com\/wp-content\/uploads\/2020\/04\/logo_pdf.png","width":300,"height":19,"caption":"ANNAMARIAANGELIKA"},"image":{"@id":"https:\/\/annamariaangelika.com\/de\/#\/schema\/logo\/image\/"},"sameAs":["https:\/\/www.facebook.com\/annamariaangelika.de","https:\/\/www.instagram.com\/_annamariaangelika_\/","https:\/\/www.pinterest.de\/annamangelika\/"]}]}},"_links":{"self":[{"href":"https:\/\/annamariaangelika.com\/de\/wp-json\/wp\/v2\/product\/8715","targetHints":{"allow":["GET"]}}],"collection":[{"href":"https:\/\/annamariaangelika.com\/de\/wp-json\/wp\/v2\/product"}],"about":[{"href":"https:\/\/annamariaangelika.com\/de\/wp-json\/wp\/v2\/types\/product"}],"wp:featuredmedia":[{"embeddable":true,"href":"https:\/\/annamariaangelika.com\/de\/wp-json\/wp\/v2\/media\/9440"}],"wp:attachment":[{"href":"https:\/\/annamariaangelika.com\/de\/wp-json\/wp\/v2\/media?parent=8715"}],"wp:term":[{"taxonomy":"product_brand","embeddable":true,"href":"https:\/\/annamariaangelika.com\/de\/wp-json\/wp\/v2\/product_brand?post=8715"},{"taxonomy":"product_cat","embeddable":true,"href":"https:\/\/annamariaangelika.com\/de\/wp-json\/wp\/v2\/product_cat?post=8715"},{"taxonomy":"product_tag","embeddable":true,"href":"https:\/\/annamariaangelika.com\/de\/wp-json\/wp\/v2\/product_tag?post=8715"}],"curies":[{"name":"wp","href":"https:\/\/api.w.org\/{rel}","templated":true}]}}