{"id":8712,"date":"2021-05-26T13:59:57","date_gmt":"2021-05-26T11:59:57","guid":{"rendered":"http:\/\/dev.annamariaangelika.com\/shop\/alpaka-strickpullover-little-men\/"},"modified":"2024-12-25T15:08:34","modified_gmt":"2024-12-25T14:08:34","slug":"alpaka-pullover-little-men-damen","status":"publish","type":"product","link":"https:\/\/annamariaangelika.com\/de\/shop\/alpaka-pullover-little-men-damen\/","title":{"rendered":"Alpaka Pullover Little Men Damen, Strickpullover 100% Alpakawolle"},"content":{"rendered":"<h3><b>Absolut vertrauensw\u00fcrdig: der handgefertigte Strickpullover Little Men <\/b><\/h3>\n<p class=\"p1\">Kein Geld in den Taschen, der Reispass weg, kaum Spanischkenntnisse aber ein Ticket f\u00fcr einen Inlandsflug zur\u00fcck nach Lima in der Hand. Was tun? Genau, ruhig mal ein wenig Vertrauen fassen.<\/p>\n<p class=\"p1\">Der handgefertigte Strickpullover Little Men aus Alpakawolle erz\u00e4hlt die Geschichte eines aufregenden Tags, der als Drama begann und doch zu einer wertvollen Lektion in Sachen Hilfsbereitschaft und der Freundlichkeit Fremder werden sollte.<\/p>\n<p class=\"p1\">Denn diese vielen \u201eLittle Men\u201c waren es, die 600 Meilen weit weg von der Hauptstadt Perus ANNAMARIAANGELIKAs Head Designerin das Gef\u00fchl vermittelten, nicht verloren zu sein. Sie schaffte es zur\u00fcck. Sogar ihr Reisepass fand sich nur wenige Tage sp\u00e4ter auf einer Insel im Titicacasee wieder.<\/p>\n","protected":false},"excerpt":{"rendered":"<p class=\"p1\">Faire Strickmode, handgefertigt in Peru | 75% Alpakawolle, 25 Baumwolle | Intarsienstrick | Handgestrickte \u00c4rmel mit Zopfmuster | Gestricktes, mit blau-rot gestreiftem Innenfutter f\u00fcr besonderen Tragekomfort | Strickm\u00fctze in passendem Design erh\u00e4ltlich<\/p>\n<p><strong>S\/M<\/strong> Brustweite: 52 cm, L\u00e4nge: 71 cm, \u00c4rmell\u00e4nge: 74 cm<\/p>\n<p><strong>M\/L<\/strong> Brustweite: 55 cm, L\u00e4nge: 74 cm, \u00c4rmell\u00e4nge: 75 cm<\/p>\n","protected":false},"featured_media":8267,"template":"","meta":{"_acf_changed":false},"product_brand":[],"product_cat":[135,142],"product_tag":[],"class_list":{"0":"post-8712","1":"product","2":"type-product","3":"status-publish","4":"has-post-thumbnail","6":"product_cat-damen","7":"product_cat-alpaka-pullover","9":"first","10":"outofstock","11":"sale","12":"taxable","13":"shipping-taxable","14":"purchasable","15":"product-type-variable"},"acf":[],"yoast_head":"<!-- This site is optimized with the Yoast SEO plugin v27.3 - https:\/\/yoast.com\/product\/yoast-seo-wordpress\/ -->\n<title>Alpaka Pullover Little Men Damen aus 100% Alpakawolle bestellen<\/title>\n<meta name=\"description\" content=\"Alpaka Pullover Little Men f\u00fcr Damen \u2714 Aus 100% Alpakawolle \u2714 Slow Fashion aus Peru \u2714 0\u20ac Versand \u2714 Jetzt fair bestellen bei ANNAMARIAANGELIKA!\" \/>\n<meta name=\"robots\" content=\"index, follow, max-snippet:-1, max-image-preview:large, max-video-preview:-1\" \/>\n<link rel=\"canonical\" href=\"https:\/\/annamariaangelika.com\/de\/shop\/alpaka-pullover-little-men-damen\/\" \/>\n<meta property=\"og:locale\" content=\"de_DE\" \/>\n<meta property=\"og:type\" content=\"article\" \/>\n<meta property=\"og:title\" content=\"Alpaka Pullover Little Men Damen aus 100% Alpakawolle bestellen\" \/>\n<meta property=\"og:description\" content=\"Alpaka Pullover Little Men f\u00fcr Damen \u2714 Aus 100% Alpakawolle \u2714 Slow Fashion aus Peru \u2714 0\u20ac Versand \u2714 Jetzt fair bestellen bei ANNAMARIAANGELIKA!\" \/>\n<meta property=\"og:url\" content=\"https:\/\/annamariaangelika.com\/de\/shop\/alpaka-pullover-little-men-damen\/\" \/>\n<meta property=\"og:site_name\" content=\"ANNAMARIAANGELIKA\" \/>\n<meta property=\"article:publisher\" content=\"https:\/\/www.facebook.com\/annamariaangelika.de\" \/>\n<meta property=\"article:modified_time\" content=\"2024-12-25T14:08:34+00:00\" \/>\n<meta property=\"og:image\" content=\"https:\/\/annamariaangelika.com\/wp-content\/uploads\/2021\/05\/Sweater_Little_Men_5.jpg\" \/>\n\t<meta property=\"og:image:width\" content=\"768\" \/>\n\t<meta property=\"og:image:height\" content=\"1024\" \/>\n\t<meta property=\"og:image:type\" content=\"image\/jpeg\" \/>\n<meta name=\"twitter:card\" content=\"summary_large_image\" \/>\n<meta name=\"twitter:label1\" content=\"Gesch\u00e4tzte Lesezeit\" \/>\n\t<meta name=\"twitter:data1\" content=\"1\u00a0Minute\" \/>\n<script type=\"application\/ld+json\" class=\"yoast-schema-graph\">{\"@context\":\"https:\\\/\\\/schema.org\",\"@graph\":[{\"@type\":\"WebPage\",\"@id\":\"https:\\\/\\\/annamariaangelika.com\\\/de\\\/shop\\\/alpaka-pullover-little-men-damen\\\/\",\"url\":\"https:\\\/\\\/annamariaangelika.com\\\/de\\\/shop\\\/alpaka-pullover-little-men-damen\\\/\",\"name\":\"Alpaka Pullover Little Men Damen aus 100% Alpakawolle bestellen\",\"isPartOf\":{\"@id\":\"https:\\\/\\\/annamariaangelika.com\\\/de\\\/#website\"},\"primaryImageOfPage\":{\"@id\":\"https:\\\/\\\/annamariaangelika.com\\\/de\\\/shop\\\/alpaka-pullover-little-men-damen\\\/#primaryimage\"},\"image\":{\"@id\":\"https:\\\/\\\/annamariaangelika.com\\\/de\\\/shop\\\/alpaka-pullover-little-men-damen\\\/#primaryimage\"},\"thumbnailUrl\":\"https:\\\/\\\/annamariaangelika.com\\\/wp-content\\\/uploads\\\/2021\\\/05\\\/Sweater_Little_Men_5.jpg\",\"datePublished\":\"2021-05-26T11:59:57+00:00\",\"dateModified\":\"2024-12-25T14:08:34+00:00\",\"description\":\"Alpaka Pullover Little Men f\u00fcr Damen \u2714 Aus 100% Alpakawolle \u2714 Slow Fashion aus Peru \u2714 0\u20ac Versand \u2714 Jetzt fair bestellen bei ANNAMARIAANGELIKA!\",\"breadcrumb\":{\"@id\":\"https:\\\/\\\/annamariaangelika.com\\\/de\\\/shop\\\/alpaka-pullover-little-men-damen\\\/#breadcrumb\"},\"inLanguage\":\"de\",\"potentialAction\":[{\"@type\":\"ReadAction\",\"target\":[\"https:\\\/\\\/annamariaangelika.com\\\/de\\\/shop\\\/alpaka-pullover-little-men-damen\\\/\"]}]},{\"@type\":\"ImageObject\",\"inLanguage\":\"de\",\"@id\":\"https:\\\/\\\/annamariaangelika.com\\\/de\\\/shop\\\/alpaka-pullover-little-men-damen\\\/#primaryimage\",\"url\":\"https:\\\/\\\/annamariaangelika.com\\\/wp-content\\\/uploads\\\/2021\\\/05\\\/Sweater_Little_Men_5.jpg\",\"contentUrl\":\"https:\\\/\\\/annamariaangelika.com\\\/wp-content\\\/uploads\\\/2021\\\/05\\\/Sweater_Little_Men_5.jpg\",\"width\":768,\"height\":1024,\"caption\":\"Alpaka Pullover Little Men Damen Strickpullover aus 100% Alpakawolle aus Peru bei ANNAMARIAANGELIKA bestellen\"},{\"@type\":\"BreadcrumbList\",\"@id\":\"https:\\\/\\\/annamariaangelika.com\\\/de\\\/shop\\\/alpaka-pullover-little-men-damen\\\/#breadcrumb\",\"itemListElement\":[{\"@type\":\"ListItem\",\"position\":1,\"name\":\"Shop\",\"item\":\"https:\\\/\\\/annamariaangelika.com\\\/de\\\/shop\\\/\"},{\"@type\":\"ListItem\",\"position\":2,\"name\":\"Pullover\",\"item\":\"https:\\\/\\\/annamariaangelika.com\\\/de\\\/product-category\\\/alpaka-pullover\\\/\"},{\"@type\":\"ListItem\",\"position\":3,\"name\":\"Alpaka Pullover Little Men Damen, Strickpullover 100% Alpakawolle\"}]},{\"@type\":\"WebSite\",\"@id\":\"https:\\\/\\\/annamariaangelika.com\\\/de\\\/#website\",\"url\":\"https:\\\/\\\/annamariaangelika.com\\\/de\\\/\",\"name\":\"ANNAMARIAANGELIKA\",\"description\":\"Fair &amp; handmade Premium Knitwear\",\"publisher\":{\"@id\":\"https:\\\/\\\/annamariaangelika.com\\\/de\\\/#organization\"},\"potentialAction\":[{\"@type\":\"SearchAction\",\"target\":{\"@type\":\"EntryPoint\",\"urlTemplate\":\"https:\\\/\\\/annamariaangelika.com\\\/de\\\/?s={search_term_string}\"},\"query-input\":{\"@type\":\"PropertyValueSpecification\",\"valueRequired\":true,\"valueName\":\"search_term_string\"}}],\"inLanguage\":\"de\"},{\"@type\":\"Organization\",\"@id\":\"https:\\\/\\\/annamariaangelika.com\\\/de\\\/#organization\",\"name\":\"ANNAMARIAANGELIKA\",\"url\":\"https:\\\/\\\/annamariaangelika.com\\\/de\\\/\",\"logo\":{\"@type\":\"ImageObject\",\"inLanguage\":\"de\",\"@id\":\"https:\\\/\\\/annamariaangelika.com\\\/de\\\/#\\\/schema\\\/logo\\\/image\\\/\",\"url\":\"https:\\\/\\\/annamariaangelika.com\\\/wp-content\\\/uploads\\\/2020\\\/04\\\/logo_pdf.png\",\"contentUrl\":\"https:\\\/\\\/annamariaangelika.com\\\/wp-content\\\/uploads\\\/2020\\\/04\\\/logo_pdf.png\",\"width\":300,\"height\":19,\"caption\":\"ANNAMARIAANGELIKA\"},\"image\":{\"@id\":\"https:\\\/\\\/annamariaangelika.com\\\/de\\\/#\\\/schema\\\/logo\\\/image\\\/\"},\"sameAs\":[\"https:\\\/\\\/www.facebook.com\\\/annamariaangelika.de\",\"https:\\\/\\\/www.instagram.com\\\/_annamariaangelika_\\\/\",\"https:\\\/\\\/www.pinterest.de\\\/annamangelika\\\/\"]}]}<\/script>\n<!-- \/ Yoast SEO plugin. -->","yoast_head_json":{"title":"Alpaka Pullover Little Men Damen aus 100% Alpakawolle bestellen","description":"Alpaka Pullover Little Men f\u00fcr Damen \u2714 Aus 100% Alpakawolle \u2714 Slow Fashion aus Peru \u2714 0\u20ac Versand \u2714 Jetzt fair bestellen bei ANNAMARIAANGELIKA!","robots":{"index":"index","follow":"follow","max-snippet":"max-snippet:-1","max-image-preview":"max-image-preview:large","max-video-preview":"max-video-preview:-1"},"canonical":"https:\/\/annamariaangelika.com\/de\/shop\/alpaka-pullover-little-men-damen\/","og_locale":"de_DE","og_type":"article","og_title":"Alpaka Pullover Little Men Damen aus 100% Alpakawolle bestellen","og_description":"Alpaka Pullover Little Men f\u00fcr Damen \u2714 Aus 100% Alpakawolle \u2714 Slow Fashion aus Peru \u2714 0\u20ac Versand \u2714 Jetzt fair bestellen bei ANNAMARIAANGELIKA!","og_url":"https:\/\/annamariaangelika.com\/de\/shop\/alpaka-pullover-little-men-damen\/","og_site_name":"ANNAMARIAANGELIKA","article_publisher":"https:\/\/www.facebook.com\/annamariaangelika.de","article_modified_time":"2024-12-25T14:08:34+00:00","og_image":[{"width":768,"height":1024,"url":"https:\/\/annamariaangelika.com\/wp-content\/uploads\/2021\/05\/Sweater_Little_Men_5.jpg","type":"image\/jpeg"}],"twitter_card":"summary_large_image","twitter_misc":{"Gesch\u00e4tzte Lesezeit":"1\u00a0Minute"},"schema":{"@context":"https:\/\/schema.org","@graph":[{"@type":"WebPage","@id":"https:\/\/annamariaangelika.com\/de\/shop\/alpaka-pullover-little-men-damen\/","url":"https:\/\/annamariaangelika.com\/de\/shop\/alpaka-pullover-little-men-damen\/","name":"Alpaka Pullover Little Men Damen aus 100% Alpakawolle bestellen","isPartOf":{"@id":"https:\/\/annamariaangelika.com\/de\/#website"},"primaryImageOfPage":{"@id":"https:\/\/annamariaangelika.com\/de\/shop\/alpaka-pullover-little-men-damen\/#primaryimage"},"image":{"@id":"https:\/\/annamariaangelika.com\/de\/shop\/alpaka-pullover-little-men-damen\/#primaryimage"},"thumbnailUrl":"https:\/\/annamariaangelika.com\/wp-content\/uploads\/2021\/05\/Sweater_Little_Men_5.jpg","datePublished":"2021-05-26T11:59:57+00:00","dateModified":"2024-12-25T14:08:34+00:00","description":"Alpaka Pullover Little Men f\u00fcr Damen \u2714 Aus 100% Alpakawolle \u2714 Slow Fashion aus Peru \u2714 0\u20ac Versand \u2714 Jetzt fair bestellen bei ANNAMARIAANGELIKA!","breadcrumb":{"@id":"https:\/\/annamariaangelika.com\/de\/shop\/alpaka-pullover-little-men-damen\/#breadcrumb"},"inLanguage":"de","potentialAction":[{"@type":"ReadAction","target":["https:\/\/annamariaangelika.com\/de\/shop\/alpaka-pullover-little-men-damen\/"]}]},{"@type":"ImageObject","inLanguage":"de","@id":"https:\/\/annamariaangelika.com\/de\/shop\/alpaka-pullover-little-men-damen\/#primaryimage","url":"https:\/\/annamariaangelika.com\/wp-content\/uploads\/2021\/05\/Sweater_Little_Men_5.jpg","contentUrl":"https:\/\/annamariaangelika.com\/wp-content\/uploads\/2021\/05\/Sweater_Little_Men_5.jpg","width":768,"height":1024,"caption":"Alpaka Pullover Little Men Damen Strickpullover aus 100% Alpakawolle aus Peru bei ANNAMARIAANGELIKA bestellen"},{"@type":"BreadcrumbList","@id":"https:\/\/annamariaangelika.com\/de\/shop\/alpaka-pullover-little-men-damen\/#breadcrumb","itemListElement":[{"@type":"ListItem","position":1,"name":"Shop","item":"https:\/\/annamariaangelika.com\/de\/shop\/"},{"@type":"ListItem","position":2,"name":"Pullover","item":"https:\/\/annamariaangelika.com\/de\/product-category\/alpaka-pullover\/"},{"@type":"ListItem","position":3,"name":"Alpaka Pullover Little Men Damen, Strickpullover 100% Alpakawolle"}]},{"@type":"WebSite","@id":"https:\/\/annamariaangelika.com\/de\/#website","url":"https:\/\/annamariaangelika.com\/de\/","name":"ANNAMARIAANGELIKA","description":"Fair &amp; handmade Premium Knitwear","publisher":{"@id":"https:\/\/annamariaangelika.com\/de\/#organization"},"potentialAction":[{"@type":"SearchAction","target":{"@type":"EntryPoint","urlTemplate":"https:\/\/annamariaangelika.com\/de\/?s={search_term_string}"},"query-input":{"@type":"PropertyValueSpecification","valueRequired":true,"valueName":"search_term_string"}}],"inLanguage":"de"},{"@type":"Organization","@id":"https:\/\/annamariaangelika.com\/de\/#organization","name":"ANNAMARIAANGELIKA","url":"https:\/\/annamariaangelika.com\/de\/","logo":{"@type":"ImageObject","inLanguage":"de","@id":"https:\/\/annamariaangelika.com\/de\/#\/schema\/logo\/image\/","url":"https:\/\/annamariaangelika.com\/wp-content\/uploads\/2020\/04\/logo_pdf.png","contentUrl":"https:\/\/annamariaangelika.com\/wp-content\/uploads\/2020\/04\/logo_pdf.png","width":300,"height":19,"caption":"ANNAMARIAANGELIKA"},"image":{"@id":"https:\/\/annamariaangelika.com\/de\/#\/schema\/logo\/image\/"},"sameAs":["https:\/\/www.facebook.com\/annamariaangelika.de","https:\/\/www.instagram.com\/_annamariaangelika_\/","https:\/\/www.pinterest.de\/annamangelika\/"]}]}},"_links":{"self":[{"href":"https:\/\/annamariaangelika.com\/de\/wp-json\/wp\/v2\/product\/8712","targetHints":{"allow":["GET"]}}],"collection":[{"href":"https:\/\/annamariaangelika.com\/de\/wp-json\/wp\/v2\/product"}],"about":[{"href":"https:\/\/annamariaangelika.com\/de\/wp-json\/wp\/v2\/types\/product"}],"wp:featuredmedia":[{"embeddable":true,"href":"https:\/\/annamariaangelika.com\/de\/wp-json\/wp\/v2\/media\/8267"}],"wp:attachment":[{"href":"https:\/\/annamariaangelika.com\/de\/wp-json\/wp\/v2\/media?parent=8712"}],"wp:term":[{"taxonomy":"product_brand","embeddable":true,"href":"https:\/\/annamariaangelika.com\/de\/wp-json\/wp\/v2\/product_brand?post=8712"},{"taxonomy":"product_cat","embeddable":true,"href":"https:\/\/annamariaangelika.com\/de\/wp-json\/wp\/v2\/product_cat?post=8712"},{"taxonomy":"product_tag","embeddable":true,"href":"https:\/\/annamariaangelika.com\/de\/wp-json\/wp\/v2\/product_tag?post=8712"}],"curies":[{"name":"wp","href":"https:\/\/api.w.org\/{rel}","templated":true}]}}