{"id":8678,"date":"2021-06-07T15:32:33","date_gmt":"2021-06-07T13:32:33","guid":{"rendered":"http:\/\/dev.annamariaangelika.com\/shop\/alpaka-strickpullover-hugs\/"},"modified":"2023-03-01T13:46:47","modified_gmt":"2023-03-01T12:46:47","slug":"alpaka-strickpullover-hugs-herren","status":"publish","type":"product","link":"https:\/\/annamariaangelika.com\/de\/shop\/alpaka-strickpullover-hugs-herren\/","title":{"rendered":"Alpaka Strickpullover Hugs Herren, Pullover 100% Alpakawolle"},"content":{"rendered":"<h3><b>Eine Umarmung wert: Strickpullover Hugs nimmt dich mit nach Huaraz <\/b><\/h3>\n<p class=\"p1\">Oh, Moment. War das gerade wirklich da? Vermutlich nur ein Schmetterling. Oder war es vielleicht doch eine kleine peruanische Elfe, die da gerade zwischen den \u00c4sten dieses gro\u00dfen alten Baums gekichert hat? Aber das ist doch unm\u00f6glich.<\/p>\n<p class=\"p1\">Der handgemachte Strickpullover Hugs hei\u00dft dich mit offenen Armen willkommen. Tritt ein in eine Welt voller Magie, wie sie im Nationalpark Huaraz \u00fcberall zu sp\u00fcren ist. Hier k\u00fcssen violette Wolken sanft die Spitzen der Bergkette w\u00e4hren kleine Grasb\u00fcscheln sich sanft im Wind hin und her wiegen als w\u00fcrden sie gestreichelt.<\/p>\n<p class=\"p1\">Echte Freunde, Liebe, die Sch\u00f6nheit der Natur! Es gibt so viel, wof\u00fcr viel \u00f6fter die ein oder andere Umarmung verteilt werden k\u00f6nnte. Hier, f\u00fcr dich: XOXO.<\/p>\n","protected":false},"excerpt":{"rendered":"<p class=\"p1\">Faire Strickmode, handgefertigt in Peru | 100% Alpakawolle | Intarsienstrick | Strickm\u00fctze und Strick-Loopschal in passendem Design erh\u00e4ltlich<\/p>\n<p><strong>S\/M<\/strong> Brustweite: 51 cm, L\u00e4nge: 69 cm, \u00c4rmell\u00e4nge: 74 cm<\/p>\n<p><strong>M\/L <\/strong>Brustweite: 54 cm, L\u00e4nge: 71 cm, \u00c4rmell\u00e4nge: 79 cm<\/p>\n","protected":false},"featured_media":8428,"template":"","meta":{"_acf_changed":false},"product_brand":[],"product_cat":[134,142],"product_tag":[],"class_list":{"0":"post-8678","1":"product","2":"type-product","3":"status-publish","4":"has-post-thumbnail","6":"product_cat-herren","7":"product_cat-alpaka-pullover","9":"first","10":"outofstock","11":"sale","12":"taxable","13":"shipping-taxable","14":"purchasable","15":"product-type-variable"},"acf":[],"yoast_head":"<!-- This site is optimized with the Yoast SEO plugin v27.4 - https:\/\/yoast.com\/product\/yoast-seo-wordpress\/ -->\n<title>Alpaka Strickpullover Hugs Herren aus 100% Alpakawolle bestellen<\/title>\n<meta name=\"description\" content=\"Alpaka Strickpullover Hugs Herren \u2714 Aus 100% Alpakawolle \u2714 Slow Fashion aus Peru \u2714 0\u20ac Versand \u2714 Jetzt fair bestellen bei ANNAMARIAANGELIKA!\" \/>\n<meta name=\"robots\" content=\"index, follow, max-snippet:-1, max-image-preview:large, max-video-preview:-1\" \/>\n<link rel=\"canonical\" href=\"https:\/\/annamariaangelika.com\/de\/shop\/alpaka-strickpullover-hugs-herren\/\" \/>\n<meta property=\"og:locale\" content=\"de_DE\" \/>\n<meta property=\"og:type\" content=\"article\" \/>\n<meta property=\"og:title\" content=\"Alpaka Strickpullover Hugs Herren aus 100% Alpakawolle bestellen\" \/>\n<meta property=\"og:description\" content=\"Alpaka Strickpullover Hugs Herren \u2714 Aus 100% Alpakawolle \u2714 Slow Fashion aus Peru \u2714 0\u20ac Versand \u2714 Jetzt fair bestellen bei ANNAMARIAANGELIKA!\" \/>\n<meta property=\"og:url\" content=\"https:\/\/annamariaangelika.com\/de\/shop\/alpaka-strickpullover-hugs-herren\/\" \/>\n<meta property=\"og:site_name\" content=\"ANNAMARIAANGELIKA\" \/>\n<meta property=\"article:publisher\" content=\"https:\/\/www.facebook.com\/annamariaangelika.de\" \/>\n<meta property=\"article:modified_time\" content=\"2023-03-01T12:46:47+00:00\" \/>\n<meta property=\"og:image\" content=\"https:\/\/annamariaangelika.com\/wp-content\/uploads\/2021\/05\/Sweater_Hugs_5.jpg\" \/>\n\t<meta property=\"og:image:width\" content=\"768\" \/>\n\t<meta property=\"og:image:height\" content=\"1024\" \/>\n\t<meta property=\"og:image:type\" content=\"image\/jpeg\" \/>\n<meta name=\"twitter:card\" content=\"summary_large_image\" \/>\n<meta name=\"twitter:label1\" content=\"Gesch\u00e4tzte Lesezeit\" \/>\n\t<meta name=\"twitter:data1\" content=\"1\u00a0Minute\" \/>\n<script type=\"application\/ld+json\" class=\"yoast-schema-graph\">{\"@context\":\"https:\\\/\\\/schema.org\",\"@graph\":[{\"@type\":\"WebPage\",\"@id\":\"https:\\\/\\\/annamariaangelika.com\\\/de\\\/shop\\\/alpaka-strickpullover-hugs-herren\\\/\",\"url\":\"https:\\\/\\\/annamariaangelika.com\\\/de\\\/shop\\\/alpaka-strickpullover-hugs-herren\\\/\",\"name\":\"Alpaka Strickpullover Hugs Herren aus 100% Alpakawolle bestellen\",\"isPartOf\":{\"@id\":\"https:\\\/\\\/annamariaangelika.com\\\/de\\\/#website\"},\"primaryImageOfPage\":{\"@id\":\"https:\\\/\\\/annamariaangelika.com\\\/de\\\/shop\\\/alpaka-strickpullover-hugs-herren\\\/#primaryimage\"},\"image\":{\"@id\":\"https:\\\/\\\/annamariaangelika.com\\\/de\\\/shop\\\/alpaka-strickpullover-hugs-herren\\\/#primaryimage\"},\"thumbnailUrl\":\"https:\\\/\\\/annamariaangelika.com\\\/wp-content\\\/uploads\\\/2021\\\/05\\\/Sweater_Hugs_5.jpg\",\"datePublished\":\"2021-06-07T13:32:33+00:00\",\"dateModified\":\"2023-03-01T12:46:47+00:00\",\"description\":\"Alpaka Strickpullover Hugs Herren \u2714 Aus 100% Alpakawolle \u2714 Slow Fashion aus Peru \u2714 0\u20ac Versand \u2714 Jetzt fair bestellen bei ANNAMARIAANGELIKA!\",\"breadcrumb\":{\"@id\":\"https:\\\/\\\/annamariaangelika.com\\\/de\\\/shop\\\/alpaka-strickpullover-hugs-herren\\\/#breadcrumb\"},\"inLanguage\":\"de\",\"potentialAction\":[{\"@type\":\"ReadAction\",\"target\":[\"https:\\\/\\\/annamariaangelika.com\\\/de\\\/shop\\\/alpaka-strickpullover-hugs-herren\\\/\"]}]},{\"@type\":\"ImageObject\",\"inLanguage\":\"de\",\"@id\":\"https:\\\/\\\/annamariaangelika.com\\\/de\\\/shop\\\/alpaka-strickpullover-hugs-herren\\\/#primaryimage\",\"url\":\"https:\\\/\\\/annamariaangelika.com\\\/wp-content\\\/uploads\\\/2021\\\/05\\\/Sweater_Hugs_5.jpg\",\"contentUrl\":\"https:\\\/\\\/annamariaangelika.com\\\/wp-content\\\/uploads\\\/2021\\\/05\\\/Sweater_Hugs_5.jpg\",\"width\":768,\"height\":1024,\"caption\":\"Alpaka Strickpullover Hugs Herren, Pullover 100% Alpakawolle aus Peru bei ANNAMARIAANGELIKA bestellen, Produktbild\"},{\"@type\":\"BreadcrumbList\",\"@id\":\"https:\\\/\\\/annamariaangelika.com\\\/de\\\/shop\\\/alpaka-strickpullover-hugs-herren\\\/#breadcrumb\",\"itemListElement\":[{\"@type\":\"ListItem\",\"position\":1,\"name\":\"Shop\",\"item\":\"https:\\\/\\\/annamariaangelika.com\\\/de\\\/shop\\\/\"},{\"@type\":\"ListItem\",\"position\":2,\"name\":\"Pullover\",\"item\":\"https:\\\/\\\/annamariaangelika.com\\\/de\\\/product-category\\\/alpaka-pullover\\\/\"},{\"@type\":\"ListItem\",\"position\":3,\"name\":\"Alpaka Strickpullover Hugs Herren, Pullover 100% Alpakawolle\"}]},{\"@type\":\"WebSite\",\"@id\":\"https:\\\/\\\/annamariaangelika.com\\\/de\\\/#website\",\"url\":\"https:\\\/\\\/annamariaangelika.com\\\/de\\\/\",\"name\":\"ANNAMARIAANGELIKA\",\"description\":\"Fair &amp; handmade Premium Knitwear\",\"publisher\":{\"@id\":\"https:\\\/\\\/annamariaangelika.com\\\/de\\\/#organization\"},\"potentialAction\":[{\"@type\":\"SearchAction\",\"target\":{\"@type\":\"EntryPoint\",\"urlTemplate\":\"https:\\\/\\\/annamariaangelika.com\\\/de\\\/?s={search_term_string}\"},\"query-input\":{\"@type\":\"PropertyValueSpecification\",\"valueRequired\":true,\"valueName\":\"search_term_string\"}}],\"inLanguage\":\"de\"},{\"@type\":\"Organization\",\"@id\":\"https:\\\/\\\/annamariaangelika.com\\\/de\\\/#organization\",\"name\":\"ANNAMARIAANGELIKA\",\"url\":\"https:\\\/\\\/annamariaangelika.com\\\/de\\\/\",\"logo\":{\"@type\":\"ImageObject\",\"inLanguage\":\"de\",\"@id\":\"https:\\\/\\\/annamariaangelika.com\\\/de\\\/#\\\/schema\\\/logo\\\/image\\\/\",\"url\":\"https:\\\/\\\/annamariaangelika.com\\\/wp-content\\\/uploads\\\/2020\\\/04\\\/logo_pdf.png\",\"contentUrl\":\"https:\\\/\\\/annamariaangelika.com\\\/wp-content\\\/uploads\\\/2020\\\/04\\\/logo_pdf.png\",\"width\":300,\"height\":19,\"caption\":\"ANNAMARIAANGELIKA\"},\"image\":{\"@id\":\"https:\\\/\\\/annamariaangelika.com\\\/de\\\/#\\\/schema\\\/logo\\\/image\\\/\"},\"sameAs\":[\"https:\\\/\\\/www.facebook.com\\\/annamariaangelika.de\",\"https:\\\/\\\/www.instagram.com\\\/_annamariaangelika_\\\/\",\"https:\\\/\\\/www.pinterest.de\\\/annamangelika\\\/\"]}]}<\/script>\n<!-- \/ Yoast SEO plugin. -->","yoast_head_json":{"title":"Alpaka Strickpullover Hugs Herren aus 100% Alpakawolle bestellen","description":"Alpaka Strickpullover Hugs Herren \u2714 Aus 100% Alpakawolle \u2714 Slow Fashion aus Peru \u2714 0\u20ac Versand \u2714 Jetzt fair bestellen bei ANNAMARIAANGELIKA!","robots":{"index":"index","follow":"follow","max-snippet":"max-snippet:-1","max-image-preview":"max-image-preview:large","max-video-preview":"max-video-preview:-1"},"canonical":"https:\/\/annamariaangelika.com\/de\/shop\/alpaka-strickpullover-hugs-herren\/","og_locale":"de_DE","og_type":"article","og_title":"Alpaka Strickpullover Hugs Herren aus 100% Alpakawolle bestellen","og_description":"Alpaka Strickpullover Hugs Herren \u2714 Aus 100% Alpakawolle \u2714 Slow Fashion aus Peru \u2714 0\u20ac Versand \u2714 Jetzt fair bestellen bei ANNAMARIAANGELIKA!","og_url":"https:\/\/annamariaangelika.com\/de\/shop\/alpaka-strickpullover-hugs-herren\/","og_site_name":"ANNAMARIAANGELIKA","article_publisher":"https:\/\/www.facebook.com\/annamariaangelika.de","article_modified_time":"2023-03-01T12:46:47+00:00","og_image":[{"width":768,"height":1024,"url":"https:\/\/annamariaangelika.com\/wp-content\/uploads\/2021\/05\/Sweater_Hugs_5.jpg","type":"image\/jpeg"}],"twitter_card":"summary_large_image","twitter_misc":{"Gesch\u00e4tzte Lesezeit":"1\u00a0Minute"},"schema":{"@context":"https:\/\/schema.org","@graph":[{"@type":"WebPage","@id":"https:\/\/annamariaangelika.com\/de\/shop\/alpaka-strickpullover-hugs-herren\/","url":"https:\/\/annamariaangelika.com\/de\/shop\/alpaka-strickpullover-hugs-herren\/","name":"Alpaka Strickpullover Hugs Herren aus 100% Alpakawolle bestellen","isPartOf":{"@id":"https:\/\/annamariaangelika.com\/de\/#website"},"primaryImageOfPage":{"@id":"https:\/\/annamariaangelika.com\/de\/shop\/alpaka-strickpullover-hugs-herren\/#primaryimage"},"image":{"@id":"https:\/\/annamariaangelika.com\/de\/shop\/alpaka-strickpullover-hugs-herren\/#primaryimage"},"thumbnailUrl":"https:\/\/annamariaangelika.com\/wp-content\/uploads\/2021\/05\/Sweater_Hugs_5.jpg","datePublished":"2021-06-07T13:32:33+00:00","dateModified":"2023-03-01T12:46:47+00:00","description":"Alpaka Strickpullover Hugs Herren \u2714 Aus 100% Alpakawolle \u2714 Slow Fashion aus Peru \u2714 0\u20ac Versand \u2714 Jetzt fair bestellen bei ANNAMARIAANGELIKA!","breadcrumb":{"@id":"https:\/\/annamariaangelika.com\/de\/shop\/alpaka-strickpullover-hugs-herren\/#breadcrumb"},"inLanguage":"de","potentialAction":[{"@type":"ReadAction","target":["https:\/\/annamariaangelika.com\/de\/shop\/alpaka-strickpullover-hugs-herren\/"]}]},{"@type":"ImageObject","inLanguage":"de","@id":"https:\/\/annamariaangelika.com\/de\/shop\/alpaka-strickpullover-hugs-herren\/#primaryimage","url":"https:\/\/annamariaangelika.com\/wp-content\/uploads\/2021\/05\/Sweater_Hugs_5.jpg","contentUrl":"https:\/\/annamariaangelika.com\/wp-content\/uploads\/2021\/05\/Sweater_Hugs_5.jpg","width":768,"height":1024,"caption":"Alpaka Strickpullover Hugs Herren, Pullover 100% Alpakawolle aus Peru bei ANNAMARIAANGELIKA bestellen, Produktbild"},{"@type":"BreadcrumbList","@id":"https:\/\/annamariaangelika.com\/de\/shop\/alpaka-strickpullover-hugs-herren\/#breadcrumb","itemListElement":[{"@type":"ListItem","position":1,"name":"Shop","item":"https:\/\/annamariaangelika.com\/de\/shop\/"},{"@type":"ListItem","position":2,"name":"Pullover","item":"https:\/\/annamariaangelika.com\/de\/product-category\/alpaka-pullover\/"},{"@type":"ListItem","position":3,"name":"Alpaka Strickpullover Hugs Herren, Pullover 100% Alpakawolle"}]},{"@type":"WebSite","@id":"https:\/\/annamariaangelika.com\/de\/#website","url":"https:\/\/annamariaangelika.com\/de\/","name":"ANNAMARIAANGELIKA","description":"Fair &amp; handmade Premium Knitwear","publisher":{"@id":"https:\/\/annamariaangelika.com\/de\/#organization"},"potentialAction":[{"@type":"SearchAction","target":{"@type":"EntryPoint","urlTemplate":"https:\/\/annamariaangelika.com\/de\/?s={search_term_string}"},"query-input":{"@type":"PropertyValueSpecification","valueRequired":true,"valueName":"search_term_string"}}],"inLanguage":"de"},{"@type":"Organization","@id":"https:\/\/annamariaangelika.com\/de\/#organization","name":"ANNAMARIAANGELIKA","url":"https:\/\/annamariaangelika.com\/de\/","logo":{"@type":"ImageObject","inLanguage":"de","@id":"https:\/\/annamariaangelika.com\/de\/#\/schema\/logo\/image\/","url":"https:\/\/annamariaangelika.com\/wp-content\/uploads\/2020\/04\/logo_pdf.png","contentUrl":"https:\/\/annamariaangelika.com\/wp-content\/uploads\/2020\/04\/logo_pdf.png","width":300,"height":19,"caption":"ANNAMARIAANGELIKA"},"image":{"@id":"https:\/\/annamariaangelika.com\/de\/#\/schema\/logo\/image\/"},"sameAs":["https:\/\/www.facebook.com\/annamariaangelika.de","https:\/\/www.instagram.com\/_annamariaangelika_\/","https:\/\/www.pinterest.de\/annamangelika\/"]}]}},"_links":{"self":[{"href":"https:\/\/annamariaangelika.com\/de\/wp-json\/wp\/v2\/product\/8678","targetHints":{"allow":["GET"]}}],"collection":[{"href":"https:\/\/annamariaangelika.com\/de\/wp-json\/wp\/v2\/product"}],"about":[{"href":"https:\/\/annamariaangelika.com\/de\/wp-json\/wp\/v2\/types\/product"}],"wp:featuredmedia":[{"embeddable":true,"href":"https:\/\/annamariaangelika.com\/de\/wp-json\/wp\/v2\/media\/8428"}],"wp:attachment":[{"href":"https:\/\/annamariaangelika.com\/de\/wp-json\/wp\/v2\/media?parent=8678"}],"wp:term":[{"taxonomy":"product_brand","embeddable":true,"href":"https:\/\/annamariaangelika.com\/de\/wp-json\/wp\/v2\/product_brand?post=8678"},{"taxonomy":"product_cat","embeddable":true,"href":"https:\/\/annamariaangelika.com\/de\/wp-json\/wp\/v2\/product_cat?post=8678"},{"taxonomy":"product_tag","embeddable":true,"href":"https:\/\/annamariaangelika.com\/de\/wp-json\/wp\/v2\/product_tag?post=8678"}],"curies":[{"name":"wp","href":"https:\/\/api.w.org\/{rel}","templated":true}]}}