{"id":8664,"date":"2021-06-07T15:32:33","date_gmt":"2021-06-07T13:32:33","guid":{"rendered":"http:\/\/dev.annamariaangelika.com\/shop\/alpaka-strickhose-napkini-maras\/"},"modified":"2023-11-20T15:28:01","modified_gmt":"2023-11-20T14:28:01","slug":"alpaka-hose-napkini-maras-damen","status":"publish","type":"product","link":"https:\/\/annamariaangelika.com\/de\/shop\/alpaka-hose-napkini-maras-damen\/","title":{"rendered":"Alpaka Hose Napkini Maras Clay, Damen Strickhose aus 100% Alpakawolle"},"content":{"rendered":"<h3>Willkommen in Maras!<\/h3>\n<p>Stell dir vor: Du blickst auf und siehst in den blauen Himmel. Von links und rechts umgeben dich warme rostbraune H\u00e4nge aus geschichtetem Lehm und Fels. Und dann siehst du es vor dir: das wei\u00dfe Gold, wie es die Inkas genannt haben.<\/p>\n<p>Die Alpaka Strickhose Maras nimmt dich mit zu diesem magischen Ort. Aus einem kleinen unterirdischen Gew\u00e4sser flie\u00dft Wasser in aber duzende kupferne Becken. In vielen von ihnen siehst du Kristalle schimmern die das Licht der Sonne von Peru zur\u00fcck in den Himmel reflektieren. Das ist das Salz. Wei\u00df, hellbraun und zart rosa. Willkommen an einem Ort der bis in die Antike zur\u00fcckreicht und heute noch genutzt wird.<\/p>\n<p>Die Alpaka Strickhose Maras ist nicht nur aus herrlich weicher Alpakawolle, sondern er erz\u00e4hlt auch die Geschichte der indigenen V\u00f6lker Perus, von ihren Traditionen, ihrem Land und der magischen Sch\u00f6nheit der Natur am Fu\u00dfe der Anden.<\/p>\n","protected":false},"excerpt":{"rendered":"<p>Faire Strickmode, handgefertigt in Peru | 100% Alpakawolle |<\/p>\n<p>Intarsienstrick | Hose mit Taschen und Tunnelzug |<\/p>\n<p>Farbe: ecru, braun und petrol<\/p>\n<p><strong>S\/M<\/strong> H\u00fcftweite (dehnbar): 35-45 cm, H\u00fcftumfang: 100 cm, L\u00e4nge: 108 cm<\/p>\n<p><strong>M\/L<\/strong> H\u00fcftweite (dehnbar): 40-47 cm, H\u00fcftumfang: 104 cm, L\u00e4nge: 116 cm<\/p>\n","protected":false},"featured_media":8476,"template":"","meta":{"_acf_changed":false},"product_brand":[],"product_cat":[131,135,141,140],"product_tag":[],"class_list":{"0":"post-8664","1":"product","2":"type-product","3":"status-publish","4":"has-post-thumbnail","6":"product_cat-sale","7":"product_cat-damen","8":"product_cat-alpaka-hosen","9":"product_cat-maras-kollektion","11":"first","12":"outofstock","13":"sale","14":"taxable","15":"shipping-taxable","16":"purchasable","17":"product-type-variable"},"acf":[],"yoast_head":"<!-- This site is optimized with the Yoast SEO plugin v27.3 - https:\/\/yoast.com\/product\/yoast-seo-wordpress\/ -->\n<title>Alpaka Hose Napkini Maras f\u00fcr Damen kaufen | 100% Alpakawolle<\/title>\n<meta name=\"description\" content=\"Alpaka Hose Napkini Maras \u2714 F\u00fcr Damen \u2714 Slow Fashion aus Peru \u2714 Hochwertiger Intarsienstrick \u2714 Jetzt bestellen bei ANNAMARIAANGELIKA!\" \/>\n<meta name=\"robots\" content=\"index, follow, max-snippet:-1, max-image-preview:large, max-video-preview:-1\" \/>\n<link rel=\"canonical\" href=\"https:\/\/annamariaangelika.com\/de\/shop\/alpaka-hose-napkini-maras-damen\/\" \/>\n<meta property=\"og:locale\" content=\"de_DE\" \/>\n<meta property=\"og:type\" content=\"article\" \/>\n<meta property=\"og:title\" content=\"Alpaka Hose Napkini Maras f\u00fcr Damen kaufen | 100% Alpakawolle\" \/>\n<meta property=\"og:description\" content=\"Alpaka Hose Napkini Maras \u2714 F\u00fcr Damen \u2714 Slow Fashion aus Peru \u2714 Hochwertiger Intarsienstrick \u2714 Jetzt bestellen bei ANNAMARIAANGELIKA!\" \/>\n<meta property=\"og:url\" content=\"https:\/\/annamariaangelika.com\/de\/shop\/alpaka-hose-napkini-maras-damen\/\" \/>\n<meta property=\"og:site_name\" content=\"ANNAMARIAANGELIKA\" \/>\n<meta property=\"article:publisher\" content=\"https:\/\/www.facebook.com\/annamariaangelika.de\" \/>\n<meta property=\"article:modified_time\" content=\"2023-11-20T14:28:01+00:00\" \/>\n<meta property=\"og:image\" content=\"https:\/\/annamariaangelika.com\/wp-content\/uploads\/2021\/05\/Outfit_Maras_3_AMA.jpg\" \/>\n\t<meta property=\"og:image:width\" content=\"768\" \/>\n\t<meta property=\"og:image:height\" content=\"1024\" \/>\n\t<meta property=\"og:image:type\" content=\"image\/jpeg\" \/>\n<meta name=\"twitter:card\" content=\"summary_large_image\" \/>\n<meta name=\"twitter:label1\" content=\"Gesch\u00e4tzte Lesezeit\" \/>\n\t<meta name=\"twitter:data1\" content=\"1\u00a0Minute\" \/>\n<script type=\"application\/ld+json\" class=\"yoast-schema-graph\">{\"@context\":\"https:\\\/\\\/schema.org\",\"@graph\":[{\"@type\":\"WebPage\",\"@id\":\"https:\\\/\\\/annamariaangelika.com\\\/de\\\/shop\\\/alpaka-hose-napkini-maras-damen\\\/\",\"url\":\"https:\\\/\\\/annamariaangelika.com\\\/de\\\/shop\\\/alpaka-hose-napkini-maras-damen\\\/\",\"name\":\"Alpaka Hose Napkini Maras f\u00fcr Damen kaufen | 100% Alpakawolle\",\"isPartOf\":{\"@id\":\"https:\\\/\\\/annamariaangelika.com\\\/de\\\/#website\"},\"primaryImageOfPage\":{\"@id\":\"https:\\\/\\\/annamariaangelika.com\\\/de\\\/shop\\\/alpaka-hose-napkini-maras-damen\\\/#primaryimage\"},\"image\":{\"@id\":\"https:\\\/\\\/annamariaangelika.com\\\/de\\\/shop\\\/alpaka-hose-napkini-maras-damen\\\/#primaryimage\"},\"thumbnailUrl\":\"https:\\\/\\\/annamariaangelika.com\\\/wp-content\\\/uploads\\\/2021\\\/05\\\/Outfit_Maras_3_AMA.jpg\",\"datePublished\":\"2021-06-07T13:32:33+00:00\",\"dateModified\":\"2023-11-20T14:28:01+00:00\",\"description\":\"Alpaka Hose Napkini Maras \u2714 F\u00fcr Damen \u2714 Slow Fashion aus Peru \u2714 Hochwertiger Intarsienstrick \u2714 Jetzt bestellen bei ANNAMARIAANGELIKA!\",\"breadcrumb\":{\"@id\":\"https:\\\/\\\/annamariaangelika.com\\\/de\\\/shop\\\/alpaka-hose-napkini-maras-damen\\\/#breadcrumb\"},\"inLanguage\":\"de\",\"potentialAction\":[{\"@type\":\"ReadAction\",\"target\":[\"https:\\\/\\\/annamariaangelika.com\\\/de\\\/shop\\\/alpaka-hose-napkini-maras-damen\\\/\"]}]},{\"@type\":\"ImageObject\",\"inLanguage\":\"de\",\"@id\":\"https:\\\/\\\/annamariaangelika.com\\\/de\\\/shop\\\/alpaka-hose-napkini-maras-damen\\\/#primaryimage\",\"url\":\"https:\\\/\\\/annamariaangelika.com\\\/wp-content\\\/uploads\\\/2021\\\/05\\\/Outfit_Maras_3_AMA.jpg\",\"contentUrl\":\"https:\\\/\\\/annamariaangelika.com\\\/wp-content\\\/uploads\\\/2021\\\/05\\\/Outfit_Maras_3_AMA.jpg\",\"width\":768,\"height\":1024,\"caption\":\"Alpaka Hose Napkini Maras Clay, Damen Strickhose aus 100% Alpakawolle bei ANNAMARIAANGELIKA bestellen!\"},{\"@type\":\"BreadcrumbList\",\"@id\":\"https:\\\/\\\/annamariaangelika.com\\\/de\\\/shop\\\/alpaka-hose-napkini-maras-damen\\\/#breadcrumb\",\"itemListElement\":[{\"@type\":\"ListItem\",\"position\":1,\"name\":\"Shop\",\"item\":\"https:\\\/\\\/annamariaangelika.com\\\/de\\\/shop\\\/\"},{\"@type\":\"ListItem\",\"position\":2,\"name\":\"Hosen\",\"item\":\"https:\\\/\\\/annamariaangelika.com\\\/de\\\/product-category\\\/alpaka-hosen\\\/\"},{\"@type\":\"ListItem\",\"position\":3,\"name\":\"Alpaka Hose Napkini Maras Clay, Damen Strickhose aus 100% Alpakawolle\"}]},{\"@type\":\"WebSite\",\"@id\":\"https:\\\/\\\/annamariaangelika.com\\\/de\\\/#website\",\"url\":\"https:\\\/\\\/annamariaangelika.com\\\/de\\\/\",\"name\":\"ANNAMARIAANGELIKA\",\"description\":\"Fair &amp; handmade Premium Knitwear\",\"publisher\":{\"@id\":\"https:\\\/\\\/annamariaangelika.com\\\/de\\\/#organization\"},\"potentialAction\":[{\"@type\":\"SearchAction\",\"target\":{\"@type\":\"EntryPoint\",\"urlTemplate\":\"https:\\\/\\\/annamariaangelika.com\\\/de\\\/?s={search_term_string}\"},\"query-input\":{\"@type\":\"PropertyValueSpecification\",\"valueRequired\":true,\"valueName\":\"search_term_string\"}}],\"inLanguage\":\"de\"},{\"@type\":\"Organization\",\"@id\":\"https:\\\/\\\/annamariaangelika.com\\\/de\\\/#organization\",\"name\":\"ANNAMARIAANGELIKA\",\"url\":\"https:\\\/\\\/annamariaangelika.com\\\/de\\\/\",\"logo\":{\"@type\":\"ImageObject\",\"inLanguage\":\"de\",\"@id\":\"https:\\\/\\\/annamariaangelika.com\\\/de\\\/#\\\/schema\\\/logo\\\/image\\\/\",\"url\":\"https:\\\/\\\/annamariaangelika.com\\\/wp-content\\\/uploads\\\/2020\\\/04\\\/logo_pdf.png\",\"contentUrl\":\"https:\\\/\\\/annamariaangelika.com\\\/wp-content\\\/uploads\\\/2020\\\/04\\\/logo_pdf.png\",\"width\":300,\"height\":19,\"caption\":\"ANNAMARIAANGELIKA\"},\"image\":{\"@id\":\"https:\\\/\\\/annamariaangelika.com\\\/de\\\/#\\\/schema\\\/logo\\\/image\\\/\"},\"sameAs\":[\"https:\\\/\\\/www.facebook.com\\\/annamariaangelika.de\",\"https:\\\/\\\/www.instagram.com\\\/_annamariaangelika_\\\/\",\"https:\\\/\\\/www.pinterest.de\\\/annamangelika\\\/\"]}]}<\/script>\n<!-- \/ Yoast SEO plugin. -->","yoast_head_json":{"title":"Alpaka Hose Napkini Maras f\u00fcr Damen kaufen | 100% Alpakawolle","description":"Alpaka Hose Napkini Maras \u2714 F\u00fcr Damen \u2714 Slow Fashion aus Peru \u2714 Hochwertiger Intarsienstrick \u2714 Jetzt bestellen bei ANNAMARIAANGELIKA!","robots":{"index":"index","follow":"follow","max-snippet":"max-snippet:-1","max-image-preview":"max-image-preview:large","max-video-preview":"max-video-preview:-1"},"canonical":"https:\/\/annamariaangelika.com\/de\/shop\/alpaka-hose-napkini-maras-damen\/","og_locale":"de_DE","og_type":"article","og_title":"Alpaka Hose Napkini Maras f\u00fcr Damen kaufen | 100% Alpakawolle","og_description":"Alpaka Hose Napkini Maras \u2714 F\u00fcr Damen \u2714 Slow Fashion aus Peru \u2714 Hochwertiger Intarsienstrick \u2714 Jetzt bestellen bei ANNAMARIAANGELIKA!","og_url":"https:\/\/annamariaangelika.com\/de\/shop\/alpaka-hose-napkini-maras-damen\/","og_site_name":"ANNAMARIAANGELIKA","article_publisher":"https:\/\/www.facebook.com\/annamariaangelika.de","article_modified_time":"2023-11-20T14:28:01+00:00","og_image":[{"width":768,"height":1024,"url":"https:\/\/annamariaangelika.com\/wp-content\/uploads\/2021\/05\/Outfit_Maras_3_AMA.jpg","type":"image\/jpeg"}],"twitter_card":"summary_large_image","twitter_misc":{"Gesch\u00e4tzte Lesezeit":"1\u00a0Minute"},"schema":{"@context":"https:\/\/schema.org","@graph":[{"@type":"WebPage","@id":"https:\/\/annamariaangelika.com\/de\/shop\/alpaka-hose-napkini-maras-damen\/","url":"https:\/\/annamariaangelika.com\/de\/shop\/alpaka-hose-napkini-maras-damen\/","name":"Alpaka Hose Napkini Maras f\u00fcr Damen kaufen | 100% Alpakawolle","isPartOf":{"@id":"https:\/\/annamariaangelika.com\/de\/#website"},"primaryImageOfPage":{"@id":"https:\/\/annamariaangelika.com\/de\/shop\/alpaka-hose-napkini-maras-damen\/#primaryimage"},"image":{"@id":"https:\/\/annamariaangelika.com\/de\/shop\/alpaka-hose-napkini-maras-damen\/#primaryimage"},"thumbnailUrl":"https:\/\/annamariaangelika.com\/wp-content\/uploads\/2021\/05\/Outfit_Maras_3_AMA.jpg","datePublished":"2021-06-07T13:32:33+00:00","dateModified":"2023-11-20T14:28:01+00:00","description":"Alpaka Hose Napkini Maras \u2714 F\u00fcr Damen \u2714 Slow Fashion aus Peru \u2714 Hochwertiger Intarsienstrick \u2714 Jetzt bestellen bei ANNAMARIAANGELIKA!","breadcrumb":{"@id":"https:\/\/annamariaangelika.com\/de\/shop\/alpaka-hose-napkini-maras-damen\/#breadcrumb"},"inLanguage":"de","potentialAction":[{"@type":"ReadAction","target":["https:\/\/annamariaangelika.com\/de\/shop\/alpaka-hose-napkini-maras-damen\/"]}]},{"@type":"ImageObject","inLanguage":"de","@id":"https:\/\/annamariaangelika.com\/de\/shop\/alpaka-hose-napkini-maras-damen\/#primaryimage","url":"https:\/\/annamariaangelika.com\/wp-content\/uploads\/2021\/05\/Outfit_Maras_3_AMA.jpg","contentUrl":"https:\/\/annamariaangelika.com\/wp-content\/uploads\/2021\/05\/Outfit_Maras_3_AMA.jpg","width":768,"height":1024,"caption":"Alpaka Hose Napkini Maras Clay, Damen Strickhose aus 100% Alpakawolle bei ANNAMARIAANGELIKA bestellen!"},{"@type":"BreadcrumbList","@id":"https:\/\/annamariaangelika.com\/de\/shop\/alpaka-hose-napkini-maras-damen\/#breadcrumb","itemListElement":[{"@type":"ListItem","position":1,"name":"Shop","item":"https:\/\/annamariaangelika.com\/de\/shop\/"},{"@type":"ListItem","position":2,"name":"Hosen","item":"https:\/\/annamariaangelika.com\/de\/product-category\/alpaka-hosen\/"},{"@type":"ListItem","position":3,"name":"Alpaka Hose Napkini Maras Clay, Damen Strickhose aus 100% Alpakawolle"}]},{"@type":"WebSite","@id":"https:\/\/annamariaangelika.com\/de\/#website","url":"https:\/\/annamariaangelika.com\/de\/","name":"ANNAMARIAANGELIKA","description":"Fair &amp; handmade Premium Knitwear","publisher":{"@id":"https:\/\/annamariaangelika.com\/de\/#organization"},"potentialAction":[{"@type":"SearchAction","target":{"@type":"EntryPoint","urlTemplate":"https:\/\/annamariaangelika.com\/de\/?s={search_term_string}"},"query-input":{"@type":"PropertyValueSpecification","valueRequired":true,"valueName":"search_term_string"}}],"inLanguage":"de"},{"@type":"Organization","@id":"https:\/\/annamariaangelika.com\/de\/#organization","name":"ANNAMARIAANGELIKA","url":"https:\/\/annamariaangelika.com\/de\/","logo":{"@type":"ImageObject","inLanguage":"de","@id":"https:\/\/annamariaangelika.com\/de\/#\/schema\/logo\/image\/","url":"https:\/\/annamariaangelika.com\/wp-content\/uploads\/2020\/04\/logo_pdf.png","contentUrl":"https:\/\/annamariaangelika.com\/wp-content\/uploads\/2020\/04\/logo_pdf.png","width":300,"height":19,"caption":"ANNAMARIAANGELIKA"},"image":{"@id":"https:\/\/annamariaangelika.com\/de\/#\/schema\/logo\/image\/"},"sameAs":["https:\/\/www.facebook.com\/annamariaangelika.de","https:\/\/www.instagram.com\/_annamariaangelika_\/","https:\/\/www.pinterest.de\/annamangelika\/"]}]}},"_links":{"self":[{"href":"https:\/\/annamariaangelika.com\/de\/wp-json\/wp\/v2\/product\/8664","targetHints":{"allow":["GET"]}}],"collection":[{"href":"https:\/\/annamariaangelika.com\/de\/wp-json\/wp\/v2\/product"}],"about":[{"href":"https:\/\/annamariaangelika.com\/de\/wp-json\/wp\/v2\/types\/product"}],"wp:featuredmedia":[{"embeddable":true,"href":"https:\/\/annamariaangelika.com\/de\/wp-json\/wp\/v2\/media\/8476"}],"wp:attachment":[{"href":"https:\/\/annamariaangelika.com\/de\/wp-json\/wp\/v2\/media?parent=8664"}],"wp:term":[{"taxonomy":"product_brand","embeddable":true,"href":"https:\/\/annamariaangelika.com\/de\/wp-json\/wp\/v2\/product_brand?post=8664"},{"taxonomy":"product_cat","embeddable":true,"href":"https:\/\/annamariaangelika.com\/de\/wp-json\/wp\/v2\/product_cat?post=8664"},{"taxonomy":"product_tag","embeddable":true,"href":"https:\/\/annamariaangelika.com\/de\/wp-json\/wp\/v2\/product_tag?post=8664"}],"curies":[{"name":"wp","href":"https:\/\/api.w.org\/{rel}","templated":true}]}}