{"id":12362,"date":"2024-12-19T14:22:14","date_gmt":"2024-12-19T13:22:14","guid":{"rendered":"https:\/\/annamariaangelika.com\/?post_type=product&#038;p=12362"},"modified":"2024-12-19T14:28:54","modified_gmt":"2024-12-19T13:28:54","slug":"kinder-strickmutze-little-men-copy","status":"publish","type":"product","link":"https:\/\/annamariaangelika.com\/de\/shop\/kinder-strickmutze-little-men-copy\/","title":{"rendered":"Kinder Strickm\u00fctze Little Men (Copy)"},"content":{"rendered":"","protected":false},"excerpt":{"rendered":"<p>Faire Strickmode f\u00fcr Kinder, handgefertigt in Peru | 100 % Alpakawolle | Intarsienstrick | Einheitsgr\u00f6\u00dfe empfohlen f\u00fcr Kinder von 1 bis 3 Jahren | Einfarbiges Innenfutter aus Bio-Baumwoll-Jersey f\u00fcr besonderen Tragekomfort |<\/p>\n","protected":false},"featured_media":12364,"template":"","meta":{"_acf_changed":false},"product_brand":[],"product_cat":[137,130],"product_tag":[],"class_list":{"0":"post-12362","1":"product","2":"type-product","3":"status-publish","4":"has-post-thumbnail","6":"product_cat-kinder","7":"product_cat-muetzen","9":"first","10":"outofstock","11":"sale","12":"taxable","13":"shipping-taxable","14":"purchasable","15":"product-type-simple"},"acf":[],"yoast_head":"<!-- This site is optimized with the Yoast SEO plugin v27.5 - https:\/\/yoast.com\/product\/yoast-seo-wordpress\/ -->\n<title>Strickm\u00fctze Little Men Kids | Einheitsgr\u00f6\u00dfe | 1-3 Jahren<\/title>\n<meta name=\"description\" content=\"Strickm\u00fctze Little Men Kids | Einheitsgr\u00f6\u00dfe | 1-3 Jahren \u00bb ANNAMARIAANGELIKA \u2713 handgemacht \u2713 hohe Qualit\u00e4t \u2713 hergestellt in Peru \u2713 fair Fashion \u2713\" \/>\n<meta name=\"robots\" content=\"index, follow, max-snippet:-1, max-image-preview:large, max-video-preview:-1\" \/>\n<link rel=\"canonical\" href=\"https:\/\/annamariaangelika.com\/de\/shop\/kinder-strickmutze-little-men-copy\/\" \/>\n<meta property=\"og:locale\" content=\"de_DE\" \/>\n<meta property=\"og:type\" content=\"article\" \/>\n<meta property=\"og:title\" content=\"Strickm\u00fctze Little Men Kids | Einheitsgr\u00f6\u00dfe | 1-3 Jahren\" \/>\n<meta property=\"og:description\" content=\"Strickm\u00fctze Little Men Kids | Einheitsgr\u00f6\u00dfe | 1-3 Jahren \u00bb ANNAMARIAANGELIKA \u2713 handgemacht \u2713 hohe Qualit\u00e4t \u2713 hergestellt in Peru \u2713 fair Fashion \u2713\" \/>\n<meta property=\"og:url\" content=\"https:\/\/annamariaangelika.com\/de\/shop\/kinder-strickmutze-little-men-copy\/\" \/>\n<meta property=\"og:site_name\" content=\"ANNAMARIAANGELIKA\" \/>\n<meta property=\"article:publisher\" content=\"https:\/\/www.facebook.com\/annamariaangelika.de\" \/>\n<meta property=\"article:modified_time\" content=\"2024-12-19T13:28:54+00:00\" \/>\n<meta property=\"og:image\" content=\"https:\/\/annamariaangelika.com\/wp-content\/uploads\/2024\/12\/Bildschirmfoto-2024-12-19-um-14.26.32.jpg\" \/>\n\t<meta property=\"og:image:width\" content=\"732\" \/>\n\t<meta property=\"og:image:height\" content=\"576\" \/>\n\t<meta property=\"og:image:type\" content=\"image\/jpeg\" \/>\n<meta name=\"twitter:card\" content=\"summary_large_image\" \/>\n<script type=\"application\/ld+json\" class=\"yoast-schema-graph\">{\"@context\":\"https:\\\/\\\/schema.org\",\"@graph\":[{\"@type\":\"WebPage\",\"@id\":\"https:\\\/\\\/annamariaangelika.com\\\/de\\\/shop\\\/kinder-strickmutze-little-men-copy\\\/\",\"url\":\"https:\\\/\\\/annamariaangelika.com\\\/de\\\/shop\\\/kinder-strickmutze-little-men-copy\\\/\",\"name\":\"Strickm\u00fctze Little Men Kids | Einheitsgr\u00f6\u00dfe | 1-3 Jahren\",\"isPartOf\":{\"@id\":\"https:\\\/\\\/annamariaangelika.com\\\/de\\\/#website\"},\"primaryImageOfPage\":{\"@id\":\"https:\\\/\\\/annamariaangelika.com\\\/de\\\/shop\\\/kinder-strickmutze-little-men-copy\\\/#primaryimage\"},\"image\":{\"@id\":\"https:\\\/\\\/annamariaangelika.com\\\/de\\\/shop\\\/kinder-strickmutze-little-men-copy\\\/#primaryimage\"},\"thumbnailUrl\":\"https:\\\/\\\/annamariaangelika.com\\\/wp-content\\\/uploads\\\/2024\\\/12\\\/Bildschirmfoto-2024-12-19-um-14.26.32.jpg\",\"datePublished\":\"2024-12-19T13:22:14+00:00\",\"dateModified\":\"2024-12-19T13:28:54+00:00\",\"description\":\"Strickm\u00fctze Little Men Kids | Einheitsgr\u00f6\u00dfe | 1-3 Jahren \u00bb ANNAMARIAANGELIKA \u2713 handgemacht \u2713 hohe Qualit\u00e4t \u2713 hergestellt in Peru \u2713 fair Fashion \u2713\",\"breadcrumb\":{\"@id\":\"https:\\\/\\\/annamariaangelika.com\\\/de\\\/shop\\\/kinder-strickmutze-little-men-copy\\\/#breadcrumb\"},\"inLanguage\":\"de\",\"potentialAction\":[{\"@type\":\"ReadAction\",\"target\":[\"https:\\\/\\\/annamariaangelika.com\\\/de\\\/shop\\\/kinder-strickmutze-little-men-copy\\\/\"]}]},{\"@type\":\"ImageObject\",\"inLanguage\":\"de\",\"@id\":\"https:\\\/\\\/annamariaangelika.com\\\/de\\\/shop\\\/kinder-strickmutze-little-men-copy\\\/#primaryimage\",\"url\":\"https:\\\/\\\/annamariaangelika.com\\\/wp-content\\\/uploads\\\/2024\\\/12\\\/Bildschirmfoto-2024-12-19-um-14.26.32.jpg\",\"contentUrl\":\"https:\\\/\\\/annamariaangelika.com\\\/wp-content\\\/uploads\\\/2024\\\/12\\\/Bildschirmfoto-2024-12-19-um-14.26.32.jpg\",\"width\":732,\"height\":576},{\"@type\":\"BreadcrumbList\",\"@id\":\"https:\\\/\\\/annamariaangelika.com\\\/de\\\/shop\\\/kinder-strickmutze-little-men-copy\\\/#breadcrumb\",\"itemListElement\":[{\"@type\":\"ListItem\",\"position\":1,\"name\":\"Shop\",\"item\":\"https:\\\/\\\/annamariaangelika.com\\\/de\\\/shop\\\/\"},{\"@type\":\"ListItem\",\"position\":2,\"name\":\"M\u00fctzen\",\"item\":\"https:\\\/\\\/annamariaangelika.com\\\/de\\\/product-category\\\/muetzen\\\/\"},{\"@type\":\"ListItem\",\"position\":3,\"name\":\"Kinder Strickm\u00fctze Little Men (Copy)\"}]},{\"@type\":\"WebSite\",\"@id\":\"https:\\\/\\\/annamariaangelika.com\\\/de\\\/#website\",\"url\":\"https:\\\/\\\/annamariaangelika.com\\\/de\\\/\",\"name\":\"ANNAMARIAANGELIKA\",\"description\":\"Fair &amp; handmade Premium Knitwear\",\"publisher\":{\"@id\":\"https:\\\/\\\/annamariaangelika.com\\\/de\\\/#organization\"},\"potentialAction\":[{\"@type\":\"SearchAction\",\"target\":{\"@type\":\"EntryPoint\",\"urlTemplate\":\"https:\\\/\\\/annamariaangelika.com\\\/de\\\/?s={search_term_string}\"},\"query-input\":{\"@type\":\"PropertyValueSpecification\",\"valueRequired\":true,\"valueName\":\"search_term_string\"}}],\"inLanguage\":\"de\"},{\"@type\":\"Organization\",\"@id\":\"https:\\\/\\\/annamariaangelika.com\\\/de\\\/#organization\",\"name\":\"ANNAMARIAANGELIKA\",\"url\":\"https:\\\/\\\/annamariaangelika.com\\\/de\\\/\",\"logo\":{\"@type\":\"ImageObject\",\"inLanguage\":\"de\",\"@id\":\"https:\\\/\\\/annamariaangelika.com\\\/de\\\/#\\\/schema\\\/logo\\\/image\\\/\",\"url\":\"https:\\\/\\\/annamariaangelika.com\\\/wp-content\\\/uploads\\\/2020\\\/04\\\/logo_pdf.png\",\"contentUrl\":\"https:\\\/\\\/annamariaangelika.com\\\/wp-content\\\/uploads\\\/2020\\\/04\\\/logo_pdf.png\",\"width\":300,\"height\":19,\"caption\":\"ANNAMARIAANGELIKA\"},\"image\":{\"@id\":\"https:\\\/\\\/annamariaangelika.com\\\/de\\\/#\\\/schema\\\/logo\\\/image\\\/\"},\"sameAs\":[\"https:\\\/\\\/www.facebook.com\\\/annamariaangelika.de\",\"https:\\\/\\\/www.instagram.com\\\/_annamariaangelika_\\\/\",\"https:\\\/\\\/www.pinterest.de\\\/annamangelika\\\/\"]}]}<\/script>\n<!-- \/ Yoast SEO plugin. -->","yoast_head_json":{"title":"Strickm\u00fctze Little Men Kids | Einheitsgr\u00f6\u00dfe | 1-3 Jahren","description":"Strickm\u00fctze Little Men Kids | Einheitsgr\u00f6\u00dfe | 1-3 Jahren \u00bb ANNAMARIAANGELIKA \u2713 handgemacht \u2713 hohe Qualit\u00e4t \u2713 hergestellt in Peru \u2713 fair Fashion \u2713","robots":{"index":"index","follow":"follow","max-snippet":"max-snippet:-1","max-image-preview":"max-image-preview:large","max-video-preview":"max-video-preview:-1"},"canonical":"https:\/\/annamariaangelika.com\/de\/shop\/kinder-strickmutze-little-men-copy\/","og_locale":"de_DE","og_type":"article","og_title":"Strickm\u00fctze Little Men Kids | Einheitsgr\u00f6\u00dfe | 1-3 Jahren","og_description":"Strickm\u00fctze Little Men Kids | Einheitsgr\u00f6\u00dfe | 1-3 Jahren \u00bb ANNAMARIAANGELIKA \u2713 handgemacht \u2713 hohe Qualit\u00e4t \u2713 hergestellt in Peru \u2713 fair Fashion \u2713","og_url":"https:\/\/annamariaangelika.com\/de\/shop\/kinder-strickmutze-little-men-copy\/","og_site_name":"ANNAMARIAANGELIKA","article_publisher":"https:\/\/www.facebook.com\/annamariaangelika.de","article_modified_time":"2024-12-19T13:28:54+00:00","og_image":[{"width":732,"height":576,"url":"https:\/\/annamariaangelika.com\/wp-content\/uploads\/2024\/12\/Bildschirmfoto-2024-12-19-um-14.26.32.jpg","type":"image\/jpeg"}],"twitter_card":"summary_large_image","schema":{"@context":"https:\/\/schema.org","@graph":[{"@type":"WebPage","@id":"https:\/\/annamariaangelika.com\/de\/shop\/kinder-strickmutze-little-men-copy\/","url":"https:\/\/annamariaangelika.com\/de\/shop\/kinder-strickmutze-little-men-copy\/","name":"Strickm\u00fctze Little Men Kids | Einheitsgr\u00f6\u00dfe | 1-3 Jahren","isPartOf":{"@id":"https:\/\/annamariaangelika.com\/de\/#website"},"primaryImageOfPage":{"@id":"https:\/\/annamariaangelika.com\/de\/shop\/kinder-strickmutze-little-men-copy\/#primaryimage"},"image":{"@id":"https:\/\/annamariaangelika.com\/de\/shop\/kinder-strickmutze-little-men-copy\/#primaryimage"},"thumbnailUrl":"https:\/\/annamariaangelika.com\/wp-content\/uploads\/2024\/12\/Bildschirmfoto-2024-12-19-um-14.26.32.jpg","datePublished":"2024-12-19T13:22:14+00:00","dateModified":"2024-12-19T13:28:54+00:00","description":"Strickm\u00fctze Little Men Kids | Einheitsgr\u00f6\u00dfe | 1-3 Jahren \u00bb ANNAMARIAANGELIKA \u2713 handgemacht \u2713 hohe Qualit\u00e4t \u2713 hergestellt in Peru \u2713 fair Fashion \u2713","breadcrumb":{"@id":"https:\/\/annamariaangelika.com\/de\/shop\/kinder-strickmutze-little-men-copy\/#breadcrumb"},"inLanguage":"de","potentialAction":[{"@type":"ReadAction","target":["https:\/\/annamariaangelika.com\/de\/shop\/kinder-strickmutze-little-men-copy\/"]}]},{"@type":"ImageObject","inLanguage":"de","@id":"https:\/\/annamariaangelika.com\/de\/shop\/kinder-strickmutze-little-men-copy\/#primaryimage","url":"https:\/\/annamariaangelika.com\/wp-content\/uploads\/2024\/12\/Bildschirmfoto-2024-12-19-um-14.26.32.jpg","contentUrl":"https:\/\/annamariaangelika.com\/wp-content\/uploads\/2024\/12\/Bildschirmfoto-2024-12-19-um-14.26.32.jpg","width":732,"height":576},{"@type":"BreadcrumbList","@id":"https:\/\/annamariaangelika.com\/de\/shop\/kinder-strickmutze-little-men-copy\/#breadcrumb","itemListElement":[{"@type":"ListItem","position":1,"name":"Shop","item":"https:\/\/annamariaangelika.com\/de\/shop\/"},{"@type":"ListItem","position":2,"name":"M\u00fctzen","item":"https:\/\/annamariaangelika.com\/de\/product-category\/muetzen\/"},{"@type":"ListItem","position":3,"name":"Kinder Strickm\u00fctze Little Men (Copy)"}]},{"@type":"WebSite","@id":"https:\/\/annamariaangelika.com\/de\/#website","url":"https:\/\/annamariaangelika.com\/de\/","name":"ANNAMARIAANGELIKA","description":"Fair &amp; handmade Premium Knitwear","publisher":{"@id":"https:\/\/annamariaangelika.com\/de\/#organization"},"potentialAction":[{"@type":"SearchAction","target":{"@type":"EntryPoint","urlTemplate":"https:\/\/annamariaangelika.com\/de\/?s={search_term_string}"},"query-input":{"@type":"PropertyValueSpecification","valueRequired":true,"valueName":"search_term_string"}}],"inLanguage":"de"},{"@type":"Organization","@id":"https:\/\/annamariaangelika.com\/de\/#organization","name":"ANNAMARIAANGELIKA","url":"https:\/\/annamariaangelika.com\/de\/","logo":{"@type":"ImageObject","inLanguage":"de","@id":"https:\/\/annamariaangelika.com\/de\/#\/schema\/logo\/image\/","url":"https:\/\/annamariaangelika.com\/wp-content\/uploads\/2020\/04\/logo_pdf.png","contentUrl":"https:\/\/annamariaangelika.com\/wp-content\/uploads\/2020\/04\/logo_pdf.png","width":300,"height":19,"caption":"ANNAMARIAANGELIKA"},"image":{"@id":"https:\/\/annamariaangelika.com\/de\/#\/schema\/logo\/image\/"},"sameAs":["https:\/\/www.facebook.com\/annamariaangelika.de","https:\/\/www.instagram.com\/_annamariaangelika_\/","https:\/\/www.pinterest.de\/annamangelika\/"]}]}},"_links":{"self":[{"href":"https:\/\/annamariaangelika.com\/de\/wp-json\/wp\/v2\/product\/12362","targetHints":{"allow":["GET"]}}],"collection":[{"href":"https:\/\/annamariaangelika.com\/de\/wp-json\/wp\/v2\/product"}],"about":[{"href":"https:\/\/annamariaangelika.com\/de\/wp-json\/wp\/v2\/types\/product"}],"wp:featuredmedia":[{"embeddable":true,"href":"https:\/\/annamariaangelika.com\/de\/wp-json\/wp\/v2\/media\/12364"}],"wp:attachment":[{"href":"https:\/\/annamariaangelika.com\/de\/wp-json\/wp\/v2\/media?parent=12362"}],"wp:term":[{"taxonomy":"product_brand","embeddable":true,"href":"https:\/\/annamariaangelika.com\/de\/wp-json\/wp\/v2\/product_brand?post=12362"},{"taxonomy":"product_cat","embeddable":true,"href":"https:\/\/annamariaangelika.com\/de\/wp-json\/wp\/v2\/product_cat?post=12362"},{"taxonomy":"product_tag","embeddable":true,"href":"https:\/\/annamariaangelika.com\/de\/wp-json\/wp\/v2\/product_tag?post=12362"}],"curies":[{"name":"wp","href":"https:\/\/api.w.org\/{rel}","templated":true}]}}