{"id":11286,"date":"2021-05-26T11:45:42","date_gmt":"2021-05-26T09:45:42","guid":{"rendered":"https:\/\/annamariaangelika.com\/shop\/alpaka-muetze-napkini-copper\/"},"modified":"2024-12-29T21:43:40","modified_gmt":"2024-12-29T20:43:40","slug":"alpaka-muetze-napkini-copper","status":"publish","type":"product","link":"https:\/\/annamariaangelika.com\/de\/shop\/alpaka-muetze-napkini-copper\/","title":{"rendered":"Alpaka M\u00fctze Napkini Copper Unisex, 100% Alpakawolle"},"content":{"rendered":"<h2>Alpaka M\u00fctze Napkini Copper<\/h2>\n<p>Stell dir vor: Du blickst auf und siehst in den blauen Himmel. Von links und rechts umgeben dich warme rostbraune H\u00e4nge aus geschichtetem Lehm und Fels. Und dann siehst du es vor dir: das wei\u00dfe Gold, wie es die Inkas genannt haben.<\/p>\n<p>Die Alpakam\u00fctze Napkini Copper nimmt dich mit zu diesem magischen Ort. Aus einem kleinen unterirdischen Gew\u00e4sser flie\u00dft Wasser in aber duzende kupferne Becken. In vielen von ihnen siehst du Kristalle schimmern die das Licht der Sonne von Peru zur\u00fcck in den Himmel reflektieren. Das ist das Salz. Wei\u00df, hellbraun und zart rosa. Willkommen an einem Ort der bis in die Antike zur\u00fcckreicht und heute noch genutzt wird.<\/p>\n<p>Die Alpaka M\u00fctze Napkini Copper ist nicht nur aus herrlich weicher Alpakawolle, sondern sie erz\u00e4hlt auch die Geschichte der indigenen V\u00f6lker Perus, von ihren Traditionen, ihrem Land und der magischen Sch\u00f6nheit der Natur am Fu\u00dfe der Anden.<\/p>\n","protected":false},"excerpt":{"rendered":"<p>Faire Strickmode, handgefertigt in Peru | 100% Alpakawolle | Innenfutter 100% Biobaumwolljersey f\u00fcr besonderen Tragekomfort | Intarsienstrick in Orange, Gr\u00fcn, Rot und Gelb<\/p>\n<p>Passend dazu: <strong><a href=\"https:\/\/annamariaangelika.com\/de\/shop\/alpaka-schal-gestrickt-napkini-copper\/\">Alpaka Schal gestrickt Napkini Copper<\/a><\/strong>, Unisex Gr\u00f6\u00dfe<\/p>\n","protected":false},"featured_media":8341,"template":"","meta":{"_acf_changed":false},"product_brand":[],"product_cat":[128,135,134,130],"product_tag":[],"class_list":{"0":"post-11286","1":"product","2":"type-product","3":"status-publish","4":"has-post-thumbnail","6":"product_cat-accessoires","7":"product_cat-damen","8":"product_cat-herren","9":"product_cat-muetzen","11":"first","12":"outofstock","13":"taxable","14":"shipping-taxable","15":"purchasable","16":"product-type-simple"},"acf":[],"yoast_head":"<!-- This site is optimized with the Yoast SEO plugin v27.4 - https:\/\/yoast.com\/product\/yoast-seo-wordpress\/ -->\n<title>Alpaka M\u00fctze Napkini Copper aus 100% Alpakawolle bestellen<\/title>\n<meta name=\"description\" content=\"Alpaka M\u00fctze Napkini Copper Unisex \u2714 Aus 100% Alpakawolle \u2714 Slow Fashion aus Peru \u2714 0\u20ac Versand \u2714 Jetzt fair bestellen bei ANNAMARIAANGELIKA!\" \/>\n<meta name=\"robots\" content=\"index, follow, max-snippet:-1, max-image-preview:large, max-video-preview:-1\" \/>\n<link rel=\"canonical\" href=\"https:\/\/annamariaangelika.com\/de\/shop\/alpaka-muetze-napkini-copper\/\" \/>\n<meta property=\"og:locale\" content=\"de_DE\" \/>\n<meta property=\"og:type\" content=\"article\" \/>\n<meta property=\"og:title\" content=\"Alpaka M\u00fctze Napkini Copper aus 100% Alpakawolle bestellen\" \/>\n<meta property=\"og:description\" content=\"Alpaka M\u00fctze Napkini Copper Unisex \u2714 Aus 100% Alpakawolle \u2714 Slow Fashion aus Peru \u2714 0\u20ac Versand \u2714 Jetzt fair bestellen bei ANNAMARIAANGELIKA!\" \/>\n<meta property=\"og:url\" content=\"https:\/\/annamariaangelika.com\/de\/shop\/alpaka-muetze-napkini-copper\/\" \/>\n<meta property=\"og:site_name\" content=\"ANNAMARIAANGELIKA\" \/>\n<meta property=\"article:publisher\" content=\"https:\/\/www.facebook.com\/annamariaangelika.de\" \/>\n<meta property=\"article:modified_time\" content=\"2024-12-29T20:43:40+00:00\" \/>\n<meta property=\"og:image\" content=\"https:\/\/annamariaangelika.com\/wp-content\/uploads\/2021\/05\/Beanie_Napkini_cooper_AMA_1.jpg\" \/>\n\t<meta property=\"og:image:width\" content=\"768\" \/>\n\t<meta property=\"og:image:height\" content=\"1024\" \/>\n\t<meta property=\"og:image:type\" content=\"image\/jpeg\" \/>\n<meta name=\"twitter:card\" content=\"summary_large_image\" \/>\n<meta name=\"twitter:label1\" content=\"Gesch\u00e4tzte Lesezeit\" \/>\n\t<meta name=\"twitter:data1\" content=\"1\u00a0Minute\" \/>\n<script type=\"application\/ld+json\" class=\"yoast-schema-graph\">{\"@context\":\"https:\\\/\\\/schema.org\",\"@graph\":[{\"@type\":\"WebPage\",\"@id\":\"https:\\\/\\\/annamariaangelika.com\\\/de\\\/shop\\\/alpaka-muetze-napkini-copper\\\/\",\"url\":\"https:\\\/\\\/annamariaangelika.com\\\/de\\\/shop\\\/alpaka-muetze-napkini-copper\\\/\",\"name\":\"Alpaka M\u00fctze Napkini Copper aus 100% Alpakawolle bestellen\",\"isPartOf\":{\"@id\":\"https:\\\/\\\/annamariaangelika.com\\\/de\\\/#website\"},\"primaryImageOfPage\":{\"@id\":\"https:\\\/\\\/annamariaangelika.com\\\/de\\\/shop\\\/alpaka-muetze-napkini-copper\\\/#primaryimage\"},\"image\":{\"@id\":\"https:\\\/\\\/annamariaangelika.com\\\/de\\\/shop\\\/alpaka-muetze-napkini-copper\\\/#primaryimage\"},\"thumbnailUrl\":\"https:\\\/\\\/annamariaangelika.com\\\/wp-content\\\/uploads\\\/2021\\\/05\\\/Beanie_Napkini_cooper_AMA_1.jpg\",\"datePublished\":\"2021-05-26T09:45:42+00:00\",\"dateModified\":\"2024-12-29T20:43:40+00:00\",\"description\":\"Alpaka M\u00fctze Napkini Copper Unisex \u2714 Aus 100% Alpakawolle \u2714 Slow Fashion aus Peru \u2714 0\u20ac Versand \u2714 Jetzt fair bestellen bei ANNAMARIAANGELIKA!\",\"breadcrumb\":{\"@id\":\"https:\\\/\\\/annamariaangelika.com\\\/de\\\/shop\\\/alpaka-muetze-napkini-copper\\\/#breadcrumb\"},\"inLanguage\":\"de\",\"potentialAction\":[{\"@type\":\"ReadAction\",\"target\":[\"https:\\\/\\\/annamariaangelika.com\\\/de\\\/shop\\\/alpaka-muetze-napkini-copper\\\/\"]}]},{\"@type\":\"ImageObject\",\"inLanguage\":\"de\",\"@id\":\"https:\\\/\\\/annamariaangelika.com\\\/de\\\/shop\\\/alpaka-muetze-napkini-copper\\\/#primaryimage\",\"url\":\"https:\\\/\\\/annamariaangelika.com\\\/wp-content\\\/uploads\\\/2021\\\/05\\\/Beanie_Napkini_cooper_AMA_1.jpg\",\"contentUrl\":\"https:\\\/\\\/annamariaangelika.com\\\/wp-content\\\/uploads\\\/2021\\\/05\\\/Beanie_Napkini_cooper_AMA_1.jpg\",\"width\":768,\"height\":1024,\"caption\":\"Alpaka M\u00fctze Napkini Copper aus 100% Alpakawolle bei ANNAMARIAANGELIKA bestellen\"},{\"@type\":\"BreadcrumbList\",\"@id\":\"https:\\\/\\\/annamariaangelika.com\\\/de\\\/shop\\\/alpaka-muetze-napkini-copper\\\/#breadcrumb\",\"itemListElement\":[{\"@type\":\"ListItem\",\"position\":1,\"name\":\"Shop\",\"item\":\"https:\\\/\\\/annamariaangelika.com\\\/de\\\/shop\\\/\"},{\"@type\":\"ListItem\",\"position\":2,\"name\":\"Accessoires\",\"item\":\"https:\\\/\\\/annamariaangelika.com\\\/de\\\/product-category\\\/accessoires\\\/\"},{\"@type\":\"ListItem\",\"position\":3,\"name\":\"Alpaka M\u00fctze Napkini Copper Unisex, 100% Alpakawolle\"}]},{\"@type\":\"WebSite\",\"@id\":\"https:\\\/\\\/annamariaangelika.com\\\/de\\\/#website\",\"url\":\"https:\\\/\\\/annamariaangelika.com\\\/de\\\/\",\"name\":\"ANNAMARIAANGELIKA\",\"description\":\"Fair &amp; handmade Premium Knitwear\",\"publisher\":{\"@id\":\"https:\\\/\\\/annamariaangelika.com\\\/de\\\/#organization\"},\"potentialAction\":[{\"@type\":\"SearchAction\",\"target\":{\"@type\":\"EntryPoint\",\"urlTemplate\":\"https:\\\/\\\/annamariaangelika.com\\\/de\\\/?s={search_term_string}\"},\"query-input\":{\"@type\":\"PropertyValueSpecification\",\"valueRequired\":true,\"valueName\":\"search_term_string\"}}],\"inLanguage\":\"de\"},{\"@type\":\"Organization\",\"@id\":\"https:\\\/\\\/annamariaangelika.com\\\/de\\\/#organization\",\"name\":\"ANNAMARIAANGELIKA\",\"url\":\"https:\\\/\\\/annamariaangelika.com\\\/de\\\/\",\"logo\":{\"@type\":\"ImageObject\",\"inLanguage\":\"de\",\"@id\":\"https:\\\/\\\/annamariaangelika.com\\\/de\\\/#\\\/schema\\\/logo\\\/image\\\/\",\"url\":\"https:\\\/\\\/annamariaangelika.com\\\/wp-content\\\/uploads\\\/2020\\\/04\\\/logo_pdf.png\",\"contentUrl\":\"https:\\\/\\\/annamariaangelika.com\\\/wp-content\\\/uploads\\\/2020\\\/04\\\/logo_pdf.png\",\"width\":300,\"height\":19,\"caption\":\"ANNAMARIAANGELIKA\"},\"image\":{\"@id\":\"https:\\\/\\\/annamariaangelika.com\\\/de\\\/#\\\/schema\\\/logo\\\/image\\\/\"},\"sameAs\":[\"https:\\\/\\\/www.facebook.com\\\/annamariaangelika.de\",\"https:\\\/\\\/www.instagram.com\\\/_annamariaangelika_\\\/\",\"https:\\\/\\\/www.pinterest.de\\\/annamangelika\\\/\"]}]}<\/script>\n<!-- \/ Yoast SEO plugin. -->","yoast_head_json":{"title":"Alpaka M\u00fctze Napkini Copper aus 100% Alpakawolle bestellen","description":"Alpaka M\u00fctze Napkini Copper Unisex \u2714 Aus 100% Alpakawolle \u2714 Slow Fashion aus Peru \u2714 0\u20ac Versand \u2714 Jetzt fair bestellen bei ANNAMARIAANGELIKA!","robots":{"index":"index","follow":"follow","max-snippet":"max-snippet:-1","max-image-preview":"max-image-preview:large","max-video-preview":"max-video-preview:-1"},"canonical":"https:\/\/annamariaangelika.com\/de\/shop\/alpaka-muetze-napkini-copper\/","og_locale":"de_DE","og_type":"article","og_title":"Alpaka M\u00fctze Napkini Copper aus 100% Alpakawolle bestellen","og_description":"Alpaka M\u00fctze Napkini Copper Unisex \u2714 Aus 100% Alpakawolle \u2714 Slow Fashion aus Peru \u2714 0\u20ac Versand \u2714 Jetzt fair bestellen bei ANNAMARIAANGELIKA!","og_url":"https:\/\/annamariaangelika.com\/de\/shop\/alpaka-muetze-napkini-copper\/","og_site_name":"ANNAMARIAANGELIKA","article_publisher":"https:\/\/www.facebook.com\/annamariaangelika.de","article_modified_time":"2024-12-29T20:43:40+00:00","og_image":[{"width":768,"height":1024,"url":"https:\/\/annamariaangelika.com\/wp-content\/uploads\/2021\/05\/Beanie_Napkini_cooper_AMA_1.jpg","type":"image\/jpeg"}],"twitter_card":"summary_large_image","twitter_misc":{"Gesch\u00e4tzte Lesezeit":"1\u00a0Minute"},"schema":{"@context":"https:\/\/schema.org","@graph":[{"@type":"WebPage","@id":"https:\/\/annamariaangelika.com\/de\/shop\/alpaka-muetze-napkini-copper\/","url":"https:\/\/annamariaangelika.com\/de\/shop\/alpaka-muetze-napkini-copper\/","name":"Alpaka M\u00fctze Napkini Copper aus 100% Alpakawolle bestellen","isPartOf":{"@id":"https:\/\/annamariaangelika.com\/de\/#website"},"primaryImageOfPage":{"@id":"https:\/\/annamariaangelika.com\/de\/shop\/alpaka-muetze-napkini-copper\/#primaryimage"},"image":{"@id":"https:\/\/annamariaangelika.com\/de\/shop\/alpaka-muetze-napkini-copper\/#primaryimage"},"thumbnailUrl":"https:\/\/annamariaangelika.com\/wp-content\/uploads\/2021\/05\/Beanie_Napkini_cooper_AMA_1.jpg","datePublished":"2021-05-26T09:45:42+00:00","dateModified":"2024-12-29T20:43:40+00:00","description":"Alpaka M\u00fctze Napkini Copper Unisex \u2714 Aus 100% Alpakawolle \u2714 Slow Fashion aus Peru \u2714 0\u20ac Versand \u2714 Jetzt fair bestellen bei ANNAMARIAANGELIKA!","breadcrumb":{"@id":"https:\/\/annamariaangelika.com\/de\/shop\/alpaka-muetze-napkini-copper\/#breadcrumb"},"inLanguage":"de","potentialAction":[{"@type":"ReadAction","target":["https:\/\/annamariaangelika.com\/de\/shop\/alpaka-muetze-napkini-copper\/"]}]},{"@type":"ImageObject","inLanguage":"de","@id":"https:\/\/annamariaangelika.com\/de\/shop\/alpaka-muetze-napkini-copper\/#primaryimage","url":"https:\/\/annamariaangelika.com\/wp-content\/uploads\/2021\/05\/Beanie_Napkini_cooper_AMA_1.jpg","contentUrl":"https:\/\/annamariaangelika.com\/wp-content\/uploads\/2021\/05\/Beanie_Napkini_cooper_AMA_1.jpg","width":768,"height":1024,"caption":"Alpaka M\u00fctze Napkini Copper aus 100% Alpakawolle bei ANNAMARIAANGELIKA bestellen"},{"@type":"BreadcrumbList","@id":"https:\/\/annamariaangelika.com\/de\/shop\/alpaka-muetze-napkini-copper\/#breadcrumb","itemListElement":[{"@type":"ListItem","position":1,"name":"Shop","item":"https:\/\/annamariaangelika.com\/de\/shop\/"},{"@type":"ListItem","position":2,"name":"Accessoires","item":"https:\/\/annamariaangelika.com\/de\/product-category\/accessoires\/"},{"@type":"ListItem","position":3,"name":"Alpaka M\u00fctze Napkini Copper Unisex, 100% Alpakawolle"}]},{"@type":"WebSite","@id":"https:\/\/annamariaangelika.com\/de\/#website","url":"https:\/\/annamariaangelika.com\/de\/","name":"ANNAMARIAANGELIKA","description":"Fair &amp; handmade Premium Knitwear","publisher":{"@id":"https:\/\/annamariaangelika.com\/de\/#organization"},"potentialAction":[{"@type":"SearchAction","target":{"@type":"EntryPoint","urlTemplate":"https:\/\/annamariaangelika.com\/de\/?s={search_term_string}"},"query-input":{"@type":"PropertyValueSpecification","valueRequired":true,"valueName":"search_term_string"}}],"inLanguage":"de"},{"@type":"Organization","@id":"https:\/\/annamariaangelika.com\/de\/#organization","name":"ANNAMARIAANGELIKA","url":"https:\/\/annamariaangelika.com\/de\/","logo":{"@type":"ImageObject","inLanguage":"de","@id":"https:\/\/annamariaangelika.com\/de\/#\/schema\/logo\/image\/","url":"https:\/\/annamariaangelika.com\/wp-content\/uploads\/2020\/04\/logo_pdf.png","contentUrl":"https:\/\/annamariaangelika.com\/wp-content\/uploads\/2020\/04\/logo_pdf.png","width":300,"height":19,"caption":"ANNAMARIAANGELIKA"},"image":{"@id":"https:\/\/annamariaangelika.com\/de\/#\/schema\/logo\/image\/"},"sameAs":["https:\/\/www.facebook.com\/annamariaangelika.de","https:\/\/www.instagram.com\/_annamariaangelika_\/","https:\/\/www.pinterest.de\/annamangelika\/"]}]}},"_links":{"self":[{"href":"https:\/\/annamariaangelika.com\/de\/wp-json\/wp\/v2\/product\/11286","targetHints":{"allow":["GET"]}}],"collection":[{"href":"https:\/\/annamariaangelika.com\/de\/wp-json\/wp\/v2\/product"}],"about":[{"href":"https:\/\/annamariaangelika.com\/de\/wp-json\/wp\/v2\/types\/product"}],"wp:featuredmedia":[{"embeddable":true,"href":"https:\/\/annamariaangelika.com\/de\/wp-json\/wp\/v2\/media\/8341"}],"wp:attachment":[{"href":"https:\/\/annamariaangelika.com\/de\/wp-json\/wp\/v2\/media?parent=11286"}],"wp:term":[{"taxonomy":"product_brand","embeddable":true,"href":"https:\/\/annamariaangelika.com\/de\/wp-json\/wp\/v2\/product_brand?post=11286"},{"taxonomy":"product_cat","embeddable":true,"href":"https:\/\/annamariaangelika.com\/de\/wp-json\/wp\/v2\/product_cat?post=11286"},{"taxonomy":"product_tag","embeddable":true,"href":"https:\/\/annamariaangelika.com\/de\/wp-json\/wp\/v2\/product_tag?post=11286"}],"curies":[{"name":"wp","href":"https:\/\/api.w.org\/{rel}","templated":true}]}}