{"id":11132,"date":"2022-11-19T16:46:43","date_gmt":"2022-11-19T15:46:44","guid":{"rendered":"https:\/\/annamariaangelika.com\/?post_type=product&#038;p=11132"},"modified":"2024-12-30T10:30:08","modified_gmt":"2024-12-30T09:30:08","slug":"armstulpen-cuzco-bio-baumwolle","status":"publish","type":"product","link":"https:\/\/annamariaangelika.com\/de\/shop\/armstulpen-cuzco-bio-baumwolle\/","title":{"rendered":"Armstulpen Cuzco aus 100% Bio-Baumwolle"},"content":{"rendered":"<h3><b>Ein sch\u00f6ner Grund zur Freude: die handgefertigten Handstulpen Cuzco<\/b><\/h3>\n<p class=\"p1\">Unsere liebsten Erinnerungen an die Schulzeit sind oft nicht von akademischer Natur. Meist sind es die Momente, in denen wir mit unseren Freunden gelacht und Abenteuer erlebt haben.<\/p>\n<p class=\"p1\">Die aus Biobaumwolle handgefertigten Armstulpen Cuzco m\u00f6chten dich einladen, genau diese Ausgelassenheit wieder in dein Leben zu lassen.<\/p>\n<p class=\"p3\"><span class=\"s1\">Inspiriert wurde ihr buntes Design von einer Gruppe von Kindern, die das 25-j\u00e4hrige Bestehen ihrer Schule am Fu\u00dfe der Anden feierten. Mit ausdrucksstarken Kost\u00fcmen zeigten sie ihre Freude verbrachten einen wunderbaren Nachmittag, an dem auch ANNAMARIAANGELIKAs Head Designerin teilhaben durfte. Von bunten modernen Ideen bis hin zu traditionellen Outfits war alles dabei, die Kreativit\u00e4t der Kinder kannte keine Grenzen.<\/span><\/p>\n","protected":false},"excerpt":{"rendered":"<p class=\"p1\">Faire Strickmode, handgefertigt in Peru | 100% Biobaumwolle |<\/p>\n<p class=\"p1\">| Intarsienstrick mit 8 Farben | Vegan | <a href=\"https:\/\/annamariaangelika.com\/de\/shop\/strick-pullover-cuzco-bio-baumwolle\/\">Strickpullover<\/a> in passendem Design erh\u00e4ltlich<\/p>\n","protected":false},"featured_media":11139,"template":"","meta":{"_acf_changed":false},"product_brand":[],"product_cat":[128,135,134,130],"product_tag":[],"class_list":{"0":"post-11132","1":"product","2":"type-product","3":"status-publish","4":"has-post-thumbnail","6":"product_cat-accessoires","7":"product_cat-damen","8":"product_cat-herren","9":"product_cat-muetzen","11":"first","12":"outofstock","13":"sale","14":"taxable","15":"shipping-taxable","16":"purchasable","17":"product-type-simple"},"acf":[],"yoast_head":"<!-- This site is optimized with the Yoast SEO plugin v27.3 - https:\/\/yoast.com\/product\/yoast-seo-wordpress\/ -->\n<title>Armstulpen Cuzco aus 100% Bio-Baumwolle aus Peru bestellen<\/title>\n<meta name=\"description\" content=\"Armstulpen Cuzco \u2714 Aus 100% Bio-Baumwolle \u2714 Slow Fashion aus Peru \u2714 0\u20ac Versand \u2714 Jetzt fair bestellen bei ANNAMARIAANGELIKA!\" \/>\n<meta name=\"robots\" content=\"index, follow, max-snippet:-1, max-image-preview:large, max-video-preview:-1\" \/>\n<link rel=\"canonical\" href=\"https:\/\/annamariaangelika.com\/de\/shop\/armstulpen-cuzco-bio-baumwolle\/\" \/>\n<meta property=\"og:locale\" content=\"de_DE\" \/>\n<meta property=\"og:type\" content=\"article\" \/>\n<meta property=\"og:title\" content=\"Armstulpen Cuzco aus 100% Bio-Baumwolle aus Peru bestellen\" \/>\n<meta property=\"og:description\" content=\"Armstulpen Cuzco \u2714 Aus 100% Bio-Baumwolle \u2714 Slow Fashion aus Peru \u2714 0\u20ac Versand \u2714 Jetzt fair bestellen bei ANNAMARIAANGELIKA!\" \/>\n<meta property=\"og:url\" content=\"https:\/\/annamariaangelika.com\/de\/shop\/armstulpen-cuzco-bio-baumwolle\/\" \/>\n<meta property=\"og:site_name\" content=\"ANNAMARIAANGELIKA\" \/>\n<meta property=\"article:publisher\" content=\"https:\/\/www.facebook.com\/annamariaangelika.de\" \/>\n<meta property=\"article:modified_time\" content=\"2024-12-30T09:30:08+00:00\" \/>\n<meta property=\"og:image\" content=\"https:\/\/annamariaangelika.com\/wp-content\/uploads\/2022\/11\/Armstulpen_Cuzco_Bio_Baumwolle_Model.jpg\" \/>\n\t<meta property=\"og:image:width\" content=\"600\" \/>\n\t<meta property=\"og:image:height\" content=\"800\" \/>\n\t<meta property=\"og:image:type\" content=\"image\/jpeg\" \/>\n<meta name=\"twitter:card\" content=\"summary_large_image\" \/>\n<meta name=\"twitter:label1\" content=\"Gesch\u00e4tzte Lesezeit\" \/>\n\t<meta name=\"twitter:data1\" content=\"1\u00a0Minute\" \/>\n<script type=\"application\/ld+json\" class=\"yoast-schema-graph\">{\"@context\":\"https:\\\/\\\/schema.org\",\"@graph\":[{\"@type\":\"WebPage\",\"@id\":\"https:\\\/\\\/annamariaangelika.com\\\/de\\\/shop\\\/armstulpen-cuzco-bio-baumwolle\\\/\",\"url\":\"https:\\\/\\\/annamariaangelika.com\\\/de\\\/shop\\\/armstulpen-cuzco-bio-baumwolle\\\/\",\"name\":\"Armstulpen Cuzco aus 100% Bio-Baumwolle aus Peru bestellen\",\"isPartOf\":{\"@id\":\"https:\\\/\\\/annamariaangelika.com\\\/de\\\/#website\"},\"primaryImageOfPage\":{\"@id\":\"https:\\\/\\\/annamariaangelika.com\\\/de\\\/shop\\\/armstulpen-cuzco-bio-baumwolle\\\/#primaryimage\"},\"image\":{\"@id\":\"https:\\\/\\\/annamariaangelika.com\\\/de\\\/shop\\\/armstulpen-cuzco-bio-baumwolle\\\/#primaryimage\"},\"thumbnailUrl\":\"https:\\\/\\\/annamariaangelika.com\\\/wp-content\\\/uploads\\\/2022\\\/11\\\/Armstulpen_Cuzco_Bio_Baumwolle_Model.jpg\",\"datePublished\":\"2022-11-19T15:46:44+00:00\",\"dateModified\":\"2024-12-30T09:30:08+00:00\",\"description\":\"Armstulpen Cuzco \u2714 Aus 100% Bio-Baumwolle \u2714 Slow Fashion aus Peru \u2714 0\u20ac Versand \u2714 Jetzt fair bestellen bei ANNAMARIAANGELIKA!\",\"breadcrumb\":{\"@id\":\"https:\\\/\\\/annamariaangelika.com\\\/de\\\/shop\\\/armstulpen-cuzco-bio-baumwolle\\\/#breadcrumb\"},\"inLanguage\":\"de\",\"potentialAction\":[{\"@type\":\"ReadAction\",\"target\":[\"https:\\\/\\\/annamariaangelika.com\\\/de\\\/shop\\\/armstulpen-cuzco-bio-baumwolle\\\/\"]}]},{\"@type\":\"ImageObject\",\"inLanguage\":\"de\",\"@id\":\"https:\\\/\\\/annamariaangelika.com\\\/de\\\/shop\\\/armstulpen-cuzco-bio-baumwolle\\\/#primaryimage\",\"url\":\"https:\\\/\\\/annamariaangelika.com\\\/wp-content\\\/uploads\\\/2022\\\/11\\\/Armstulpen_Cuzco_Bio_Baumwolle_Model.jpg\",\"contentUrl\":\"https:\\\/\\\/annamariaangelika.com\\\/wp-content\\\/uploads\\\/2022\\\/11\\\/Armstulpen_Cuzco_Bio_Baumwolle_Model.jpg\",\"width\":600,\"height\":800,\"caption\":\"Armstulpen Cuzco aus 100% Bio-Baumwolle, angezogen pr\u00e4sentiert\"},{\"@type\":\"BreadcrumbList\",\"@id\":\"https:\\\/\\\/annamariaangelika.com\\\/de\\\/shop\\\/armstulpen-cuzco-bio-baumwolle\\\/#breadcrumb\",\"itemListElement\":[{\"@type\":\"ListItem\",\"position\":1,\"name\":\"Shop\",\"item\":\"https:\\\/\\\/annamariaangelika.com\\\/de\\\/shop\\\/\"},{\"@type\":\"ListItem\",\"position\":2,\"name\":\"Accessoires\",\"item\":\"https:\\\/\\\/annamariaangelika.com\\\/de\\\/product-category\\\/accessoires\\\/\"},{\"@type\":\"ListItem\",\"position\":3,\"name\":\"Armstulpen Cuzco aus 100% Bio-Baumwolle\"}]},{\"@type\":\"WebSite\",\"@id\":\"https:\\\/\\\/annamariaangelika.com\\\/de\\\/#website\",\"url\":\"https:\\\/\\\/annamariaangelika.com\\\/de\\\/\",\"name\":\"ANNAMARIAANGELIKA\",\"description\":\"Fair &amp; handmade Premium Knitwear\",\"publisher\":{\"@id\":\"https:\\\/\\\/annamariaangelika.com\\\/de\\\/#organization\"},\"potentialAction\":[{\"@type\":\"SearchAction\",\"target\":{\"@type\":\"EntryPoint\",\"urlTemplate\":\"https:\\\/\\\/annamariaangelika.com\\\/de\\\/?s={search_term_string}\"},\"query-input\":{\"@type\":\"PropertyValueSpecification\",\"valueRequired\":true,\"valueName\":\"search_term_string\"}}],\"inLanguage\":\"de\"},{\"@type\":\"Organization\",\"@id\":\"https:\\\/\\\/annamariaangelika.com\\\/de\\\/#organization\",\"name\":\"ANNAMARIAANGELIKA\",\"url\":\"https:\\\/\\\/annamariaangelika.com\\\/de\\\/\",\"logo\":{\"@type\":\"ImageObject\",\"inLanguage\":\"de\",\"@id\":\"https:\\\/\\\/annamariaangelika.com\\\/de\\\/#\\\/schema\\\/logo\\\/image\\\/\",\"url\":\"https:\\\/\\\/annamariaangelika.com\\\/wp-content\\\/uploads\\\/2020\\\/04\\\/logo_pdf.png\",\"contentUrl\":\"https:\\\/\\\/annamariaangelika.com\\\/wp-content\\\/uploads\\\/2020\\\/04\\\/logo_pdf.png\",\"width\":300,\"height\":19,\"caption\":\"ANNAMARIAANGELIKA\"},\"image\":{\"@id\":\"https:\\\/\\\/annamariaangelika.com\\\/de\\\/#\\\/schema\\\/logo\\\/image\\\/\"},\"sameAs\":[\"https:\\\/\\\/www.facebook.com\\\/annamariaangelika.de\",\"https:\\\/\\\/www.instagram.com\\\/_annamariaangelika_\\\/\",\"https:\\\/\\\/www.pinterest.de\\\/annamangelika\\\/\"]}]}<\/script>\n<!-- \/ Yoast SEO plugin. -->","yoast_head_json":{"title":"Armstulpen Cuzco aus 100% Bio-Baumwolle aus Peru bestellen","description":"Armstulpen Cuzco \u2714 Aus 100% Bio-Baumwolle \u2714 Slow Fashion aus Peru \u2714 0\u20ac Versand \u2714 Jetzt fair bestellen bei ANNAMARIAANGELIKA!","robots":{"index":"index","follow":"follow","max-snippet":"max-snippet:-1","max-image-preview":"max-image-preview:large","max-video-preview":"max-video-preview:-1"},"canonical":"https:\/\/annamariaangelika.com\/de\/shop\/armstulpen-cuzco-bio-baumwolle\/","og_locale":"de_DE","og_type":"article","og_title":"Armstulpen Cuzco aus 100% Bio-Baumwolle aus Peru bestellen","og_description":"Armstulpen Cuzco \u2714 Aus 100% Bio-Baumwolle \u2714 Slow Fashion aus Peru \u2714 0\u20ac Versand \u2714 Jetzt fair bestellen bei ANNAMARIAANGELIKA!","og_url":"https:\/\/annamariaangelika.com\/de\/shop\/armstulpen-cuzco-bio-baumwolle\/","og_site_name":"ANNAMARIAANGELIKA","article_publisher":"https:\/\/www.facebook.com\/annamariaangelika.de","article_modified_time":"2024-12-30T09:30:08+00:00","og_image":[{"width":600,"height":800,"url":"https:\/\/annamariaangelika.com\/wp-content\/uploads\/2022\/11\/Armstulpen_Cuzco_Bio_Baumwolle_Model.jpg","type":"image\/jpeg"}],"twitter_card":"summary_large_image","twitter_misc":{"Gesch\u00e4tzte Lesezeit":"1\u00a0Minute"},"schema":{"@context":"https:\/\/schema.org","@graph":[{"@type":"WebPage","@id":"https:\/\/annamariaangelika.com\/de\/shop\/armstulpen-cuzco-bio-baumwolle\/","url":"https:\/\/annamariaangelika.com\/de\/shop\/armstulpen-cuzco-bio-baumwolle\/","name":"Armstulpen Cuzco aus 100% Bio-Baumwolle aus Peru bestellen","isPartOf":{"@id":"https:\/\/annamariaangelika.com\/de\/#website"},"primaryImageOfPage":{"@id":"https:\/\/annamariaangelika.com\/de\/shop\/armstulpen-cuzco-bio-baumwolle\/#primaryimage"},"image":{"@id":"https:\/\/annamariaangelika.com\/de\/shop\/armstulpen-cuzco-bio-baumwolle\/#primaryimage"},"thumbnailUrl":"https:\/\/annamariaangelika.com\/wp-content\/uploads\/2022\/11\/Armstulpen_Cuzco_Bio_Baumwolle_Model.jpg","datePublished":"2022-11-19T15:46:44+00:00","dateModified":"2024-12-30T09:30:08+00:00","description":"Armstulpen Cuzco \u2714 Aus 100% Bio-Baumwolle \u2714 Slow Fashion aus Peru \u2714 0\u20ac Versand \u2714 Jetzt fair bestellen bei ANNAMARIAANGELIKA!","breadcrumb":{"@id":"https:\/\/annamariaangelika.com\/de\/shop\/armstulpen-cuzco-bio-baumwolle\/#breadcrumb"},"inLanguage":"de","potentialAction":[{"@type":"ReadAction","target":["https:\/\/annamariaangelika.com\/de\/shop\/armstulpen-cuzco-bio-baumwolle\/"]}]},{"@type":"ImageObject","inLanguage":"de","@id":"https:\/\/annamariaangelika.com\/de\/shop\/armstulpen-cuzco-bio-baumwolle\/#primaryimage","url":"https:\/\/annamariaangelika.com\/wp-content\/uploads\/2022\/11\/Armstulpen_Cuzco_Bio_Baumwolle_Model.jpg","contentUrl":"https:\/\/annamariaangelika.com\/wp-content\/uploads\/2022\/11\/Armstulpen_Cuzco_Bio_Baumwolle_Model.jpg","width":600,"height":800,"caption":"Armstulpen Cuzco aus 100% Bio-Baumwolle, angezogen pr\u00e4sentiert"},{"@type":"BreadcrumbList","@id":"https:\/\/annamariaangelika.com\/de\/shop\/armstulpen-cuzco-bio-baumwolle\/#breadcrumb","itemListElement":[{"@type":"ListItem","position":1,"name":"Shop","item":"https:\/\/annamariaangelika.com\/de\/shop\/"},{"@type":"ListItem","position":2,"name":"Accessoires","item":"https:\/\/annamariaangelika.com\/de\/product-category\/accessoires\/"},{"@type":"ListItem","position":3,"name":"Armstulpen Cuzco aus 100% Bio-Baumwolle"}]},{"@type":"WebSite","@id":"https:\/\/annamariaangelika.com\/de\/#website","url":"https:\/\/annamariaangelika.com\/de\/","name":"ANNAMARIAANGELIKA","description":"Fair &amp; handmade Premium Knitwear","publisher":{"@id":"https:\/\/annamariaangelika.com\/de\/#organization"},"potentialAction":[{"@type":"SearchAction","target":{"@type":"EntryPoint","urlTemplate":"https:\/\/annamariaangelika.com\/de\/?s={search_term_string}"},"query-input":{"@type":"PropertyValueSpecification","valueRequired":true,"valueName":"search_term_string"}}],"inLanguage":"de"},{"@type":"Organization","@id":"https:\/\/annamariaangelika.com\/de\/#organization","name":"ANNAMARIAANGELIKA","url":"https:\/\/annamariaangelika.com\/de\/","logo":{"@type":"ImageObject","inLanguage":"de","@id":"https:\/\/annamariaangelika.com\/de\/#\/schema\/logo\/image\/","url":"https:\/\/annamariaangelika.com\/wp-content\/uploads\/2020\/04\/logo_pdf.png","contentUrl":"https:\/\/annamariaangelika.com\/wp-content\/uploads\/2020\/04\/logo_pdf.png","width":300,"height":19,"caption":"ANNAMARIAANGELIKA"},"image":{"@id":"https:\/\/annamariaangelika.com\/de\/#\/schema\/logo\/image\/"},"sameAs":["https:\/\/www.facebook.com\/annamariaangelika.de","https:\/\/www.instagram.com\/_annamariaangelika_\/","https:\/\/www.pinterest.de\/annamangelika\/"]}]}},"_links":{"self":[{"href":"https:\/\/annamariaangelika.com\/de\/wp-json\/wp\/v2\/product\/11132","targetHints":{"allow":["GET"]}}],"collection":[{"href":"https:\/\/annamariaangelika.com\/de\/wp-json\/wp\/v2\/product"}],"about":[{"href":"https:\/\/annamariaangelika.com\/de\/wp-json\/wp\/v2\/types\/product"}],"wp:featuredmedia":[{"embeddable":true,"href":"https:\/\/annamariaangelika.com\/de\/wp-json\/wp\/v2\/media\/11139"}],"wp:attachment":[{"href":"https:\/\/annamariaangelika.com\/de\/wp-json\/wp\/v2\/media?parent=11132"}],"wp:term":[{"taxonomy":"product_brand","embeddable":true,"href":"https:\/\/annamariaangelika.com\/de\/wp-json\/wp\/v2\/product_brand?post=11132"},{"taxonomy":"product_cat","embeddable":true,"href":"https:\/\/annamariaangelika.com\/de\/wp-json\/wp\/v2\/product_cat?post=11132"},{"taxonomy":"product_tag","embeddable":true,"href":"https:\/\/annamariaangelika.com\/de\/wp-json\/wp\/v2\/product_tag?post=11132"}],"curies":[{"name":"wp","href":"https:\/\/api.w.org\/{rel}","templated":true}]}}