{"id":10916,"date":"2021-06-07T15:32:33","date_gmt":"2021-06-07T13:32:33","guid":{"rendered":"https:\/\/annamariaangelika.com\/shop\/alpaka-pullover-cuzco\/"},"modified":"2024-12-30T20:41:39","modified_gmt":"2024-12-30T19:41:39","slug":"alpaka-pullover-cuzco-damen","status":"publish","type":"product","link":"https:\/\/annamariaangelika.com\/de\/shop\/alpaka-pullover-cuzco-damen\/","title":{"rendered":"Alpaka Pullover Cuzco Damen, Strickpullover 100% Alpakawolle"},"content":{"rendered":"<h3><span class=\"s1\"><b>Mit dem Strickpullover Cuzco aus Alpakawolle kommt Freude auf<\/b><\/span><\/h3>\n<p class=\"p1\"><span class=\"s1\">Denke wir an unsere Schulzeit zur\u00fcck, sind unsere sch\u00f6nsten Erinnerungen meist nicht akademischer Natur. Es sind Momente der Unbek\u00fcmmertheit mit unseren Schulfreunden. <\/span><\/p>\n<p class=\"p1\"><span class=\"s1\">Der handgemachte Strickpullover Cuzco m\u00f6chte dich auch heute wieder zu genau dieser Ausgelassenheit verf\u00fchren.<\/span><\/p>\n<p class=\"p1\"><span class=\"s1\">Inspiriert wurde sein buntes Design von einem Nachmittag, den ANNAMARIAANGELIKAs Head Designerin am Fu\u00dfe der Anden verbringen durfte. Dort befindet sich eine Schule, die Zu Ehren ihres 25-j\u00e4hrigen Bestehens alle Sch\u00fcler dazu aufgerufen hatte, ihre Freude mit ausdrucksstarken Kost\u00fcmen zu zeigen. Zu sehen gab es moderne Ideen der Kinder, wie auch traditionelle peruanische Gew\u00e4nder in vielen bunten Farben. Die Fantasie der Sch\u00fcler kannte keine Grenzen.<\/span><\/p>\n","protected":false},"excerpt":{"rendered":"<p class=\"p1\"><span class=\"s1\">Faire Strickmode, handgefertigt in Peru |<\/span><\/p>\n<p class=\"p1\"><span class=\"s1\">100% Alpakawolle | Intarsienstrick | <\/span><\/p>\n<p class=\"p1\"><span class=\"s1\"><a href=\"https:\/\/annamariaangelika.com\/de\/shop\/alpaka-strickmuetze-cuzco\/\">Strickm\u00fctze<\/a> und <a href=\"https:\/\/annamariaangelika.com\/de\/shop\/alpaka-loopschal-cuzco\/\">Strick-Loopschal<\/a> in passendem Design erh\u00e4ltlich<\/span><\/p>\n<p><strong>S\/M<\/strong> Brustweite: 51 cm, L\u00e4nge: 69 cm, \u00c4rmell\u00e4nge: 73 cm<\/p>\n<p><strong>AUSVERKAUFT: M\/L <\/strong>Brustweite: 55 cm, L\u00e4nge: 69 cm, \u00c4rmell\u00e4nge: 78 cm<\/p>\n<p><strong>AUSVERKAUFT: L\/XL <\/strong>Brustweite: 57 cm, L\u00e4nge: 75 cm, \u00c4rmell\u00e4nge: 79 cm<\/p>\n<p><strong>XXL \/\u00a0OVERSIZED MINI DRESS\u00a0\u00a0<\/strong>Brustweite: 61,5 cm, L\u00e4nge: 78 cm, \u00c4rmell\u00e4nge: 85 cm<\/p>\n","protected":false},"featured_media":10852,"template":"","meta":{"_acf_changed":false},"product_brand":[],"product_cat":[135,142],"product_tag":[],"class_list":{"0":"post-10916","1":"product","2":"type-product","3":"status-publish","4":"has-post-thumbnail","6":"product_cat-damen","7":"product_cat-alpaka-pullover","9":"first","10":"outofstock","11":"sale","12":"taxable","13":"shipping-taxable","14":"purchasable","15":"product-type-variable"},"acf":[],"yoast_head":"<!-- This site is optimized with the Yoast SEO plugin v27.4 - https:\/\/yoast.com\/product\/yoast-seo-wordpress\/ -->\n<title>Alpaka Pullover Cuzco Damen | Slow Fashion online bestellen<\/title>\n<meta name=\"description\" content=\"Alpaka Pullover Cuzco f\u00fcr Damen \u2714 100% Alpakawolle \u2714 Slow Fashion aus Peru \u2714 Sch\u00f6ner Intarsienstrick \u2714 0\u20ac Versand \u2714 Jetzt bestellen!\" \/>\n<meta name=\"robots\" content=\"index, follow, max-snippet:-1, max-image-preview:large, max-video-preview:-1\" \/>\n<link rel=\"canonical\" href=\"https:\/\/annamariaangelika.com\/de\/shop\/alpaka-pullover-cuzco-damen\/\" \/>\n<meta property=\"og:locale\" content=\"de_DE\" \/>\n<meta property=\"og:type\" content=\"article\" \/>\n<meta property=\"og:title\" content=\"Alpaka Pullover Cuzco Damen | Slow Fashion online bestellen\" \/>\n<meta property=\"og:description\" content=\"Alpaka Pullover Cuzco f\u00fcr Damen \u2714 100% Alpakawolle \u2714 Slow Fashion aus Peru \u2714 Sch\u00f6ner Intarsienstrick \u2714 0\u20ac Versand \u2714 Jetzt bestellen!\" \/>\n<meta property=\"og:url\" content=\"https:\/\/annamariaangelika.com\/de\/shop\/alpaka-pullover-cuzco-damen\/\" \/>\n<meta property=\"og:site_name\" content=\"ANNAMARIAANGELIKA\" \/>\n<meta property=\"article:publisher\" content=\"https:\/\/www.facebook.com\/annamariaangelika.de\" \/>\n<meta property=\"article:modified_time\" content=\"2024-12-30T19:41:39+00:00\" \/>\n<meta property=\"og:image\" content=\"https:\/\/annamariaangelika.com\/wp-content\/uploads\/2021\/06\/Z_Cuzco_Sweater_1-scaled-e1668520105796.jpg\" \/>\n\t<meta property=\"og:image:width\" content=\"761\" \/>\n\t<meta property=\"og:image:height\" content=\"1100\" \/>\n\t<meta property=\"og:image:type\" content=\"image\/jpeg\" \/>\n<meta name=\"twitter:card\" content=\"summary_large_image\" \/>\n<meta name=\"twitter:label1\" content=\"Gesch\u00e4tzte Lesezeit\" \/>\n\t<meta name=\"twitter:data1\" content=\"1\u00a0Minute\" \/>\n<script type=\"application\/ld+json\" class=\"yoast-schema-graph\">{\"@context\":\"https:\\\/\\\/schema.org\",\"@graph\":[{\"@type\":\"WebPage\",\"@id\":\"https:\\\/\\\/annamariaangelika.com\\\/de\\\/shop\\\/alpaka-pullover-cuzco-damen\\\/\",\"url\":\"https:\\\/\\\/annamariaangelika.com\\\/de\\\/shop\\\/alpaka-pullover-cuzco-damen\\\/\",\"name\":\"Alpaka Pullover Cuzco Damen | Slow Fashion online bestellen\",\"isPartOf\":{\"@id\":\"https:\\\/\\\/annamariaangelika.com\\\/de\\\/#website\"},\"primaryImageOfPage\":{\"@id\":\"https:\\\/\\\/annamariaangelika.com\\\/de\\\/shop\\\/alpaka-pullover-cuzco-damen\\\/#primaryimage\"},\"image\":{\"@id\":\"https:\\\/\\\/annamariaangelika.com\\\/de\\\/shop\\\/alpaka-pullover-cuzco-damen\\\/#primaryimage\"},\"thumbnailUrl\":\"https:\\\/\\\/annamariaangelika.com\\\/wp-content\\\/uploads\\\/2021\\\/06\\\/Z_Cuzco_Sweater_1-scaled-e1668520105796.jpg\",\"datePublished\":\"2021-06-07T13:32:33+00:00\",\"dateModified\":\"2024-12-30T19:41:39+00:00\",\"description\":\"Alpaka Pullover Cuzco f\u00fcr Damen \u2714 100% Alpakawolle \u2714 Slow Fashion aus Peru \u2714 Sch\u00f6ner Intarsienstrick \u2714 0\u20ac Versand \u2714 Jetzt bestellen!\",\"breadcrumb\":{\"@id\":\"https:\\\/\\\/annamariaangelika.com\\\/de\\\/shop\\\/alpaka-pullover-cuzco-damen\\\/#breadcrumb\"},\"inLanguage\":\"de\",\"potentialAction\":[{\"@type\":\"ReadAction\",\"target\":[\"https:\\\/\\\/annamariaangelika.com\\\/de\\\/shop\\\/alpaka-pullover-cuzco-damen\\\/\"]}]},{\"@type\":\"ImageObject\",\"inLanguage\":\"de\",\"@id\":\"https:\\\/\\\/annamariaangelika.com\\\/de\\\/shop\\\/alpaka-pullover-cuzco-damen\\\/#primaryimage\",\"url\":\"https:\\\/\\\/annamariaangelika.com\\\/wp-content\\\/uploads\\\/2021\\\/06\\\/Z_Cuzco_Sweater_1-scaled-e1668520105796.jpg\",\"contentUrl\":\"https:\\\/\\\/annamariaangelika.com\\\/wp-content\\\/uploads\\\/2021\\\/06\\\/Z_Cuzco_Sweater_1-scaled-e1668520105796.jpg\",\"width\":761,\"height\":1100,\"caption\":\"Freisteller bunter Alpaka Pullover Cuzco Damen, Strickpullover 100% Alpakawolle bei ANNAMARIAANGELIKA bestellen\"},{\"@type\":\"BreadcrumbList\",\"@id\":\"https:\\\/\\\/annamariaangelika.com\\\/de\\\/shop\\\/alpaka-pullover-cuzco-damen\\\/#breadcrumb\",\"itemListElement\":[{\"@type\":\"ListItem\",\"position\":1,\"name\":\"Shop\",\"item\":\"https:\\\/\\\/annamariaangelika.com\\\/de\\\/shop\\\/\"},{\"@type\":\"ListItem\",\"position\":2,\"name\":\"Damen\",\"item\":\"https:\\\/\\\/annamariaangelika.com\\\/de\\\/product-category\\\/damen\\\/\"},{\"@type\":\"ListItem\",\"position\":3,\"name\":\"Alpaka Pullover Cuzco Damen, Strickpullover 100% Alpakawolle\"}]},{\"@type\":\"WebSite\",\"@id\":\"https:\\\/\\\/annamariaangelika.com\\\/de\\\/#website\",\"url\":\"https:\\\/\\\/annamariaangelika.com\\\/de\\\/\",\"name\":\"ANNAMARIAANGELIKA\",\"description\":\"Fair &amp; handmade Premium Knitwear\",\"publisher\":{\"@id\":\"https:\\\/\\\/annamariaangelika.com\\\/de\\\/#organization\"},\"potentialAction\":[{\"@type\":\"SearchAction\",\"target\":{\"@type\":\"EntryPoint\",\"urlTemplate\":\"https:\\\/\\\/annamariaangelika.com\\\/de\\\/?s={search_term_string}\"},\"query-input\":{\"@type\":\"PropertyValueSpecification\",\"valueRequired\":true,\"valueName\":\"search_term_string\"}}],\"inLanguage\":\"de\"},{\"@type\":\"Organization\",\"@id\":\"https:\\\/\\\/annamariaangelika.com\\\/de\\\/#organization\",\"name\":\"ANNAMARIAANGELIKA\",\"url\":\"https:\\\/\\\/annamariaangelika.com\\\/de\\\/\",\"logo\":{\"@type\":\"ImageObject\",\"inLanguage\":\"de\",\"@id\":\"https:\\\/\\\/annamariaangelika.com\\\/de\\\/#\\\/schema\\\/logo\\\/image\\\/\",\"url\":\"https:\\\/\\\/annamariaangelika.com\\\/wp-content\\\/uploads\\\/2020\\\/04\\\/logo_pdf.png\",\"contentUrl\":\"https:\\\/\\\/annamariaangelika.com\\\/wp-content\\\/uploads\\\/2020\\\/04\\\/logo_pdf.png\",\"width\":300,\"height\":19,\"caption\":\"ANNAMARIAANGELIKA\"},\"image\":{\"@id\":\"https:\\\/\\\/annamariaangelika.com\\\/de\\\/#\\\/schema\\\/logo\\\/image\\\/\"},\"sameAs\":[\"https:\\\/\\\/www.facebook.com\\\/annamariaangelika.de\",\"https:\\\/\\\/www.instagram.com\\\/_annamariaangelika_\\\/\",\"https:\\\/\\\/www.pinterest.de\\\/annamangelika\\\/\"]}]}<\/script>\n<!-- \/ Yoast SEO plugin. -->","yoast_head_json":{"title":"Alpaka Pullover Cuzco Damen | Slow Fashion online bestellen","description":"Alpaka Pullover Cuzco f\u00fcr Damen \u2714 100% Alpakawolle \u2714 Slow Fashion aus Peru \u2714 Sch\u00f6ner Intarsienstrick \u2714 0\u20ac Versand \u2714 Jetzt bestellen!","robots":{"index":"index","follow":"follow","max-snippet":"max-snippet:-1","max-image-preview":"max-image-preview:large","max-video-preview":"max-video-preview:-1"},"canonical":"https:\/\/annamariaangelika.com\/de\/shop\/alpaka-pullover-cuzco-damen\/","og_locale":"de_DE","og_type":"article","og_title":"Alpaka Pullover Cuzco Damen | Slow Fashion online bestellen","og_description":"Alpaka Pullover Cuzco f\u00fcr Damen \u2714 100% Alpakawolle \u2714 Slow Fashion aus Peru \u2714 Sch\u00f6ner Intarsienstrick \u2714 0\u20ac Versand \u2714 Jetzt bestellen!","og_url":"https:\/\/annamariaangelika.com\/de\/shop\/alpaka-pullover-cuzco-damen\/","og_site_name":"ANNAMARIAANGELIKA","article_publisher":"https:\/\/www.facebook.com\/annamariaangelika.de","article_modified_time":"2024-12-30T19:41:39+00:00","og_image":[{"width":761,"height":1100,"url":"https:\/\/annamariaangelika.com\/wp-content\/uploads\/2021\/06\/Z_Cuzco_Sweater_1-scaled-e1668520105796.jpg","type":"image\/jpeg"}],"twitter_card":"summary_large_image","twitter_misc":{"Gesch\u00e4tzte Lesezeit":"1\u00a0Minute"},"schema":{"@context":"https:\/\/schema.org","@graph":[{"@type":"WebPage","@id":"https:\/\/annamariaangelika.com\/de\/shop\/alpaka-pullover-cuzco-damen\/","url":"https:\/\/annamariaangelika.com\/de\/shop\/alpaka-pullover-cuzco-damen\/","name":"Alpaka Pullover Cuzco Damen | Slow Fashion online bestellen","isPartOf":{"@id":"https:\/\/annamariaangelika.com\/de\/#website"},"primaryImageOfPage":{"@id":"https:\/\/annamariaangelika.com\/de\/shop\/alpaka-pullover-cuzco-damen\/#primaryimage"},"image":{"@id":"https:\/\/annamariaangelika.com\/de\/shop\/alpaka-pullover-cuzco-damen\/#primaryimage"},"thumbnailUrl":"https:\/\/annamariaangelika.com\/wp-content\/uploads\/2021\/06\/Z_Cuzco_Sweater_1-scaled-e1668520105796.jpg","datePublished":"2021-06-07T13:32:33+00:00","dateModified":"2024-12-30T19:41:39+00:00","description":"Alpaka Pullover Cuzco f\u00fcr Damen \u2714 100% Alpakawolle \u2714 Slow Fashion aus Peru \u2714 Sch\u00f6ner Intarsienstrick \u2714 0\u20ac Versand \u2714 Jetzt bestellen!","breadcrumb":{"@id":"https:\/\/annamariaangelika.com\/de\/shop\/alpaka-pullover-cuzco-damen\/#breadcrumb"},"inLanguage":"de","potentialAction":[{"@type":"ReadAction","target":["https:\/\/annamariaangelika.com\/de\/shop\/alpaka-pullover-cuzco-damen\/"]}]},{"@type":"ImageObject","inLanguage":"de","@id":"https:\/\/annamariaangelika.com\/de\/shop\/alpaka-pullover-cuzco-damen\/#primaryimage","url":"https:\/\/annamariaangelika.com\/wp-content\/uploads\/2021\/06\/Z_Cuzco_Sweater_1-scaled-e1668520105796.jpg","contentUrl":"https:\/\/annamariaangelika.com\/wp-content\/uploads\/2021\/06\/Z_Cuzco_Sweater_1-scaled-e1668520105796.jpg","width":761,"height":1100,"caption":"Freisteller bunter Alpaka Pullover Cuzco Damen, Strickpullover 100% Alpakawolle bei ANNAMARIAANGELIKA bestellen"},{"@type":"BreadcrumbList","@id":"https:\/\/annamariaangelika.com\/de\/shop\/alpaka-pullover-cuzco-damen\/#breadcrumb","itemListElement":[{"@type":"ListItem","position":1,"name":"Shop","item":"https:\/\/annamariaangelika.com\/de\/shop\/"},{"@type":"ListItem","position":2,"name":"Damen","item":"https:\/\/annamariaangelika.com\/de\/product-category\/damen\/"},{"@type":"ListItem","position":3,"name":"Alpaka Pullover Cuzco Damen, Strickpullover 100% Alpakawolle"}]},{"@type":"WebSite","@id":"https:\/\/annamariaangelika.com\/de\/#website","url":"https:\/\/annamariaangelika.com\/de\/","name":"ANNAMARIAANGELIKA","description":"Fair &amp; handmade Premium Knitwear","publisher":{"@id":"https:\/\/annamariaangelika.com\/de\/#organization"},"potentialAction":[{"@type":"SearchAction","target":{"@type":"EntryPoint","urlTemplate":"https:\/\/annamariaangelika.com\/de\/?s={search_term_string}"},"query-input":{"@type":"PropertyValueSpecification","valueRequired":true,"valueName":"search_term_string"}}],"inLanguage":"de"},{"@type":"Organization","@id":"https:\/\/annamariaangelika.com\/de\/#organization","name":"ANNAMARIAANGELIKA","url":"https:\/\/annamariaangelika.com\/de\/","logo":{"@type":"ImageObject","inLanguage":"de","@id":"https:\/\/annamariaangelika.com\/de\/#\/schema\/logo\/image\/","url":"https:\/\/annamariaangelika.com\/wp-content\/uploads\/2020\/04\/logo_pdf.png","contentUrl":"https:\/\/annamariaangelika.com\/wp-content\/uploads\/2020\/04\/logo_pdf.png","width":300,"height":19,"caption":"ANNAMARIAANGELIKA"},"image":{"@id":"https:\/\/annamariaangelika.com\/de\/#\/schema\/logo\/image\/"},"sameAs":["https:\/\/www.facebook.com\/annamariaangelika.de","https:\/\/www.instagram.com\/_annamariaangelika_\/","https:\/\/www.pinterest.de\/annamangelika\/"]}]}},"_links":{"self":[{"href":"https:\/\/annamariaangelika.com\/de\/wp-json\/wp\/v2\/product\/10916","targetHints":{"allow":["GET"]}}],"collection":[{"href":"https:\/\/annamariaangelika.com\/de\/wp-json\/wp\/v2\/product"}],"about":[{"href":"https:\/\/annamariaangelika.com\/de\/wp-json\/wp\/v2\/types\/product"}],"wp:featuredmedia":[{"embeddable":true,"href":"https:\/\/annamariaangelika.com\/de\/wp-json\/wp\/v2\/media\/10852"}],"wp:attachment":[{"href":"https:\/\/annamariaangelika.com\/de\/wp-json\/wp\/v2\/media?parent=10916"}],"wp:term":[{"taxonomy":"product_brand","embeddable":true,"href":"https:\/\/annamariaangelika.com\/de\/wp-json\/wp\/v2\/product_brand?post=10916"},{"taxonomy":"product_cat","embeddable":true,"href":"https:\/\/annamariaangelika.com\/de\/wp-json\/wp\/v2\/product_cat?post=10916"},{"taxonomy":"product_tag","embeddable":true,"href":"https:\/\/annamariaangelika.com\/de\/wp-json\/wp\/v2\/product_tag?post=10916"}],"curies":[{"name":"wp","href":"https:\/\/api.w.org\/{rel}","templated":true}]}}