{"id":8598,"date":"2021-06-10T12:04:31","date_gmt":"2021-06-10T10:04:31","guid":{"rendered":"http:\/\/dev.annamariaangelika.com\/ueber-uns\/alpacas\/"},"modified":"2023-02-09T13:37:40","modified_gmt":"2023-02-09T12:37:40","slug":"alpakas","status":"publish","type":"page","link":"https:\/\/annamariaangelika.com\/de\/ueber-uns\/alpakas\/","title":{"rendered":"Alpakas"},"content":{"rendered":"\t\t<div data-elementor-type=\"wp-page\" data-elementor-id=\"8598\" data-post-id=\"8598\" data-obj-id=\"8598\" class=\"elementor elementor-8598 dce-elementor-post-8598 elementor-6125\" data-elementor-post-type=\"page\">\n\t\t\t\t\t\t<section class=\"elementor-section elementor-top-section elementor-element elementor-element-d0c4bf8 second-padding elementor-section-boxed elementor-section-height-default elementor-section-height-default\" data-id=\"d0c4bf8\" data-element_type=\"section\">\n\t\t\t\t\t\t<div class=\"elementor-container elementor-column-gap-no\">\n\t\t\t\t\t<div class=\"elementor-column elementor-col-100 elementor-top-column elementor-element elementor-element-0126fce\" data-id=\"0126fce\" data-element_type=\"column\">\n\t\t\t<div class=\"elementor-widget-wrap elementor-element-populated\">\n\t\t\t\t\t\t<section class=\"elementor-section elementor-inner-section elementor-element elementor-element-35d33fc elementor-section-boxed elementor-section-height-default elementor-section-height-default\" data-id=\"35d33fc\" data-element_type=\"section\">\n\t\t\t\t\t\t<div class=\"elementor-container elementor-column-gap-no\">\n\t\t\t\t\t<div class=\"elementor-column elementor-col-50 elementor-inner-column elementor-element elementor-element-190f545 elementor-hidden-phone\" data-id=\"190f545\" data-element_type=\"column\">\n\t\t\t<div class=\"elementor-widget-wrap elementor-element-populated\">\n\t\t\t\t\t\t<div class=\"elementor-element elementor-element-42e4b0d elementor-widget-divider--view-line elementor-widget elementor-widget-divider\" data-id=\"42e4b0d\" data-element_type=\"widget\" data-widget_type=\"divider.default\">\n\t\t\t\t<div class=\"elementor-widget-container\">\n\t\t\t\t\t\t\t<div class=\"elementor-divider\">\n\t\t\t<span class=\"elementor-divider-separator\">\n\t\t\t\t\t\t<\/span>\n\t\t<\/div>\n\t\t\t\t\t\t<\/div>\n\t\t\t\t<\/div>\n\t\t\t\t\t<\/div>\n\t\t<\/div>\n\t\t\t\t<div class=\"elementor-column elementor-col-50 elementor-inner-column elementor-element elementor-element-a9acc7e\" data-id=\"a9acc7e\" data-element_type=\"column\">\n\t\t\t<div class=\"elementor-widget-wrap elementor-element-populated\">\n\t\t\t\t\t\t<div class=\"elementor-element elementor-element-cc11f44 elementor-widget elementor-widget-heading\" data-id=\"cc11f44\" data-element_type=\"widget\" data-widget_type=\"heading.default\">\n\t\t\t\t<div class=\"elementor-widget-container\">\n\t\t\t\t\t<h6 class=\"elementor-heading-title elementor-size-default\">MIT RESPEKT F\u00dcR TIER UND MENSCH<\/h6>\t\t\t\t<\/div>\n\t\t\t\t<\/div>\n\t\t\t\t\t<\/div>\n\t\t<\/div>\n\t\t\t\t\t<\/div>\n\t\t<\/section>\n\t\t\t\t<section class=\"elementor-section elementor-inner-section elementor-element elementor-element-4a97d65 elementor-section-boxed elementor-section-height-default elementor-section-height-default\" data-id=\"4a97d65\" data-element_type=\"section\">\n\t\t\t\t\t\t<div class=\"elementor-container elementor-column-gap-no\">\n\t\t\t\t\t<div class=\"elementor-column elementor-col-100 elementor-inner-column elementor-element elementor-element-9d5d2a3\" data-id=\"9d5d2a3\" data-element_type=\"column\">\n\t\t\t<div class=\"elementor-widget-wrap elementor-element-populated\">\n\t\t\t\t\t\t<div class=\"elementor-element elementor-element-e92e447 elementor-widget elementor-widget-text-editor\" data-id=\"e92e447\" data-element_type=\"widget\" data-widget_type=\"text-editor.default\">\n\t\t\t\t<div class=\"elementor-widget-container\">\n\t\t\t\t\t\t\t\t\t<p>Alpakas verk\u00f6rpern f\u00fcr unser Label ANNAMARIAANGELIKA neben den Anden und Peru noch weit mehr. Sie sind Sinnbild f\u00fcr Urspr\u00fcnglichkeit, Tradition, Naturverbundenheit und Lebendigkeit. Als Teil eines intakten andinen \u00d6kosystems leben Alpakas ein Leben in Freiheit, und das bei Wind und Wetter. Und trotz aller witterungsbedingter Rauheit, hat die Alpaka-Wolle eine ganz besondere Weichheit und Geschmeidigkeit. Sie ist verarbeitet in einem Kleidungsst\u00fcck eine Wohltat f\u00fcr die Haut.<\/p>\n<p>Und so darf bei ANNAMARIAANGELIKA \u2013 getreu dem Slow-Fashion Motto \u2013 auch die Alpaka-Wolle sich Zeit nehmen. Denn in der Regel werden Alpakas nur einmal im Jahr bis alle zwei Jahre geschoren.<\/p>\n<p>&nbsp;<\/p>\n<p>&nbsp;<\/p>\n\t\t\t\t\t\t\t\t<\/div>\n\t\t\t\t<\/div>\n\t\t\t\t\t<\/div>\n\t\t<\/div>\n\t\t\t\t\t<\/div>\n\t\t<\/section>\n\t\t\t\t<section class=\"elementor-section elementor-inner-section elementor-element elementor-element-5d3ace7 elementor-section-boxed elementor-section-height-default elementor-section-height-default\" data-id=\"5d3ace7\" data-element_type=\"section\">\n\t\t\t\t\t\t<div class=\"elementor-container elementor-column-gap-default\">\n\t\t\t\t\t<div class=\"elementor-column elementor-col-33 elementor-inner-column elementor-element elementor-element-1feffda\" data-id=\"1feffda\" data-element_type=\"column\">\n\t\t\t<div class=\"elementor-widget-wrap elementor-element-populated\">\n\t\t\t\t\t\t<div class=\"elementor-element elementor-element-436b227 elementor-widget elementor-widget-image\" data-id=\"436b227\" data-element_type=\"widget\" data-widget_type=\"image.default\">\n\t\t\t\t<div class=\"elementor-widget-container\">\n\t\t\t\t\t\t\t\t\t\t\t\t\t\t\t<img fetchpriority=\"high\" decoding=\"async\" width=\"450\" height=\"450\" src=\"https:\/\/annamariaangelika.com\/wp-content\/uploads\/2019\/11\/Alpaka_5.jpg\" class=\"attachment-large size-large wp-image-7888\" alt=\"\" srcset=\"https:\/\/annamariaangelika.com\/wp-content\/uploads\/2019\/11\/Alpaka_5.jpg 450w, https:\/\/annamariaangelika.com\/wp-content\/uploads\/2019\/11\/Alpaka_5-300x300.jpg 300w, https:\/\/annamariaangelika.com\/wp-content\/uploads\/2019\/11\/Alpaka_5-150x150.jpg 150w, https:\/\/annamariaangelika.com\/wp-content\/uploads\/2019\/11\/Alpaka_5-100x100.jpg 100w\" sizes=\"(max-width: 450px) 100vw, 450px\" \/>\t\t\t\t\t\t\t\t\t\t\t\t\t\t\t<\/div>\n\t\t\t\t<\/div>\n\t\t\t\t\t<\/div>\n\t\t<\/div>\n\t\t\t\t<div class=\"elementor-column elementor-col-33 elementor-inner-column elementor-element elementor-element-c81e208\" data-id=\"c81e208\" data-element_type=\"column\">\n\t\t\t<div class=\"elementor-widget-wrap elementor-element-populated\">\n\t\t\t\t\t\t<div class=\"elementor-element elementor-element-46e8327 elementor-widget elementor-widget-image\" data-id=\"46e8327\" data-element_type=\"widget\" data-widget_type=\"image.default\">\n\t\t\t\t<div class=\"elementor-widget-container\">\n\t\t\t\t\t\t\t\t\t\t\t\t\t\t\t<img decoding=\"async\" width=\"450\" height=\"450\" src=\"https:\/\/annamariaangelika.com\/wp-content\/uploads\/2019\/11\/Alpaka_3.jpg\" class=\"attachment-large size-large wp-image-7887\" alt=\"\" srcset=\"https:\/\/annamariaangelika.com\/wp-content\/uploads\/2019\/11\/Alpaka_3.jpg 450w, https:\/\/annamariaangelika.com\/wp-content\/uploads\/2019\/11\/Alpaka_3-300x300.jpg 300w, https:\/\/annamariaangelika.com\/wp-content\/uploads\/2019\/11\/Alpaka_3-150x150.jpg 150w, https:\/\/annamariaangelika.com\/wp-content\/uploads\/2019\/11\/Alpaka_3-100x100.jpg 100w\" sizes=\"(max-width: 450px) 100vw, 450px\" \/>\t\t\t\t\t\t\t\t\t\t\t\t\t\t\t<\/div>\n\t\t\t\t<\/div>\n\t\t\t\t\t<\/div>\n\t\t<\/div>\n\t\t\t\t<div class=\"elementor-column elementor-col-33 elementor-inner-column elementor-element elementor-element-1eec9f6\" data-id=\"1eec9f6\" data-element_type=\"column\">\n\t\t\t<div class=\"elementor-widget-wrap elementor-element-populated\">\n\t\t\t\t\t\t<div class=\"elementor-element elementor-element-8e1b52f elementor-widget elementor-widget-image\" data-id=\"8e1b52f\" data-element_type=\"widget\" data-widget_type=\"image.default\">\n\t\t\t\t<div class=\"elementor-widget-container\">\n\t\t\t\t\t\t\t\t\t\t\t\t\t\t\t<img decoding=\"async\" width=\"450\" height=\"450\" src=\"https:\/\/annamariaangelika.com\/wp-content\/uploads\/2019\/11\/Alpaka_1-1.jpg\" class=\"attachment-large size-large wp-image-7889\" alt=\"\" \/>\t\t\t\t\t\t\t\t\t\t\t\t\t\t\t<\/div>\n\t\t\t\t<\/div>\n\t\t\t\t\t<\/div>\n\t\t<\/div>\n\t\t\t\t\t<\/div>\n\t\t<\/section>\n\t\t\t\t\t<\/div>\n\t\t<\/div>\n\t\t\t\t\t<\/div>\n\t\t<\/section>\n\t\t\t\t<section class=\"elementor-section elementor-top-section elementor-element elementor-element-1888d0b second-padding elementor-section-boxed elementor-section-height-default elementor-section-height-default\" data-id=\"1888d0b\" data-element_type=\"section\">\n\t\t\t\t\t\t<div class=\"elementor-container elementor-column-gap-no\">\n\t\t\t\t\t<div class=\"elementor-column elementor-col-100 elementor-top-column elementor-element elementor-element-6dec9f0\" data-id=\"6dec9f0\" data-element_type=\"column\">\n\t\t\t<div class=\"elementor-widget-wrap elementor-element-populated\">\n\t\t\t\t\t\t<section class=\"elementor-section elementor-inner-section elementor-element elementor-element-e39b932 elementor-section-boxed elementor-section-height-default elementor-section-height-default\" data-id=\"e39b932\" data-element_type=\"section\">\n\t\t\t\t\t\t<div class=\"elementor-container elementor-column-gap-no\">\n\t\t\t\t\t<div class=\"elementor-column elementor-col-50 elementor-inner-column elementor-element elementor-element-879f5a1\" data-id=\"879f5a1\" data-element_type=\"column\">\n\t\t\t<div class=\"elementor-widget-wrap elementor-element-populated\">\n\t\t\t\t\t\t<div class=\"elementor-element elementor-element-7c36203 elementor-widget elementor-widget-heading\" data-id=\"7c36203\" data-element_type=\"widget\" data-widget_type=\"heading.default\">\n\t\t\t\t<div class=\"elementor-widget-container\">\n\t\t\t\t\t<h6 class=\"elementor-heading-title elementor-size-default\">ALPAKAS \u2013 MEHR ALS NUR WOLLE!<\/h6>\t\t\t\t<\/div>\n\t\t\t\t<\/div>\n\t\t\t\t\t<\/div>\n\t\t<\/div>\n\t\t\t\t<div class=\"elementor-column elementor-col-50 elementor-inner-column elementor-element elementor-element-00b973f elementor-hidden-phone\" data-id=\"00b973f\" data-element_type=\"column\">\n\t\t\t<div class=\"elementor-widget-wrap elementor-element-populated\">\n\t\t\t\t\t\t<div class=\"elementor-element elementor-element-215e4cb elementor-widget-divider--view-line elementor-widget elementor-widget-divider\" data-id=\"215e4cb\" data-element_type=\"widget\" data-widget_type=\"divider.default\">\n\t\t\t\t<div class=\"elementor-widget-container\">\n\t\t\t\t\t\t\t<div class=\"elementor-divider\">\n\t\t\t<span class=\"elementor-divider-separator\">\n\t\t\t\t\t\t<\/span>\n\t\t<\/div>\n\t\t\t\t\t\t<\/div>\n\t\t\t\t<\/div>\n\t\t\t\t\t<\/div>\n\t\t<\/div>\n\t\t\t\t\t<\/div>\n\t\t<\/section>\n\t\t\t\t<section class=\"elementor-section elementor-inner-section elementor-element elementor-element-6b125e9 elementor-reverse-mobile elementor-section-boxed elementor-section-height-default elementor-section-height-default\" data-id=\"6b125e9\" data-element_type=\"section\">\n\t\t\t\t\t\t<div class=\"elementor-container elementor-column-gap-no\">\n\t\t\t\t\t<div data-dce-background-image-url=\"https:\/\/annamariaangelika.com\/wp-content\/uploads\/2019\/11\/Alpaka_4.jpg\" class=\"elementor-column elementor-col-50 elementor-inner-column elementor-element elementor-element-7445687\" data-id=\"7445687\" data-element_type=\"column\" data-settings=\"{&quot;background_background&quot;:&quot;classic&quot;}\">\n\t\t\t<div class=\"elementor-widget-wrap elementor-element-populated\">\n\t\t\t\t\t<div class=\"elementor-background-overlay\"><\/div>\n\t\t\t\t\t\t<div class=\"elementor-element elementor-element-ff0f6dc elementor-hidden-desktop elementor-hidden-tablet elementor-widget elementor-widget-spacer\" data-id=\"ff0f6dc\" data-element_type=\"widget\" data-widget_type=\"spacer.default\">\n\t\t\t\t<div class=\"elementor-widget-container\">\n\t\t\t\t\t\t\t<div class=\"elementor-spacer\">\n\t\t\t<div class=\"elementor-spacer-inner\"><\/div>\n\t\t<\/div>\n\t\t\t\t\t\t<\/div>\n\t\t\t\t<\/div>\n\t\t\t\t\t<\/div>\n\t\t<\/div>\n\t\t\t\t<div class=\"elementor-column elementor-col-50 elementor-inner-column elementor-element elementor-element-74fa6ff\" data-id=\"74fa6ff\" data-element_type=\"column\">\n\t\t\t<div class=\"elementor-widget-wrap elementor-element-populated\">\n\t\t\t\t\t\t<div class=\"elementor-element elementor-element-32e7c77 elementor-widget elementor-widget-text-editor\" data-id=\"32e7c77\" data-element_type=\"widget\" data-widget_type=\"text-editor.default\">\n\t\t\t\t<div class=\"elementor-widget-container\">\n\t\t\t\t\t\t\t\t\t<p>Gro\u00dfe Kulleraugen. Zotteliges, weiches Fell. Und ein drolliger sanfter Charakter. Das sind Alpakas. Niedliche h\u00f6ckerlose Kleinkamele, deren kostbare Wolle auch als \u201eVlies der G\u00f6tter\u201c bekannt ist. Wenn es jedoch um die Rangordnung geht, sie sich bedroht f\u00fchlen oder schlechte Laune haben, k\u00f6nnen auch Alpakas ungem\u00fctlich werden. Dann hei\u00dft es in Deckung gehen, denn sie spuken.<\/p>\n<p>Alpakas sind besondere Tiere, mit besonderen Anspr\u00fcchen. In Peru werden sie unter anderem von Q\u2019ero-Indianern geh\u00fctet. Ein uraltes Volk und direkte Nachfahren der Inka. Wer sie und ihre Alpaka-Herden besuchen m\u00f6chte, muss sich um die 5.000 Meter aufw\u00e4rts in das Hochtal der Anden begeben. Alpakas lieben diese H\u00f6he. Ohne ihre Hirten w\u00fcrde es f\u00fcr sie immer nur bergauf gehen, aber niemals bergab. Die fetten Weiden im Tal bekommen ihnen nicht sonderlich gut. Die weiche Polsterung ihrer Hufe ist au\u00dferdem wie f\u00fcr das peruanische Hochland gemacht und schont die empfindliche Landschaft nachhaltig.<\/p>\n<p>Meistens zu Beginn des Sommers werden die Alpakas geschoren. Einen Teil der gewonnenen Wolle verkaufen die Indianer zur Sicherung ihrer Existenz an H\u00e4ndler, die diese weiterverarbeiten. Den anderen Teil nutzen sie selbst f\u00fcr Kleidung, Decken und dergleichen.<\/p>\n<p>Alpakas versorgen ANNAMARIAANGELIKA mit ihrem Vlies mit einem qualitativ hochwertigen Naturmaterial.<\/p>\n<p>&nbsp;<\/p>\n<p>&nbsp;<\/p>\n\t\t\t\t\t\t\t\t<\/div>\n\t\t\t\t<\/div>\n\t\t\t\t\t<\/div>\n\t\t<\/div>\n\t\t\t\t\t<\/div>\n\t\t<\/section>\n\t\t\t\t\t<\/div>\n\t\t<\/div>\n\t\t\t\t\t<\/div>\n\t\t<\/section>\n\t\t\t\t<\/div>\n\t\t","protected":false},"excerpt":{"rendered":"<p>ANNAMAARIAANGELIKA is passionately dedicated to the slow fashion philosophy. One reason for this is the intrinsic vision of our AMA founder Julia. On the one hand, she believes in fashion that takes responsibility for and is aware of its possible impact on people and the natural environment. On the other hand, the part of South [&hellip;]<\/p>\n","protected":false},"author":2,"featured_media":0,"parent":8544,"menu_order":0,"comment_status":"closed","ping_status":"closed","template":"elementor_theme","meta":{"_acf_changed":false,"footnotes":""},"class_list":["post-8598","page","type-page","status-publish","hentry"],"acf":[],"yoast_head":"<!-- This site is optimized with the Yoast SEO plugin v27.3 - https:\/\/yoast.com\/product\/yoast-seo-wordpress\/ -->\n<title>Alpakas | ANNAMARIAANGELIKA<\/title>\n<meta name=\"robots\" content=\"index, follow, max-snippet:-1, max-image-preview:large, max-video-preview:-1\" \/>\n<link rel=\"canonical\" href=\"https:\/\/annamariaangelika.com\/de\/ueber-uns\/alpakas\/\" \/>\n<meta property=\"og:locale\" content=\"de_DE\" \/>\n<meta property=\"og:type\" content=\"article\" \/>\n<meta property=\"og:title\" content=\"Alpakas | ANNAMARIAANGELIKA\" \/>\n<meta property=\"og:description\" content=\"ANNAMAARIAANGELIKA is passionately dedicated to the slow fashion philosophy. One reason for this is the intrinsic vision of our AMA founder Julia. On the one hand, she believes in fashion that takes responsibility for and is aware of its possible impact on people and the natural environment. On the other hand, the part of South [&hellip;]\" \/>\n<meta property=\"og:url\" content=\"https:\/\/annamariaangelika.com\/de\/ueber-uns\/alpakas\/\" \/>\n<meta property=\"og:site_name\" content=\"ANNAMARIAANGELIKA\" \/>\n<meta property=\"article:publisher\" content=\"https:\/\/www.facebook.com\/annamariaangelika.de\" \/>\n<meta property=\"article:modified_time\" content=\"2023-02-09T12:37:40+00:00\" \/>\n<meta property=\"og:image\" content=\"https:\/\/annamariaangelika.com\/wp-content\/uploads\/2016\/08\/annamariaangelika.png\" \/>\n\t<meta property=\"og:image:width\" content=\"727\" \/>\n\t<meta property=\"og:image:height\" content=\"121\" \/>\n\t<meta property=\"og:image:type\" content=\"image\/png\" \/>\n<meta name=\"twitter:card\" content=\"summary_large_image\" \/>\n<meta name=\"twitter:label1\" content=\"Gesch\u00e4tzte Lesezeit\" \/>\n\t<meta name=\"twitter:data1\" content=\"2\u00a0Minuten\" \/>\n<script type=\"application\/ld+json\" class=\"yoast-schema-graph\">{\"@context\":\"https:\\\/\\\/schema.org\",\"@graph\":[{\"@type\":\"WebPage\",\"@id\":\"https:\\\/\\\/annamariaangelika.com\\\/de\\\/ueber-uns\\\/alpakas\\\/\",\"url\":\"https:\\\/\\\/annamariaangelika.com\\\/de\\\/ueber-uns\\\/alpakas\\\/\",\"name\":\"Alpakas | ANNAMARIAANGELIKA\",\"isPartOf\":{\"@id\":\"https:\\\/\\\/annamariaangelika.com\\\/de\\\/#website\"},\"datePublished\":\"2021-06-10T10:04:31+00:00\",\"dateModified\":\"2023-02-09T12:37:40+00:00\",\"breadcrumb\":{\"@id\":\"https:\\\/\\\/annamariaangelika.com\\\/de\\\/ueber-uns\\\/alpakas\\\/#breadcrumb\"},\"inLanguage\":\"de\",\"potentialAction\":[{\"@type\":\"ReadAction\",\"target\":[\"https:\\\/\\\/annamariaangelika.com\\\/de\\\/ueber-uns\\\/alpakas\\\/\"]}]},{\"@type\":\"BreadcrumbList\",\"@id\":\"https:\\\/\\\/annamariaangelika.com\\\/de\\\/ueber-uns\\\/alpakas\\\/#breadcrumb\",\"itemListElement\":[{\"@type\":\"ListItem\",\"position\":1,\"name\":\"\u00dcber Uns\",\"item\":\"https:\\\/\\\/annamariaangelika.com\\\/de\\\/ueber-uns\\\/\"},{\"@type\":\"ListItem\",\"position\":2,\"name\":\"Alpakas\"}]},{\"@type\":\"WebSite\",\"@id\":\"https:\\\/\\\/annamariaangelika.com\\\/de\\\/#website\",\"url\":\"https:\\\/\\\/annamariaangelika.com\\\/de\\\/\",\"name\":\"ANNAMARIAANGELIKA\",\"description\":\"Fair &amp; handmade Premium Knitwear\",\"publisher\":{\"@id\":\"https:\\\/\\\/annamariaangelika.com\\\/de\\\/#organization\"},\"potentialAction\":[{\"@type\":\"SearchAction\",\"target\":{\"@type\":\"EntryPoint\",\"urlTemplate\":\"https:\\\/\\\/annamariaangelika.com\\\/de\\\/?s={search_term_string}\"},\"query-input\":{\"@type\":\"PropertyValueSpecification\",\"valueRequired\":true,\"valueName\":\"search_term_string\"}}],\"inLanguage\":\"de\"},{\"@type\":\"Organization\",\"@id\":\"https:\\\/\\\/annamariaangelika.com\\\/de\\\/#organization\",\"name\":\"ANNAMARIAANGELIKA\",\"url\":\"https:\\\/\\\/annamariaangelika.com\\\/de\\\/\",\"logo\":{\"@type\":\"ImageObject\",\"inLanguage\":\"de\",\"@id\":\"https:\\\/\\\/annamariaangelika.com\\\/de\\\/#\\\/schema\\\/logo\\\/image\\\/\",\"url\":\"https:\\\/\\\/annamariaangelika.com\\\/wp-content\\\/uploads\\\/2020\\\/04\\\/logo_pdf.png\",\"contentUrl\":\"https:\\\/\\\/annamariaangelika.com\\\/wp-content\\\/uploads\\\/2020\\\/04\\\/logo_pdf.png\",\"width\":300,\"height\":19,\"caption\":\"ANNAMARIAANGELIKA\"},\"image\":{\"@id\":\"https:\\\/\\\/annamariaangelika.com\\\/de\\\/#\\\/schema\\\/logo\\\/image\\\/\"},\"sameAs\":[\"https:\\\/\\\/www.facebook.com\\\/annamariaangelika.de\",\"https:\\\/\\\/www.instagram.com\\\/_annamariaangelika_\\\/\",\"https:\\\/\\\/www.pinterest.de\\\/annamangelika\\\/\"]}]}<\/script>\n<!-- \/ Yoast SEO plugin. -->","yoast_head_json":{"title":"Alpakas | ANNAMARIAANGELIKA","robots":{"index":"index","follow":"follow","max-snippet":"max-snippet:-1","max-image-preview":"max-image-preview:large","max-video-preview":"max-video-preview:-1"},"canonical":"https:\/\/annamariaangelika.com\/de\/ueber-uns\/alpakas\/","og_locale":"de_DE","og_type":"article","og_title":"Alpakas | ANNAMARIAANGELIKA","og_description":"ANNAMAARIAANGELIKA is passionately dedicated to the slow fashion philosophy. One reason for this is the intrinsic vision of our AMA founder Julia. On the one hand, she believes in fashion that takes responsibility for and is aware of its possible impact on people and the natural environment. On the other hand, the part of South [&hellip;]","og_url":"https:\/\/annamariaangelika.com\/de\/ueber-uns\/alpakas\/","og_site_name":"ANNAMARIAANGELIKA","article_publisher":"https:\/\/www.facebook.com\/annamariaangelika.de","article_modified_time":"2023-02-09T12:37:40+00:00","og_image":[{"width":727,"height":121,"url":"https:\/\/annamariaangelika.com\/wp-content\/uploads\/2016\/08\/annamariaangelika.png","type":"image\/png"}],"twitter_card":"summary_large_image","twitter_misc":{"Gesch\u00e4tzte Lesezeit":"2\u00a0Minuten"},"schema":{"@context":"https:\/\/schema.org","@graph":[{"@type":"WebPage","@id":"https:\/\/annamariaangelika.com\/de\/ueber-uns\/alpakas\/","url":"https:\/\/annamariaangelika.com\/de\/ueber-uns\/alpakas\/","name":"Alpakas | ANNAMARIAANGELIKA","isPartOf":{"@id":"https:\/\/annamariaangelika.com\/de\/#website"},"datePublished":"2021-06-10T10:04:31+00:00","dateModified":"2023-02-09T12:37:40+00:00","breadcrumb":{"@id":"https:\/\/annamariaangelika.com\/de\/ueber-uns\/alpakas\/#breadcrumb"},"inLanguage":"de","potentialAction":[{"@type":"ReadAction","target":["https:\/\/annamariaangelika.com\/de\/ueber-uns\/alpakas\/"]}]},{"@type":"BreadcrumbList","@id":"https:\/\/annamariaangelika.com\/de\/ueber-uns\/alpakas\/#breadcrumb","itemListElement":[{"@type":"ListItem","position":1,"name":"\u00dcber Uns","item":"https:\/\/annamariaangelika.com\/de\/ueber-uns\/"},{"@type":"ListItem","position":2,"name":"Alpakas"}]},{"@type":"WebSite","@id":"https:\/\/annamariaangelika.com\/de\/#website","url":"https:\/\/annamariaangelika.com\/de\/","name":"ANNAMARIAANGELIKA","description":"Fair &amp; handmade Premium Knitwear","publisher":{"@id":"https:\/\/annamariaangelika.com\/de\/#organization"},"potentialAction":[{"@type":"SearchAction","target":{"@type":"EntryPoint","urlTemplate":"https:\/\/annamariaangelika.com\/de\/?s={search_term_string}"},"query-input":{"@type":"PropertyValueSpecification","valueRequired":true,"valueName":"search_term_string"}}],"inLanguage":"de"},{"@type":"Organization","@id":"https:\/\/annamariaangelika.com\/de\/#organization","name":"ANNAMARIAANGELIKA","url":"https:\/\/annamariaangelika.com\/de\/","logo":{"@type":"ImageObject","inLanguage":"de","@id":"https:\/\/annamariaangelika.com\/de\/#\/schema\/logo\/image\/","url":"https:\/\/annamariaangelika.com\/wp-content\/uploads\/2020\/04\/logo_pdf.png","contentUrl":"https:\/\/annamariaangelika.com\/wp-content\/uploads\/2020\/04\/logo_pdf.png","width":300,"height":19,"caption":"ANNAMARIAANGELIKA"},"image":{"@id":"https:\/\/annamariaangelika.com\/de\/#\/schema\/logo\/image\/"},"sameAs":["https:\/\/www.facebook.com\/annamariaangelika.de","https:\/\/www.instagram.com\/_annamariaangelika_\/","https:\/\/www.pinterest.de\/annamangelika\/"]}]}},"_links":{"self":[{"href":"https:\/\/annamariaangelika.com\/de\/wp-json\/wp\/v2\/pages\/8598","targetHints":{"allow":["GET"]}}],"collection":[{"href":"https:\/\/annamariaangelika.com\/de\/wp-json\/wp\/v2\/pages"}],"about":[{"href":"https:\/\/annamariaangelika.com\/de\/wp-json\/wp\/v2\/types\/page"}],"author":[{"embeddable":true,"href":"https:\/\/annamariaangelika.com\/de\/wp-json\/wp\/v2\/users\/2"}],"replies":[{"embeddable":true,"href":"https:\/\/annamariaangelika.com\/de\/wp-json\/wp\/v2\/comments?post=8598"}],"version-history":[{"count":0,"href":"https:\/\/annamariaangelika.com\/de\/wp-json\/wp\/v2\/pages\/8598\/revisions"}],"up":[{"embeddable":true,"href":"https:\/\/annamariaangelika.com\/de\/wp-json\/wp\/v2\/pages\/8544"}],"wp:attachment":[{"href":"https:\/\/annamariaangelika.com\/de\/wp-json\/wp\/v2\/media?parent=8598"}],"curies":[{"name":"wp","href":"https:\/\/api.w.org\/{rel}","templated":true}]}}