{"id":8592,"date":"2021-06-10T12:02:05","date_gmt":"2021-06-10T10:02:05","guid":{"rendered":"http:\/\/dev.annamariaangelika.com\/ueber-uns\/annamariaangelika-mehr-als-nur-drei-namen\/"},"modified":"2021-06-10T12:02:24","modified_gmt":"2021-06-10T10:02:24","slug":"annamariaangelika-mehr-als-nur-drei-namen","status":"publish","type":"page","link":"https:\/\/annamariaangelika.com\/de\/ueber-uns\/annamariaangelika-mehr-als-nur-drei-namen\/","title":{"rendered":"ANNAMARIAANGELIKA \u2013 mehr als nur drei Namen"},"content":{"rendered":"\t\t<div data-elementor-type=\"wp-page\" data-elementor-id=\"8592\" data-post-id=\"8592\" data-obj-id=\"8592\" class=\"elementor elementor-8592 dce-elementor-post-8592 elementor-6195\" data-elementor-post-type=\"page\">\n\t\t\t\t\t\t<section class=\"elementor-section elementor-top-section elementor-element elementor-element-69f25a8c elementor-section-boxed elementor-section-height-default elementor-section-height-default\" data-id=\"69f25a8c\" data-element_type=\"section\">\n\t\t\t\t\t\t<div class=\"elementor-container elementor-column-gap-default\">\n\t\t\t\t\t<div class=\"elementor-column elementor-col-100 elementor-top-column elementor-element elementor-element-201fc6fa\" data-id=\"201fc6fa\" data-element_type=\"column\">\n\t\t\t<div class=\"elementor-widget-wrap elementor-element-populated\">\n\t\t\t\t\t\t<div class=\"elementor-element elementor-element-4c803d06 elementor-widget elementor-widget-text-editor\" data-id=\"4c803d06\" data-element_type=\"widget\" data-widget_type=\"text-editor.default\">\n\t\t\t\t<div class=\"elementor-widget-container\">\n\t\t\t\t\t\t\t\t\t<p>&nbsp;<\/p>\n<p>&nbsp;<\/p>\n<p>&nbsp;<\/p>\n\t\t\t\t\t\t\t\t<\/div>\n\t\t\t\t<\/div>\n\t\t\t\t\t<\/div>\n\t\t<\/div>\n\t\t\t\t\t<\/div>\n\t\t<\/section>\n\t\t\t\t<section class=\"elementor-section elementor-top-section elementor-element elementor-element-b7557cc second-padding elementor-section-boxed elementor-section-height-default elementor-section-height-default\" data-id=\"b7557cc\" data-element_type=\"section\">\n\t\t\t\t\t\t<div class=\"elementor-container elementor-column-gap-no\">\n\t\t\t\t\t<div class=\"elementor-column elementor-col-100 elementor-top-column elementor-element elementor-element-26fefce\" data-id=\"26fefce\" data-element_type=\"column\">\n\t\t\t<div class=\"elementor-widget-wrap elementor-element-populated\">\n\t\t\t\t\t\t<section class=\"elementor-section elementor-inner-section elementor-element elementor-element-f6249ed elementor-section-boxed elementor-section-height-default elementor-section-height-default\" data-id=\"f6249ed\" data-element_type=\"section\">\n\t\t\t\t\t\t<div class=\"elementor-container elementor-column-gap-no\">\n\t\t\t\t\t<div class=\"elementor-column elementor-col-100 elementor-inner-column elementor-element elementor-element-95b938a\" data-id=\"95b938a\" data-element_type=\"column\">\n\t\t\t<div class=\"elementor-widget-wrap elementor-element-populated\">\n\t\t\t\t\t\t<div class=\"elementor-element elementor-element-fd86cb3 elementor-widget elementor-widget-text-editor\" data-id=\"fd86cb3\" data-element_type=\"widget\" data-widget_type=\"text-editor.default\">\n\t\t\t\t<div class=\"elementor-widget-container\">\n\t\t\t\t\t\t\t\t\t<p>Drei Namen, eine stolze Tr\u00e4gerin und drei besondere Frauen, stecken hinter dem Labelnamen ANNAMARIAANGELIKA (kurz: AMA). Denn die AMA-Modesch\u00f6pferin hei\u00dft mit vollem Namen \u201cJulia\u00a0<em>Anna Maria Angelika<\/em>\u00a0M\u00fcller\u201d. Und so steckt in dem Label eine pers\u00f6nliche Geschichte und die ganz eigene Handschrift der jungen Modedesignerin.<\/p>\n<p>Denn die drei Namen wurden Julia nicht willk\u00fcrlich gegeben: Es sind die Namen ihrer beiden Gro\u00dfm\u00fctter und ihrer Patentante. Drei starke Frauen, die Julia in ihrem Leben gepr\u00e4gt haben. Das Label steht somit f\u00fcr weit mehr als Julia\u2019s individuelle Kreativit\u00e4t. Es steht f\u00fcr Familie und f\u00fcr etwas \u00fcber die Generationen hinweg Verbindendes, das uns unseren Ursprung vergegenw\u00e4rtigen l\u00e4sst.<\/p>\n<p>Und so wie peruanische V\u00f6lker \u00fcber die Jahrhunderte Br\u00e4uche und F\u00e4higkeiten in ihrer Urspr\u00fcnglichkeit weitergegeben haben, tr\u00e4gt AMA-Designerin Julia \u00fcber ihre Namen ein Teil der Familiengeschichte mit sich und schreibt sie \u00fcber ANNAMARIAANGELIKA fort.<\/p>\n<p>&nbsp;<\/p>\n\t\t\t\t\t\t\t\t<\/div>\n\t\t\t\t<\/div>\n\t\t\t\t\t<\/div>\n\t\t<\/div>\n\t\t\t\t\t<\/div>\n\t\t<\/section>\n\t\t\t\t<section class=\"elementor-section elementor-inner-section elementor-element elementor-element-b0fec3b elementor-section-boxed elementor-section-height-default elementor-section-height-default\" data-id=\"b0fec3b\" data-element_type=\"section\">\n\t\t\t\t\t\t<div class=\"elementor-container elementor-column-gap-default\">\n\t\t\t\t\t<div class=\"elementor-column elementor-col-33 elementor-inner-column elementor-element elementor-element-9fb3a9a\" data-id=\"9fb3a9a\" data-element_type=\"column\">\n\t\t\t<div class=\"elementor-widget-wrap elementor-element-populated\">\n\t\t\t\t\t\t<div class=\"elementor-element elementor-element-08d2ae4 elementor-widget elementor-widget-image\" data-id=\"08d2ae4\" data-element_type=\"widget\" data-widget_type=\"image.default\">\n\t\t\t\t<div class=\"elementor-widget-container\">\n\t\t\t\t\t\t\t\t\t\t\t\t\t\t\t<img fetchpriority=\"high\" decoding=\"async\" width=\"800\" height=\"600\" src=\"https:\/\/annamariaangelika.com\/wp-content\/uploads\/2021\/08\/AMA_1-scaled-1024x768.jpg\" class=\"attachment-large size-large wp-image-9277\" alt=\"\" srcset=\"https:\/\/annamariaangelika.com\/wp-content\/uploads\/2021\/08\/AMA_1-scaled-1024x768.jpg 1024w, https:\/\/annamariaangelika.com\/wp-content\/uploads\/2021\/08\/AMA_1-scaled-300x225.jpg 300w, https:\/\/annamariaangelika.com\/wp-content\/uploads\/2021\/08\/AMA_1-scaled-768x576.jpg 768w, https:\/\/annamariaangelika.com\/wp-content\/uploads\/2021\/08\/AMA_1-scaled-1536x1152.jpg 1536w, https:\/\/annamariaangelika.com\/wp-content\/uploads\/2021\/08\/AMA_1-scaled-2048x1536.jpg 2048w, https:\/\/annamariaangelika.com\/wp-content\/uploads\/2021\/08\/AMA_1-scaled-600x450.jpg 600w\" sizes=\"(max-width: 800px) 100vw, 800px\" \/>\t\t\t\t\t\t\t\t\t\t\t\t\t\t\t<\/div>\n\t\t\t\t<\/div>\n\t\t\t\t\t<\/div>\n\t\t<\/div>\n\t\t\t\t<div class=\"elementor-column elementor-col-33 elementor-inner-column elementor-element elementor-element-69f39bf\" data-id=\"69f39bf\" data-element_type=\"column\">\n\t\t\t<div class=\"elementor-widget-wrap elementor-element-populated\">\n\t\t\t\t\t\t<div class=\"elementor-element elementor-element-61bcbc0 elementor-widget elementor-widget-image\" data-id=\"61bcbc0\" data-element_type=\"widget\" data-widget_type=\"image.default\">\n\t\t\t\t<div class=\"elementor-widget-container\">\n\t\t\t\t\t\t\t\t\t\t\t\t\t\t\t<img decoding=\"async\" width=\"800\" height=\"600\" src=\"https:\/\/annamariaangelika.com\/wp-content\/uploads\/2021\/08\/AMA_2-scaled-1024x768.jpg\" class=\"attachment-large size-large wp-image-9275\" alt=\"\" srcset=\"https:\/\/annamariaangelika.com\/wp-content\/uploads\/2021\/08\/AMA_2-scaled-1024x768.jpg 1024w, https:\/\/annamariaangelika.com\/wp-content\/uploads\/2021\/08\/AMA_2-scaled-300x225.jpg 300w, https:\/\/annamariaangelika.com\/wp-content\/uploads\/2021\/08\/AMA_2-scaled-768x576.jpg 768w, https:\/\/annamariaangelika.com\/wp-content\/uploads\/2021\/08\/AMA_2-scaled-1536x1152.jpg 1536w, https:\/\/annamariaangelika.com\/wp-content\/uploads\/2021\/08\/AMA_2-scaled-2048x1536.jpg 2048w, https:\/\/annamariaangelika.com\/wp-content\/uploads\/2021\/08\/AMA_2-scaled-600x450.jpg 600w\" sizes=\"(max-width: 800px) 100vw, 800px\" \/>\t\t\t\t\t\t\t\t\t\t\t\t\t\t\t<\/div>\n\t\t\t\t<\/div>\n\t\t\t\t\t<\/div>\n\t\t<\/div>\n\t\t\t\t<div class=\"elementor-column elementor-col-33 elementor-inner-column elementor-element elementor-element-1bceaa2\" data-id=\"1bceaa2\" data-element_type=\"column\">\n\t\t\t<div class=\"elementor-widget-wrap elementor-element-populated\">\n\t\t\t\t\t\t<div class=\"elementor-element elementor-element-01bbc8f elementor-widget elementor-widget-image\" data-id=\"01bbc8f\" data-element_type=\"widget\" data-widget_type=\"image.default\">\n\t\t\t\t<div class=\"elementor-widget-container\">\n\t\t\t\t\t\t\t\t\t\t\t\t\t\t\t<img decoding=\"async\" width=\"800\" height=\"600\" src=\"https:\/\/annamariaangelika.com\/wp-content\/uploads\/2021\/08\/AMA_3-scaled-1024x768.jpg\" class=\"attachment-large size-large wp-image-9273\" alt=\"\" srcset=\"https:\/\/annamariaangelika.com\/wp-content\/uploads\/2021\/08\/AMA_3-scaled-1024x768.jpg 1024w, https:\/\/annamariaangelika.com\/wp-content\/uploads\/2021\/08\/AMA_3-scaled-300x225.jpg 300w, https:\/\/annamariaangelika.com\/wp-content\/uploads\/2021\/08\/AMA_3-scaled-768x576.jpg 768w, https:\/\/annamariaangelika.com\/wp-content\/uploads\/2021\/08\/AMA_3-scaled-1536x1152.jpg 1536w, https:\/\/annamariaangelika.com\/wp-content\/uploads\/2021\/08\/AMA_3-scaled-2048x1536.jpg 2048w, https:\/\/annamariaangelika.com\/wp-content\/uploads\/2021\/08\/AMA_3-scaled-600x450.jpg 600w\" sizes=\"(max-width: 800px) 100vw, 800px\" \/>\t\t\t\t\t\t\t\t\t\t\t\t\t\t\t<\/div>\n\t\t\t\t<\/div>\n\t\t\t\t\t<\/div>\n\t\t<\/div>\n\t\t\t\t\t<\/div>\n\t\t<\/section>\n\t\t\t\t\t<\/div>\n\t\t<\/div>\n\t\t\t\t\t<\/div>\n\t\t<\/section>\n\t\t\t\t<\/div>\n\t\t","protected":false},"excerpt":{"rendered":"<p> &nbsp; ANNAMAARIAANGELIKA is passionately dedicated to the slow fashion philosophy. One reason for this is the intrinsic vision of our AMA founder Julia. On the one hand, she believes in fashion that takes responsibility for and is aware of its possible impact on people and the natural environment. On the other hand, the [&hellip;]<\/p>\n","protected":false},"author":2,"featured_media":0,"parent":8544,"menu_order":0,"comment_status":"closed","ping_status":"closed","template":"elementor_theme","meta":{"_acf_changed":false,"footnotes":""},"class_list":["post-8592","page","type-page","status-publish","hentry"],"acf":[],"yoast_head":"<!-- This site is optimized with the Yoast SEO plugin v27.5 - https:\/\/yoast.com\/product\/yoast-seo-wordpress\/ -->\n<title>ANNAMARIAANGELIKA \u2013 mehr als nur drei Namen | ANNAMARIAANGELIKA<\/title>\n<meta name=\"robots\" content=\"index, follow, max-snippet:-1, max-image-preview:large, max-video-preview:-1\" \/>\n<link rel=\"canonical\" href=\"https:\/\/annamariaangelika.com\/de\/ueber-uns\/annamariaangelika-mehr-als-nur-drei-namen\/\" \/>\n<meta property=\"og:locale\" content=\"de_DE\" \/>\n<meta property=\"og:type\" content=\"article\" \/>\n<meta property=\"og:title\" content=\"ANNAMARIAANGELIKA \u2013 mehr als nur drei Namen | ANNAMARIAANGELIKA\" \/>\n<meta property=\"og:description\" content=\"&nbsp; &nbsp; &nbsp; ANNAMAARIAANGELIKA is passionately dedicated to the slow fashion philosophy. One reason for this is the intrinsic vision of our AMA founder Julia. On the one hand, she believes in fashion that takes responsibility for and is aware of its possible impact on people and the natural environment. On the other hand, the [&hellip;]\" \/>\n<meta property=\"og:url\" content=\"https:\/\/annamariaangelika.com\/de\/ueber-uns\/annamariaangelika-mehr-als-nur-drei-namen\/\" \/>\n<meta property=\"og:site_name\" content=\"ANNAMARIAANGELIKA\" \/>\n<meta property=\"article:publisher\" content=\"https:\/\/www.facebook.com\/annamariaangelika.de\" \/>\n<meta property=\"article:modified_time\" content=\"2021-06-10T10:02:24+00:00\" \/>\n<meta property=\"og:image\" content=\"https:\/\/annamariaangelika.com\/wp-content\/uploads\/2016\/08\/annamariaangelika.png\" \/>\n\t<meta property=\"og:image:width\" content=\"727\" \/>\n\t<meta property=\"og:image:height\" content=\"121\" \/>\n\t<meta property=\"og:image:type\" content=\"image\/png\" \/>\n<meta name=\"twitter:card\" content=\"summary_large_image\" \/>\n<meta name=\"twitter:label1\" content=\"Gesch\u00e4tzte Lesezeit\" \/>\n\t<meta name=\"twitter:data1\" content=\"1\u00a0Minute\" \/>\n<script type=\"application\/ld+json\" class=\"yoast-schema-graph\">{\"@context\":\"https:\\\/\\\/schema.org\",\"@graph\":[{\"@type\":\"WebPage\",\"@id\":\"https:\\\/\\\/annamariaangelika.com\\\/de\\\/ueber-uns\\\/annamariaangelika-mehr-als-nur-drei-namen\\\/\",\"url\":\"https:\\\/\\\/annamariaangelika.com\\\/de\\\/ueber-uns\\\/annamariaangelika-mehr-als-nur-drei-namen\\\/\",\"name\":\"ANNAMARIAANGELIKA \u2013 mehr als nur drei Namen | ANNAMARIAANGELIKA\",\"isPartOf\":{\"@id\":\"https:\\\/\\\/annamariaangelika.com\\\/de\\\/#website\"},\"datePublished\":\"2021-06-10T10:02:05+00:00\",\"dateModified\":\"2021-06-10T10:02:24+00:00\",\"breadcrumb\":{\"@id\":\"https:\\\/\\\/annamariaangelika.com\\\/de\\\/ueber-uns\\\/annamariaangelika-mehr-als-nur-drei-namen\\\/#breadcrumb\"},\"inLanguage\":\"de\",\"potentialAction\":[{\"@type\":\"ReadAction\",\"target\":[\"https:\\\/\\\/annamariaangelika.com\\\/de\\\/ueber-uns\\\/annamariaangelika-mehr-als-nur-drei-namen\\\/\"]}]},{\"@type\":\"BreadcrumbList\",\"@id\":\"https:\\\/\\\/annamariaangelika.com\\\/de\\\/ueber-uns\\\/annamariaangelika-mehr-als-nur-drei-namen\\\/#breadcrumb\",\"itemListElement\":[{\"@type\":\"ListItem\",\"position\":1,\"name\":\"\u00dcber Uns\",\"item\":\"https:\\\/\\\/annamariaangelika.com\\\/de\\\/ueber-uns\\\/\"},{\"@type\":\"ListItem\",\"position\":2,\"name\":\"ANNAMARIAANGELIKA \u2013 mehr als nur drei Namen\"}]},{\"@type\":\"WebSite\",\"@id\":\"https:\\\/\\\/annamariaangelika.com\\\/de\\\/#website\",\"url\":\"https:\\\/\\\/annamariaangelika.com\\\/de\\\/\",\"name\":\"ANNAMARIAANGELIKA\",\"description\":\"Fair &amp; handmade Premium Knitwear\",\"publisher\":{\"@id\":\"https:\\\/\\\/annamariaangelika.com\\\/de\\\/#organization\"},\"potentialAction\":[{\"@type\":\"SearchAction\",\"target\":{\"@type\":\"EntryPoint\",\"urlTemplate\":\"https:\\\/\\\/annamariaangelika.com\\\/de\\\/?s={search_term_string}\"},\"query-input\":{\"@type\":\"PropertyValueSpecification\",\"valueRequired\":true,\"valueName\":\"search_term_string\"}}],\"inLanguage\":\"de\"},{\"@type\":\"Organization\",\"@id\":\"https:\\\/\\\/annamariaangelika.com\\\/de\\\/#organization\",\"name\":\"ANNAMARIAANGELIKA\",\"url\":\"https:\\\/\\\/annamariaangelika.com\\\/de\\\/\",\"logo\":{\"@type\":\"ImageObject\",\"inLanguage\":\"de\",\"@id\":\"https:\\\/\\\/annamariaangelika.com\\\/de\\\/#\\\/schema\\\/logo\\\/image\\\/\",\"url\":\"https:\\\/\\\/annamariaangelika.com\\\/wp-content\\\/uploads\\\/2020\\\/04\\\/logo_pdf.png\",\"contentUrl\":\"https:\\\/\\\/annamariaangelika.com\\\/wp-content\\\/uploads\\\/2020\\\/04\\\/logo_pdf.png\",\"width\":300,\"height\":19,\"caption\":\"ANNAMARIAANGELIKA\"},\"image\":{\"@id\":\"https:\\\/\\\/annamariaangelika.com\\\/de\\\/#\\\/schema\\\/logo\\\/image\\\/\"},\"sameAs\":[\"https:\\\/\\\/www.facebook.com\\\/annamariaangelika.de\",\"https:\\\/\\\/www.instagram.com\\\/_annamariaangelika_\\\/\",\"https:\\\/\\\/www.pinterest.de\\\/annamangelika\\\/\"]}]}<\/script>\n<!-- \/ Yoast SEO plugin. -->","yoast_head_json":{"title":"ANNAMARIAANGELIKA \u2013 mehr als nur drei Namen | ANNAMARIAANGELIKA","robots":{"index":"index","follow":"follow","max-snippet":"max-snippet:-1","max-image-preview":"max-image-preview:large","max-video-preview":"max-video-preview:-1"},"canonical":"https:\/\/annamariaangelika.com\/de\/ueber-uns\/annamariaangelika-mehr-als-nur-drei-namen\/","og_locale":"de_DE","og_type":"article","og_title":"ANNAMARIAANGELIKA \u2013 mehr als nur drei Namen | ANNAMARIAANGELIKA","og_description":"&nbsp; &nbsp; &nbsp; ANNAMAARIAANGELIKA is passionately dedicated to the slow fashion philosophy. One reason for this is the intrinsic vision of our AMA founder Julia. On the one hand, she believes in fashion that takes responsibility for and is aware of its possible impact on people and the natural environment. On the other hand, the [&hellip;]","og_url":"https:\/\/annamariaangelika.com\/de\/ueber-uns\/annamariaangelika-mehr-als-nur-drei-namen\/","og_site_name":"ANNAMARIAANGELIKA","article_publisher":"https:\/\/www.facebook.com\/annamariaangelika.de","article_modified_time":"2021-06-10T10:02:24+00:00","og_image":[{"width":727,"height":121,"url":"https:\/\/annamariaangelika.com\/wp-content\/uploads\/2016\/08\/annamariaangelika.png","type":"image\/png"}],"twitter_card":"summary_large_image","twitter_misc":{"Gesch\u00e4tzte Lesezeit":"1\u00a0Minute"},"schema":{"@context":"https:\/\/schema.org","@graph":[{"@type":"WebPage","@id":"https:\/\/annamariaangelika.com\/de\/ueber-uns\/annamariaangelika-mehr-als-nur-drei-namen\/","url":"https:\/\/annamariaangelika.com\/de\/ueber-uns\/annamariaangelika-mehr-als-nur-drei-namen\/","name":"ANNAMARIAANGELIKA \u2013 mehr als nur drei Namen | ANNAMARIAANGELIKA","isPartOf":{"@id":"https:\/\/annamariaangelika.com\/de\/#website"},"datePublished":"2021-06-10T10:02:05+00:00","dateModified":"2021-06-10T10:02:24+00:00","breadcrumb":{"@id":"https:\/\/annamariaangelika.com\/de\/ueber-uns\/annamariaangelika-mehr-als-nur-drei-namen\/#breadcrumb"},"inLanguage":"de","potentialAction":[{"@type":"ReadAction","target":["https:\/\/annamariaangelika.com\/de\/ueber-uns\/annamariaangelika-mehr-als-nur-drei-namen\/"]}]},{"@type":"BreadcrumbList","@id":"https:\/\/annamariaangelika.com\/de\/ueber-uns\/annamariaangelika-mehr-als-nur-drei-namen\/#breadcrumb","itemListElement":[{"@type":"ListItem","position":1,"name":"\u00dcber Uns","item":"https:\/\/annamariaangelika.com\/de\/ueber-uns\/"},{"@type":"ListItem","position":2,"name":"ANNAMARIAANGELIKA \u2013 mehr als nur drei Namen"}]},{"@type":"WebSite","@id":"https:\/\/annamariaangelika.com\/de\/#website","url":"https:\/\/annamariaangelika.com\/de\/","name":"ANNAMARIAANGELIKA","description":"Fair &amp; handmade Premium Knitwear","publisher":{"@id":"https:\/\/annamariaangelika.com\/de\/#organization"},"potentialAction":[{"@type":"SearchAction","target":{"@type":"EntryPoint","urlTemplate":"https:\/\/annamariaangelika.com\/de\/?s={search_term_string}"},"query-input":{"@type":"PropertyValueSpecification","valueRequired":true,"valueName":"search_term_string"}}],"inLanguage":"de"},{"@type":"Organization","@id":"https:\/\/annamariaangelika.com\/de\/#organization","name":"ANNAMARIAANGELIKA","url":"https:\/\/annamariaangelika.com\/de\/","logo":{"@type":"ImageObject","inLanguage":"de","@id":"https:\/\/annamariaangelika.com\/de\/#\/schema\/logo\/image\/","url":"https:\/\/annamariaangelika.com\/wp-content\/uploads\/2020\/04\/logo_pdf.png","contentUrl":"https:\/\/annamariaangelika.com\/wp-content\/uploads\/2020\/04\/logo_pdf.png","width":300,"height":19,"caption":"ANNAMARIAANGELIKA"},"image":{"@id":"https:\/\/annamariaangelika.com\/de\/#\/schema\/logo\/image\/"},"sameAs":["https:\/\/www.facebook.com\/annamariaangelika.de","https:\/\/www.instagram.com\/_annamariaangelika_\/","https:\/\/www.pinterest.de\/annamangelika\/"]}]}},"_links":{"self":[{"href":"https:\/\/annamariaangelika.com\/de\/wp-json\/wp\/v2\/pages\/8592","targetHints":{"allow":["GET"]}}],"collection":[{"href":"https:\/\/annamariaangelika.com\/de\/wp-json\/wp\/v2\/pages"}],"about":[{"href":"https:\/\/annamariaangelika.com\/de\/wp-json\/wp\/v2\/types\/page"}],"author":[{"embeddable":true,"href":"https:\/\/annamariaangelika.com\/de\/wp-json\/wp\/v2\/users\/2"}],"replies":[{"embeddable":true,"href":"https:\/\/annamariaangelika.com\/de\/wp-json\/wp\/v2\/comments?post=8592"}],"version-history":[{"count":0,"href":"https:\/\/annamariaangelika.com\/de\/wp-json\/wp\/v2\/pages\/8592\/revisions"}],"up":[{"embeddable":true,"href":"https:\/\/annamariaangelika.com\/de\/wp-json\/wp\/v2\/pages\/8544"}],"wp:attachment":[{"href":"https:\/\/annamariaangelika.com\/de\/wp-json\/wp\/v2\/media?parent=8592"}],"curies":[{"name":"wp","href":"https:\/\/api.w.org\/{rel}","templated":true}]}}