{"id":8585,"date":"2021-06-10T11:52:38","date_gmt":"2021-06-10T09:52:38","guid":{"rendered":"http:\/\/dev.annamariaangelika.com\/ueber-uns\/care-instructions\/"},"modified":"2023-02-09T13:47:26","modified_gmt":"2023-02-09T12:47:26","slug":"pflegehinweise","status":"publish","type":"page","link":"https:\/\/annamariaangelika.com\/de\/ueber-uns\/pflegehinweise\/","title":{"rendered":"Pflegehinweise"},"content":{"rendered":"\t\t<div data-elementor-type=\"wp-page\" data-elementor-id=\"8585\" data-post-id=\"8585\" data-obj-id=\"8585\" class=\"elementor elementor-8585 dce-elementor-post-8585 elementor-6216\" data-elementor-post-type=\"page\">\n\t\t\t\t\t\t<section class=\"elementor-section elementor-top-section elementor-element elementor-element-c062861 second-padding elementor-section-boxed elementor-section-height-default elementor-section-height-default\" data-id=\"c062861\" data-element_type=\"section\">\n\t\t\t\t\t\t<div class=\"elementor-container elementor-column-gap-no\">\n\t\t\t\t\t<div class=\"elementor-column elementor-col-100 elementor-top-column elementor-element elementor-element-fd8583a\" data-id=\"fd8583a\" data-element_type=\"column\">\n\t\t\t<div class=\"elementor-widget-wrap elementor-element-populated\">\n\t\t\t\t\t\t<section class=\"elementor-section elementor-inner-section elementor-element elementor-element-ace5dd2 elementor-section-boxed elementor-section-height-default elementor-section-height-default\" data-id=\"ace5dd2\" data-element_type=\"section\">\n\t\t\t\t\t\t<div class=\"elementor-container elementor-column-gap-no\">\n\t\t\t\t\t<div class=\"elementor-column elementor-col-50 elementor-inner-column elementor-element elementor-element-b8650dd elementor-hidden-phone\" data-id=\"b8650dd\" data-element_type=\"column\">\n\t\t\t<div class=\"elementor-widget-wrap elementor-element-populated\">\n\t\t\t\t\t\t<div class=\"elementor-element elementor-element-8251212 elementor-widget-divider--view-line elementor-widget elementor-widget-divider\" data-id=\"8251212\" data-element_type=\"widget\" data-widget_type=\"divider.default\">\n\t\t\t\t<div class=\"elementor-widget-container\">\n\t\t\t\t\t\t\t<div class=\"elementor-divider\">\n\t\t\t<span class=\"elementor-divider-separator\">\n\t\t\t\t\t\t<\/span>\n\t\t<\/div>\n\t\t\t\t\t\t<\/div>\n\t\t\t\t<\/div>\n\t\t\t\t\t<\/div>\n\t\t<\/div>\n\t\t\t\t<div class=\"elementor-column elementor-col-50 elementor-inner-column elementor-element elementor-element-510d64d\" data-id=\"510d64d\" data-element_type=\"column\">\n\t\t\t<div class=\"elementor-widget-wrap elementor-element-populated\">\n\t\t\t\t\t\t<div class=\"elementor-element elementor-element-de3a7e1 elementor-widget elementor-widget-heading\" data-id=\"de3a7e1\" data-element_type=\"widget\" data-widget_type=\"heading.default\">\n\t\t\t\t<div class=\"elementor-widget-container\">\n\t\t\t\t\t<h6 class=\"elementor-heading-title elementor-size-default\">WAS MAN LIEBT, PFLEGT MAN<\/h6>\t\t\t\t<\/div>\n\t\t\t\t<\/div>\n\t\t\t\t\t<\/div>\n\t\t<\/div>\n\t\t\t\t\t<\/div>\n\t\t<\/section>\n\t\t\t\t<section class=\"elementor-section elementor-inner-section elementor-element elementor-element-691f4dc elementor-section-boxed elementor-section-height-default elementor-section-height-default\" data-id=\"691f4dc\" data-element_type=\"section\">\n\t\t\t\t\t\t<div class=\"elementor-container elementor-column-gap-no\">\n\t\t\t\t\t<div class=\"elementor-column elementor-col-50 elementor-inner-column elementor-element elementor-element-f2fb948\" data-id=\"f2fb948\" data-element_type=\"column\">\n\t\t\t<div class=\"elementor-widget-wrap elementor-element-populated\">\n\t\t\t\t\t\t<div class=\"elementor-element elementor-element-8872a82 elementor-widget elementor-widget-text-editor\" data-id=\"8872a82\" data-element_type=\"widget\" data-widget_type=\"text-editor.default\">\n\t\t\t\t<div class=\"elementor-widget-container\">\n\t\t\t\t\t\t\t\t\t<p>Wenn man etwas lieb gewonnen hat, will man es hegen und pflegen. Denn man m\u00f6chte sich an ihm f\u00fcr eine sehr lange Zeit erfreuen. So geht es vielen zum Beispiel mit dem Lieblingspulli. Er soll genau die Farbe behalten, in die man sich verguckt hat, und sich so anf\u00fchlen, wie man es gewohnt ist.<\/p>\n<p>Bei ANNAMARIAANGELIKA teilen wir dieses Gef\u00fchl und wollen unseren Slow-Fashion LiebhaberInnen diesen Wunsch erf\u00fcllen. Die Alpaka-Wolle, die wir als robustes und langlebiges Garn in die AMA-Kleidungsst\u00fccke verwandeln, tr\u00e4gt ihren Beitrag dazu bei.<\/p>\n<p>Doch auch du kannst selbst dazu beitragen, dass deine AMA-Lieblingsst\u00fccke dir noch f\u00fcr eine sehr lange Zeit Freude bereiten:<\/p>\n<p>&nbsp;<\/p>\n\t\t\t\t\t\t\t\t<\/div>\n\t\t\t\t<\/div>\n\t\t\t\t\t<\/div>\n\t\t<\/div>\n\t\t\t\t<div data-dce-background-image-url=\"https:\/\/annamariaangelika.com\/wp-content\/uploads\/2021\/08\/Waschanleitung.jpg\" class=\"elementor-column elementor-col-50 elementor-inner-column elementor-element elementor-element-61b7263\" data-id=\"61b7263\" data-element_type=\"column\" data-settings=\"{&quot;background_background&quot;:&quot;classic&quot;}\">\n\t\t\t<div class=\"elementor-widget-wrap elementor-element-populated\">\n\t\t\t\t\t<div class=\"elementor-background-overlay\"><\/div>\n\t\t\t\t\t\t<div class=\"elementor-element elementor-element-2e717f8 elementor-hidden-desktop elementor-hidden-tablet elementor-widget elementor-widget-spacer\" data-id=\"2e717f8\" data-element_type=\"widget\" data-widget_type=\"spacer.default\">\n\t\t\t\t<div class=\"elementor-widget-container\">\n\t\t\t\t\t\t\t<div class=\"elementor-spacer\">\n\t\t\t<div class=\"elementor-spacer-inner\"><\/div>\n\t\t<\/div>\n\t\t\t\t\t\t<\/div>\n\t\t\t\t<\/div>\n\t\t\t\t\t<\/div>\n\t\t<\/div>\n\t\t\t\t\t<\/div>\n\t\t<\/section>\n\t\t\t\t\t<\/div>\n\t\t<\/div>\n\t\t\t\t\t<\/div>\n\t\t<\/section>\n\t\t\t\t<section class=\"elementor-section elementor-top-section elementor-element elementor-element-d1eab2c second-padding elementor-section-boxed elementor-section-height-default elementor-section-height-default\" data-id=\"d1eab2c\" data-element_type=\"section\">\n\t\t\t\t\t\t<div class=\"elementor-container elementor-column-gap-no\">\n\t\t\t\t\t<div class=\"elementor-column elementor-col-100 elementor-top-column elementor-element elementor-element-e65c54a\" data-id=\"e65c54a\" data-element_type=\"column\">\n\t\t\t<div class=\"elementor-widget-wrap elementor-element-populated\">\n\t\t\t\t\t\t<section class=\"elementor-section elementor-inner-section elementor-element elementor-element-3eeea21 elementor-section-boxed elementor-section-height-default elementor-section-height-default\" data-id=\"3eeea21\" data-element_type=\"section\">\n\t\t\t\t\t\t<div class=\"elementor-container elementor-column-gap-no\">\n\t\t\t\t\t<div class=\"elementor-column elementor-col-50 elementor-inner-column elementor-element elementor-element-3771d1d\" data-id=\"3771d1d\" data-element_type=\"column\">\n\t\t\t<div class=\"elementor-widget-wrap elementor-element-populated\">\n\t\t\t\t\t\t<div class=\"elementor-element elementor-element-2e8d9a4 elementor-widget elementor-widget-heading\" data-id=\"2e8d9a4\" data-element_type=\"widget\" data-widget_type=\"heading.default\">\n\t\t\t\t<div class=\"elementor-widget-container\">\n\t\t\t\t\t<h6 class=\"elementor-heading-title elementor-size-default\">WASCHANLEITUNG F\u00dcR DEIN ANNAMARIAANGELIKA-LIEBLINGSST\u00dcCK<\/h6>\t\t\t\t<\/div>\n\t\t\t\t<\/div>\n\t\t\t\t\t<\/div>\n\t\t<\/div>\n\t\t\t\t<div class=\"elementor-column elementor-col-50 elementor-inner-column elementor-element elementor-element-b6a48b5 elementor-hidden-phone\" data-id=\"b6a48b5\" data-element_type=\"column\">\n\t\t\t<div class=\"elementor-widget-wrap elementor-element-populated\">\n\t\t\t\t\t\t<div class=\"elementor-element elementor-element-3686275 elementor-widget-divider--view-line elementor-widget elementor-widget-divider\" data-id=\"3686275\" data-element_type=\"widget\" data-widget_type=\"divider.default\">\n\t\t\t\t<div class=\"elementor-widget-container\">\n\t\t\t\t\t\t\t<div class=\"elementor-divider\">\n\t\t\t<span class=\"elementor-divider-separator\">\n\t\t\t\t\t\t<\/span>\n\t\t<\/div>\n\t\t\t\t\t\t<\/div>\n\t\t\t\t<\/div>\n\t\t\t\t\t<\/div>\n\t\t<\/div>\n\t\t\t\t\t<\/div>\n\t\t<\/section>\n\t\t\t\t<section class=\"elementor-section elementor-inner-section elementor-element elementor-element-3a59997 elementor-reverse-mobile elementor-section-boxed elementor-section-height-default elementor-section-height-default\" data-id=\"3a59997\" data-element_type=\"section\">\n\t\t\t\t\t\t<div class=\"elementor-container elementor-column-gap-no\">\n\t\t\t\t\t<div data-dce-background-image-url=\"https:\/\/annamariaangelika.com\/wp-content\/uploads\/2020\/01\/Washing_1-e1668523555435.png\" class=\"elementor-column elementor-col-50 elementor-inner-column elementor-element elementor-element-2c2bd64\" data-id=\"2c2bd64\" data-element_type=\"column\" data-settings=\"{&quot;background_background&quot;:&quot;classic&quot;}\">\n\t\t\t<div class=\"elementor-widget-wrap elementor-element-populated\">\n\t\t\t\t\t<div class=\"elementor-background-overlay\"><\/div>\n\t\t\t\t\t\t<div class=\"elementor-element elementor-element-264de46 elementor-hidden-desktop elementor-hidden-tablet elementor-widget elementor-widget-spacer\" data-id=\"264de46\" data-element_type=\"widget\" data-widget_type=\"spacer.default\">\n\t\t\t\t<div class=\"elementor-widget-container\">\n\t\t\t\t\t\t\t<div class=\"elementor-spacer\">\n\t\t\t<div class=\"elementor-spacer-inner\"><\/div>\n\t\t<\/div>\n\t\t\t\t\t\t<\/div>\n\t\t\t\t<\/div>\n\t\t\t\t\t<\/div>\n\t\t<\/div>\n\t\t\t\t<div class=\"elementor-column elementor-col-50 elementor-inner-column elementor-element elementor-element-9522c33\" data-id=\"9522c33\" data-element_type=\"column\">\n\t\t\t<div class=\"elementor-widget-wrap elementor-element-populated\">\n\t\t\t\t\t\t<div class=\"elementor-element elementor-element-47c701e elementor-widget elementor-widget-text-editor\" data-id=\"47c701e\" data-element_type=\"widget\" data-widget_type=\"text-editor.default\">\n\t\t\t\t<div class=\"elementor-widget-container\">\n\t\t\t\t\t\t\t\t\t<p>Grunds\u00e4tzlich brauchst du Kleidungsst\u00fccke aus Alpaka-Wolle nicht immer sofort waschen. Weniger ist hier definitiv mehr. Und das nicht nur wegen dem unn\u00f6tigen Wasserverbrauch. Die Wollfasern sind selbstreinigend und meist reicht schon das L\u00fcften an der frischen Luft aus, um deine Lieblingsst\u00fccke wieder tragen zu k\u00f6nnen. Du kannst sie aber auch nach dem Duschen in die Dusche oder das Badezimmer h\u00e4ngen. Die dampfige Luft hat einen ebenso reinigenden und erfrischenden Effekt.<\/p>\n<p>Wenn es dann doch mal Zeit f\u00fcr die Waschmaschine wird, nimmst du das Wollwaschprogramm kalt, wenn w\u00e4rmer, bitte maximal bei 30 Grad waschen, zusammen mit einem milden Wollwaschmittel. Bitte nicht schleudern und auch nicht auswringen. Stattdessen in ein gro\u00dfes Strandhandtuch einrollen und das Wasser vorsichtig herausdr\u00fccken. Alternativ zum Wollwaschprogramm der Waschmaschine weichst du deine Kleidungsst\u00fccke in etwas Wollwaschmittel ein und w\u00e4schst sie per Hand. Behutsam durch das Wasser ziehen, leicht kneten und das Wasser vorsichtig ausdr\u00fccken. Fertig! F\u00fcr hartn\u00e4ckige Verschmutzungen empfehlen wir dir den Gang zur Reinigung deines Vertrauens.<\/p>\n<p>Trockne deine Alpaka-Kleidungsst\u00fccke liegend und ziehe alles vorsichtig in Form. Die direkte Sonneneinstrahlung meidest du am besten. Und einen Trockner sollte deine AMA-St\u00fccke auch niemals von innen sehen. Wenn sie trocken sind, kannst du das Material mit dem B\u00fcgeleisen d\u00e4mpfen. Aber bitte nicht fest aufdr\u00fccken, sondern lieber mit einem Zentimeter Abstand \u2013 das reicht!<\/p>\n<p>&nbsp;<\/p>\n\t\t\t\t\t\t\t\t<\/div>\n\t\t\t\t<\/div>\n\t\t\t\t\t<\/div>\n\t\t<\/div>\n\t\t\t\t\t<\/div>\n\t\t<\/section>\n\t\t\t\t<section class=\"elementor-section elementor-inner-section elementor-element elementor-element-09cc2db elementor-section-boxed elementor-section-height-default elementor-section-height-default\" data-id=\"09cc2db\" data-element_type=\"section\">\n\t\t\t\t\t\t<div class=\"elementor-container elementor-column-gap-no\">\n\t\t\t\t\t<div class=\"elementor-column elementor-col-100 elementor-inner-column elementor-element elementor-element-b441e1f\" data-id=\"b441e1f\" data-element_type=\"column\">\n\t\t\t<div class=\"elementor-widget-wrap elementor-element-populated\">\n\t\t\t\t\t\t<div class=\"elementor-element elementor-element-82d2e87 elementor-widget elementor-widget-text-editor\" data-id=\"82d2e87\" data-element_type=\"widget\" data-widget_type=\"text-editor.default\">\n\t\t\t\t<div class=\"elementor-widget-container\">\n\t\t\t\t\t\t\t\t\t<p>Sollte es nach dem Trocknen f\u00fcr l\u00e4ngere Zeit in den Schrank gehen, m\u00f6chten wir dir dringend ans Herz legen, deine Kleidung vor Motten zu sch\u00fctzen. Diese lieben Alpaka-Wolle n\u00e4mlich ebenso, wie du und ich. Das hei\u00dft: gut l\u00fcften, sicher verpacken und Lavendel oder Zedernholz beilegen.<\/p>\n<p>Schreib uns, wenn du weitere Fragen zur Pflege deiner ANNAMARIAANGELIKA-Lieblingsst\u00fccke hast.<\/p>\n<p>&nbsp;<\/p>\n\t\t\t\t\t\t\t\t<\/div>\n\t\t\t\t<\/div>\n\t\t\t\t\t<\/div>\n\t\t<\/div>\n\t\t\t\t\t<\/div>\n\t\t<\/section>\n\t\t\t\t\t<\/div>\n\t\t<\/div>\n\t\t\t\t\t<\/div>\n\t\t<\/section>\n\t\t\t\t<\/div>\n\t\t","protected":false},"excerpt":{"rendered":"<p>ANNAMAARIAANGELIKA is passionately dedicated to the slow fashion philosophy. One reason for this is the intrinsic vision of our AMA founder Julia. On the one hand, she believes in fashion that takes responsibility for and is aware of its possible impact on people and the natural environment. On the other hand, the part of South [&hellip;]<\/p>\n","protected":false},"author":2,"featured_media":0,"parent":8544,"menu_order":0,"comment_status":"closed","ping_status":"closed","template":"elementor_theme","meta":{"_acf_changed":false,"footnotes":""},"class_list":["post-8585","page","type-page","status-publish","hentry"],"acf":[],"yoast_head":"<!-- This site is optimized with the Yoast SEO plugin v27.3 - https:\/\/yoast.com\/product\/yoast-seo-wordpress\/ -->\n<title>Pflegehinweise | ANNAMARIAANGELIKA<\/title>\n<meta name=\"robots\" content=\"index, follow, max-snippet:-1, max-image-preview:large, max-video-preview:-1\" \/>\n<link rel=\"canonical\" href=\"https:\/\/annamariaangelika.com\/de\/ueber-uns\/pflegehinweise\/\" \/>\n<meta property=\"og:locale\" content=\"de_DE\" \/>\n<meta property=\"og:type\" content=\"article\" \/>\n<meta property=\"og:title\" content=\"Pflegehinweise | ANNAMARIAANGELIKA\" \/>\n<meta property=\"og:description\" content=\"ANNAMAARIAANGELIKA is passionately dedicated to the slow fashion philosophy. One reason for this is the intrinsic vision of our AMA founder Julia. On the one hand, she believes in fashion that takes responsibility for and is aware of its possible impact on people and the natural environment. On the other hand, the part of South [&hellip;]\" \/>\n<meta property=\"og:url\" content=\"https:\/\/annamariaangelika.com\/de\/ueber-uns\/pflegehinweise\/\" \/>\n<meta property=\"og:site_name\" content=\"ANNAMARIAANGELIKA\" \/>\n<meta property=\"article:publisher\" content=\"https:\/\/www.facebook.com\/annamariaangelika.de\" \/>\n<meta property=\"article:modified_time\" content=\"2023-02-09T12:47:26+00:00\" \/>\n<meta property=\"og:image\" content=\"https:\/\/annamariaangelika.com\/wp-content\/uploads\/2016\/08\/annamariaangelika.png\" \/>\n\t<meta property=\"og:image:width\" content=\"727\" \/>\n\t<meta property=\"og:image:height\" content=\"121\" \/>\n\t<meta property=\"og:image:type\" content=\"image\/png\" \/>\n<meta name=\"twitter:card\" content=\"summary_large_image\" \/>\n<meta name=\"twitter:label1\" content=\"Gesch\u00e4tzte Lesezeit\" \/>\n\t<meta name=\"twitter:data1\" content=\"3\u00a0Minuten\" \/>\n<script type=\"application\/ld+json\" class=\"yoast-schema-graph\">{\"@context\":\"https:\\\/\\\/schema.org\",\"@graph\":[{\"@type\":\"WebPage\",\"@id\":\"https:\\\/\\\/annamariaangelika.com\\\/de\\\/ueber-uns\\\/pflegehinweise\\\/\",\"url\":\"https:\\\/\\\/annamariaangelika.com\\\/de\\\/ueber-uns\\\/pflegehinweise\\\/\",\"name\":\"Pflegehinweise | ANNAMARIAANGELIKA\",\"isPartOf\":{\"@id\":\"https:\\\/\\\/annamariaangelika.com\\\/de\\\/#website\"},\"datePublished\":\"2021-06-10T09:52:38+00:00\",\"dateModified\":\"2023-02-09T12:47:26+00:00\",\"breadcrumb\":{\"@id\":\"https:\\\/\\\/annamariaangelika.com\\\/de\\\/ueber-uns\\\/pflegehinweise\\\/#breadcrumb\"},\"inLanguage\":\"de\",\"potentialAction\":[{\"@type\":\"ReadAction\",\"target\":[\"https:\\\/\\\/annamariaangelika.com\\\/de\\\/ueber-uns\\\/pflegehinweise\\\/\"]}]},{\"@type\":\"BreadcrumbList\",\"@id\":\"https:\\\/\\\/annamariaangelika.com\\\/de\\\/ueber-uns\\\/pflegehinweise\\\/#breadcrumb\",\"itemListElement\":[{\"@type\":\"ListItem\",\"position\":1,\"name\":\"\u00dcber Uns\",\"item\":\"https:\\\/\\\/annamariaangelika.com\\\/de\\\/ueber-uns\\\/\"},{\"@type\":\"ListItem\",\"position\":2,\"name\":\"Pflegehinweise\"}]},{\"@type\":\"WebSite\",\"@id\":\"https:\\\/\\\/annamariaangelika.com\\\/de\\\/#website\",\"url\":\"https:\\\/\\\/annamariaangelika.com\\\/de\\\/\",\"name\":\"ANNAMARIAANGELIKA\",\"description\":\"Fair &amp; handmade Premium Knitwear\",\"publisher\":{\"@id\":\"https:\\\/\\\/annamariaangelika.com\\\/de\\\/#organization\"},\"potentialAction\":[{\"@type\":\"SearchAction\",\"target\":{\"@type\":\"EntryPoint\",\"urlTemplate\":\"https:\\\/\\\/annamariaangelika.com\\\/de\\\/?s={search_term_string}\"},\"query-input\":{\"@type\":\"PropertyValueSpecification\",\"valueRequired\":true,\"valueName\":\"search_term_string\"}}],\"inLanguage\":\"de\"},{\"@type\":\"Organization\",\"@id\":\"https:\\\/\\\/annamariaangelika.com\\\/de\\\/#organization\",\"name\":\"ANNAMARIAANGELIKA\",\"url\":\"https:\\\/\\\/annamariaangelika.com\\\/de\\\/\",\"logo\":{\"@type\":\"ImageObject\",\"inLanguage\":\"de\",\"@id\":\"https:\\\/\\\/annamariaangelika.com\\\/de\\\/#\\\/schema\\\/logo\\\/image\\\/\",\"url\":\"https:\\\/\\\/annamariaangelika.com\\\/wp-content\\\/uploads\\\/2020\\\/04\\\/logo_pdf.png\",\"contentUrl\":\"https:\\\/\\\/annamariaangelika.com\\\/wp-content\\\/uploads\\\/2020\\\/04\\\/logo_pdf.png\",\"width\":300,\"height\":19,\"caption\":\"ANNAMARIAANGELIKA\"},\"image\":{\"@id\":\"https:\\\/\\\/annamariaangelika.com\\\/de\\\/#\\\/schema\\\/logo\\\/image\\\/\"},\"sameAs\":[\"https:\\\/\\\/www.facebook.com\\\/annamariaangelika.de\",\"https:\\\/\\\/www.instagram.com\\\/_annamariaangelika_\\\/\",\"https:\\\/\\\/www.pinterest.de\\\/annamangelika\\\/\"]}]}<\/script>\n<!-- \/ Yoast SEO plugin. -->","yoast_head_json":{"title":"Pflegehinweise | ANNAMARIAANGELIKA","robots":{"index":"index","follow":"follow","max-snippet":"max-snippet:-1","max-image-preview":"max-image-preview:large","max-video-preview":"max-video-preview:-1"},"canonical":"https:\/\/annamariaangelika.com\/de\/ueber-uns\/pflegehinweise\/","og_locale":"de_DE","og_type":"article","og_title":"Pflegehinweise | ANNAMARIAANGELIKA","og_description":"ANNAMAARIAANGELIKA is passionately dedicated to the slow fashion philosophy. One reason for this is the intrinsic vision of our AMA founder Julia. On the one hand, she believes in fashion that takes responsibility for and is aware of its possible impact on people and the natural environment. On the other hand, the part of South [&hellip;]","og_url":"https:\/\/annamariaangelika.com\/de\/ueber-uns\/pflegehinweise\/","og_site_name":"ANNAMARIAANGELIKA","article_publisher":"https:\/\/www.facebook.com\/annamariaangelika.de","article_modified_time":"2023-02-09T12:47:26+00:00","og_image":[{"width":727,"height":121,"url":"https:\/\/annamariaangelika.com\/wp-content\/uploads\/2016\/08\/annamariaangelika.png","type":"image\/png"}],"twitter_card":"summary_large_image","twitter_misc":{"Gesch\u00e4tzte Lesezeit":"3\u00a0Minuten"},"schema":{"@context":"https:\/\/schema.org","@graph":[{"@type":"WebPage","@id":"https:\/\/annamariaangelika.com\/de\/ueber-uns\/pflegehinweise\/","url":"https:\/\/annamariaangelika.com\/de\/ueber-uns\/pflegehinweise\/","name":"Pflegehinweise | ANNAMARIAANGELIKA","isPartOf":{"@id":"https:\/\/annamariaangelika.com\/de\/#website"},"datePublished":"2021-06-10T09:52:38+00:00","dateModified":"2023-02-09T12:47:26+00:00","breadcrumb":{"@id":"https:\/\/annamariaangelika.com\/de\/ueber-uns\/pflegehinweise\/#breadcrumb"},"inLanguage":"de","potentialAction":[{"@type":"ReadAction","target":["https:\/\/annamariaangelika.com\/de\/ueber-uns\/pflegehinweise\/"]}]},{"@type":"BreadcrumbList","@id":"https:\/\/annamariaangelika.com\/de\/ueber-uns\/pflegehinweise\/#breadcrumb","itemListElement":[{"@type":"ListItem","position":1,"name":"\u00dcber Uns","item":"https:\/\/annamariaangelika.com\/de\/ueber-uns\/"},{"@type":"ListItem","position":2,"name":"Pflegehinweise"}]},{"@type":"WebSite","@id":"https:\/\/annamariaangelika.com\/de\/#website","url":"https:\/\/annamariaangelika.com\/de\/","name":"ANNAMARIAANGELIKA","description":"Fair &amp; handmade Premium Knitwear","publisher":{"@id":"https:\/\/annamariaangelika.com\/de\/#organization"},"potentialAction":[{"@type":"SearchAction","target":{"@type":"EntryPoint","urlTemplate":"https:\/\/annamariaangelika.com\/de\/?s={search_term_string}"},"query-input":{"@type":"PropertyValueSpecification","valueRequired":true,"valueName":"search_term_string"}}],"inLanguage":"de"},{"@type":"Organization","@id":"https:\/\/annamariaangelika.com\/de\/#organization","name":"ANNAMARIAANGELIKA","url":"https:\/\/annamariaangelika.com\/de\/","logo":{"@type":"ImageObject","inLanguage":"de","@id":"https:\/\/annamariaangelika.com\/de\/#\/schema\/logo\/image\/","url":"https:\/\/annamariaangelika.com\/wp-content\/uploads\/2020\/04\/logo_pdf.png","contentUrl":"https:\/\/annamariaangelika.com\/wp-content\/uploads\/2020\/04\/logo_pdf.png","width":300,"height":19,"caption":"ANNAMARIAANGELIKA"},"image":{"@id":"https:\/\/annamariaangelika.com\/de\/#\/schema\/logo\/image\/"},"sameAs":["https:\/\/www.facebook.com\/annamariaangelika.de","https:\/\/www.instagram.com\/_annamariaangelika_\/","https:\/\/www.pinterest.de\/annamangelika\/"]}]}},"_links":{"self":[{"href":"https:\/\/annamariaangelika.com\/de\/wp-json\/wp\/v2\/pages\/8585","targetHints":{"allow":["GET"]}}],"collection":[{"href":"https:\/\/annamariaangelika.com\/de\/wp-json\/wp\/v2\/pages"}],"about":[{"href":"https:\/\/annamariaangelika.com\/de\/wp-json\/wp\/v2\/types\/page"}],"author":[{"embeddable":true,"href":"https:\/\/annamariaangelika.com\/de\/wp-json\/wp\/v2\/users\/2"}],"replies":[{"embeddable":true,"href":"https:\/\/annamariaangelika.com\/de\/wp-json\/wp\/v2\/comments?post=8585"}],"version-history":[{"count":0,"href":"https:\/\/annamariaangelika.com\/de\/wp-json\/wp\/v2\/pages\/8585\/revisions"}],"up":[{"embeddable":true,"href":"https:\/\/annamariaangelika.com\/de\/wp-json\/wp\/v2\/pages\/8544"}],"wp:attachment":[{"href":"https:\/\/annamariaangelika.com\/de\/wp-json\/wp\/v2\/media?parent=8585"}],"curies":[{"name":"wp","href":"https:\/\/api.w.org\/{rel}","templated":true}]}}