{"id":8569,"date":"2021-06-10T11:45:26","date_gmt":"2021-06-10T09:45:26","guid":{"rendered":"http:\/\/dev.annamariaangelika.com\/ueber-uns\/julias-studio\/"},"modified":"2023-02-09T13:41:18","modified_gmt":"2023-02-09T12:41:18","slug":"julias-studio","status":"publish","type":"page","link":"https:\/\/annamariaangelika.com\/de\/ueber-uns\/julias-studio\/","title":{"rendered":"Julias Studio"},"content":{"rendered":"\t\t<div data-elementor-type=\"wp-page\" data-elementor-id=\"8569\" data-post-id=\"8569\" data-obj-id=\"8569\" class=\"elementor elementor-8569 dce-elementor-post-8569 elementor-6294\" data-elementor-post-type=\"page\">\n\t\t\t\t\t\t<section class=\"elementor-section elementor-top-section elementor-element elementor-element-8860a81 second-padding elementor-section-boxed elementor-section-height-default elementor-section-height-default\" data-id=\"8860a81\" data-element_type=\"section\">\n\t\t\t\t\t\t<div class=\"elementor-container elementor-column-gap-no\">\n\t\t\t\t\t<div class=\"elementor-column elementor-col-100 elementor-top-column elementor-element elementor-element-8cfcb51\" data-id=\"8cfcb51\" data-element_type=\"column\">\n\t\t\t<div class=\"elementor-widget-wrap elementor-element-populated\">\n\t\t\t\t\t\t<section class=\"elementor-section elementor-inner-section elementor-element elementor-element-fa3ffbf elementor-section-boxed elementor-section-height-default elementor-section-height-default\" data-id=\"fa3ffbf\" data-element_type=\"section\">\n\t\t\t\t\t\t<div class=\"elementor-container elementor-column-gap-no\">\n\t\t\t\t\t<div class=\"elementor-column elementor-col-50 elementor-inner-column elementor-element elementor-element-bd48159 elementor-hidden-phone\" data-id=\"bd48159\" data-element_type=\"column\">\n\t\t\t<div class=\"elementor-widget-wrap elementor-element-populated\">\n\t\t\t\t\t\t<div class=\"elementor-element elementor-element-6408744 elementor-widget-divider--view-line elementor-widget elementor-widget-divider\" data-id=\"6408744\" data-element_type=\"widget\" data-widget_type=\"divider.default\">\n\t\t\t\t<div class=\"elementor-widget-container\">\n\t\t\t\t\t\t\t<div class=\"elementor-divider\">\n\t\t\t<span class=\"elementor-divider-separator\">\n\t\t\t\t\t\t<\/span>\n\t\t<\/div>\n\t\t\t\t\t\t<\/div>\n\t\t\t\t<\/div>\n\t\t\t\t\t<\/div>\n\t\t<\/div>\n\t\t\t\t<div class=\"elementor-column elementor-col-50 elementor-inner-column elementor-element elementor-element-fef8404\" data-id=\"fef8404\" data-element_type=\"column\">\n\t\t\t<div class=\"elementor-widget-wrap elementor-element-populated\">\n\t\t\t\t\t\t<div class=\"elementor-element elementor-element-b769965 elementor-widget elementor-widget-heading\" data-id=\"b769965\" data-element_type=\"widget\" data-widget_type=\"heading.default\">\n\t\t\t\t<div class=\"elementor-widget-container\">\n\t\t\t\t\t<h6 class=\"elementor-heading-title elementor-size-default\">EIN KREATIVRAUM, WO IDEEN GESPONNEN WERDEN<\/h6>\t\t\t\t<\/div>\n\t\t\t\t<\/div>\n\t\t\t\t\t<\/div>\n\t\t<\/div>\n\t\t\t\t\t<\/div>\n\t\t<\/section>\n\t\t\t\t<section class=\"elementor-section elementor-inner-section elementor-element elementor-element-61c85e5 elementor-section-boxed elementor-section-height-default elementor-section-height-default\" data-id=\"61c85e5\" data-element_type=\"section\">\n\t\t\t\t\t\t<div class=\"elementor-container elementor-column-gap-no\">\n\t\t\t\t\t<div class=\"elementor-column elementor-col-100 elementor-inner-column elementor-element elementor-element-2c2bfbf\" data-id=\"2c2bfbf\" data-element_type=\"column\">\n\t\t\t<div class=\"elementor-widget-wrap elementor-element-populated\">\n\t\t\t\t\t\t<div class=\"elementor-element elementor-element-bb61dfe elementor-widget elementor-widget-text-editor\" data-id=\"bb61dfe\" data-element_type=\"widget\" data-widget_type=\"text-editor.default\">\n\t\t\t\t<div class=\"elementor-widget-container\">\n\t\t\t\t\t\t\t\t\t<p>Kreative Ideen brauchen auch immer einen physischen Raum, wo sie sich materialisieren und sichtbar werden k\u00f6nnen. Genau ein solcher Raum ist das Atelier von ANNAMARIAANGELIKA.<\/p>\n<p>Doch wie sieht so ein Atelier aus? Herrscht dort permanentes k\u00fcnstlerisches Chaos? Und wie kreativ ist so ein Designer-Alltag \u00fcberhaupt? Fragen, die AMA-Designerin Julia euch gern selbst beantworten m\u00f6chte. Lest selbst!<\/p>\n<p>&nbsp;<\/p>\n\t\t\t\t\t\t\t\t<\/div>\n\t\t\t\t<\/div>\n\t\t\t\t\t<\/div>\n\t\t<\/div>\n\t\t\t\t\t<\/div>\n\t\t<\/section>\n\t\t\t\t<section class=\"elementor-section elementor-inner-section elementor-element elementor-element-acf58b7 elementor-reverse-mobile elementor-section-boxed elementor-section-height-default elementor-section-height-default\" data-id=\"acf58b7\" data-element_type=\"section\">\n\t\t\t\t\t\t<div class=\"elementor-container elementor-column-gap-no\">\n\t\t\t\t\t<div data-dce-background-image-url=\"https:\/\/annamariaangelika.com\/wp-content\/uploads\/2021\/08\/Julia_1.jpg\" class=\"elementor-column elementor-col-50 elementor-inner-column elementor-element elementor-element-2e161d1\" data-id=\"2e161d1\" data-element_type=\"column\" data-settings=\"{&quot;background_background&quot;:&quot;classic&quot;}\">\n\t\t\t<div class=\"elementor-widget-wrap elementor-element-populated\">\n\t\t\t\t\t<div class=\"elementor-background-overlay\"><\/div>\n\t\t\t\t\t\t<div class=\"elementor-element elementor-element-8ef4611 elementor-hidden-desktop elementor-hidden-tablet elementor-widget elementor-widget-spacer\" data-id=\"8ef4611\" data-element_type=\"widget\" data-widget_type=\"spacer.default\">\n\t\t\t\t<div class=\"elementor-widget-container\">\n\t\t\t\t\t\t\t<div class=\"elementor-spacer\">\n\t\t\t<div class=\"elementor-spacer-inner\"><\/div>\n\t\t<\/div>\n\t\t\t\t\t\t<\/div>\n\t\t\t\t<\/div>\n\t\t\t\t\t<\/div>\n\t\t<\/div>\n\t\t\t\t<div class=\"elementor-column elementor-col-50 elementor-inner-column elementor-element elementor-element-0d0f7b5\" data-id=\"0d0f7b5\" data-element_type=\"column\">\n\t\t\t<div class=\"elementor-widget-wrap elementor-element-populated\">\n\t\t\t\t\t\t<div class=\"elementor-element elementor-element-cd03d89 elementor-widget elementor-widget-text-editor\" data-id=\"cd03d89\" data-element_type=\"widget\" data-widget_type=\"text-editor.default\">\n\t\t\t\t<div class=\"elementor-widget-container\">\n\t\t\t\t\t\t\t\t\t<p><strong>Julia, erz\u00e4hl uns etwas \u00fcber das AMA-Atelier! Gibt es einen besonderen Flair, der dich kreativ sein l\u00e4sst? Brauchst du als Designerin Ruhe oder m\u00f6glichst viel Trubel?<\/strong><\/p>\n<p><em>Julia:<\/em>\u00a0Ja, ein besonderes Flair gibt es hier tats\u00e4chlich. Wenn man bedenkt, dass wir am Moritzplatz mitten in Berlin sind, ist es schon sehr au\u00dfergew\u00f6hnlich, Atelierr\u00e4ume mit einem angrenzenden Hinterhof zu haben. Im Fr\u00fchling und Sommer ist die Terrasse durch nichts zu toppen. Ich liebe diese gro\u00dfen Fensterfronten. Dank ihnen ist mein ganzes Atelier lichtdurchflutet. Der Hof strahlt au\u00dferdem so viel Ruhe aus, dass ich gut und konzentriert arbeiten kann. Trubel brauche ich eher nicht. Was ich hingegen sehr genie\u00dfe, ist die Tatsache, dass ich mit meinem Atelier Teil einer Ateliergemeinschaft bin. Jeder hat seinen Bereich und zwischendurch laufen wir uns in der gemeinsamen K\u00fcche \u00fcber den Weg, setzen uns f\u00fcr einen kurzen Plausch zusammen und trinken eine Tasse Kaffee. Das tut unheimlich gut und ist sehr inspirierend.<\/p>\n<p><strong>Was genau ist das f\u00fcr eine Gemeinschaft? Sind das auch alles Designer?<\/strong><\/p>\n<p><em>Julia:<\/em>\u00a0Insgesamt sind wir zu viert. Wir sind Designer und ein Verlag. Zeitgleich mit uns, ist auch das Designer Label Dzaino in die R\u00e4ume am Moritzplatz gezogen. Die beiden Gr\u00fcnderinnen, Hanna und Julia, betreiben mit Dzaino ein Upcycling Label, das wundersch\u00f6ne Jeanstaschen und Accessoire aus Jeans herstellt. ANNAMARIAANGELIKA ist also in allerbester Gesellschaft. Durch unsere Aethic Netzwerktreffen und Pop Up Shops, sind regelm\u00e4\u00dfig andere nachhaltige Designer Labels vor Ort, was sehr inspirierend ist.<\/p>\n<p>&nbsp;<\/p>\n\t\t\t\t\t\t\t\t<\/div>\n\t\t\t\t<\/div>\n\t\t\t\t\t<\/div>\n\t\t<\/div>\n\t\t\t\t\t<\/div>\n\t\t<\/section>\n\t\t\t\t<section class=\"elementor-section elementor-inner-section elementor-element elementor-element-5a2be8a elementor-section-boxed elementor-section-height-default elementor-section-height-default\" data-id=\"5a2be8a\" data-element_type=\"section\">\n\t\t\t\t\t\t<div class=\"elementor-container elementor-column-gap-no\">\n\t\t\t\t\t<div class=\"elementor-column elementor-col-50 elementor-inner-column elementor-element elementor-element-41edd1b\" data-id=\"41edd1b\" data-element_type=\"column\">\n\t\t\t<div class=\"elementor-widget-wrap elementor-element-populated\">\n\t\t\t\t\t\t<div class=\"elementor-element elementor-element-680c36e elementor-widget elementor-widget-text-editor\" data-id=\"680c36e\" data-element_type=\"widget\" data-widget_type=\"text-editor.default\">\n\t\t\t\t<div class=\"elementor-widget-container\">\n\t\t\t\t\t\t\t\t\t<p><strong>Wie kann man sich deine Arbeitstage im Atelier vorstellen? Entwickelst du st\u00e4ndig neue Ideen und fertigst Schnitte? Trifft man dich mit Ma\u00dfband um den Hals und Nadel und Schere in der Hand?<\/strong><\/p>\n<p><em>Julia:<\/em>\u00a0Meine Arbeit ist sehr vielseitig. Es gibt Tage, an denen geht es absolut kreativ zu. Zum Beispiel, wenn neue Lieblingsst\u00fccke entwickelt werden. Dann stehen Dinge an, wie Moodboards und Schnitte entwickeln, passende Garne ausw\u00e4hlen, Strickproben auf der Strickmaschine durchf\u00fchren \u2013 und gen\u00e4ht wird nat\u00fcrlich auch. Mit jeder neuen Kollektion, kommen viele organisatorische Dinge hinzu. Wir f\u00fchren Fotoshootings durch, erstellen Lookbooks, bereiten Messen vor und best\u00fccken unsere Onlineshops mit Bildmaterial. Au\u00dferdem gibt es zahlreiche allt\u00e4gliche Dinge, die unsere volle Aufmerksamkeit brauchen. So wird jede einzelne Bestellung sorgsam in unserem Atelier verpackt und verschickt. Und nat\u00fcrlich wollen auch E-Mails beantworten und Social Media Kan\u00e4le gepflegt werden. Es gibt allerhand zu tun, bei dem eine Schere in der Hand st\u00f6ren und die Nadeln permanent pieksen w\u00fcrden.<\/p>\n<p><strong>Wann kann man euch denn am Moritzplatz besuchen? Geht das \u00fcberhaupt?<\/strong><\/p>\n<p><em>Julia:<\/em>\u00a0Klar geht das! Wir freuen uns immer \u00fcber Besucher! Am liebsten nach vorheriger Absprache. Ich bin viel unterwegs und habe regelm\u00e4\u00dfig Meetings im Studio. Es w\u00e4re schade, wenn man sich dann verpasst. Ansonsten jederzeit zu offiziellen Terminen, wie unseren Pop Up Stores oder anderen Events. Wir informieren dazu auf Facebook und Instagram. Also schaut dort gern vorbei.<\/p>\n<p>&nbsp;<\/p>\n\t\t\t\t\t\t\t\t<\/div>\n\t\t\t\t<\/div>\n\t\t\t\t\t<\/div>\n\t\t<\/div>\n\t\t\t\t<div data-dce-background-image-url=\"https:\/\/annamariaangelika.com\/wp-content\/uploads\/2021\/08\/Julia_2.jpg\" class=\"elementor-column elementor-col-50 elementor-inner-column elementor-element elementor-element-cd74bdc\" data-id=\"cd74bdc\" data-element_type=\"column\" data-settings=\"{&quot;background_background&quot;:&quot;classic&quot;}\">\n\t\t\t<div class=\"elementor-widget-wrap elementor-element-populated\">\n\t\t\t\t\t<div class=\"elementor-background-overlay\"><\/div>\n\t\t\t\t\t\t<div class=\"elementor-element elementor-element-a1886a0 elementor-hidden-desktop elementor-hidden-tablet elementor-widget elementor-widget-spacer\" data-id=\"a1886a0\" data-element_type=\"widget\" data-widget_type=\"spacer.default\">\n\t\t\t\t<div class=\"elementor-widget-container\">\n\t\t\t\t\t\t\t<div class=\"elementor-spacer\">\n\t\t\t<div class=\"elementor-spacer-inner\"><\/div>\n\t\t<\/div>\n\t\t\t\t\t\t<\/div>\n\t\t\t\t<\/div>\n\t\t\t\t\t<\/div>\n\t\t<\/div>\n\t\t\t\t\t<\/div>\n\t\t<\/section>\n\t\t\t\t\t<\/div>\n\t\t<\/div>\n\t\t\t\t\t<\/div>\n\t\t<\/section>\n\t\t\t\t<\/div>\n\t\t","protected":false},"excerpt":{"rendered":"<p>ANNAMAARIAANGELIKA is passionately dedicated to the slow fashion philosophy. One reason for this is the intrinsic vision of our AMA founder Julia. On the one hand, she believes in fashion that takes responsibility for and is aware of its possible impact on people and the natural environment. On the other hand, the part of South [&hellip;]<\/p>\n","protected":false},"author":2,"featured_media":0,"parent":8544,"menu_order":0,"comment_status":"closed","ping_status":"closed","template":"elementor_theme","meta":{"_acf_changed":false,"footnotes":""},"class_list":["post-8569","page","type-page","status-publish","hentry"],"acf":[],"yoast_head":"<!-- This site is optimized with the Yoast SEO plugin v27.3 - https:\/\/yoast.com\/product\/yoast-seo-wordpress\/ -->\n<title>Julias Studio | ANNAMARIAANGELIKA<\/title>\n<meta name=\"robots\" content=\"index, follow, max-snippet:-1, max-image-preview:large, max-video-preview:-1\" \/>\n<link rel=\"canonical\" href=\"https:\/\/annamariaangelika.com\/de\/ueber-uns\/julias-studio\/\" \/>\n<meta property=\"og:locale\" content=\"de_DE\" \/>\n<meta property=\"og:type\" content=\"article\" \/>\n<meta property=\"og:title\" content=\"Julias Studio | ANNAMARIAANGELIKA\" \/>\n<meta property=\"og:description\" content=\"ANNAMAARIAANGELIKA is passionately dedicated to the slow fashion philosophy. One reason for this is the intrinsic vision of our AMA founder Julia. On the one hand, she believes in fashion that takes responsibility for and is aware of its possible impact on people and the natural environment. On the other hand, the part of South [&hellip;]\" \/>\n<meta property=\"og:url\" content=\"https:\/\/annamariaangelika.com\/de\/ueber-uns\/julias-studio\/\" \/>\n<meta property=\"og:site_name\" content=\"ANNAMARIAANGELIKA\" \/>\n<meta property=\"article:publisher\" content=\"https:\/\/www.facebook.com\/annamariaangelika.de\" \/>\n<meta property=\"article:modified_time\" content=\"2023-02-09T12:41:18+00:00\" \/>\n<meta property=\"og:image\" content=\"https:\/\/annamariaangelika.com\/wp-content\/uploads\/2016\/08\/annamariaangelika.png\" \/>\n\t<meta property=\"og:image:width\" content=\"727\" \/>\n\t<meta property=\"og:image:height\" content=\"121\" \/>\n\t<meta property=\"og:image:type\" content=\"image\/png\" \/>\n<meta name=\"twitter:card\" content=\"summary_large_image\" \/>\n<meta name=\"twitter:label1\" content=\"Gesch\u00e4tzte Lesezeit\" \/>\n\t<meta name=\"twitter:data1\" content=\"3\u00a0Minuten\" \/>\n<script type=\"application\/ld+json\" class=\"yoast-schema-graph\">{\"@context\":\"https:\\\/\\\/schema.org\",\"@graph\":[{\"@type\":\"WebPage\",\"@id\":\"https:\\\/\\\/annamariaangelika.com\\\/de\\\/ueber-uns\\\/julias-studio\\\/\",\"url\":\"https:\\\/\\\/annamariaangelika.com\\\/de\\\/ueber-uns\\\/julias-studio\\\/\",\"name\":\"Julias Studio | ANNAMARIAANGELIKA\",\"isPartOf\":{\"@id\":\"https:\\\/\\\/annamariaangelika.com\\\/de\\\/#website\"},\"datePublished\":\"2021-06-10T09:45:26+00:00\",\"dateModified\":\"2023-02-09T12:41:18+00:00\",\"breadcrumb\":{\"@id\":\"https:\\\/\\\/annamariaangelika.com\\\/de\\\/ueber-uns\\\/julias-studio\\\/#breadcrumb\"},\"inLanguage\":\"de\",\"potentialAction\":[{\"@type\":\"ReadAction\",\"target\":[\"https:\\\/\\\/annamariaangelika.com\\\/de\\\/ueber-uns\\\/julias-studio\\\/\"]}]},{\"@type\":\"BreadcrumbList\",\"@id\":\"https:\\\/\\\/annamariaangelika.com\\\/de\\\/ueber-uns\\\/julias-studio\\\/#breadcrumb\",\"itemListElement\":[{\"@type\":\"ListItem\",\"position\":1,\"name\":\"\u00dcber Uns\",\"item\":\"https:\\\/\\\/annamariaangelika.com\\\/de\\\/ueber-uns\\\/\"},{\"@type\":\"ListItem\",\"position\":2,\"name\":\"Julias Studio\"}]},{\"@type\":\"WebSite\",\"@id\":\"https:\\\/\\\/annamariaangelika.com\\\/de\\\/#website\",\"url\":\"https:\\\/\\\/annamariaangelika.com\\\/de\\\/\",\"name\":\"ANNAMARIAANGELIKA\",\"description\":\"Fair &amp; handmade Premium Knitwear\",\"publisher\":{\"@id\":\"https:\\\/\\\/annamariaangelika.com\\\/de\\\/#organization\"},\"potentialAction\":[{\"@type\":\"SearchAction\",\"target\":{\"@type\":\"EntryPoint\",\"urlTemplate\":\"https:\\\/\\\/annamariaangelika.com\\\/de\\\/?s={search_term_string}\"},\"query-input\":{\"@type\":\"PropertyValueSpecification\",\"valueRequired\":true,\"valueName\":\"search_term_string\"}}],\"inLanguage\":\"de\"},{\"@type\":\"Organization\",\"@id\":\"https:\\\/\\\/annamariaangelika.com\\\/de\\\/#organization\",\"name\":\"ANNAMARIAANGELIKA\",\"url\":\"https:\\\/\\\/annamariaangelika.com\\\/de\\\/\",\"logo\":{\"@type\":\"ImageObject\",\"inLanguage\":\"de\",\"@id\":\"https:\\\/\\\/annamariaangelika.com\\\/de\\\/#\\\/schema\\\/logo\\\/image\\\/\",\"url\":\"https:\\\/\\\/annamariaangelika.com\\\/wp-content\\\/uploads\\\/2020\\\/04\\\/logo_pdf.png\",\"contentUrl\":\"https:\\\/\\\/annamariaangelika.com\\\/wp-content\\\/uploads\\\/2020\\\/04\\\/logo_pdf.png\",\"width\":300,\"height\":19,\"caption\":\"ANNAMARIAANGELIKA\"},\"image\":{\"@id\":\"https:\\\/\\\/annamariaangelika.com\\\/de\\\/#\\\/schema\\\/logo\\\/image\\\/\"},\"sameAs\":[\"https:\\\/\\\/www.facebook.com\\\/annamariaangelika.de\",\"https:\\\/\\\/www.instagram.com\\\/_annamariaangelika_\\\/\",\"https:\\\/\\\/www.pinterest.de\\\/annamangelika\\\/\"]}]}<\/script>\n<!-- \/ Yoast SEO plugin. -->","yoast_head_json":{"title":"Julias Studio | ANNAMARIAANGELIKA","robots":{"index":"index","follow":"follow","max-snippet":"max-snippet:-1","max-image-preview":"max-image-preview:large","max-video-preview":"max-video-preview:-1"},"canonical":"https:\/\/annamariaangelika.com\/de\/ueber-uns\/julias-studio\/","og_locale":"de_DE","og_type":"article","og_title":"Julias Studio | ANNAMARIAANGELIKA","og_description":"ANNAMAARIAANGELIKA is passionately dedicated to the slow fashion philosophy. One reason for this is the intrinsic vision of our AMA founder Julia. On the one hand, she believes in fashion that takes responsibility for and is aware of its possible impact on people and the natural environment. On the other hand, the part of South [&hellip;]","og_url":"https:\/\/annamariaangelika.com\/de\/ueber-uns\/julias-studio\/","og_site_name":"ANNAMARIAANGELIKA","article_publisher":"https:\/\/www.facebook.com\/annamariaangelika.de","article_modified_time":"2023-02-09T12:41:18+00:00","og_image":[{"width":727,"height":121,"url":"https:\/\/annamariaangelika.com\/wp-content\/uploads\/2016\/08\/annamariaangelika.png","type":"image\/png"}],"twitter_card":"summary_large_image","twitter_misc":{"Gesch\u00e4tzte Lesezeit":"3\u00a0Minuten"},"schema":{"@context":"https:\/\/schema.org","@graph":[{"@type":"WebPage","@id":"https:\/\/annamariaangelika.com\/de\/ueber-uns\/julias-studio\/","url":"https:\/\/annamariaangelika.com\/de\/ueber-uns\/julias-studio\/","name":"Julias Studio | ANNAMARIAANGELIKA","isPartOf":{"@id":"https:\/\/annamariaangelika.com\/de\/#website"},"datePublished":"2021-06-10T09:45:26+00:00","dateModified":"2023-02-09T12:41:18+00:00","breadcrumb":{"@id":"https:\/\/annamariaangelika.com\/de\/ueber-uns\/julias-studio\/#breadcrumb"},"inLanguage":"de","potentialAction":[{"@type":"ReadAction","target":["https:\/\/annamariaangelika.com\/de\/ueber-uns\/julias-studio\/"]}]},{"@type":"BreadcrumbList","@id":"https:\/\/annamariaangelika.com\/de\/ueber-uns\/julias-studio\/#breadcrumb","itemListElement":[{"@type":"ListItem","position":1,"name":"\u00dcber Uns","item":"https:\/\/annamariaangelika.com\/de\/ueber-uns\/"},{"@type":"ListItem","position":2,"name":"Julias Studio"}]},{"@type":"WebSite","@id":"https:\/\/annamariaangelika.com\/de\/#website","url":"https:\/\/annamariaangelika.com\/de\/","name":"ANNAMARIAANGELIKA","description":"Fair &amp; handmade Premium Knitwear","publisher":{"@id":"https:\/\/annamariaangelika.com\/de\/#organization"},"potentialAction":[{"@type":"SearchAction","target":{"@type":"EntryPoint","urlTemplate":"https:\/\/annamariaangelika.com\/de\/?s={search_term_string}"},"query-input":{"@type":"PropertyValueSpecification","valueRequired":true,"valueName":"search_term_string"}}],"inLanguage":"de"},{"@type":"Organization","@id":"https:\/\/annamariaangelika.com\/de\/#organization","name":"ANNAMARIAANGELIKA","url":"https:\/\/annamariaangelika.com\/de\/","logo":{"@type":"ImageObject","inLanguage":"de","@id":"https:\/\/annamariaangelika.com\/de\/#\/schema\/logo\/image\/","url":"https:\/\/annamariaangelika.com\/wp-content\/uploads\/2020\/04\/logo_pdf.png","contentUrl":"https:\/\/annamariaangelika.com\/wp-content\/uploads\/2020\/04\/logo_pdf.png","width":300,"height":19,"caption":"ANNAMARIAANGELIKA"},"image":{"@id":"https:\/\/annamariaangelika.com\/de\/#\/schema\/logo\/image\/"},"sameAs":["https:\/\/www.facebook.com\/annamariaangelika.de","https:\/\/www.instagram.com\/_annamariaangelika_\/","https:\/\/www.pinterest.de\/annamangelika\/"]}]}},"_links":{"self":[{"href":"https:\/\/annamariaangelika.com\/de\/wp-json\/wp\/v2\/pages\/8569","targetHints":{"allow":["GET"]}}],"collection":[{"href":"https:\/\/annamariaangelika.com\/de\/wp-json\/wp\/v2\/pages"}],"about":[{"href":"https:\/\/annamariaangelika.com\/de\/wp-json\/wp\/v2\/types\/page"}],"author":[{"embeddable":true,"href":"https:\/\/annamariaangelika.com\/de\/wp-json\/wp\/v2\/users\/2"}],"replies":[{"embeddable":true,"href":"https:\/\/annamariaangelika.com\/de\/wp-json\/wp\/v2\/comments?post=8569"}],"version-history":[{"count":0,"href":"https:\/\/annamariaangelika.com\/de\/wp-json\/wp\/v2\/pages\/8569\/revisions"}],"up":[{"embeddable":true,"href":"https:\/\/annamariaangelika.com\/de\/wp-json\/wp\/v2\/pages\/8544"}],"wp:attachment":[{"href":"https:\/\/annamariaangelika.com\/de\/wp-json\/wp\/v2\/media?parent=8569"}],"curies":[{"name":"wp","href":"https:\/\/api.w.org\/{rel}","templated":true}]}}