{"id":8567,"date":"2021-06-10T11:44:28","date_gmt":"2021-06-10T09:44:28","guid":{"rendered":"http:\/\/dev.annamariaangelika.com\/ueber-uns\/knitting\/"},"modified":"2023-02-09T13:41:40","modified_gmt":"2023-02-09T12:41:40","slug":"stricken","status":"publish","type":"page","link":"https:\/\/annamariaangelika.com\/de\/ueber-uns\/stricken\/","title":{"rendered":"Stricken"},"content":{"rendered":"\t\t<div data-elementor-type=\"wp-page\" data-elementor-id=\"8567\" data-post-id=\"8567\" data-obj-id=\"8567\" class=\"elementor elementor-8567 dce-elementor-post-8567 elementor-6316\" data-elementor-post-type=\"page\">\n\t\t\t\t\t\t<section class=\"elementor-section elementor-top-section elementor-element elementor-element-498565c second-padding elementor-section-boxed elementor-section-height-default elementor-section-height-default\" data-id=\"498565c\" data-element_type=\"section\">\n\t\t\t\t\t\t<div class=\"elementor-container elementor-column-gap-no\">\n\t\t\t\t\t<div class=\"elementor-column elementor-col-100 elementor-top-column elementor-element elementor-element-0e662ed\" data-id=\"0e662ed\" data-element_type=\"column\">\n\t\t\t<div class=\"elementor-widget-wrap elementor-element-populated\">\n\t\t\t\t\t\t<section class=\"elementor-section elementor-inner-section elementor-element elementor-element-a3d067c elementor-section-boxed elementor-section-height-default elementor-section-height-default\" data-id=\"a3d067c\" data-element_type=\"section\">\n\t\t\t\t\t\t<div class=\"elementor-container elementor-column-gap-no\">\n\t\t\t\t\t<div class=\"elementor-column elementor-col-50 elementor-inner-column elementor-element elementor-element-a2f3aa1 elementor-hidden-phone\" data-id=\"a2f3aa1\" data-element_type=\"column\">\n\t\t\t<div class=\"elementor-widget-wrap elementor-element-populated\">\n\t\t\t\t\t\t<div class=\"elementor-element elementor-element-8f80991 elementor-widget-divider--view-line elementor-widget elementor-widget-divider\" data-id=\"8f80991\" data-element_type=\"widget\" data-widget_type=\"divider.default\">\n\t\t\t\t<div class=\"elementor-widget-container\">\n\t\t\t\t\t\t\t<div class=\"elementor-divider\">\n\t\t\t<span class=\"elementor-divider-separator\">\n\t\t\t\t\t\t<\/span>\n\t\t<\/div>\n\t\t\t\t\t\t<\/div>\n\t\t\t\t<\/div>\n\t\t\t\t\t<\/div>\n\t\t<\/div>\n\t\t\t\t<div class=\"elementor-column elementor-col-50 elementor-inner-column elementor-element elementor-element-862bb15\" data-id=\"862bb15\" data-element_type=\"column\">\n\t\t\t<div class=\"elementor-widget-wrap elementor-element-populated\">\n\t\t\t\t\t\t<div class=\"elementor-element elementor-element-e0ac35d elementor-widget elementor-widget-heading\" data-id=\"e0ac35d\" data-element_type=\"widget\" data-widget_type=\"heading.default\">\n\t\t\t\t<div class=\"elementor-widget-container\">\n\t\t\t\t\t<h6 class=\"elementor-heading-title elementor-size-default\">DURCH LOSE F\u00c4DEN ENTSTEHT FORM<\/h6>\t\t\t\t<\/div>\n\t\t\t\t<\/div>\n\t\t\t\t\t<\/div>\n\t\t<\/div>\n\t\t\t\t\t<\/div>\n\t\t<\/section>\n\t\t\t\t<section class=\"elementor-section elementor-inner-section elementor-element elementor-element-fc88033 elementor-section-boxed elementor-section-height-default elementor-section-height-default\" data-id=\"fc88033\" data-element_type=\"section\">\n\t\t\t\t\t\t<div class=\"elementor-container elementor-column-gap-no\">\n\t\t\t\t\t<div class=\"elementor-column elementor-col-100 elementor-inner-column elementor-element elementor-element-fc4f67c\" data-id=\"fc4f67c\" data-element_type=\"column\">\n\t\t\t<div class=\"elementor-widget-wrap elementor-element-populated\">\n\t\t\t\t\t\t<div class=\"elementor-element elementor-element-c5a1c98 elementor-widget elementor-widget-text-editor\" data-id=\"c5a1c98\" data-element_type=\"widget\" data-widget_type=\"text-editor.default\">\n\t\t\t\t<div class=\"elementor-widget-container\">\n\t\t\t\t\t\t\t\t\t<p>Bei ANNAMARIAANGELIKA werden durch Menschenhand und durch eigene Kraft aus F\u00e4den Kleidungsst\u00fccke.<\/p>\n<p>F\u00fcr die AMA-Modedesignerin liegt die Magie des Prozesses in seiner Einfachheit. Denn mithilfe hochwertiger F\u00e4den erschaffen Menschenh\u00e4nde durch ein besonderes handwerkliches Geschick eine Form, die vorher so nicht existierte. Ein Wandel von Faden zu Form, der Julia seit Beginn von ANNAMARIAANGELIKA fasziniert.<\/p>\n<p>Und so ist jedes einzelne Kleidungsst\u00fcck bei ANNAMARIAANGELIKA nicht nur eine Hommage an das traditionelle Handwerk Perus, sondern auch an das einfache und individuelle vom Menschen Geschaffene.<\/p>\n\t\t\t\t\t\t\t\t<\/div>\n\t\t\t\t<\/div>\n\t\t\t\t\t<\/div>\n\t\t<\/div>\n\t\t\t\t\t<\/div>\n\t\t<\/section>\n\t\t\t\t<section class=\"elementor-section elementor-inner-section elementor-element elementor-element-76a35a9 elementor-section-boxed elementor-section-height-default elementor-section-height-default\" data-id=\"76a35a9\" data-element_type=\"section\">\n\t\t\t\t\t\t<div class=\"elementor-container elementor-column-gap-default\">\n\t\t\t\t\t<div class=\"elementor-column elementor-col-33 elementor-inner-column elementor-element elementor-element-d5cfc6c\" data-id=\"d5cfc6c\" data-element_type=\"column\">\n\t\t\t<div class=\"elementor-widget-wrap elementor-element-populated\">\n\t\t\t\t\t\t<div class=\"elementor-element elementor-element-0efd255 elementor-widget elementor-widget-image\" data-id=\"0efd255\" data-element_type=\"widget\" data-widget_type=\"image.default\">\n\t\t\t\t<div class=\"elementor-widget-container\">\n\t\t\t\t\t\t\t\t\t\t\t\t\t\t\t<img fetchpriority=\"high\" decoding=\"async\" width=\"450\" height=\"450\" src=\"https:\/\/annamariaangelika.com\/wp-content\/uploads\/2019\/11\/Knitting_2.jpg\" class=\"attachment-large size-large wp-image-7898\" alt=\"\" srcset=\"https:\/\/annamariaangelika.com\/wp-content\/uploads\/2019\/11\/Knitting_2.jpg 450w, https:\/\/annamariaangelika.com\/wp-content\/uploads\/2019\/11\/Knitting_2-300x300.jpg 300w, https:\/\/annamariaangelika.com\/wp-content\/uploads\/2019\/11\/Knitting_2-150x150.jpg 150w, https:\/\/annamariaangelika.com\/wp-content\/uploads\/2019\/11\/Knitting_2-100x100.jpg 100w\" sizes=\"(max-width: 450px) 100vw, 450px\" \/>\t\t\t\t\t\t\t\t\t\t\t\t\t\t\t<\/div>\n\t\t\t\t<\/div>\n\t\t\t\t\t<\/div>\n\t\t<\/div>\n\t\t\t\t<div class=\"elementor-column elementor-col-33 elementor-inner-column elementor-element elementor-element-678b8d7\" data-id=\"678b8d7\" data-element_type=\"column\">\n\t\t\t<div class=\"elementor-widget-wrap elementor-element-populated\">\n\t\t\t\t\t\t<div class=\"elementor-element elementor-element-5c0ab69 elementor-widget elementor-widget-image\" data-id=\"5c0ab69\" data-element_type=\"widget\" data-widget_type=\"image.default\">\n\t\t\t\t<div class=\"elementor-widget-container\">\n\t\t\t\t\t\t\t\t\t\t\t\t\t\t\t<img decoding=\"async\" width=\"800\" height=\"800\" src=\"https:\/\/annamariaangelika.com\/wp-content\/uploads\/2019\/11\/Knitting_3-1024x1024.png\" class=\"attachment-large size-large wp-image-7899\" alt=\"\" srcset=\"https:\/\/annamariaangelika.com\/wp-content\/uploads\/2019\/11\/Knitting_3-1024x1024.png 1024w, https:\/\/annamariaangelika.com\/wp-content\/uploads\/2019\/11\/Knitting_3-300x300.png 300w, https:\/\/annamariaangelika.com\/wp-content\/uploads\/2019\/11\/Knitting_3-150x150.png 150w, https:\/\/annamariaangelika.com\/wp-content\/uploads\/2019\/11\/Knitting_3-768x768.png 768w, https:\/\/annamariaangelika.com\/wp-content\/uploads\/2019\/11\/Knitting_3-600x600.png 600w, https:\/\/annamariaangelika.com\/wp-content\/uploads\/2019\/11\/Knitting_3-100x100.png 100w, https:\/\/annamariaangelika.com\/wp-content\/uploads\/2019\/11\/Knitting_3.png 1500w\" sizes=\"(max-width: 800px) 100vw, 800px\" \/>\t\t\t\t\t\t\t\t\t\t\t\t\t\t\t<\/div>\n\t\t\t\t<\/div>\n\t\t\t\t\t<\/div>\n\t\t<\/div>\n\t\t\t\t<div class=\"elementor-column elementor-col-33 elementor-inner-column elementor-element elementor-element-5f78963\" data-id=\"5f78963\" data-element_type=\"column\">\n\t\t\t<div class=\"elementor-widget-wrap elementor-element-populated\">\n\t\t\t\t\t\t<div class=\"elementor-element elementor-element-5bb0c8b elementor-widget elementor-widget-image\" data-id=\"5bb0c8b\" data-element_type=\"widget\" data-widget_type=\"image.default\">\n\t\t\t\t<div class=\"elementor-widget-container\">\n\t\t\t\t\t\t\t\t\t\t\t\t\t\t\t<img decoding=\"async\" width=\"800\" height=\"800\" src=\"https:\/\/annamariaangelika.com\/wp-content\/uploads\/2019\/11\/Knitting_5-1-1024x1024.png\" class=\"attachment-large size-large wp-image-7901\" alt=\"\" srcset=\"https:\/\/annamariaangelika.com\/wp-content\/uploads\/2019\/11\/Knitting_5-1-1024x1024.png 1024w, https:\/\/annamariaangelika.com\/wp-content\/uploads\/2019\/11\/Knitting_5-1-300x300.png 300w, https:\/\/annamariaangelika.com\/wp-content\/uploads\/2019\/11\/Knitting_5-1-150x150.png 150w, https:\/\/annamariaangelika.com\/wp-content\/uploads\/2019\/11\/Knitting_5-1-768x768.png 768w, https:\/\/annamariaangelika.com\/wp-content\/uploads\/2019\/11\/Knitting_5-1-600x600.png 600w, https:\/\/annamariaangelika.com\/wp-content\/uploads\/2019\/11\/Knitting_5-1-100x100.png 100w, https:\/\/annamariaangelika.com\/wp-content\/uploads\/2019\/11\/Knitting_5-1.png 1500w\" sizes=\"(max-width: 800px) 100vw, 800px\" \/>\t\t\t\t\t\t\t\t\t\t\t\t\t\t\t<\/div>\n\t\t\t\t<\/div>\n\t\t\t\t\t<\/div>\n\t\t<\/div>\n\t\t\t\t\t<\/div>\n\t\t<\/section>\n\t\t\t\t\t<\/div>\n\t\t<\/div>\n\t\t\t\t\t<\/div>\n\t\t<\/section>\n\t\t\t\t<section class=\"elementor-section elementor-top-section elementor-element elementor-element-77a5472 second-padding elementor-section-boxed elementor-section-height-default elementor-section-height-default\" data-id=\"77a5472\" data-element_type=\"section\">\n\t\t\t\t\t\t<div class=\"elementor-container elementor-column-gap-no\">\n\t\t\t\t\t<div class=\"elementor-column elementor-col-100 elementor-top-column elementor-element elementor-element-3003b3d\" data-id=\"3003b3d\" data-element_type=\"column\">\n\t\t\t<div class=\"elementor-widget-wrap elementor-element-populated\">\n\t\t\t\t\t\t<section class=\"elementor-section elementor-inner-section elementor-element elementor-element-84bcb98 elementor-section-boxed elementor-section-height-default elementor-section-height-default\" data-id=\"84bcb98\" data-element_type=\"section\">\n\t\t\t\t\t\t<div class=\"elementor-container elementor-column-gap-no\">\n\t\t\t\t\t<div class=\"elementor-column elementor-col-50 elementor-inner-column elementor-element elementor-element-86dd0c6\" data-id=\"86dd0c6\" data-element_type=\"column\">\n\t\t\t<div class=\"elementor-widget-wrap elementor-element-populated\">\n\t\t\t\t\t\t<div class=\"elementor-element elementor-element-bd5c1b7 elementor-widget elementor-widget-heading\" data-id=\"bd5c1b7\" data-element_type=\"widget\" data-widget_type=\"heading.default\">\n\t\t\t\t<div class=\"elementor-widget-container\">\n\t\t\t\t\t<h6 class=\"elementor-heading-title elementor-size-default\">MASCHE F\u00dcR MASCHE - STRICKEN IN ALTER TRADITION\r\n<\/h6>\t\t\t\t<\/div>\n\t\t\t\t<\/div>\n\t\t\t\t\t<\/div>\n\t\t<\/div>\n\t\t\t\t<div class=\"elementor-column elementor-col-50 elementor-inner-column elementor-element elementor-element-bdc0c70 elementor-hidden-phone\" data-id=\"bdc0c70\" data-element_type=\"column\">\n\t\t\t<div class=\"elementor-widget-wrap elementor-element-populated\">\n\t\t\t\t\t\t<div class=\"elementor-element elementor-element-3f7c227 elementor-widget-divider--view-line elementor-widget elementor-widget-divider\" data-id=\"3f7c227\" data-element_type=\"widget\" data-widget_type=\"divider.default\">\n\t\t\t\t<div class=\"elementor-widget-container\">\n\t\t\t\t\t\t\t<div class=\"elementor-divider\">\n\t\t\t<span class=\"elementor-divider-separator\">\n\t\t\t\t\t\t<\/span>\n\t\t<\/div>\n\t\t\t\t\t\t<\/div>\n\t\t\t\t<\/div>\n\t\t\t\t\t<\/div>\n\t\t<\/div>\n\t\t\t\t\t<\/div>\n\t\t<\/section>\n\t\t\t\t<section class=\"elementor-section elementor-inner-section elementor-element elementor-element-272c5b4 elementor-reverse-mobile elementor-section-boxed elementor-section-height-default elementor-section-height-default\" data-id=\"272c5b4\" data-element_type=\"section\">\n\t\t\t\t\t\t<div class=\"elementor-container elementor-column-gap-no\">\n\t\t\t\t\t<div data-dce-background-image-url=\"https:\/\/annamariaangelika.com\/wp-content\/uploads\/2021\/08\/Boy-scaled.jpg\" class=\"elementor-column elementor-col-50 elementor-inner-column elementor-element elementor-element-06bdba3\" data-id=\"06bdba3\" data-element_type=\"column\" data-settings=\"{&quot;background_background&quot;:&quot;classic&quot;}\">\n\t\t\t<div class=\"elementor-widget-wrap elementor-element-populated\">\n\t\t\t\t\t<div class=\"elementor-background-overlay\"><\/div>\n\t\t\t\t\t\t<div class=\"elementor-element elementor-element-88b2d95 elementor-hidden-desktop elementor-hidden-tablet elementor-widget elementor-widget-spacer\" data-id=\"88b2d95\" data-element_type=\"widget\" data-widget_type=\"spacer.default\">\n\t\t\t\t<div class=\"elementor-widget-container\">\n\t\t\t\t\t\t\t<div class=\"elementor-spacer\">\n\t\t\t<div class=\"elementor-spacer-inner\"><\/div>\n\t\t<\/div>\n\t\t\t\t\t\t<\/div>\n\t\t\t\t<\/div>\n\t\t\t\t\t<\/div>\n\t\t<\/div>\n\t\t\t\t<div class=\"elementor-column elementor-col-50 elementor-inner-column elementor-element elementor-element-98c18a2\" data-id=\"98c18a2\" data-element_type=\"column\">\n\t\t\t<div class=\"elementor-widget-wrap elementor-element-populated\">\n\t\t\t\t\t\t<div class=\"elementor-element elementor-element-4f78f4b elementor-widget elementor-widget-text-editor\" data-id=\"4f78f4b\" data-element_type=\"widget\" data-widget_type=\"text-editor.default\">\n\t\t\t\t<div class=\"elementor-widget-container\">\n\t\t\t\t\t\t\t\t\t<p>Peru ist eine wahre Schatzkammer f\u00fcr traditionelle Kunsthandwerke wie Stricken. Dieses bei uns nahezu vergessene Berufsbild pflegt hier eine lang bewahrte Tradition, die aus den Inka-Zeiten \u00fcberliefert wurde. Deren Techniken finden teilweise auch heute noch Anwendung.<\/p>\n<p>Gute Stricker und Strickerinnen entstehen dabei nicht \u00fcber Nacht. Bis zu f\u00fcnf Jahre kann es dauern, um in k\u00fcnstlerischer Perfektion stricken zu k\u00f6nnen. Dabei ist Stricken in Peru kein reiner Frauenjob \u2013 im Gegenteil. Mitten im Titicacasee liegt die Insel Taquile, auch bekannt als \u201eInsel der strickenden M\u00e4nner\u201c. Deren Textilkunst z\u00e4hlt seit 2005 zum Unesco-Weltkulturerbe.<\/p>\n<p>Die M\u00fctzen aus Alpaka-Wolle werden hier \u00fcbrigens nicht nur als h\u00fcbsches Accessoire getragen. Je bunter die M\u00fctze, desto h\u00f6her die gesellschaftliche Stellung. Auch das Alter und der Beziehungsstatus lassen sich aus den getragenen Farben ableiten. Als verheirateter Mann tr\u00e4gt man beispielsweise viel rot.<\/p>\n\t\t\t\t\t\t\t\t<\/div>\n\t\t\t\t<\/div>\n\t\t\t\t\t<\/div>\n\t\t<\/div>\n\t\t\t\t\t<\/div>\n\t\t<\/section>\n\t\t\t\t<section class=\"elementor-section elementor-inner-section elementor-element elementor-element-7512dd4 elementor-section-boxed elementor-section-height-default elementor-section-height-default\" data-id=\"7512dd4\" data-element_type=\"section\">\n\t\t\t\t\t\t<div class=\"elementor-container elementor-column-gap-no\">\n\t\t\t\t\t<div class=\"elementor-column elementor-col-50 elementor-inner-column elementor-element elementor-element-079e3c7\" data-id=\"079e3c7\" data-element_type=\"column\">\n\t\t\t<div class=\"elementor-widget-wrap elementor-element-populated\">\n\t\t\t\t\t\t\t<\/div>\n\t\t<\/div>\n\t\t\t\t<div class=\"elementor-column elementor-col-50 elementor-inner-column elementor-element elementor-element-d236f64\" data-id=\"d236f64\" data-element_type=\"column\" data-settings=\"{&quot;background_background&quot;:&quot;classic&quot;}\">\n\t\t\t<div class=\"elementor-widget-wrap elementor-element-populated\">\n\t\t\t\t\t<div class=\"elementor-background-overlay\"><\/div>\n\t\t\t\t\t\t<div class=\"elementor-element elementor-element-85f87b4 elementor-hidden-desktop elementor-hidden-tablet elementor-widget elementor-widget-spacer\" data-id=\"85f87b4\" data-element_type=\"widget\" data-widget_type=\"spacer.default\">\n\t\t\t\t<div class=\"elementor-widget-container\">\n\t\t\t\t\t\t\t<div class=\"elementor-spacer\">\n\t\t\t<div class=\"elementor-spacer-inner\"><\/div>\n\t\t<\/div>\n\t\t\t\t\t\t<\/div>\n\t\t\t\t<\/div>\n\t\t\t\t\t<\/div>\n\t\t<\/div>\n\t\t\t\t\t<\/div>\n\t\t<\/section>\n\t\t\t\t\t<\/div>\n\t\t<\/div>\n\t\t\t\t\t<\/div>\n\t\t<\/section>\n\t\t\t\t<\/div>\n\t\t","protected":false},"excerpt":{"rendered":"<p>ANNAMAARIAANGELIKA is passionately dedicated to the slow fashion philosophy. One reason for this is the intrinsic vision of our AMA founder Julia. On the one hand, she believes in fashion that takes responsibility for and is aware of its possible impact on people and the natural environment. On the other hand, the part of South [&hellip;]<\/p>\n","protected":false},"author":2,"featured_media":0,"parent":8544,"menu_order":0,"comment_status":"closed","ping_status":"closed","template":"elementor_theme","meta":{"_acf_changed":false,"footnotes":""},"class_list":["post-8567","page","type-page","status-publish","hentry"],"acf":[],"yoast_head":"<!-- This site is optimized with the Yoast SEO plugin v27.3 - https:\/\/yoast.com\/product\/yoast-seo-wordpress\/ -->\n<title>Stricken | ANNAMARIAANGELIKA<\/title>\n<meta name=\"robots\" content=\"index, follow, max-snippet:-1, max-image-preview:large, max-video-preview:-1\" \/>\n<link rel=\"canonical\" href=\"https:\/\/annamariaangelika.com\/de\/ueber-uns\/stricken\/\" \/>\n<meta property=\"og:locale\" content=\"de_DE\" \/>\n<meta property=\"og:type\" content=\"article\" \/>\n<meta property=\"og:title\" content=\"Stricken | ANNAMARIAANGELIKA\" \/>\n<meta property=\"og:description\" content=\"ANNAMAARIAANGELIKA is passionately dedicated to the slow fashion philosophy. One reason for this is the intrinsic vision of our AMA founder Julia. On the one hand, she believes in fashion that takes responsibility for and is aware of its possible impact on people and the natural environment. On the other hand, the part of South [&hellip;]\" \/>\n<meta property=\"og:url\" content=\"https:\/\/annamariaangelika.com\/de\/ueber-uns\/stricken\/\" \/>\n<meta property=\"og:site_name\" content=\"ANNAMARIAANGELIKA\" \/>\n<meta property=\"article:publisher\" content=\"https:\/\/www.facebook.com\/annamariaangelika.de\" \/>\n<meta property=\"article:modified_time\" content=\"2023-02-09T12:41:40+00:00\" \/>\n<meta property=\"og:image\" content=\"https:\/\/annamariaangelika.com\/wp-content\/uploads\/2016\/08\/annamariaangelika.png\" \/>\n\t<meta property=\"og:image:width\" content=\"727\" \/>\n\t<meta property=\"og:image:height\" content=\"121\" \/>\n\t<meta property=\"og:image:type\" content=\"image\/png\" \/>\n<meta name=\"twitter:card\" content=\"summary_large_image\" \/>\n<meta name=\"twitter:label1\" content=\"Gesch\u00e4tzte Lesezeit\" \/>\n\t<meta name=\"twitter:data1\" content=\"2\u00a0Minuten\" \/>\n<script type=\"application\/ld+json\" class=\"yoast-schema-graph\">{\"@context\":\"https:\\\/\\\/schema.org\",\"@graph\":[{\"@type\":\"WebPage\",\"@id\":\"https:\\\/\\\/annamariaangelika.com\\\/de\\\/ueber-uns\\\/stricken\\\/\",\"url\":\"https:\\\/\\\/annamariaangelika.com\\\/de\\\/ueber-uns\\\/stricken\\\/\",\"name\":\"Stricken | ANNAMARIAANGELIKA\",\"isPartOf\":{\"@id\":\"https:\\\/\\\/annamariaangelika.com\\\/de\\\/#website\"},\"datePublished\":\"2021-06-10T09:44:28+00:00\",\"dateModified\":\"2023-02-09T12:41:40+00:00\",\"breadcrumb\":{\"@id\":\"https:\\\/\\\/annamariaangelika.com\\\/de\\\/ueber-uns\\\/stricken\\\/#breadcrumb\"},\"inLanguage\":\"de\",\"potentialAction\":[{\"@type\":\"ReadAction\",\"target\":[\"https:\\\/\\\/annamariaangelika.com\\\/de\\\/ueber-uns\\\/stricken\\\/\"]}]},{\"@type\":\"BreadcrumbList\",\"@id\":\"https:\\\/\\\/annamariaangelika.com\\\/de\\\/ueber-uns\\\/stricken\\\/#breadcrumb\",\"itemListElement\":[{\"@type\":\"ListItem\",\"position\":1,\"name\":\"\u00dcber Uns\",\"item\":\"https:\\\/\\\/annamariaangelika.com\\\/de\\\/ueber-uns\\\/\"},{\"@type\":\"ListItem\",\"position\":2,\"name\":\"Stricken\"}]},{\"@type\":\"WebSite\",\"@id\":\"https:\\\/\\\/annamariaangelika.com\\\/de\\\/#website\",\"url\":\"https:\\\/\\\/annamariaangelika.com\\\/de\\\/\",\"name\":\"ANNAMARIAANGELIKA\",\"description\":\"Fair &amp; handmade Premium Knitwear\",\"publisher\":{\"@id\":\"https:\\\/\\\/annamariaangelika.com\\\/de\\\/#organization\"},\"potentialAction\":[{\"@type\":\"SearchAction\",\"target\":{\"@type\":\"EntryPoint\",\"urlTemplate\":\"https:\\\/\\\/annamariaangelika.com\\\/de\\\/?s={search_term_string}\"},\"query-input\":{\"@type\":\"PropertyValueSpecification\",\"valueRequired\":true,\"valueName\":\"search_term_string\"}}],\"inLanguage\":\"de\"},{\"@type\":\"Organization\",\"@id\":\"https:\\\/\\\/annamariaangelika.com\\\/de\\\/#organization\",\"name\":\"ANNAMARIAANGELIKA\",\"url\":\"https:\\\/\\\/annamariaangelika.com\\\/de\\\/\",\"logo\":{\"@type\":\"ImageObject\",\"inLanguage\":\"de\",\"@id\":\"https:\\\/\\\/annamariaangelika.com\\\/de\\\/#\\\/schema\\\/logo\\\/image\\\/\",\"url\":\"https:\\\/\\\/annamariaangelika.com\\\/wp-content\\\/uploads\\\/2020\\\/04\\\/logo_pdf.png\",\"contentUrl\":\"https:\\\/\\\/annamariaangelika.com\\\/wp-content\\\/uploads\\\/2020\\\/04\\\/logo_pdf.png\",\"width\":300,\"height\":19,\"caption\":\"ANNAMARIAANGELIKA\"},\"image\":{\"@id\":\"https:\\\/\\\/annamariaangelika.com\\\/de\\\/#\\\/schema\\\/logo\\\/image\\\/\"},\"sameAs\":[\"https:\\\/\\\/www.facebook.com\\\/annamariaangelika.de\",\"https:\\\/\\\/www.instagram.com\\\/_annamariaangelika_\\\/\",\"https:\\\/\\\/www.pinterest.de\\\/annamangelika\\\/\"]}]}<\/script>\n<!-- \/ Yoast SEO plugin. -->","yoast_head_json":{"title":"Stricken | ANNAMARIAANGELIKA","robots":{"index":"index","follow":"follow","max-snippet":"max-snippet:-1","max-image-preview":"max-image-preview:large","max-video-preview":"max-video-preview:-1"},"canonical":"https:\/\/annamariaangelika.com\/de\/ueber-uns\/stricken\/","og_locale":"de_DE","og_type":"article","og_title":"Stricken | ANNAMARIAANGELIKA","og_description":"ANNAMAARIAANGELIKA is passionately dedicated to the slow fashion philosophy. One reason for this is the intrinsic vision of our AMA founder Julia. On the one hand, she believes in fashion that takes responsibility for and is aware of its possible impact on people and the natural environment. On the other hand, the part of South [&hellip;]","og_url":"https:\/\/annamariaangelika.com\/de\/ueber-uns\/stricken\/","og_site_name":"ANNAMARIAANGELIKA","article_publisher":"https:\/\/www.facebook.com\/annamariaangelika.de","article_modified_time":"2023-02-09T12:41:40+00:00","og_image":[{"width":727,"height":121,"url":"https:\/\/annamariaangelika.com\/wp-content\/uploads\/2016\/08\/annamariaangelika.png","type":"image\/png"}],"twitter_card":"summary_large_image","twitter_misc":{"Gesch\u00e4tzte Lesezeit":"2\u00a0Minuten"},"schema":{"@context":"https:\/\/schema.org","@graph":[{"@type":"WebPage","@id":"https:\/\/annamariaangelika.com\/de\/ueber-uns\/stricken\/","url":"https:\/\/annamariaangelika.com\/de\/ueber-uns\/stricken\/","name":"Stricken | ANNAMARIAANGELIKA","isPartOf":{"@id":"https:\/\/annamariaangelika.com\/de\/#website"},"datePublished":"2021-06-10T09:44:28+00:00","dateModified":"2023-02-09T12:41:40+00:00","breadcrumb":{"@id":"https:\/\/annamariaangelika.com\/de\/ueber-uns\/stricken\/#breadcrumb"},"inLanguage":"de","potentialAction":[{"@type":"ReadAction","target":["https:\/\/annamariaangelika.com\/de\/ueber-uns\/stricken\/"]}]},{"@type":"BreadcrumbList","@id":"https:\/\/annamariaangelika.com\/de\/ueber-uns\/stricken\/#breadcrumb","itemListElement":[{"@type":"ListItem","position":1,"name":"\u00dcber Uns","item":"https:\/\/annamariaangelika.com\/de\/ueber-uns\/"},{"@type":"ListItem","position":2,"name":"Stricken"}]},{"@type":"WebSite","@id":"https:\/\/annamariaangelika.com\/de\/#website","url":"https:\/\/annamariaangelika.com\/de\/","name":"ANNAMARIAANGELIKA","description":"Fair &amp; handmade Premium Knitwear","publisher":{"@id":"https:\/\/annamariaangelika.com\/de\/#organization"},"potentialAction":[{"@type":"SearchAction","target":{"@type":"EntryPoint","urlTemplate":"https:\/\/annamariaangelika.com\/de\/?s={search_term_string}"},"query-input":{"@type":"PropertyValueSpecification","valueRequired":true,"valueName":"search_term_string"}}],"inLanguage":"de"},{"@type":"Organization","@id":"https:\/\/annamariaangelika.com\/de\/#organization","name":"ANNAMARIAANGELIKA","url":"https:\/\/annamariaangelika.com\/de\/","logo":{"@type":"ImageObject","inLanguage":"de","@id":"https:\/\/annamariaangelika.com\/de\/#\/schema\/logo\/image\/","url":"https:\/\/annamariaangelika.com\/wp-content\/uploads\/2020\/04\/logo_pdf.png","contentUrl":"https:\/\/annamariaangelika.com\/wp-content\/uploads\/2020\/04\/logo_pdf.png","width":300,"height":19,"caption":"ANNAMARIAANGELIKA"},"image":{"@id":"https:\/\/annamariaangelika.com\/de\/#\/schema\/logo\/image\/"},"sameAs":["https:\/\/www.facebook.com\/annamariaangelika.de","https:\/\/www.instagram.com\/_annamariaangelika_\/","https:\/\/www.pinterest.de\/annamangelika\/"]}]}},"_links":{"self":[{"href":"https:\/\/annamariaangelika.com\/de\/wp-json\/wp\/v2\/pages\/8567","targetHints":{"allow":["GET"]}}],"collection":[{"href":"https:\/\/annamariaangelika.com\/de\/wp-json\/wp\/v2\/pages"}],"about":[{"href":"https:\/\/annamariaangelika.com\/de\/wp-json\/wp\/v2\/types\/page"}],"author":[{"embeddable":true,"href":"https:\/\/annamariaangelika.com\/de\/wp-json\/wp\/v2\/users\/2"}],"replies":[{"embeddable":true,"href":"https:\/\/annamariaangelika.com\/de\/wp-json\/wp\/v2\/comments?post=8567"}],"version-history":[{"count":0,"href":"https:\/\/annamariaangelika.com\/de\/wp-json\/wp\/v2\/pages\/8567\/revisions"}],"up":[{"embeddable":true,"href":"https:\/\/annamariaangelika.com\/de\/wp-json\/wp\/v2\/pages\/8544"}],"wp:attachment":[{"href":"https:\/\/annamariaangelika.com\/de\/wp-json\/wp\/v2\/media?parent=8567"}],"curies":[{"name":"wp","href":"https:\/\/api.w.org\/{rel}","templated":true}]}}