{"id":8563,"date":"2021-06-10T11:42:47","date_gmt":"2021-06-10T09:42:47","guid":{"rendered":"http:\/\/dev.annamariaangelika.com\/ueber-uns\/lima\/"},"modified":"2021-06-10T11:42:48","modified_gmt":"2021-06-10T09:42:48","slug":"lima","status":"publish","type":"page","link":"https:\/\/annamariaangelika.com\/de\/ueber-uns\/lima\/","title":{"rendered":"Lima"},"content":{"rendered":"\t\t<div data-elementor-type=\"wp-page\" data-elementor-id=\"8563\" data-post-id=\"8563\" data-obj-id=\"8563\" class=\"elementor elementor-8563 dce-elementor-post-8563 elementor-6348\" data-elementor-post-type=\"page\">\n\t\t\t\t\t\t<section class=\"elementor-section elementor-top-section elementor-element elementor-element-62b6ef3 second-padding elementor-section-boxed elementor-section-height-default elementor-section-height-default\" data-id=\"62b6ef3\" data-element_type=\"section\">\n\t\t\t\t\t\t<div class=\"elementor-container elementor-column-gap-no\">\n\t\t\t\t\t<div class=\"elementor-column elementor-col-100 elementor-top-column elementor-element elementor-element-1b4f94c\" data-id=\"1b4f94c\" data-element_type=\"column\">\n\t\t\t<div class=\"elementor-widget-wrap elementor-element-populated\">\n\t\t\t\t\t\t<section class=\"elementor-section elementor-inner-section elementor-element elementor-element-a06cd1b elementor-section-boxed elementor-section-height-default elementor-section-height-default\" data-id=\"a06cd1b\" data-element_type=\"section\">\n\t\t\t\t\t\t<div class=\"elementor-container elementor-column-gap-no\">\n\t\t\t\t\t<div class=\"elementor-column elementor-col-50 elementor-inner-column elementor-element elementor-element-72e1c19 elementor-hidden-phone\" data-id=\"72e1c19\" data-element_type=\"column\">\n\t\t\t<div class=\"elementor-widget-wrap elementor-element-populated\">\n\t\t\t\t\t\t<div class=\"elementor-element elementor-element-d6afd00 elementor-widget-divider--view-line elementor-widget elementor-widget-divider\" data-id=\"d6afd00\" data-element_type=\"widget\" data-widget_type=\"divider.default\">\n\t\t\t\t<div class=\"elementor-widget-container\">\n\t\t\t\t\t\t\t<div class=\"elementor-divider\">\n\t\t\t<span class=\"elementor-divider-separator\">\n\t\t\t\t\t\t<\/span>\n\t\t<\/div>\n\t\t\t\t\t\t<\/div>\n\t\t\t\t<\/div>\n\t\t\t\t\t<\/div>\n\t\t<\/div>\n\t\t\t\t<div class=\"elementor-column elementor-col-50 elementor-inner-column elementor-element elementor-element-5c9f6bf\" data-id=\"5c9f6bf\" data-element_type=\"column\">\n\t\t\t<div class=\"elementor-widget-wrap elementor-element-populated\">\n\t\t\t\t\t\t<div class=\"elementor-element elementor-element-1c82af2 elementor-widget elementor-widget-heading\" data-id=\"1c82af2\" data-element_type=\"widget\" data-widget_type=\"heading.default\">\n\t\t\t\t<div class=\"elementor-widget-container\">\n\t\t\t\t\t<h6 class=\"elementor-heading-title elementor-size-default\">LIMA - EIN ANKERPUNKT F\u00dcR UNSERE GESCHICHTEN<\/h6>\t\t\t\t<\/div>\n\t\t\t\t<\/div>\n\t\t\t\t\t<\/div>\n\t\t<\/div>\n\t\t\t\t\t<\/div>\n\t\t<\/section>\n\t\t\t\t<section class=\"elementor-section elementor-inner-section elementor-element elementor-element-ab5e3dd elementor-section-boxed elementor-section-height-default elementor-section-height-default\" data-id=\"ab5e3dd\" data-element_type=\"section\">\n\t\t\t\t\t\t<div class=\"elementor-container elementor-column-gap-no\">\n\t\t\t\t\t<div class=\"elementor-column elementor-col-100 elementor-inner-column elementor-element elementor-element-7338c98\" data-id=\"7338c98\" data-element_type=\"column\">\n\t\t\t<div class=\"elementor-widget-wrap elementor-element-populated\">\n\t\t\t\t\t\t<div class=\"elementor-element elementor-element-bbae04c elementor-widget elementor-widget-text-editor\" data-id=\"bbae04c\" data-element_type=\"widget\" data-widget_type=\"text-editor.default\">\n\t\t\t\t<div class=\"elementor-widget-container\">\n\t\t\t\t\t\t\t\t\t<p>Sechs Monate Lima, ein wahr gewordener Kindheitstraum und die l\u00e4ngste zusammenh\u00e4ngende Zeit, die die AMA-Designerin Julia in Peru verbracht hat. Sechs Monate, in denen sie die peruanische Hauptstadt zu ihrem Ausgangspunkt f\u00fcr die diversen Abenteuer gemacht hat, die sie zu ihren ANNAMARIAANGELIKA-Designs inspiriert haben.<\/p>\n<p>Die Hauptstadt des s\u00fcdamerikanischen Anden-Staates mit ihrer Kultur, die fest in der indigenen Tradition verwurzelt ist, hat Julia \u00fcber ihre Kleidungsst\u00fccke zu einer wahren Geschichtenerz\u00e4hlerin werden lassen. Der Name \u201cLima\u201d kann entweder f\u00fcr \u201cgelbe Blume\u201d oder f\u00fcr \u201cSprecher\u201d stehen. Hier sind sich die Historiker und Sprachwissenschaftler bis heute uneinig. Sicher ist: Die Stadt Lima hat zu Julia gesprochen und hat die farbenfrohe Welt der ANNAMARIAANGELIKA erst m\u00f6glich gemacht.<\/p>\n\t\t\t\t\t\t\t\t<\/div>\n\t\t\t\t<\/div>\n\t\t\t\t\t<\/div>\n\t\t<\/div>\n\t\t\t\t\t<\/div>\n\t\t<\/section>\n\t\t\t\t<section class=\"elementor-section elementor-inner-section elementor-element elementor-element-6d3b7f4 elementor-section-boxed elementor-section-height-default elementor-section-height-default\" data-id=\"6d3b7f4\" data-element_type=\"section\">\n\t\t\t\t\t\t<div class=\"elementor-container elementor-column-gap-default\">\n\t\t\t\t\t<div class=\"elementor-column elementor-col-33 elementor-inner-column elementor-element elementor-element-86d282a\" data-id=\"86d282a\" data-element_type=\"column\">\n\t\t\t<div class=\"elementor-widget-wrap elementor-element-populated\">\n\t\t\t\t\t\t<div class=\"elementor-element elementor-element-04aad3d elementor-widget elementor-widget-image\" data-id=\"04aad3d\" data-element_type=\"widget\" data-widget_type=\"image.default\">\n\t\t\t\t<div class=\"elementor-widget-container\">\n\t\t\t\t\t\t\t\t\t\t\t\t\t\t\t<img fetchpriority=\"high\" decoding=\"async\" width=\"768\" height=\"1024\" src=\"https:\/\/annamariaangelika.com\/wp-content\/uploads\/2021\/08\/Lima_1-scaled-768x1024.jpg\" class=\"attachment-large size-large wp-image-9266\" alt=\"\" srcset=\"https:\/\/annamariaangelika.com\/wp-content\/uploads\/2021\/08\/Lima_1-scaled-768x1024.jpg 768w, https:\/\/annamariaangelika.com\/wp-content\/uploads\/2021\/08\/Lima_1-scaled-225x300.jpg 225w, https:\/\/annamariaangelika.com\/wp-content\/uploads\/2021\/08\/Lima_1-scaled-1152x1536.jpg 1152w, https:\/\/annamariaangelika.com\/wp-content\/uploads\/2021\/08\/Lima_1-scaled-1536x2048.jpg 1536w, https:\/\/annamariaangelika.com\/wp-content\/uploads\/2021\/08\/Lima_1-scaled-600x800.jpg 600w, https:\/\/annamariaangelika.com\/wp-content\/uploads\/2021\/08\/Lima_1-scaled.jpg 1920w\" sizes=\"(max-width: 768px) 100vw, 768px\" \/>\t\t\t\t\t\t\t\t\t\t\t\t\t\t\t<\/div>\n\t\t\t\t<\/div>\n\t\t\t\t\t<\/div>\n\t\t<\/div>\n\t\t\t\t<div class=\"elementor-column elementor-col-33 elementor-inner-column elementor-element elementor-element-35b5d36\" data-id=\"35b5d36\" data-element_type=\"column\">\n\t\t\t<div class=\"elementor-widget-wrap elementor-element-populated\">\n\t\t\t\t\t\t<div class=\"elementor-element elementor-element-07da366 elementor-widget elementor-widget-image\" data-id=\"07da366\" data-element_type=\"widget\" data-widget_type=\"image.default\">\n\t\t\t\t<div class=\"elementor-widget-container\">\n\t\t\t\t\t\t\t\t\t\t\t\t\t\t\t<img decoding=\"async\" width=\"768\" height=\"1024\" src=\"https:\/\/annamariaangelika.com\/wp-content\/uploads\/2021\/08\/Lima_4-scaled-768x1024.jpg\" class=\"attachment-large size-large wp-image-9260\" alt=\"\" srcset=\"https:\/\/annamariaangelika.com\/wp-content\/uploads\/2021\/08\/Lima_4-scaled-768x1024.jpg 768w, https:\/\/annamariaangelika.com\/wp-content\/uploads\/2021\/08\/Lima_4-scaled-225x300.jpg 225w, https:\/\/annamariaangelika.com\/wp-content\/uploads\/2021\/08\/Lima_4-scaled-1152x1536.jpg 1152w, https:\/\/annamariaangelika.com\/wp-content\/uploads\/2021\/08\/Lima_4-scaled-1536x2048.jpg 1536w, https:\/\/annamariaangelika.com\/wp-content\/uploads\/2021\/08\/Lima_4-scaled-600x800.jpg 600w, https:\/\/annamariaangelika.com\/wp-content\/uploads\/2021\/08\/Lima_4-scaled.jpg 1920w\" sizes=\"(max-width: 768px) 100vw, 768px\" \/>\t\t\t\t\t\t\t\t\t\t\t\t\t\t\t<\/div>\n\t\t\t\t<\/div>\n\t\t\t\t\t<\/div>\n\t\t<\/div>\n\t\t\t\t<div class=\"elementor-column elementor-col-33 elementor-inner-column elementor-element elementor-element-74f11a8\" data-id=\"74f11a8\" data-element_type=\"column\">\n\t\t\t<div class=\"elementor-widget-wrap elementor-element-populated\">\n\t\t\t\t\t\t<div class=\"elementor-element elementor-element-1c7d64d elementor-widget elementor-widget-image\" data-id=\"1c7d64d\" data-element_type=\"widget\" data-widget_type=\"image.default\">\n\t\t\t\t<div class=\"elementor-widget-container\">\n\t\t\t\t\t\t\t\t\t\t\t\t\t\t\t<img decoding=\"async\" width=\"768\" height=\"1024\" src=\"https:\/\/annamariaangelika.com\/wp-content\/uploads\/2021\/08\/Lima_3-scaled-768x1024.jpg\" class=\"attachment-large size-large wp-image-9262\" alt=\"\" srcset=\"https:\/\/annamariaangelika.com\/wp-content\/uploads\/2021\/08\/Lima_3-scaled-768x1024.jpg 768w, https:\/\/annamariaangelika.com\/wp-content\/uploads\/2021\/08\/Lima_3-scaled-225x300.jpg 225w, https:\/\/annamariaangelika.com\/wp-content\/uploads\/2021\/08\/Lima_3-scaled-1152x1536.jpg 1152w, https:\/\/annamariaangelika.com\/wp-content\/uploads\/2021\/08\/Lima_3-scaled-1536x2048.jpg 1536w, https:\/\/annamariaangelika.com\/wp-content\/uploads\/2021\/08\/Lima_3-scaled-600x800.jpg 600w, https:\/\/annamariaangelika.com\/wp-content\/uploads\/2021\/08\/Lima_3-scaled.jpg 1920w\" sizes=\"(max-width: 768px) 100vw, 768px\" \/>\t\t\t\t\t\t\t\t\t\t\t\t\t\t\t<\/div>\n\t\t\t\t<\/div>\n\t\t\t\t\t<\/div>\n\t\t<\/div>\n\t\t\t\t\t<\/div>\n\t\t<\/section>\n\t\t\t\t\t<\/div>\n\t\t<\/div>\n\t\t\t\t\t<\/div>\n\t\t<\/section>\n\t\t\t\t<section class=\"elementor-section elementor-top-section elementor-element elementor-element-59a20f7 second-padding elementor-section-boxed elementor-section-height-default elementor-section-height-default\" data-id=\"59a20f7\" data-element_type=\"section\">\n\t\t\t\t\t\t<div class=\"elementor-container elementor-column-gap-no\">\n\t\t\t\t\t<div class=\"elementor-column elementor-col-100 elementor-top-column elementor-element elementor-element-f8294cb\" data-id=\"f8294cb\" data-element_type=\"column\">\n\t\t\t<div class=\"elementor-widget-wrap elementor-element-populated\">\n\t\t\t\t\t\t<section class=\"elementor-section elementor-inner-section elementor-element elementor-element-c5f77cc elementor-section-boxed elementor-section-height-default elementor-section-height-default\" data-id=\"c5f77cc\" data-element_type=\"section\">\n\t\t\t\t\t\t<div class=\"elementor-container elementor-column-gap-no\">\n\t\t\t\t\t<div class=\"elementor-column elementor-col-50 elementor-inner-column elementor-element elementor-element-f98fa18\" data-id=\"f98fa18\" data-element_type=\"column\">\n\t\t\t<div class=\"elementor-widget-wrap elementor-element-populated\">\n\t\t\t\t\t\t<div class=\"elementor-element elementor-element-a30d473 elementor-widget elementor-widget-heading\" data-id=\"a30d473\" data-element_type=\"widget\" data-widget_type=\"heading.default\">\n\t\t\t\t<div class=\"elementor-widget-container\">\n\t\t\t\t\t<h6 class=\"elementor-heading-title elementor-size-default\">MOMENTE, DIE DESIGN-IDEEN PR\u00c4GEN<\/h6>\t\t\t\t<\/div>\n\t\t\t\t<\/div>\n\t\t\t\t\t<\/div>\n\t\t<\/div>\n\t\t\t\t<div class=\"elementor-column elementor-col-50 elementor-inner-column elementor-element elementor-element-951c9f9 elementor-hidden-phone\" data-id=\"951c9f9\" data-element_type=\"column\">\n\t\t\t<div class=\"elementor-widget-wrap elementor-element-populated\">\n\t\t\t\t\t\t<div class=\"elementor-element elementor-element-99c2e35 elementor-widget-divider--view-line elementor-widget elementor-widget-divider\" data-id=\"99c2e35\" data-element_type=\"widget\" data-widget_type=\"divider.default\">\n\t\t\t\t<div class=\"elementor-widget-container\">\n\t\t\t\t\t\t\t<div class=\"elementor-divider\">\n\t\t\t<span class=\"elementor-divider-separator\">\n\t\t\t\t\t\t<\/span>\n\t\t<\/div>\n\t\t\t\t\t\t<\/div>\n\t\t\t\t<\/div>\n\t\t\t\t\t<\/div>\n\t\t<\/div>\n\t\t\t\t\t<\/div>\n\t\t<\/section>\n\t\t\t\t<section class=\"elementor-section elementor-inner-section elementor-element elementor-element-0eafb00 elementor-reverse-mobile elementor-section-boxed elementor-section-height-default elementor-section-height-default\" data-id=\"0eafb00\" data-element_type=\"section\">\n\t\t\t\t\t\t<div class=\"elementor-container elementor-column-gap-no\">\n\t\t\t\t\t<div data-dce-background-image-url=\"https:\/\/annamariaangelika.com\/wp-content\/uploads\/2021\/08\/Lima_2-scaled.jpg\" class=\"elementor-column elementor-col-50 elementor-inner-column elementor-element elementor-element-032a3f2\" data-id=\"032a3f2\" data-element_type=\"column\" data-settings=\"{&quot;background_background&quot;:&quot;classic&quot;}\">\n\t\t\t<div class=\"elementor-widget-wrap elementor-element-populated\">\n\t\t\t\t\t<div class=\"elementor-background-overlay\"><\/div>\n\t\t\t\t\t\t<div class=\"elementor-element elementor-element-61a498d elementor-hidden-desktop elementor-hidden-tablet elementor-widget elementor-widget-spacer\" data-id=\"61a498d\" data-element_type=\"widget\" data-widget_type=\"spacer.default\">\n\t\t\t\t<div class=\"elementor-widget-container\">\n\t\t\t\t\t\t\t<div class=\"elementor-spacer\">\n\t\t\t<div class=\"elementor-spacer-inner\"><\/div>\n\t\t<\/div>\n\t\t\t\t\t\t<\/div>\n\t\t\t\t<\/div>\n\t\t\t\t\t<\/div>\n\t\t<\/div>\n\t\t\t\t<div class=\"elementor-column elementor-col-50 elementor-inner-column elementor-element elementor-element-3d58d8b\" data-id=\"3d58d8b\" data-element_type=\"column\">\n\t\t\t<div class=\"elementor-widget-wrap elementor-element-populated\">\n\t\t\t\t\t\t<div class=\"elementor-element elementor-element-9e80af8 elementor-widget elementor-widget-text-editor\" data-id=\"9e80af8\" data-element_type=\"widget\" data-widget_type=\"text-editor.default\">\n\t\t\t\t<div class=\"elementor-widget-container\">\n\t\t\t\t\t\t\t\t\t<p>Fast ein Drittel der peruanischen Gesamtbev\u00f6lkerung lebt in und um die Hauptstadt Lima, die sich als farbenfrohe und unglaublich vielf\u00e4ltige Metropole pr\u00e4sentiert. Graffitis, die es \u00fcberall zu bestaunen gibt, pr\u00e4chtige Herrschaftsh\u00e4user und die imposanten Kolonialbauten sind ein fester Bestandteil der peruanischen Hauptstadt. In den zahlreichen Museen lassen sich die Sch\u00e4tze vergangener Kulturen bestaunen. Designer-Herzen schlagen im Amano Museum im Stadtteil Miraflores h\u00f6her. Der japanische Gesch\u00e4ftsmann Yoshitaro Amano hat darin eine gro\u00dfe Sammlung alter peruanischer Textilkunst zusammengetragen. Unserer ANNAMARIAANGELIKA-Designerin Julia wurde w\u00e4hrend ihrer Zeit in Lima die seltene Ehre zuteil, die in den zahlreichen Schubladen gelagerten, nicht ausgestellten St\u00fccke f\u00fcr Recherchezwecken zu besichtigen.<\/p>\n<p>Wer in Miraflores den Parque Amor durchstreift, gelangt \u00fcber den Malecon direkt ins K\u00fcnstler- und Szeneviertel Barranco. Ganze drei Monate hat AMA-Designerin Julia hier die Ruhe vom hektischen Gro\u00dfstadt-Alltag genossen, oft auch als Stammgast in ihrem Lieblingscaf\u00e9 Bodega Verde. Nach wie vor ist Barranco Julias liebster Stadtteil. Hier gab es diesen einen unvergesslichen Moment, in dem Julia in einem kleinen Caf\u00e9 nach Cappuccino fragte und die Caf\u00e9-Besitzerin damit sprichw\u00f6rtlich ins Schwitzen brachte. Denn diese musste beim Nachbarn Milch besorgen und sich erkl\u00e4ren lassen, was es mit dieser Bestellung auf sich hatte. Als der noch dampfende Cappuccino zubereitet war, servierte sie ihn mit einem stolzen L\u00e4cheln und einer karierten Papierserviette. Dieses kleine St\u00fcckchen Papier war die Inspirationsquelle f\u00fcr die Napkini-Serie von ANNAMARIAANGELIKA.<\/p>\n<p>In Barranco hat auch Carolina ihr Studio, die sich w\u00e4hrend Julias Abwesenheit mit viel Hingabe um die Produktion der AMA-Lieblingsst\u00fccke k\u00fcmmert. Unsere AMA-Strickerin Edith ist im benachbarten Stadtteil Chorrillos zu Hause. Dort entwickelte sie, gemeinsam mit uns, die Hugs Designs und auch die Mara Kollektion.<\/p>\n\t\t\t\t\t\t\t\t<\/div>\n\t\t\t\t<\/div>\n\t\t\t\t\t<\/div>\n\t\t<\/div>\n\t\t\t\t\t<\/div>\n\t\t<\/section>\n\t\t\t\t\t<\/div>\n\t\t<\/div>\n\t\t\t\t\t<\/div>\n\t\t<\/section>\n\t\t\t\t<\/div>\n\t\t","protected":false},"excerpt":{"rendered":"<p>ANNAMAARIAANGELIKA is passionately dedicated to the slow fashion philosophy. One reason for this is the intrinsic vision of our AMA founder Julia. On the one hand, she believes in fashion that takes responsibility for and is aware of its possible impact on people and the natural environment. On the other hand, the part of South [&hellip;]<\/p>\n","protected":false},"author":2,"featured_media":0,"parent":8544,"menu_order":0,"comment_status":"closed","ping_status":"closed","template":"elementor_theme","meta":{"_acf_changed":false,"footnotes":""},"class_list":["post-8563","page","type-page","status-publish","hentry"],"acf":[],"yoast_head":"<!-- This site is optimized with the Yoast SEO plugin v27.3 - https:\/\/yoast.com\/product\/yoast-seo-wordpress\/ -->\n<title>Lima | ANNAMARIAANGELIKA<\/title>\n<meta name=\"robots\" content=\"index, follow, max-snippet:-1, max-image-preview:large, max-video-preview:-1\" \/>\n<link rel=\"canonical\" href=\"https:\/\/annamariaangelika.com\/de\/ueber-uns\/lima\/\" \/>\n<meta property=\"og:locale\" content=\"de_DE\" \/>\n<meta property=\"og:type\" content=\"article\" \/>\n<meta property=\"og:title\" content=\"Lima | ANNAMARIAANGELIKA\" \/>\n<meta property=\"og:description\" content=\"ANNAMAARIAANGELIKA is passionately dedicated to the slow fashion philosophy. One reason for this is the intrinsic vision of our AMA founder Julia. On the one hand, she believes in fashion that takes responsibility for and is aware of its possible impact on people and the natural environment. On the other hand, the part of South [&hellip;]\" \/>\n<meta property=\"og:url\" content=\"https:\/\/annamariaangelika.com\/de\/ueber-uns\/lima\/\" \/>\n<meta property=\"og:site_name\" content=\"ANNAMARIAANGELIKA\" \/>\n<meta property=\"article:publisher\" content=\"https:\/\/www.facebook.com\/annamariaangelika.de\" \/>\n<meta property=\"article:modified_time\" content=\"2021-06-10T09:42:48+00:00\" \/>\n<meta property=\"og:image\" content=\"https:\/\/annamariaangelika.com\/wp-content\/uploads\/2016\/08\/annamariaangelika.png\" \/>\n\t<meta property=\"og:image:width\" content=\"727\" \/>\n\t<meta property=\"og:image:height\" content=\"121\" \/>\n\t<meta property=\"og:image:type\" content=\"image\/png\" \/>\n<meta name=\"twitter:card\" content=\"summary_large_image\" \/>\n<meta name=\"twitter:label1\" content=\"Gesch\u00e4tzte Lesezeit\" \/>\n\t<meta name=\"twitter:data1\" content=\"2\u00a0Minuten\" \/>\n<script type=\"application\/ld+json\" class=\"yoast-schema-graph\">{\"@context\":\"https:\\\/\\\/schema.org\",\"@graph\":[{\"@type\":\"WebPage\",\"@id\":\"https:\\\/\\\/annamariaangelika.com\\\/de\\\/ueber-uns\\\/lima\\\/\",\"url\":\"https:\\\/\\\/annamariaangelika.com\\\/de\\\/ueber-uns\\\/lima\\\/\",\"name\":\"Lima | ANNAMARIAANGELIKA\",\"isPartOf\":{\"@id\":\"https:\\\/\\\/annamariaangelika.com\\\/de\\\/#website\"},\"datePublished\":\"2021-06-10T09:42:47+00:00\",\"dateModified\":\"2021-06-10T09:42:48+00:00\",\"breadcrumb\":{\"@id\":\"https:\\\/\\\/annamariaangelika.com\\\/de\\\/ueber-uns\\\/lima\\\/#breadcrumb\"},\"inLanguage\":\"de\",\"potentialAction\":[{\"@type\":\"ReadAction\",\"target\":[\"https:\\\/\\\/annamariaangelika.com\\\/de\\\/ueber-uns\\\/lima\\\/\"]}]},{\"@type\":\"BreadcrumbList\",\"@id\":\"https:\\\/\\\/annamariaangelika.com\\\/de\\\/ueber-uns\\\/lima\\\/#breadcrumb\",\"itemListElement\":[{\"@type\":\"ListItem\",\"position\":1,\"name\":\"\u00dcber Uns\",\"item\":\"https:\\\/\\\/annamariaangelika.com\\\/de\\\/ueber-uns\\\/\"},{\"@type\":\"ListItem\",\"position\":2,\"name\":\"Lima\"}]},{\"@type\":\"WebSite\",\"@id\":\"https:\\\/\\\/annamariaangelika.com\\\/de\\\/#website\",\"url\":\"https:\\\/\\\/annamariaangelika.com\\\/de\\\/\",\"name\":\"ANNAMARIAANGELIKA\",\"description\":\"Fair &amp; handmade Premium Knitwear\",\"publisher\":{\"@id\":\"https:\\\/\\\/annamariaangelika.com\\\/de\\\/#organization\"},\"potentialAction\":[{\"@type\":\"SearchAction\",\"target\":{\"@type\":\"EntryPoint\",\"urlTemplate\":\"https:\\\/\\\/annamariaangelika.com\\\/de\\\/?s={search_term_string}\"},\"query-input\":{\"@type\":\"PropertyValueSpecification\",\"valueRequired\":true,\"valueName\":\"search_term_string\"}}],\"inLanguage\":\"de\"},{\"@type\":\"Organization\",\"@id\":\"https:\\\/\\\/annamariaangelika.com\\\/de\\\/#organization\",\"name\":\"ANNAMARIAANGELIKA\",\"url\":\"https:\\\/\\\/annamariaangelika.com\\\/de\\\/\",\"logo\":{\"@type\":\"ImageObject\",\"inLanguage\":\"de\",\"@id\":\"https:\\\/\\\/annamariaangelika.com\\\/de\\\/#\\\/schema\\\/logo\\\/image\\\/\",\"url\":\"https:\\\/\\\/annamariaangelika.com\\\/wp-content\\\/uploads\\\/2020\\\/04\\\/logo_pdf.png\",\"contentUrl\":\"https:\\\/\\\/annamariaangelika.com\\\/wp-content\\\/uploads\\\/2020\\\/04\\\/logo_pdf.png\",\"width\":300,\"height\":19,\"caption\":\"ANNAMARIAANGELIKA\"},\"image\":{\"@id\":\"https:\\\/\\\/annamariaangelika.com\\\/de\\\/#\\\/schema\\\/logo\\\/image\\\/\"},\"sameAs\":[\"https:\\\/\\\/www.facebook.com\\\/annamariaangelika.de\",\"https:\\\/\\\/www.instagram.com\\\/_annamariaangelika_\\\/\",\"https:\\\/\\\/www.pinterest.de\\\/annamangelika\\\/\"]}]}<\/script>\n<!-- \/ Yoast SEO plugin. -->","yoast_head_json":{"title":"Lima | ANNAMARIAANGELIKA","robots":{"index":"index","follow":"follow","max-snippet":"max-snippet:-1","max-image-preview":"max-image-preview:large","max-video-preview":"max-video-preview:-1"},"canonical":"https:\/\/annamariaangelika.com\/de\/ueber-uns\/lima\/","og_locale":"de_DE","og_type":"article","og_title":"Lima | ANNAMARIAANGELIKA","og_description":"ANNAMAARIAANGELIKA is passionately dedicated to the slow fashion philosophy. One reason for this is the intrinsic vision of our AMA founder Julia. On the one hand, she believes in fashion that takes responsibility for and is aware of its possible impact on people and the natural environment. On the other hand, the part of South [&hellip;]","og_url":"https:\/\/annamariaangelika.com\/de\/ueber-uns\/lima\/","og_site_name":"ANNAMARIAANGELIKA","article_publisher":"https:\/\/www.facebook.com\/annamariaangelika.de","article_modified_time":"2021-06-10T09:42:48+00:00","og_image":[{"width":727,"height":121,"url":"https:\/\/annamariaangelika.com\/wp-content\/uploads\/2016\/08\/annamariaangelika.png","type":"image\/png"}],"twitter_card":"summary_large_image","twitter_misc":{"Gesch\u00e4tzte Lesezeit":"2\u00a0Minuten"},"schema":{"@context":"https:\/\/schema.org","@graph":[{"@type":"WebPage","@id":"https:\/\/annamariaangelika.com\/de\/ueber-uns\/lima\/","url":"https:\/\/annamariaangelika.com\/de\/ueber-uns\/lima\/","name":"Lima | ANNAMARIAANGELIKA","isPartOf":{"@id":"https:\/\/annamariaangelika.com\/de\/#website"},"datePublished":"2021-06-10T09:42:47+00:00","dateModified":"2021-06-10T09:42:48+00:00","breadcrumb":{"@id":"https:\/\/annamariaangelika.com\/de\/ueber-uns\/lima\/#breadcrumb"},"inLanguage":"de","potentialAction":[{"@type":"ReadAction","target":["https:\/\/annamariaangelika.com\/de\/ueber-uns\/lima\/"]}]},{"@type":"BreadcrumbList","@id":"https:\/\/annamariaangelika.com\/de\/ueber-uns\/lima\/#breadcrumb","itemListElement":[{"@type":"ListItem","position":1,"name":"\u00dcber Uns","item":"https:\/\/annamariaangelika.com\/de\/ueber-uns\/"},{"@type":"ListItem","position":2,"name":"Lima"}]},{"@type":"WebSite","@id":"https:\/\/annamariaangelika.com\/de\/#website","url":"https:\/\/annamariaangelika.com\/de\/","name":"ANNAMARIAANGELIKA","description":"Fair &amp; handmade Premium Knitwear","publisher":{"@id":"https:\/\/annamariaangelika.com\/de\/#organization"},"potentialAction":[{"@type":"SearchAction","target":{"@type":"EntryPoint","urlTemplate":"https:\/\/annamariaangelika.com\/de\/?s={search_term_string}"},"query-input":{"@type":"PropertyValueSpecification","valueRequired":true,"valueName":"search_term_string"}}],"inLanguage":"de"},{"@type":"Organization","@id":"https:\/\/annamariaangelika.com\/de\/#organization","name":"ANNAMARIAANGELIKA","url":"https:\/\/annamariaangelika.com\/de\/","logo":{"@type":"ImageObject","inLanguage":"de","@id":"https:\/\/annamariaangelika.com\/de\/#\/schema\/logo\/image\/","url":"https:\/\/annamariaangelika.com\/wp-content\/uploads\/2020\/04\/logo_pdf.png","contentUrl":"https:\/\/annamariaangelika.com\/wp-content\/uploads\/2020\/04\/logo_pdf.png","width":300,"height":19,"caption":"ANNAMARIAANGELIKA"},"image":{"@id":"https:\/\/annamariaangelika.com\/de\/#\/schema\/logo\/image\/"},"sameAs":["https:\/\/www.facebook.com\/annamariaangelika.de","https:\/\/www.instagram.com\/_annamariaangelika_\/","https:\/\/www.pinterest.de\/annamangelika\/"]}]}},"_links":{"self":[{"href":"https:\/\/annamariaangelika.com\/de\/wp-json\/wp\/v2\/pages\/8563","targetHints":{"allow":["GET"]}}],"collection":[{"href":"https:\/\/annamariaangelika.com\/de\/wp-json\/wp\/v2\/pages"}],"about":[{"href":"https:\/\/annamariaangelika.com\/de\/wp-json\/wp\/v2\/types\/page"}],"author":[{"embeddable":true,"href":"https:\/\/annamariaangelika.com\/de\/wp-json\/wp\/v2\/users\/2"}],"replies":[{"embeddable":true,"href":"https:\/\/annamariaangelika.com\/de\/wp-json\/wp\/v2\/comments?post=8563"}],"version-history":[{"count":0,"href":"https:\/\/annamariaangelika.com\/de\/wp-json\/wp\/v2\/pages\/8563\/revisions"}],"up":[{"embeddable":true,"href":"https:\/\/annamariaangelika.com\/de\/wp-json\/wp\/v2\/pages\/8544"}],"wp:attachment":[{"href":"https:\/\/annamariaangelika.com\/de\/wp-json\/wp\/v2\/media?parent=8563"}],"curies":[{"name":"wp","href":"https:\/\/api.w.org\/{rel}","templated":true}]}}