{"id":11624,"date":"2023-01-25T16:32:41","date_gmt":"2023-01-25T15:32:41","guid":{"rendered":"https:\/\/annamariaangelika.com\/journal\/"},"modified":"2023-02-21T11:57:05","modified_gmt":"2023-02-21T10:57:05","slug":"journal","status":"publish","type":"page","link":"https:\/\/annamariaangelika.com\/de\/journal\/","title":{"rendered":"Journal"},"content":{"rendered":"<div id=\"ez-toc-container\" class=\"ez-toc-v2_0_73 counter-hierarchy ez-toc-counter ez-toc-custom ez-toc-container-direction\">\n<div class=\"ez-toc-title-container\">\n<p class=\"ez-toc-title\" style=\"cursor:inherit\">\u00dcberblick<\/p>\n<span class=\"ez-toc-title-toggle\"><a href=\"#\" class=\"ez-toc-pull-right ez-toc-btn ez-toc-btn-xs ez-toc-btn-default ez-toc-toggle\" aria-label=\"Toggle Table of Content\"><span class=\"ez-toc-js-icon-con\"><span class=\"\"><span class=\"eztoc-hide\" style=\"display:none;\">Toggle<\/span><span class=\"ez-toc-icon-toggle-span\"><svg style=\"fill: #2d2886;color:#2d2886\" xmlns=\"http:\/\/www.w3.org\/2000\/svg\" class=\"list-377408\" width=\"20px\" height=\"20px\" viewBox=\"0 0 24 24\" fill=\"none\"><path d=\"M6 6H4v2h2V6zm14 0H8v2h12V6zM4 11h2v2H4v-2zm16 0H8v2h12v-2zM4 16h2v2H4v-2zm16 0H8v2h12v-2z\" fill=\"currentColor\"><\/path><\/svg><svg style=\"fill: #2d2886;color:#2d2886\" class=\"arrow-unsorted-368013\" xmlns=\"http:\/\/www.w3.org\/2000\/svg\" width=\"10px\" height=\"10px\" viewBox=\"0 0 24 24\" version=\"1.2\" baseProfile=\"tiny\"><path d=\"M18.2 9.3l-6.2-6.3-6.2 6.3c-.2.2-.3.4-.3.7s.1.5.3.7c.2.2.4.3.7.3h11c.3 0 .5-.1.7-.3.2-.2.3-.5.3-.7s-.1-.5-.3-.7zM5.8 14.7l6.2 6.3 6.2-6.3c.2-.2.3-.5.3-.7s-.1-.5-.3-.7c-.2-.2-.4-.3-.7-.3h-11c-.3 0-.5.1-.7.3-.2.2-.3.5-.3.7s.1.5.3.7z\"\/><\/svg><\/span><\/span><\/span><\/a><\/span><\/div>\n<nav><ul class='ez-toc-list ez-toc-list-level-1 ' ><li class='ez-toc-page-1 ez-toc-heading-level-2'><a class=\"ez-toc-link ez-toc-heading-1\" href=\"https:\/\/annamariaangelika.com\/de\/alpaka-pullover-damen\/#1-alpaka-pullover-fuer-damen-cuzco\" title=\"1. Alpaka Pullover f\u00fcr Damen: Cuzco\">1. Alpaka Pullover f\u00fcr Damen: Cuzco<\/a><\/li><li class='ez-toc-page-1 ez-toc-heading-level-2'><a class=\"ez-toc-link ez-toc-heading-2\" href=\"https:\/\/annamariaangelika.com\/de\/alpaka-pullover-damen\/#2-alpakapullover-bestseller-maras-clay\" title=\"2. Alpakapullover Bestseller: Maras Clay\">2. Alpakapullover Bestseller: Maras Clay<\/a><ul class='ez-toc-list-level-3' ><li class='ez-toc-heading-level-3'><a class=\"ez-toc-link ez-toc-heading-3\" href=\"https:\/\/annamariaangelika.com\/de\/alpaka-pullover-damen\/#3-alpakapullover-fuer-sie-in-blau-napkini\" title=\"3. Alpakapullover f\u00fcr sie in Blau: Napkini\">3. Alpakapullover f\u00fcr sie in Blau: Napkini<\/a><\/li><li class='ez-toc-page-1 ez-toc-heading-level-3'><a class=\"ez-toc-link ez-toc-heading-4\" href=\"https:\/\/annamariaangelika.com\/de\/alpaka-pullover-damen\/#pflegehinweise-alpaka-pullover-fuer-damen\" title=\"Pflegehinweise: Alpaka Pullover f\u00fcr Damen\">Pflegehinweise: Alpaka Pullover f\u00fcr Damen<\/a><\/li><\/ul><\/li><\/ul><\/nav><\/div>\n\t\t<div data-elementor-type=\"wp-page\" data-elementor-id=\"11624\" data-post-id=\"11626\" data-obj-id=\"11626\" class=\"elementor elementor-11624 dce-elementor-post-11626 elementor-11580\" data-elementor-post-type=\"page\">\n\t\t\t\t\t\t<section class=\"elementor-section elementor-top-section elementor-element elementor-element-b3233f1 elementor-section-boxed elementor-section-height-default elementor-section-height-default\" data-id=\"b3233f1\" data-element_type=\"section\">\n\t\t\t\t\t\t<div class=\"elementor-container elementor-column-gap-default\">\n\t\t\t\t\t<div class=\"elementor-column elementor-col-100 elementor-top-column elementor-element elementor-element-98ae94b\" data-id=\"98ae94b\" data-element_type=\"column\">\n\t\t\t<div class=\"elementor-widget-wrap elementor-element-populated\">\n\t\t\t\t\t\t<div class=\"elementor-element elementor-element-6b3b760 elementor-widget elementor-widget-heading\" data-id=\"6b3b760\" data-element_type=\"widget\" data-widget_type=\"heading.default\">\n\t\t\t\t<div class=\"elementor-widget-container\">\n\t\t\t\t\t<h1 class=\"elementor-heading-title elementor-size-default\">Journal<\/h1>\t\t\t\t<\/div>\n\t\t\t\t<\/div>\n\t\t\t\t<div class=\"elementor-element elementor-element-0936baf elementor-widget elementor-widget-text-editor\" data-id=\"0936baf\" data-element_type=\"widget\" data-widget_type=\"text-editor.default\">\n\t\t\t\t<div class=\"elementor-widget-container\">\n\t\t\t\t\t\t\t\t\t<p>Willkommen im <strong>Journal<\/strong> von <a href=\"https:\/\/annamariaangelika.com\/de\/\">ANNAMARIAANGELIKA<\/a>: Hier bekommst Du alles rund um Slow Fashion aus Peru und <strong>faire peruanische Mode, die Du lieben wirst<\/strong>. Selbstverst\u00e4ndlich halten wir auch <strong>Pflege- und Stylingtipps<\/strong> f\u00fcr Deine neuen Lieblingsst\u00fccke bereit. Jetzt entdecken!<\/p>\t\t\t\t\t\t\t\t<\/div>\n\t\t\t\t<\/div>\n\t\t\t\t<div class=\"elementor-element elementor-element-4a0f0f5 elementor-grid-3 elementor-grid-tablet-2 elementor-grid-mobile-1 elementor-posts--thumbnail-top elementor-widget elementor-widget-posts\" data-id=\"4a0f0f5\" data-element_type=\"widget\" data-settings=\"{&quot;classic_columns&quot;:&quot;3&quot;,&quot;classic_columns_tablet&quot;:&quot;2&quot;,&quot;classic_columns_mobile&quot;:&quot;1&quot;,&quot;classic_row_gap&quot;:{&quot;unit&quot;:&quot;px&quot;,&quot;size&quot;:35,&quot;sizes&quot;:[]},&quot;classic_row_gap_tablet&quot;:{&quot;unit&quot;:&quot;px&quot;,&quot;size&quot;:&quot;&quot;,&quot;sizes&quot;:[]},&quot;classic_row_gap_mobile&quot;:{&quot;unit&quot;:&quot;px&quot;,&quot;size&quot;:&quot;&quot;,&quot;sizes&quot;:[]}}\" data-widget_type=\"posts.classic\">\n\t\t\t\t<div class=\"elementor-widget-container\">\n\t\t\t\t\t\t\t<div class=\"elementor-posts-container elementor-posts elementor-posts--skin-classic elementor-grid\">\n\t\t\t\t<article class=\"elementor-post elementor-grid-item post-11626 post type-post status-publish format-standard has-post-thumbnail hentry category-ratgeber\">\n\t\t\t\t<a class=\"elementor-post__thumbnail__link\" href=\"https:\/\/annamariaangelika.com\/de\/alpaka-pullover-damen\/\" tabindex=\"-1\" >\n\t\t\t<div class=\"elementor-post__thumbnail\"><img fetchpriority=\"high\" decoding=\"async\" width=\"768\" height=\"1152\" src=\"https:\/\/annamariaangelika.com\/wp-content\/uploads\/2021\/03\/Sweater_Cuzco-scaled-768x1152.jpg\" class=\"attachment-medium_large size-medium_large wp-image-8187\" alt=\"Alpakapullover f\u00fcr Damen aus Peru. Bestseller Cuzco Strickpullover von ANNAMARIAANGELIKA bestellen\" srcset=\"https:\/\/annamariaangelika.com\/wp-content\/uploads\/2021\/03\/Sweater_Cuzco-scaled-768x1152.jpg 768w, https:\/\/annamariaangelika.com\/wp-content\/uploads\/2021\/03\/Sweater_Cuzco-scaled-200x300.jpg 200w, https:\/\/annamariaangelika.com\/wp-content\/uploads\/2021\/03\/Sweater_Cuzco-scaled-683x1024.jpg 683w, https:\/\/annamariaangelika.com\/wp-content\/uploads\/2021\/03\/Sweater_Cuzco-scaled-1024x1536.jpg 1024w, https:\/\/annamariaangelika.com\/wp-content\/uploads\/2021\/03\/Sweater_Cuzco-scaled-1366x2048.jpg 1366w, https:\/\/annamariaangelika.com\/wp-content\/uploads\/2021\/03\/Sweater_Cuzco-scaled-600x900.jpg 600w, https:\/\/annamariaangelika.com\/wp-content\/uploads\/2021\/03\/Sweater_Cuzco-scaled.jpg 733w\" sizes=\"(max-width: 768px) 100vw, 768px\" \/><\/div>\n\t\t<\/a>\n\t\t\t\t<div class=\"elementor-post__text\">\n\t\t\t\t<h2 class=\"elementor-post__title\">\n\t\t\t<a href=\"https:\/\/annamariaangelika.com\/de\/alpaka-pullover-damen\/\" >\n\t\t\t\tAlpaka Pullover f\u00fcr Damen: Diese 3 Bestseller wirst Du lieben!\t\t\t<\/a>\n\t\t<\/h2>\n\t\t\t\t<div class=\"elementor-post__excerpt\">\n\t\t\t<p>Die magische Welt der Alpaka Pullover f\u00fcr Damen von ANNAMARIAANGELIKA! Wir wollen es nicht vers\u00e4umen, dir unsere 3 beliebtesten Alpakapullover vorzustellen, die bereits von anderen<\/p>\n\t\t<\/div>\n\t\t\n\t\t<a class=\"elementor-post__read-more\" href=\"https:\/\/annamariaangelika.com\/de\/alpaka-pullover-damen\/\" aria-label=\"Mehr \u00fcber Alpaka Pullover f\u00fcr Damen: Diese 3 Bestseller wirst Du lieben!\" tabindex=\"-1\" >\n\t\t\tMehr lesen \u00bb\t\t<\/a>\n\n\t\t\t\t<\/div>\n\t\t\t\t<\/article>\n\t\t\t\t<\/div>\n\t\t\n\t\t\t\t\t\t<\/div>\n\t\t\t\t<\/div>\n\t\t\t\t\t<\/div>\n\t\t<\/div>\n\t\t\t\t\t<\/div>\n\t\t<\/section>\n\t\t\t\t<\/div>\n\t\t","protected":false},"excerpt":{"rendered":"<p>Journal Willkommen im Journal von ANNAMARIAANGELIKA: Hier bekommst Du alles rund um Slow Fashion aus Peru und faire peruanische Mode, die Du lieben wirst. Selbstverst\u00e4ndlich halten wir auch Pflege- und Stylingtipps f\u00fcr Deine neuen Lieblingsst\u00fccke bereit. Jetzt entdecken!<\/p>\n","protected":false},"author":7,"featured_media":0,"parent":0,"menu_order":0,"comment_status":"closed","ping_status":"closed","template":"","meta":{"_acf_changed":false,"footnotes":""},"class_list":["post-11624","page","type-page","status-publish","hentry"],"acf":[],"yoast_head":"<!-- This site is optimized with the Yoast SEO plugin v27.3 - https:\/\/yoast.com\/product\/yoast-seo-wordpress\/ -->\n<title>Journal &amp; Ratgeber: Peruanische Mode und Slow Fashion aus Peru<\/title>\n<meta name=\"description\" content=\"Journal von ANNAMARIAANGELIKA \u2714 Slow Fashion Peru \u2714 Peruanische Mode, die du lieben wirst \u2714 Pflege-, Stylingtipps &amp; mehr | Jetzt entdecken!\" \/>\n<meta name=\"robots\" content=\"index, follow, max-snippet:-1, max-image-preview:large, max-video-preview:-1\" \/>\n<link rel=\"canonical\" href=\"https:\/\/annamariaangelika.com\/de\/journal\/\" \/>\n<meta property=\"og:locale\" content=\"de_DE\" \/>\n<meta property=\"og:type\" content=\"article\" \/>\n<meta property=\"og:title\" content=\"Journal &amp; Ratgeber: Peruanische Mode und Slow Fashion aus Peru\" \/>\n<meta property=\"og:description\" content=\"Journal von ANNAMARIAANGELIKA \u2714 Slow Fashion Peru \u2714 Peruanische Mode, die du lieben wirst \u2714 Pflege-, Stylingtipps &amp; mehr | Jetzt entdecken!\" \/>\n<meta property=\"og:url\" content=\"https:\/\/annamariaangelika.com\/de\/journal\/\" \/>\n<meta property=\"og:site_name\" content=\"ANNAMARIAANGELIKA\" \/>\n<meta property=\"article:publisher\" content=\"https:\/\/www.facebook.com\/annamariaangelika.de\" \/>\n<meta property=\"article:modified_time\" content=\"2023-02-21T10:57:05+00:00\" \/>\n<meta property=\"og:image\" content=\"https:\/\/annamariaangelika.com\/wp-content\/uploads\/2016\/08\/annamariaangelika.png\" \/>\n\t<meta property=\"og:image:width\" content=\"727\" \/>\n\t<meta property=\"og:image:height\" content=\"121\" \/>\n\t<meta property=\"og:image:type\" content=\"image\/png\" \/>\n<meta name=\"twitter:card\" content=\"summary_large_image\" \/>\n<script type=\"application\/ld+json\" class=\"yoast-schema-graph\">{\"@context\":\"https:\\\/\\\/schema.org\",\"@graph\":[{\"@type\":\"WebPage\",\"@id\":\"https:\\\/\\\/annamariaangelika.com\\\/de\\\/journal\\\/\",\"url\":\"https:\\\/\\\/annamariaangelika.com\\\/de\\\/journal\\\/\",\"name\":\"Journal & Ratgeber: Peruanische Mode und Slow Fashion aus Peru\",\"isPartOf\":{\"@id\":\"https:\\\/\\\/annamariaangelika.com\\\/de\\\/#website\"},\"datePublished\":\"2023-01-25T15:32:41+00:00\",\"dateModified\":\"2023-02-21T10:57:05+00:00\",\"description\":\"Journal von ANNAMARIAANGELIKA \u2714 Slow Fashion Peru \u2714 Peruanische Mode, die du lieben wirst \u2714 Pflege-, Stylingtipps & mehr | Jetzt entdecken!\",\"inLanguage\":\"de\",\"potentialAction\":[{\"@type\":\"ReadAction\",\"target\":[\"https:\\\/\\\/annamariaangelika.com\\\/de\\\/journal\\\/\"]}]},{\"@type\":\"WebSite\",\"@id\":\"https:\\\/\\\/annamariaangelika.com\\\/de\\\/#website\",\"url\":\"https:\\\/\\\/annamariaangelika.com\\\/de\\\/\",\"name\":\"ANNAMARIAANGELIKA\",\"description\":\"Fair &amp; handmade Premium Knitwear\",\"publisher\":{\"@id\":\"https:\\\/\\\/annamariaangelika.com\\\/de\\\/#organization\"},\"potentialAction\":[{\"@type\":\"SearchAction\",\"target\":{\"@type\":\"EntryPoint\",\"urlTemplate\":\"https:\\\/\\\/annamariaangelika.com\\\/de\\\/?s={search_term_string}\"},\"query-input\":{\"@type\":\"PropertyValueSpecification\",\"valueRequired\":true,\"valueName\":\"search_term_string\"}}],\"inLanguage\":\"de\"},{\"@type\":\"Organization\",\"@id\":\"https:\\\/\\\/annamariaangelika.com\\\/de\\\/#organization\",\"name\":\"ANNAMARIAANGELIKA\",\"url\":\"https:\\\/\\\/annamariaangelika.com\\\/de\\\/\",\"logo\":{\"@type\":\"ImageObject\",\"inLanguage\":\"de\",\"@id\":\"https:\\\/\\\/annamariaangelika.com\\\/de\\\/#\\\/schema\\\/logo\\\/image\\\/\",\"url\":\"https:\\\/\\\/annamariaangelika.com\\\/wp-content\\\/uploads\\\/2020\\\/04\\\/logo_pdf.png\",\"contentUrl\":\"https:\\\/\\\/annamariaangelika.com\\\/wp-content\\\/uploads\\\/2020\\\/04\\\/logo_pdf.png\",\"width\":300,\"height\":19,\"caption\":\"ANNAMARIAANGELIKA\"},\"image\":{\"@id\":\"https:\\\/\\\/annamariaangelika.com\\\/de\\\/#\\\/schema\\\/logo\\\/image\\\/\"},\"sameAs\":[\"https:\\\/\\\/www.facebook.com\\\/annamariaangelika.de\",\"https:\\\/\\\/www.instagram.com\\\/_annamariaangelika_\\\/\",\"https:\\\/\\\/www.pinterest.de\\\/annamangelika\\\/\"]}]}<\/script>\n<!-- \/ Yoast SEO plugin. -->","yoast_head_json":{"title":"Journal & Ratgeber: Peruanische Mode und Slow Fashion aus Peru","description":"Journal von ANNAMARIAANGELIKA \u2714 Slow Fashion Peru \u2714 Peruanische Mode, die du lieben wirst \u2714 Pflege-, Stylingtipps & mehr | Jetzt entdecken!","robots":{"index":"index","follow":"follow","max-snippet":"max-snippet:-1","max-image-preview":"max-image-preview:large","max-video-preview":"max-video-preview:-1"},"canonical":"https:\/\/annamariaangelika.com\/de\/journal\/","og_locale":"de_DE","og_type":"article","og_title":"Journal & Ratgeber: Peruanische Mode und Slow Fashion aus Peru","og_description":"Journal von ANNAMARIAANGELIKA \u2714 Slow Fashion Peru \u2714 Peruanische Mode, die du lieben wirst \u2714 Pflege-, Stylingtipps & mehr | Jetzt entdecken!","og_url":"https:\/\/annamariaangelika.com\/de\/journal\/","og_site_name":"ANNAMARIAANGELIKA","article_publisher":"https:\/\/www.facebook.com\/annamariaangelika.de","article_modified_time":"2023-02-21T10:57:05+00:00","og_image":[{"width":727,"height":121,"url":"https:\/\/annamariaangelika.com\/wp-content\/uploads\/2016\/08\/annamariaangelika.png","type":"image\/png"}],"twitter_card":"summary_large_image","schema":{"@context":"https:\/\/schema.org","@graph":[{"@type":"WebPage","@id":"https:\/\/annamariaangelika.com\/de\/journal\/","url":"https:\/\/annamariaangelika.com\/de\/journal\/","name":"Journal & Ratgeber: Peruanische Mode und Slow Fashion aus Peru","isPartOf":{"@id":"https:\/\/annamariaangelika.com\/de\/#website"},"datePublished":"2023-01-25T15:32:41+00:00","dateModified":"2023-02-21T10:57:05+00:00","description":"Journal von ANNAMARIAANGELIKA \u2714 Slow Fashion Peru \u2714 Peruanische Mode, die du lieben wirst \u2714 Pflege-, Stylingtipps & mehr | Jetzt entdecken!","inLanguage":"de","potentialAction":[{"@type":"ReadAction","target":["https:\/\/annamariaangelika.com\/de\/journal\/"]}]},{"@type":"WebSite","@id":"https:\/\/annamariaangelika.com\/de\/#website","url":"https:\/\/annamariaangelika.com\/de\/","name":"ANNAMARIAANGELIKA","description":"Fair &amp; handmade Premium Knitwear","publisher":{"@id":"https:\/\/annamariaangelika.com\/de\/#organization"},"potentialAction":[{"@type":"SearchAction","target":{"@type":"EntryPoint","urlTemplate":"https:\/\/annamariaangelika.com\/de\/?s={search_term_string}"},"query-input":{"@type":"PropertyValueSpecification","valueRequired":true,"valueName":"search_term_string"}}],"inLanguage":"de"},{"@type":"Organization","@id":"https:\/\/annamariaangelika.com\/de\/#organization","name":"ANNAMARIAANGELIKA","url":"https:\/\/annamariaangelika.com\/de\/","logo":{"@type":"ImageObject","inLanguage":"de","@id":"https:\/\/annamariaangelika.com\/de\/#\/schema\/logo\/image\/","url":"https:\/\/annamariaangelika.com\/wp-content\/uploads\/2020\/04\/logo_pdf.png","contentUrl":"https:\/\/annamariaangelika.com\/wp-content\/uploads\/2020\/04\/logo_pdf.png","width":300,"height":19,"caption":"ANNAMARIAANGELIKA"},"image":{"@id":"https:\/\/annamariaangelika.com\/de\/#\/schema\/logo\/image\/"},"sameAs":["https:\/\/www.facebook.com\/annamariaangelika.de","https:\/\/www.instagram.com\/_annamariaangelika_\/","https:\/\/www.pinterest.de\/annamangelika\/"]}]}},"_links":{"self":[{"href":"https:\/\/annamariaangelika.com\/de\/wp-json\/wp\/v2\/pages\/11624","targetHints":{"allow":["GET"]}}],"collection":[{"href":"https:\/\/annamariaangelika.com\/de\/wp-json\/wp\/v2\/pages"}],"about":[{"href":"https:\/\/annamariaangelika.com\/de\/wp-json\/wp\/v2\/types\/page"}],"author":[{"embeddable":true,"href":"https:\/\/annamariaangelika.com\/de\/wp-json\/wp\/v2\/users\/7"}],"replies":[{"embeddable":true,"href":"https:\/\/annamariaangelika.com\/de\/wp-json\/wp\/v2\/comments?post=11624"}],"version-history":[{"count":0,"href":"https:\/\/annamariaangelika.com\/de\/wp-json\/wp\/v2\/pages\/11624\/revisions"}],"wp:attachment":[{"href":"https:\/\/annamariaangelika.com\/de\/wp-json\/wp\/v2\/media?parent=11624"}],"curies":[{"name":"wp","href":"https:\/\/api.w.org\/{rel}","templated":true}]}}